{"id":1337,"date":"2020-03-03T10:09:48","date_gmt":"2020-03-03T09:09:48","guid":{"rendered":"https:\/\/blogsaverroes.juntadeandalucia.es\/ceipvalerianolopez\/?page_id=1337"},"modified":"2025-03-04T11:26:23","modified_gmt":"2025-03-04T10:26:23","slug":"admision","status":"publish","type":"page","link":"https:\/\/blogsaverroes.juntadeandalucia.es\/ceipvalerianolopez\/escolarizacion\/admision\/","title":{"rendered":"Admisi\u00f3n 25_26"},"content":{"rendered":"<h3><span data-tt=\"{&quot;paragraphStyle&quot;:{&quot;alignment&quot;:4,&quot;writingDirection&quot;:1}}\">INFORMACI\u00d3N SOBRE PROCEDIMIENTO DE ADMISI\u00d3N NUEVA ESCOLARIZACI\u00d3N, CURSO ESCOLAR 2025\/2026<\/span><\/h3>\n<h5><span data-tt=\"{&quot;paragraphStyle&quot;:{&quot;alignment&quot;:4,&quot;writingDirection&quot;:1}}\">Informaci\u00f3n sobre c\u00f3mo proceder para solicitar plaza en nuestro centro educativo. <\/span><\/h5>\n<h5 style=\"text-align: justify\"><span data-tt=\"{&quot;paragraphStyle&quot;:{&quot;alignment&quot;:4,&quot;writingDirection&quot;:1}}\">Este proceso est\u00e1 dirigido a quienes&nbsp;<\/span><span data-tt=\"{&quot;underline&quot;:1,&quot;paragraphStyle&quot;:{&quot;alignment&quot;:4,&quot;writingDirection&quot;:1}}\">se incorporan por primera vez al sistema educativo (alumnado de 3 a\u00f1os)<\/span><span data-tt=\"{&quot;paragraphStyle&quot;:{&quot;alignment&quot;:4,&quot;writingDirection&quot;:1}}\">,&nbsp;<\/span><span data-tt=\"{&quot;underline&quot;:1,&quot;paragraphStyle&quot;:{&quot;alignment&quot;:4,&quot;writingDirection&quot;:1}}\">as\u00ed como al alumnado que desee cambiar de centro escolar (el alumnado ya matriculado este curso 2024\/2025 no tiene que hacer ning\u00fan tramite a\u00fan). <a title=\"Portal Escolarizaci\u00f3n Junta de Andaluc\u00eda\" href=\"https:\/\/portales.ced.junta-andalucia.es\/educacion\/portales\/web\/escolarizacion\" target=\"_blank\" rel=\"noopener\">Portal Escolarizaci\u00f3n Junta de Andaluc\u00eda&nbsp;<\/a><\/span><\/h5>\n<p><span data-tt=\"{&quot;paragraphStyle&quot;:{&quot;alignment&quot;:4,&quot;style&quot;:3,&quot;writingDirection&quot;:1}}\">Hay 2 formas de solicitar la admisi\u00f3n (del 1 al 31 de marzo): <\/span><\/p>\n<p><span data-tt=\"{&quot;paragraphStyle&quot;:{&quot;alignment&quot;:4,&quot;style&quot;:3,&quot;writingDirection&quot;:1}}\">1.<strong>Preferentemente<\/strong> a<\/span><span data-tt=\"{&quot;paragraphStyle&quot;:{&quot;alignment&quot;:4,&quot;style&quot;:3,&quot;writingDirection&quot;:1}}\"> trav\u00e9s de la Secretar\u00eda Virtual: <\/span><a href=\"https:\/\/www.juntadeandalucia.es\/educacion\/secretariavirtual\/accesoTramite\/543\/\" target=\"_blank\" rel=\"noopener\"><span data-tt=\"{&quot;link&quot;:&quot;https:\/\/www.juntadeandalucia.es\/educacion\/secretariavirtual\/solicitudes\/&quot;}\">https:\/\/www.juntadeandalucia.es\/educacion\/secretariavirtual\/<\/span><\/a><\/p>\n<p>(opci\u00f3n habilitada desde el d\u00eda 1 de marzo a las 00:01)<\/p>\n<p>Os adjuntamos este videotutorial que os ayudar\u00e1 a realizar la admisi\u00f3n a trav\u00e9s de internet: <a href=\"https:\/\/www.youtube.com\/watch?v=0jzsoje-GyQ\" target=\"_blank\" rel=\"noopener\">https:\/\/www.youtube.com\/watch?v=0jzsoje-GyQ<\/a><\/p>\n<p>2. Acudiendo al centro educativo con cita previa y presentarlo por la ventanilla de secretar\u00eda de lunes a jueves en horario de 9:30 a 11:00.<\/p>\n<p><span data-tt=\"{}\">En el tabl\u00f3n de anuncios del Centro quedar\u00e1 expuesta toda la informaci\u00f3n inicial informativa sobre el&nbsp;<\/span><span data-tt=\"{&quot;fontHints&quot;:1}\">procedimiento de escolarizaci\u00f3n para el curso 25\/26. <\/span><\/p>\n<p><span data-tt=\"{&quot;paragraphStyle&quot;:{&quot;alignment&quot;:4,&quot;style&quot;:3,&quot;writingDirection&quot;:1}}\">Enlaces necesarios y de inter\u00e9s a todo el proceso de admisi\u00f3n: <\/span><\/p>\n<ul>\n<li><span data-tt=\"{&quot;paragraphStyle&quot;:{&quot;alignment&quot;:4,&quot;style&quot;:101,&quot;writingDirection&quot;:1}}\"><a href=\"https:\/\/drive.google.com\/file\/d\/1QmdRZNdF2i3bGjSooZHT5gaVar1KtNzQ\/view?usp=sharing\" target=\"_blank\" rel=\"noopener\">Normativa<\/a>.<\/span><\/li>\n<li><a href=\"https:\/\/portales.ced.junta-andalucia.es\/educacion\/portales\/web\/escolarizacion\" target=\"_blank\" rel=\"noopener\"><span data-tt=\"{&quot;paragraphStyle&quot;:{&quot;alignment&quot;:4,&quot;style&quot;:101,&quot;writingDirection&quot;:1}}\">Portal de Escolarizaci\u00f3n.<\/span><\/a><\/li>\n<li><a href=\"https:\/\/www.juntadeandalucia.es\/educacion\/secretariavirtual\/accesoTramite\/543\/\" target=\"_blank\" rel=\"noopener\"><span data-tt=\"{&quot;paragraphStyle&quot;:{&quot;alignment&quot;:4,&quot;style&quot;:101,&quot;writingDirection&quot;:1}}\">Acceso telem\u00e1tico a la solicitud de Admisi\u00f3n.<\/span><\/a><\/li>\n<li><a href=\"https:\/\/portales.ced.junta-andalucia.es\/educacion\/portales\/documents\/100629\/669352\/3_Anexo%20III_002535_5.pdf\/16050806-cd1f-89da-678f-001bb54aab73?version=1.1\" target=\"_blank\" rel=\"noopener\"><span data-tt=\"{&quot;paragraphStyle&quot;:{&quot;alignment&quot;:4,&quot;style&quot;:101,&quot;writingDirection&quot;:1}}\">Impreso de solicitud.<\/span><\/a><\/li>\n<li><a href=\"https:\/\/drive.google.com\/file\/d\/1Xhqskojc5CboJilP_ozAbpq6irEA4CIM\/view?usp=sharing\" target=\"_blank\" rel=\"noopener\">Documentos a presentar en el centro.<\/a><\/li>\n<li><span data-tt=\"{&quot;paragraphStyle&quot;:{&quot;alignment&quot;:4,&quot;style&quot;:101,&quot;writingDirection&quot;:1}}\"><a href=\"https:\/\/drive.google.com\/file\/d\/1eYgLF4Y8-o9S4SRkDT_-TyudBoZWTZmM\/view?usp=sharing\" target=\"_blank\" rel=\"noopener\">Calendario<\/a>.<\/span><\/li>\n<li><a href=\"https:\/\/drive.google.com\/file\/d\/1j_QXJ8M-SddHwbI5AoFWG4H-wDPcSBtp\/view?usp=sharing\" target=\"_blank\" rel=\"noopener\">Baremo.<\/a><\/li>\n<li><a href=\"https:\/\/portales.ced.junta-andalucia.es\/educacion\/portales\/web\/escolarizacion\/infantil-a-bachillerato\/autobaremo\" target=\"_blank\" rel=\"noopener\"><span data-tt=\"{&quot;paragraphStyle&quot;:{&quot;alignment&quot;:4,&quot;style&quot;:101,&quot;writingDirection&quot;:1}}\">Autobaremo.<\/span><\/a><\/li>\n<li><a href=\"https:\/\/drive.google.com\/file\/d\/1NfuOjNnEn67OgtJYUQTnFiuLPOAi4uz0\/view?usp=sharing\" target=\"_blank\" rel=\"noopener\">Oferta Educativa CEIP Valeriano L\u00f3pez<\/a><\/li>\n<li><a href=\"https:\/\/drive.google.com\/file\/d\/1XmAa_yRcc-x0DK1xcPsNGQkAWC3yUzAS\/view?usp=sharing\" target=\"_blank\" rel=\"noopener\">Mapa del \u00e1rea de Influencia 2025_26<\/a><\/li>\n<li><a href=\"https:\/\/drive.google.com\/file\/d\/1TKf5fI-GLqlCZkyL5d2Yurg02LxRy_lh\/view?usp=sharing\" target=\"_blank\" rel=\"noopener\">Callejero del \u00e1rea de Influencia 2025_26<\/a><\/li>\n<li><a href=\"https:\/\/portales.ced.junta-andalucia.es\/educacion\/portales\/web\/escolarizacion\/infantil-a-bachillerato\/preguntas-frecuentes\" target=\"_blank\" rel=\"noopener\">Preguntas Frecuentes<\/a><\/li>\n<li><a href=\"https:\/\/drive.google.com\/file\/d\/1fYsKtByUvI1HLfiKxj2xIBW6bY6ruHRY\/view?usp=sharing\" target=\"_blank\" rel=\"noopener\">Como obtener Clave IANDE<\/a><\/li>\n<\/ul>\n<p><span data-tt=\"{&quot;paragraphStyle&quot;:{&quot;alignment&quot;:4,&quot;writingDirection&quot;:1}}\">Como sab\u00e9is para cualquier duda o cita previa nuestro correo es <strong>29016173.administraci\u00f3n@g.educaand.es<\/strong> y en el tel\u00e9fono <strong>951 270 596<\/strong>. Tambi\u00e9n pod\u00e9is encontrarnos en nuestra web <\/span><a href=\"https:\/\/blogsaverroes.juntadeandalucia.es\/ceipvalerianolopez\/\"><strong>https:\/\/blogsaverroes.juntadeandalucia.es\/ceipvalerianolopez\/<\/strong><\/a><\/p>\n<p style=\"text-align: center\">&#8212;&#8212;&#8212;&#8212;&#8212;&#8212;&#8212;&#8212;-<\/p>\n<p><span style=\"font-weight: 400\">La documentacio\u0301n que debera\u0301n presentar, tanto si opta por la modalidad telema\u0301tica como si opta por la modalidad presencial es la siguiente:<\/span><\/p>\n<ol>\n<li style=\"font-weight: 400\"><span style=\"font-weight: 400\">Solicitud. Anexo III. Presentar por duplicado (original y fotocopia entregada por el interesado\/a. Debe cumplimentarse todos los datos con letra legible y clara. Acreditar con documentos todas las circunstancias declaradas.<\/span><span style=\"font-weight: 400\"><br \/>\n<\/span><\/li>\n<li style=\"font-weight: 400\"><span style=\"font-weight: 400\">Fotocopia del DNI o pasaporte de los padres y madres o tutores legales del alumno\/a, asi\u0301 como, los del alumno\/a si los tuviera.<\/span><span style=\"font-weight: 400\"><br \/>\n<\/span><\/li>\n<li style=\"font-weight: 400\"><span style=\"font-weight: 400\">Fotocopia del Libro de Familia. (Todas las pa\u0301ginas escritas).<\/span><span style=\"font-weight: 400\"><br \/>\n<\/span><\/li>\n<li style=\"font-weight: 400\"><span style=\"font-weight: 400\">Acreditacio\u0301n de familia monoparental: Presentacio\u0301n de copia autenticada de libro de familia completo expedida por el registro civil.<\/span><\/li>\n<\/ol>\n<p><span style=\"font-weight: 400\">Toda la documentaci\u00f3n requerida se podr\u00e1 enviar escaneada al correo electr\u00f3nico: <strong>29<\/strong><\/span><strong>016173.administracion@g.educaand.es<\/strong><\/p>\n<p><span style=\"font-weight: 400\">De conformidad con la normativa de admisio\u0301n \u00abse entendera\u0301 que el alumno o alumna menor de edad o mayor de edad sujeto a patria potestad prorrogada o tutela pertenece a una familia con la condicio\u0301n de monoparental cuando su patria potestad este\u0301 ejercida por una sola persona o cuando siendo ejercida por dos personas, exista orden de alejamiento de una de ellas con respecto a la otra con la que convive el alumno o alumna\u00bb.<\/span><\/p>\n<p><b>Recordamos que el alumnado ya matriculado en el centro<\/b><span style=\"font-weight: 400\"> formalizar\u00e1 su matr\u00edcula para el curso 25\/26 del 1 al 8 de junio telem\u00e1ticamente en la p\u00e1gina de la Secretar\u00eda Virtual de la Junta de Andaluc\u00eda.<\/span><\/p>\n<p><b>Recordamos que el alumnado de 6\u00ba de nuestro centro<\/b><span style=\"font-weight: 400\"> est\u00e1 adscrito al IES Monterroso y no necesitar\u00e1 hacer ning\u00fan tr\u00e1mite en estos momentos ya que su plaza est\u00e1 asegurada hasta la formalizaci\u00f3n de matricula en el mes de junio. Sin embargo, si la familia decide inscribir al alumno\/a en otro centro diferente deber\u00e1 solicitar en ese mismo centro la adscripci\u00f3n durante el mes de marzo.<\/span><\/p>\n<p><span style=\"font-weight: 400\">Tras el periodo de adscripciones, la Direccio\u0301n de este centro informara\u0301 sobre los plazos y procedimientos para formalizar la matri\u0301cula del curso 2025- 2026.<\/span><\/p>\n","protected":false},"excerpt":{"rendered":"<p>INFORMACI\u00d3N SOBRE PROCEDIMIENTO DE ADMISI\u00d3N NUEVA ESCOLARIZACI\u00d3N, CURSO ESCOLAR 2025\/2026 Informaci\u00f3n sobre c\u00f3mo proceder para solicitar plaza en nuestro centro educativo. Este proceso est\u00e1 dirigido&hellip;<\/p>\n","protected":false},"author":8377,"featured_media":0,"parent":1334,"menu_order":0,"comment_status":"closed","ping_status":"closed","template":"","meta":{"ngg_post_thumbnail":0,"footnotes":""},"aioseo_notices":[],"_links":{"self":[{"href":"https:\/\/blogsaverroes.juntadeandalucia.es\/ceipvalerianolopez\/wp-json\/wp\/v2\/pages\/1337"}],"collection":[{"href":"https:\/\/blogsaverroes.juntadeandalucia.es\/ceipvalerianolopez\/wp-json\/wp\/v2\/pages"}],"about":[{"href":"https:\/\/blogsaverroes.juntadeandalucia.es\/ceipvalerianolopez\/wp-json\/wp\/v2\/types\/page"}],"author":[{"embeddable":true,"href":"https:\/\/blogsaverroes.juntadeandalucia.es\/ceipvalerianolopez\/wp-json\/wp\/v2\/users\/8377"}],"replies":[{"embeddable":true,"href":"https:\/\/blogsaverroes.juntadeandalucia.es\/ceipvalerianolopez\/wp-json\/wp\/v2\/comments?post=1337"}],"version-history":[{"count":25,"href":"https:\/\/blogsaverroes.juntadeandalucia.es\/ceipvalerianolopez\/wp-json\/wp\/v2\/pages\/1337\/revisions"}],"predecessor-version":[{"id":4027,"href":"https:\/\/blogsaverroes.juntadeandalucia.es\/ceipvalerianolopez\/wp-json\/wp\/v2\/pages\/1337\/revisions\/4027"}],"up":[{"embeddable":true,"href":"https:\/\/blogsaverroes.juntadeandalucia.es\/ceipvalerianolopez\/wp-json\/wp\/v2\/pages\/1334"}],"wp:attachment":[{"href":"https:\/\/blogsaverroes.juntadeandalucia.es\/ceipvalerianolopez\/wp-json\/wp\/v2\/media?parent=1337"}],"curies":[{"name":"wp","href":"https:\/\/api.w.org\/{rel}","templated":true}]}}