{"id":1342,"date":"2020-03-03T10:13:17","date_gmt":"2020-03-03T09:13:17","guid":{"rendered":"https:\/\/blogsaverroes.juntadeandalucia.es\/ceipvalerianolopez\/?page_id=1342"},"modified":"2021-05-28T09:45:44","modified_gmt":"2021-05-28T07:45:44","slug":"transito","status":"publish","type":"page","link":"https:\/\/blogsaverroes.juntadeandalucia.es\/ceipvalerianolopez\/escolarizacion\/admision\/transito\/","title":{"rendered":"Tr\u00e1nsito"},"content":{"rendered":"<p>Nuestro centro est\u00e1 adscrito al IES Monterroso junto a los siguientes centros:<\/p>\n<ul>\n<li>CEIP Santo Tom\u00e1s de Aquino<\/li>\n<li>CEIP Sim\u00f3n Fern\u00e1ndez,<\/li>\n<li>CEIP Garc\u00eda Lorca,<\/li>\n<\/ul>\n<p>El alumnado de estos Centros que finaliza su etapa de primaria <strong>NO TENDR\u00c1N que solicitar plaza<\/strong> en este procedimiento en su acceso a Secundaria, dado que tienen un puesto garantizado en el IES Monterroso por estar adscritos. Este paso ya ha sido realizado por el centro.<\/p>\n<p>Entre el 1 y el 30 de junio las familias<span style=\"font-weight: 400\">&nbsp; <strong>S\u00cd<\/strong> deber\u00e1n realizar la inscripci\u00f3n online a trav\u00e9s de la secci\u00f3n \u201calumnado\u201d en <\/span><a href=\"https:\/\/iesmonterroso.org\/\"><span style=\"font-weight: 400\">https:\/\/iesmonterroso.org\/<\/span><\/a><span style=\"font-weight: 400\">, con las claves habituales (n\u00famero de identificaci\u00f3n escolar + DNI de uno de los progenitores).&nbsp;<\/span><\/p>\n<p><span style=\"font-weight: 400\">El n\u00famero de identificaci\u00f3n escolar ser\u00e1 enviado por el centro a los tutores legales del alumnado de 6\u00ba, en los primeros d\u00edas de junio.<\/span><\/p>\n<p>Si la familia decide matricular al alumno\/a en otro instituto diferente al asignado deber\u00e1 solicitar en ese mismo centro la informaci\u00f3n y documentaci\u00f3n necesaria para su matriculaci\u00f3n.<\/p>\n<p>&nbsp;<\/p>\n<p><strong>Enlaces de inter\u00e9s:<\/strong><\/p>\n<ul>\n<li><a href=\"http:\/\/www.juntadeandalucia.es\/educacion\/portals\/web\/escolarizacion\/infantil-a-bachillerato\/calendario\">Calendario del procedimiento de escolarizaci\u00f3n.<\/a><\/li>\n<li><a href=\"http:\/\/www.juntadeandalucia.es\/educacion\/portals\/web\/escolarizacion\/inicio\">Portal de Escolarizaci\u00f3n.<\/a><\/li>\n<li><a href=\"http:\/\/www.juntadeandalucia.es\/educacion\/portals\/delegate\/content\/7e1d7b27-eaa4-42e7-bfa3-ac436db80ed6\/ANEXO%20III\">Impreso de solicitud.<\/a><\/li>\n<li><a href=\"http:\/\/www.juntadeandalucia.es\/educacion\/portals\/web\/escolarizacion\/infantil-a-bachillerato\/normativa\">Normativa de referencia.<\/a><\/li>\n<li>Acceso telem\u00e1tico a la Admisi\u00f3n en centros docentes p\u00fablicos y privados concertados (enlace activo durante la matriculaci\u00f3n).<\/li>\n<\/ul>\n","protected":false},"excerpt":{"rendered":"<p>Nuestro centro est\u00e1 adscrito al IES Monterroso junto a los siguientes centros: CEIP Santo Tom\u00e1s de Aquino CEIP Sim\u00f3n Fern\u00e1ndez, CEIP Garc\u00eda Lorca, El alumnado&hellip;<\/p>\n","protected":false},"author":8377,"featured_media":0,"parent":1337,"menu_order":0,"comment_status":"closed","ping_status":"closed","template":"","meta":{"ngg_post_thumbnail":0,"footnotes":""},"aioseo_notices":[],"_links":{"self":[{"href":"https:\/\/blogsaverroes.juntadeandalucia.es\/ceipvalerianolopez\/wp-json\/wp\/v2\/pages\/1342"}],"collection":[{"href":"https:\/\/blogsaverroes.juntadeandalucia.es\/ceipvalerianolopez\/wp-json\/wp\/v2\/pages"}],"about":[{"href":"https:\/\/blogsaverroes.juntadeandalucia.es\/ceipvalerianolopez\/wp-json\/wp\/v2\/types\/page"}],"author":[{"embeddable":true,"href":"https:\/\/blogsaverroes.juntadeandalucia.es\/ceipvalerianolopez\/wp-json\/wp\/v2\/users\/8377"}],"replies":[{"embeddable":true,"href":"https:\/\/blogsaverroes.juntadeandalucia.es\/ceipvalerianolopez\/wp-json\/wp\/v2\/comments?post=1342"}],"version-history":[{"count":19,"href":"https:\/\/blogsaverroes.juntadeandalucia.es\/ceipvalerianolopez\/wp-json\/wp\/v2\/pages\/1342\/revisions"}],"predecessor-version":[{"id":1843,"href":"https:\/\/blogsaverroes.juntadeandalucia.es\/ceipvalerianolopez\/wp-json\/wp\/v2\/pages\/1342\/revisions\/1843"}],"up":[{"embeddable":true,"href":"https:\/\/blogsaverroes.juntadeandalucia.es\/ceipvalerianolopez\/wp-json\/wp\/v2\/pages\/1337"}],"wp:attachment":[{"href":"https:\/\/blogsaverroes.juntadeandalucia.es\/ceipvalerianolopez\/wp-json\/wp\/v2\/media?parent=1342"}],"curies":[{"name":"wp","href":"https:\/\/api.w.org\/{rel}","templated":true}]}}