{"id":1577,"date":"2020-09-10T02:29:28","date_gmt":"2020-09-10T00:29:28","guid":{"rendered":"https:\/\/blogsaverroes.juntadeandalucia.es\/ceipvalerianolopez\/?page_id=1577"},"modified":"2022-09-25T11:18:49","modified_gmt":"2022-09-25T09:18:49","slug":"covid19","status":"publish","type":"page","link":"https:\/\/blogsaverroes.juntadeandalucia.es\/ceipvalerianolopez\/covid19\/","title":{"rendered":"COVID19"},"content":{"rendered":"<h2>Protocolo COVID19<\/h2>\n<h5>Plan de Actuaci\u00f3n COVID 19 de nuestro centro que ha sido publicado y consensuado con las correspondientes actualizaciones seg\u00fan la normativa actual, la \u00faltima las&nbsp; <em>INSTRUCCIONES DE 7 DE JULIO DE 2022<\/em><\/h5>\n<p style=\"text-align: center\"><a href=\"https:\/\/blogsaverroes.juntadeandalucia.es\/ceipvalerianolopez\/files\/2022\/09\/RS-PLAN-ACTUACION-COVID-VL-2022-2023.pdf\">RS-PLAN-ACTUACION-COVID-VL-2022-2023<\/a><br \/>\n<img loading=\"lazy\" decoding=\"async\" class=\"aligncenter size-medium wp-image-2515\" src=\"https:\/\/blogsaverroes.juntadeandalucia.es\/ceipvalerianolopez\/files\/2022\/09\/Recomendaciones-300x300.jpg\" alt=\"\" width=\"300\" height=\"300\" srcset=\"https:\/\/blogsaverroes.juntadeandalucia.es\/ceipvalerianolopez\/files\/2022\/09\/Recomendaciones-300x300.jpg 300w, https:\/\/blogsaverroes.juntadeandalucia.es\/ceipvalerianolopez\/files\/2022\/09\/Recomendaciones-1024x1024.jpg 1024w, https:\/\/blogsaverroes.juntadeandalucia.es\/ceipvalerianolopez\/files\/2022\/09\/Recomendaciones-150x150.jpg 150w, https:\/\/blogsaverroes.juntadeandalucia.es\/ceipvalerianolopez\/files\/2022\/09\/Recomendaciones-768x768.jpg 768w, https:\/\/blogsaverroes.juntadeandalucia.es\/ceipvalerianolopez\/files\/2022\/09\/Recomendaciones-246x246.jpg 246w, https:\/\/blogsaverroes.juntadeandalucia.es\/ceipvalerianolopez\/files\/2022\/09\/Recomendaciones-520x520.jpg 520w, https:\/\/blogsaverroes.juntadeandalucia.es\/ceipvalerianolopez\/files\/2022\/09\/Recomendaciones-185x185.jpg 185w, https:\/\/blogsaverroes.juntadeandalucia.es\/ceipvalerianolopez\/files\/2022\/09\/Recomendaciones-220x220.jpg 220w, https:\/\/blogsaverroes.juntadeandalucia.es\/ceipvalerianolopez\/files\/2022\/09\/Recomendaciones-60x60.jpg 60w, https:\/\/blogsaverroes.juntadeandalucia.es\/ceipvalerianolopez\/files\/2022\/09\/Recomendaciones-384x384.jpg 384w, https:\/\/blogsaverroes.juntadeandalucia.es\/ceipvalerianolopez\/files\/2022\/09\/Recomendaciones.jpg 1063w\" sizes=\"(max-width: 300px) 100vw, 300px\" \/><\/p>\n<p>Normativa y \u00faltimas modificaciones sobre protocolo Covid19:<\/p>\n<p><a href=\"https:\/\/blogsaverroes.juntadeandalucia.es\/ceipvalerianolopez\/files\/2022\/02\/29062021_Documento_medidas_salud_Consejeria_Sanidad_JuntaAndalucia.pdf\">29-06-2021_Documento_medidas_salud_Consejeria_Sanidad_JuntaAndalucia<\/a><\/p>\n<p><a href=\"https:\/\/blogsaverroes.juntadeandalucia.es\/ceipvalerianolopez\/files\/2022\/02\/29062021_Medidas_Prevencion_centros_educativos_Ministerio_Sanidad_2021_2022.pdf\">29-06-2021_Medidas_Prevencion_centros_educativos_Ministerio_Sanidad_2021_2022<\/a><\/p>\n<p><a href=\"https:\/\/blogsaverroes.juntadeandalucia.es\/ceipvalerianolopez\/files\/2022\/02\/Instrucciones-13-07-21-Viceconsejer\u00eda_Organizaci\u00f3n-y-Flexibilizaci\u00f3n-Curricular-Curso-2021_2022.pdf\">13-07-2021 Instrucciones Viceconsejer\u00eda_Organizaci\u00f3n y Flexibilizaci\u00f3n Curricular Curso 2021_2022<\/a><\/p>\n<p><a href=\"https:\/\/blogsaverroes.juntadeandalucia.es\/ceipvalerianolopez\/files\/2022\/02\/02092021_DECALOGO-VUELTA-AL-COLE-SEGURA-2021-2022.pdf\">02-09-2021_DECALOGO-VUELTA-AL-COLE-SEGURA-2021-2022<\/a><\/p>\n<p><a href=\"https:\/\/blogsaverroes.juntadeandalucia.es\/ceipvalerianolopez\/files\/2022\/02\/20220113_PROTOCOLO_ACT_CASOS-EN-CENTRO-DOCENTES-NO-UNIVERSITARIOS_13-ENERO.pdf\">13-01-2022_PROTOCOLO_ACT_CASOS EN CENTRO DOCENTES NO UNIVERSITARIOS_13 ENERO<\/a><\/p>\n<p><a href=\"https:\/\/blogsaverroes.juntadeandalucia.es\/ceipvalerianolopez\/files\/2022\/05\/30-01-22-GESTI\u00d3N-DE-CASOS-Actuaciones.pdf\">30-01-2022-GESTI\u00d3N DE CASOS Actuaciones<\/a><\/p>\n<p><a href=\"https:\/\/blogsaverroes.juntadeandalucia.es\/ceipvalerianolopez\/files\/2022\/05\/Nueva_estrategia_vigilancia_y_control_gesti\u00f3n_de_casos.pdf\">23-03-2022_Nueva_estrategia_vigilancia_y_gesti\u00f3n_de_casos_asintom\u00e1ticos_y_contactos_estrechos<\/a><\/p>\n<p><a href=\"https:\/\/blogsaverroes.juntadeandalucia.es\/ceipvalerianolopez\/files\/2022\/05\/220420_Modificaci\u00f3n-Instrucciones-de-13-de-Julio-de-2021.pdf\">22-04-2022_Modificaci\u00f3n Instrucciones de 13 de Julio de 2021<\/a><\/p>\n<p><a href=\"https:\/\/blogsaverroes.juntadeandalucia.es\/ceipvalerianolopez\/files\/2022\/05\/220420_Anexo_Salud_mascarillas.pdf\">20-04-2022_Anexo_Salud_Uso_de_mascarillas<\/a><\/p>\n<p><a title=\"07-07-2022 Resoluci\u00f3n de la Viceconsejer\u00eda, por la que se aprueban las Instrucciones para el desarrollo, la direcci\u00f3n y la coordinaci\u00f3n del Plan General de Actuaci\u00f3n de la Inspecci\u00f3n Educativa y el Plan de Formaci\u00f3n para el Perfeccionamiento y Actualizaci\u00f3n Profesional, para el curso escolar 2022-2023.\" href=\"https:\/\/juntadeandalucia.es\/eboja\/2022\/142\/BOJA22-142-00035-12230-01_00265507.pdf\">07-07-2022 Resoluci\u00f3n de la Viceconsejer\u00eda, por la que se aprueban las Instrucciones para el desarrollo, la direcci\u00f3n y la coordinaci\u00f3n del Plan General de Actuaci\u00f3n de la Inspecci\u00f3n Educativa y el Plan de Formaci\u00f3n para el Perfeccionamiento y Actualizaci\u00f3n Profesional, para el curso escolar 2022-2023.<\/a><\/p>\n<p>&nbsp;<\/p>\n<p style=\"text-align: center\">&nbsp;<\/p>\n<p style=\"text-align: center\">&nbsp;<\/p>\n","protected":false},"excerpt":{"rendered":"<p>Protocolo COVID19 Plan de Actuaci\u00f3n COVID 19 de nuestro centro que ha sido publicado y consensuado con las correspondientes actualizaciones seg\u00fan la normativa actual, la&hellip;<\/p>\n","protected":false},"author":8377,"featured_media":0,"parent":0,"menu_order":0,"comment_status":"closed","ping_status":"closed","template":"","meta":{"ngg_post_thumbnail":0,"footnotes":""},"aioseo_notices":[],"_links":{"self":[{"href":"https:\/\/blogsaverroes.juntadeandalucia.es\/ceipvalerianolopez\/wp-json\/wp\/v2\/pages\/1577"}],"collection":[{"href":"https:\/\/blogsaverroes.juntadeandalucia.es\/ceipvalerianolopez\/wp-json\/wp\/v2\/pages"}],"about":[{"href":"https:\/\/blogsaverroes.juntadeandalucia.es\/ceipvalerianolopez\/wp-json\/wp\/v2\/types\/page"}],"author":[{"embeddable":true,"href":"https:\/\/blogsaverroes.juntadeandalucia.es\/ceipvalerianolopez\/wp-json\/wp\/v2\/users\/8377"}],"replies":[{"embeddable":true,"href":"https:\/\/blogsaverroes.juntadeandalucia.es\/ceipvalerianolopez\/wp-json\/wp\/v2\/comments?post=1577"}],"version-history":[{"count":15,"href":"https:\/\/blogsaverroes.juntadeandalucia.es\/ceipvalerianolopez\/wp-json\/wp\/v2\/pages\/1577\/revisions"}],"predecessor-version":[{"id":1581,"href":"https:\/\/blogsaverroes.juntadeandalucia.es\/ceipvalerianolopez\/wp-json\/wp\/v2\/pages\/1577\/revisions\/1581"}],"wp:attachment":[{"href":"https:\/\/blogsaverroes.juntadeandalucia.es\/ceipvalerianolopez\/wp-json\/wp\/v2\/media?parent=1577"}],"curies":[{"name":"wp","href":"https:\/\/api.w.org\/{rel}","templated":true}]}}