{"id":1605,"date":"2020-09-22T17:04:23","date_gmt":"2020-09-22T15:04:23","guid":{"rendered":"https:\/\/blogsaverroes.juntadeandalucia.es\/ceipvalerianolopez\/?page_id=1605"},"modified":"2020-12-16T11:12:59","modified_gmt":"2020-12-16T10:12:59","slug":"pasen","status":"publish","type":"page","link":"https:\/\/blogsaverroes.juntadeandalucia.es\/ceipvalerianolopez\/pasen\/","title":{"rendered":"PASEN"},"content":{"rendered":"<p>PASEN es servicio de la Consejer\u00eda de Educaci\u00f3n de la Junta de Andaluc\u00eda que permite la comunicaci\u00f3n entre los distintos miembros de la comunidad educativa (tutores\/as legales, alumnado, cargos directivos y profesorado).&nbsp;<\/p>\n<p>Este servicio de valor a\u00f1adido se apoya en una aplicaci\u00f3n Web que act\u00faa de canal de comunicaci\u00f3n y que ofrece a todos los agentes de&nbsp;&nbsp;la Comunidad Educativa la posibilidad de mantener un di\u00e1logo fluido y cotidiano, a\u00fan para aquellos que por diversos motivos, &nbsp;ya &nbsp;sean &nbsp;personales, &nbsp;laborales &nbsp;o &nbsp;de &nbsp;cualquier &nbsp;otro &nbsp;origen, &nbsp;no puedan llevarlo a cabo del modo tradicional haciendo efectiva el concepto de la&nbsp;tutor\u00eda electr\u00f3nica.<\/p>\n<p><iframe loading=\"lazy\" title=\"PASEN\" width=\"843\" height=\"474\" src=\"https:\/\/www.youtube.com\/embed\/7ShGT1uK_Wg?feature=oembed\" frameborder=\"0\" allow=\"accelerometer; autoplay; clipboard-write; encrypted-media; gyroscope; picture-in-picture; web-share\" referrerpolicy=\"strict-origin-when-cross-origin\" allowfullscreen><\/iframe><\/p>\n<p>&nbsp;<\/p>\n<p>PASEN es el m\u00f3dulo de S\u00e9neca que permite la comunicaci\u00f3n entre los centros educativos y las familias, tutores legales y alumnado.<\/p>\n<p>Pueden descargarse las versiones de iPasen para iOS y Android. Ambas est\u00e1n disponibles en sus respectivos repositorios de la&nbsp;<strong>AppStore&nbsp;<\/strong>y&nbsp;<strong>Google Play<\/strong><\/p>\n<p>Funcionalidades:<\/p>\n<ul>\n<li>Acceso con el mismo usuario\/contrase\u00f1a que a la aplicaci\u00f3n web PASEN.<\/li>\n<li>Cambio de contrase\u00f1a y acceso a &#8216;Mis datos&#8217; con toda la informaci\u00f3n de usuario relevante para el sistema.<\/li>\n<li>Acceso a la Mensajer\u00eda interna.<\/li>\n<li>Acceso a la Agenda personal.<\/li>\n<li>Consultas de los datos del centro educativo.<\/li>\n<li>Consulta del Calendario escolar oficial.<\/li>\n<li>Consulta del Tabl\u00f3n de anuncios.<\/li>\n<li>Consulta del Horario escolar de sus hijos.<\/li>\n<li>Consulta, justificaci\u00f3n y comunicaci\u00f3n de ausencias de sus hijos.<\/li>\n<li>Consulta de las Calificaciones en cualquier materia.<\/li>\n<li>Consulta de las actividades evaluables, tareas, controles, etc, creados en los Cuadernos de clase del profesorado.<\/li>\n<li>Consulta de las Observaciones que se hayan introducido por parte del profesorado sobre la marcha de sus hijos.<\/li>\n<li>Recepci\u00f3n de Notificaciones enviadas desde S\u00e9neca por ausencias de sus hijos o cualquier otro tipo de mensaje.<\/li>\n<li>Subida de la foto del alumnado a su ficha.<\/li>\n<\/ul>\n<p>&nbsp;<\/p>\n<p><img loading=\"lazy\" decoding=\"async\" class=\"aligncenter wp-image-1606\" src=\"https:\/\/blogsaverroes.juntadeandalucia.es\/ceipvalerianolopez\/files\/2020\/09\/funcionalidades-ipasen-300x300.png\" alt=\"\" width=\"415\" height=\"415\" srcset=\"https:\/\/blogsaverroes.juntadeandalucia.es\/ceipvalerianolopez\/files\/2020\/09\/funcionalidades-ipasen-300x300.png 300w, https:\/\/blogsaverroes.juntadeandalucia.es\/ceipvalerianolopez\/files\/2020\/09\/funcionalidades-ipasen-150x150.png 150w, https:\/\/blogsaverroes.juntadeandalucia.es\/ceipvalerianolopez\/files\/2020\/09\/funcionalidades-ipasen-768x768.png 768w, https:\/\/blogsaverroes.juntadeandalucia.es\/ceipvalerianolopez\/files\/2020\/09\/funcionalidades-ipasen-100x100.png 100w, https:\/\/blogsaverroes.juntadeandalucia.es\/ceipvalerianolopez\/files\/2020\/09\/funcionalidades-ipasen-246x246.png 246w, https:\/\/blogsaverroes.juntadeandalucia.es\/ceipvalerianolopez\/files\/2020\/09\/funcionalidades-ipasen-520x520.png 520w, https:\/\/blogsaverroes.juntadeandalucia.es\/ceipvalerianolopez\/files\/2020\/09\/funcionalidades-ipasen-185x185.png 185w, https:\/\/blogsaverroes.juntadeandalucia.es\/ceipvalerianolopez\/files\/2020\/09\/funcionalidades-ipasen-220x220.png 220w, https:\/\/blogsaverroes.juntadeandalucia.es\/ceipvalerianolopez\/files\/2020\/09\/funcionalidades-ipasen-60x60.png 60w, https:\/\/blogsaverroes.juntadeandalucia.es\/ceipvalerianolopez\/files\/2020\/09\/funcionalidades-ipasen-384x384.png 384w, https:\/\/blogsaverroes.juntadeandalucia.es\/ceipvalerianolopez\/files\/2020\/09\/funcionalidades-ipasen-24x24.png 24w, https:\/\/blogsaverroes.juntadeandalucia.es\/ceipvalerianolopez\/files\/2020\/09\/funcionalidades-ipasen-36x36.png 36w, https:\/\/blogsaverroes.juntadeandalucia.es\/ceipvalerianolopez\/files\/2020\/09\/funcionalidades-ipasen-48x48.png 48w, https:\/\/blogsaverroes.juntadeandalucia.es\/ceipvalerianolopez\/files\/2020\/09\/funcionalidades-ipasen.png 800w\" sizes=\"(max-width: 415px) 100vw, 415px\" \/><\/p>\n<p>&nbsp;<\/p>\n<p>Tenemos dos versiones de PASEN para las familias en formato WEB y en formato APLICACI\u00d3N. En los siguientes enlaces pod\u00e9is acceder a la opci\u00f3n que mejor se ajuste a vuestros usos:<\/p>\n<ul>\n<li style=\"list-style-type: none\">\n<ul>\n<li>PASEN WEB: <a href=\"https:\/\/www.juntadeandalucia.es\/educacion\/portals\/web\/ced\/pasen\">https:\/\/www.juntadeandalucia.es\/educacion\/portals\/web\/ced\/pasen<\/a><\/li>\n<li>IPASEN IOS:&nbsp;<a href=\"https:\/\/apps.apple.com\/es\/app\/ipasen\/id511127024\">https:\/\/apps.apple.com\/es\/app\/ipasen\/id511127024<\/a><\/li>\n<li style=\"text-align: left\">IPASEN ANDROID:&nbsp;<a href=\"https:\/\/play.google.com\/store\/apps\/details?id=juntadeandalucia.ced.pasen\">https:\/\/play.google.com\/store\/apps\/details?id=juntadeandalucia.ced.pasen<\/a><\/li>\n<\/ul>\n<\/li>\n<\/ul>\n<p style=\"text-align: center\"><iframe loading=\"lazy\" src=\"\/\/www.youtube.com\/embed\/Gywfd_XncSA?feature=youtu\" width=\"560\" height=\"314\"><\/iframe><\/p>\n<h2 style=\"text-align: left\">IPASEN<\/h2>\n<p>Tanto en su versi\u00f3n IOS como en su versi\u00f3n ANDROID funcionan de la misma forma por lo que las siguientes instrucciones servir\u00e1n para ambos sistemas operativos.<\/p>\n<p>A\u00fan as\u00ed, si te es m\u00e1s c\u00f3modo descargar el manual para imprimir o consultar en tu ordenador o dispositivo puedes pinchar en el siguiente enlace: <a href=\"https:\/\/blogsaverroes.juntadeandalucia.es\/ceipvalerianolopez\/files\/2020\/09\/Manual-Pasen-Tutor.pdf\">Manual Pasen Tutor<\/a><\/p>\n<h3>AUTOLOGIN<\/h3>\n<p>Est\u00e1 disponible un nuevo procedimiento de \u00abautologin\u00bb para usuarios con perfiles tutor\/a legal y alumnado (tanto emancipado como no), mediante el cual cualquier padre\/madre o alumno\/a podr\u00e1 realizar un proceso de \u00abautologin\u00bb para obtener las credenciales de acceso a PASEN.<\/p>\n<p>Para realizar el \u00abautologin\u00bb a trav\u00e9s de la aplicaci\u00f3n web o de la app iPasen, las familias deber\u00e1n pinchar en el enlace &#8216;No tengo acceso&#8217; de la pantalla de login. Se requerir\u00e1n tres datos: El NIF, una fecha de nacimiento (de algunos de sus hijos\/as o la suya propia) y un n\u00famero de tel\u00e9fono m\u00f3vil donde recibir\u00e1 por SMS las credenciales. Este \u00faltimo deber\u00e1 coincidir con el que consta en S\u00e9neca para los tutores legales o para el alumnado.<\/p>\n<p><span class=\"wrapper-img\"><img decoding=\"async\" class=\"aligncenter\" src=\"https:\/\/www.juntadeandalucia.es\/educacion\/portals\/delegate\/content\/25f75b7a-0bb6-4a14-ac53-1899f5380b0f\/PASEN%20-%20Consejer%C3%ADa%20de%20Educaci%C3%B3n.png\"><\/span><\/p>\n<p><iframe loading=\"lazy\" title=\"Autologin o autorregistro en iPasen\" width=\"843\" height=\"632\" src=\"https:\/\/www.youtube.com\/embed\/cHLova48ULE?feature=oembed\" frameborder=\"0\" allow=\"accelerometer; autoplay; clipboard-write; encrypted-media; gyroscope; picture-in-picture; web-share\" referrerpolicy=\"strict-origin-when-cross-origin\" allowfullscreen><\/iframe><\/p>\n<p>&nbsp;<\/p>\n<p style=\"text-align: left\">En el caso de que el usuario se haya bloqueado puede recuperar el acceso siguiendo el siguiente v\u00eddeo:<\/p>\n<p style=\"text-align: center\"><iframe loading=\"lazy\" src=\"\/\/www.youtube.com\/embed\/OR7r9OcG8sE?feature=youtu\" width=\"560\" height=\"314\"><\/iframe><\/p>\n<p style=\"text-align: center\">&nbsp;<\/p>\n<div style=\"width: 100%\">\n<div style=\"padding-bottom: 56.25%;padding-top: 0;height: 0\"><iframe loading=\"lazy\" src=\"https:\/\/view.genial.ly\/5e2ea8fa35ef460490c50afd\" width=\"1200px\" height=\"675px\" frameborder=\"0\" scrolling=\"yes\"><\/iframe><\/div>\n<\/div>\n<p>&nbsp;<\/p>\n<p><iframe loading=\"lazy\" title=\"IPASEN 3: Calificaciones Finales y Observaciones en iPasen\" width=\"843\" height=\"474\" src=\"https:\/\/www.youtube.com\/embed\/E6rnS0ZDI_0?list=PLmkFps6Bh12GaYrcdUb6G1cVmPA0ESNfV\" frameborder=\"0\" allow=\"accelerometer; autoplay; clipboard-write; encrypted-media; gyroscope; picture-in-picture; web-share\" referrerpolicy=\"strict-origin-when-cross-origin\" allowfullscreen><\/iframe><\/p>\n<p>&nbsp;<\/p>\n<h2>PASEN WEB<\/h2>\n<p>Todas las opciones que tiene la aplicaci\u00f3n tambi\u00e9n la podemos encontrar en la WEB e incluso algunas m\u00e1s.<\/p>\n<p><a href=\"https:\/\/www.juntadeandalucia.es\/educacion\/portals\/web\/ced\/pasen\"><img loading=\"lazy\" decoding=\"async\" class=\"aligncenter wp-image-1609\" src=\"https:\/\/blogsaverroes.juntadeandalucia.es\/ceipvalerianolopez\/files\/2020\/09\/Captura-de-pantalla-2020-09-22-a-las-17.06.11-300x176.png\" alt=\"\" width=\"590\" height=\"346\" srcset=\"https:\/\/blogsaverroes.juntadeandalucia.es\/ceipvalerianolopez\/files\/2020\/09\/Captura-de-pantalla-2020-09-22-a-las-17.06.11-300x176.png 300w, https:\/\/blogsaverroes.juntadeandalucia.es\/ceipvalerianolopez\/files\/2020\/09\/Captura-de-pantalla-2020-09-22-a-las-17.06.11-1024x600.png 1024w, https:\/\/blogsaverroes.juntadeandalucia.es\/ceipvalerianolopez\/files\/2020\/09\/Captura-de-pantalla-2020-09-22-a-las-17.06.11-768x450.png 768w, https:\/\/blogsaverroes.juntadeandalucia.es\/ceipvalerianolopez\/files\/2020\/09\/Captura-de-pantalla-2020-09-22-a-las-17.06.11-1536x901.png 1536w, https:\/\/blogsaverroes.juntadeandalucia.es\/ceipvalerianolopez\/files\/2020\/09\/Captura-de-pantalla-2020-09-22-a-las-17.06.11-2048x1201.png 2048w, https:\/\/blogsaverroes.juntadeandalucia.es\/ceipvalerianolopez\/files\/2020\/09\/Captura-de-pantalla-2020-09-22-a-las-17.06.11-24x14.png 24w, https:\/\/blogsaverroes.juntadeandalucia.es\/ceipvalerianolopez\/files\/2020\/09\/Captura-de-pantalla-2020-09-22-a-las-17.06.11-36x21.png 36w, https:\/\/blogsaverroes.juntadeandalucia.es\/ceipvalerianolopez\/files\/2020\/09\/Captura-de-pantalla-2020-09-22-a-las-17.06.11-48x28.png 48w\" sizes=\"(max-width: 590px) 100vw, 590px\" \/><\/a><\/p>\n<p>&nbsp;<\/p>\n<h2>&nbsp;<\/h2>\n<h2>C\u00f3mo resolver los problemas m\u00e1s comunes<\/h2>\n<p>El acceso a IPASEN suele dar bastantes problemas a las familias, es por ello que recogemos aqu\u00ed algunos consejos que os pueden ser de utilidad:<\/p>\n<h5>1. No est\u00e1s registrado y no tienes usuario ni contrase\u00f1a.<\/h5>\n<h5>2. Te sale un mensaje que indica que el usuario est\u00e1 bloqueado.<\/h5>\n<h5>3. Sale un mensaje de \u00abUsuario Incorrecto\u00bb<\/h5>\n<p><img loading=\"lazy\" decoding=\"async\" class=\"aligncenter size-medium wp-image-1618\" src=\"https:\/\/blogsaverroes.juntadeandalucia.es\/ceipvalerianolopez\/files\/2020\/09\/1-195x300.png\" alt=\"\" width=\"195\" height=\"300\" srcset=\"https:\/\/blogsaverroes.juntadeandalucia.es\/ceipvalerianolopez\/files\/2020\/09\/1-195x300.png 195w, https:\/\/blogsaverroes.juntadeandalucia.es\/ceipvalerianolopez\/files\/2020\/09\/1-666x1024.png 666w, https:\/\/blogsaverroes.juntadeandalucia.es\/ceipvalerianolopez\/files\/2020\/09\/1-16x24.png 16w, https:\/\/blogsaverroes.juntadeandalucia.es\/ceipvalerianolopez\/files\/2020\/09\/1-23x36.png 23w, https:\/\/blogsaverroes.juntadeandalucia.es\/ceipvalerianolopez\/files\/2020\/09\/1-31x48.png 31w, https:\/\/blogsaverroes.juntadeandalucia.es\/ceipvalerianolopez\/files\/2020\/09\/1.png 744w\" sizes=\"(max-width: 195px) 100vw, 195px\" \/><\/p>\n<p>&nbsp;<\/p>\n<p>Pulsa sobre \u00abNo estoy registrado\u00bb y se resetear\u00e1 y reactivar\u00e1 tu usuario envi\u00e1ndote un SMS o un EMAIL con el usuario y la contrase\u00f1a.<\/p>\n<p>Recuerde que la contrase\u00f1a solo durar\u00e1 activa 48 horas por lo que deber\u00e1 entrar antes a la aplicaci\u00f3n y cambiar la contrase\u00f1a. Para ello al entrar entrar\u00e1 en \u00abMis Datos\u00bb y ah\u00ed eligir\u00e1 la opci\u00f3n \u00abModificar Contrase\u00f1a\u00bb.<\/p>\n<p>&nbsp;<\/p>\n<h5>4. Has olvidado la contrase\u00f1a o indica que la contrase\u00f1a es incorrecta.<\/h5>\n<p><img loading=\"lazy\" decoding=\"async\" class=\"aligncenter size-medium wp-image-1619\" src=\"https:\/\/blogsaverroes.juntadeandalucia.es\/ceipvalerianolopez\/files\/2020\/09\/2-139x300.png\" alt=\"\" width=\"139\" height=\"300\" srcset=\"https:\/\/blogsaverroes.juntadeandalucia.es\/ceipvalerianolopez\/files\/2020\/09\/2-139x300.png 139w, https:\/\/blogsaverroes.juntadeandalucia.es\/ceipvalerianolopez\/files\/2020\/09\/2-473x1024.png 473w, https:\/\/blogsaverroes.juntadeandalucia.es\/ceipvalerianolopez\/files\/2020\/09\/2-768x1663.png 768w, https:\/\/blogsaverroes.juntadeandalucia.es\/ceipvalerianolopez\/files\/2020\/09\/2-709x1536.png 709w, https:\/\/blogsaverroes.juntadeandalucia.es\/ceipvalerianolopez\/files\/2020\/09\/2-946x2048.png 946w, https:\/\/blogsaverroes.juntadeandalucia.es\/ceipvalerianolopez\/files\/2020\/09\/2-11x24.png 11w, https:\/\/blogsaverroes.juntadeandalucia.es\/ceipvalerianolopez\/files\/2020\/09\/2-17x36.png 17w, https:\/\/blogsaverroes.juntadeandalucia.es\/ceipvalerianolopez\/files\/2020\/09\/2-22x48.png 22w, https:\/\/blogsaverroes.juntadeandalucia.es\/ceipvalerianolopez\/files\/2020\/09\/2.png 1125w\" sizes=\"(max-width: 139px) 100vw, 139px\" \/><\/p>\n<p>Pulsa sobre \u00ab\u00bfOlvid\u00f3 la contrase\u00f1a?\u00bb y el sistema le enviar\u00e1 una contrase\u00f1a nueva.<\/p>\n<p>Recuerde que la contrase\u00f1a solo durar\u00e1 activa 48 horas por lo que deber\u00e1 entrar antes a la aplicaci\u00f3n y cambiar la contrase\u00f1a. Para ello al entrar entrar\u00e1 en \u00abMis Datos\u00bb y ah\u00ed eligir\u00e1 la opci\u00f3n \u00abModificar Contrase\u00f1a\u00bb.<\/p>\n<h5>5. Sigue sin dejarle acceder aunque repita los pasos anteriores.<\/h5>\n<p>Es bastante posible que est\u00e9 introduciendo en e proceso de reactivaci\u00f3n alg\u00fan dato incorrecto de su NIF o en la fecha de nacimiento de su hijo\/a.<\/p>\n<p>Otro error muy com\u00fan es poner un tel\u00e9fono diferente al que se ha aportado al centro.<\/p>\n<p>Es muy importante que los datos est\u00e9n actualizados en el sistema de PASEN para cuando tenga que acceder o reactivar su usuario permita idenficarle debidamente.<\/p>\n<h5>&nbsp;<\/h5>\n<h5>6. No le aparece uno de sus hijos\/as en la aplicaci\u00f3n.<\/h5>\n<p>Es un error bastante extendido y que a\u00fan no sabemos el motivo. En esta situaci\u00f3n debe informar al centro educativo en el que est\u00e9 matriculado el hijo\/a que le ha desaparecido de la aplicaci\u00f3n de IPASEN y ser\u00e1 el centro desde el mismo sistema que subsanar\u00e1 este error.<\/p>\n<h5>7. Sale un mensaje en el que le pide se ponga en contacto con su centro educativo.<\/h5>\n<p>Si ha probado todas las opciones anteriores y no consigue acceder p\u00f3ngase en contacto con el centro educativo.<\/p>\n<div style=\"width: 100%\">\n<div style=\"padding-bottom: 56.25%;padding-top: 0;height: 0\"><iframe loading=\"lazy\" src=\"https:\/\/view.genial.ly\/5f760aecf8bf4d102a26739c\" width=\"1200px\" height=\"675px\" frameborder=\"0\" scrolling=\"yes\"><\/iframe><\/div>\n<\/div>\n<p>&nbsp;<\/p>\n","protected":false},"excerpt":{"rendered":"<p>PASEN es servicio de la Consejer\u00eda de Educaci\u00f3n de la Junta de Andaluc\u00eda que permite la comunicaci\u00f3n entre los distintos miembros de la comunidad educativa&hellip;<\/p>\n","protected":false},"author":8377,"featured_media":0,"parent":0,"menu_order":0,"comment_status":"closed","ping_status":"closed","template":"","meta":{"ngg_post_thumbnail":0,"footnotes":""},"aioseo_notices":[],"_links":{"self":[{"href":"https:\/\/blogsaverroes.juntadeandalucia.es\/ceipvalerianolopez\/wp-json\/wp\/v2\/pages\/1605"}],"collection":[{"href":"https:\/\/blogsaverroes.juntadeandalucia.es\/ceipvalerianolopez\/wp-json\/wp\/v2\/pages"}],"about":[{"href":"https:\/\/blogsaverroes.juntadeandalucia.es\/ceipvalerianolopez\/wp-json\/wp\/v2\/types\/page"}],"author":[{"embeddable":true,"href":"https:\/\/blogsaverroes.juntadeandalucia.es\/ceipvalerianolopez\/wp-json\/wp\/v2\/users\/8377"}],"replies":[{"embeddable":true,"href":"https:\/\/blogsaverroes.juntadeandalucia.es\/ceipvalerianolopez\/wp-json\/wp\/v2\/comments?post=1605"}],"version-history":[{"count":11,"href":"https:\/\/blogsaverroes.juntadeandalucia.es\/ceipvalerianolopez\/wp-json\/wp\/v2\/pages\/1605\/revisions"}],"predecessor-version":[{"id":1881,"href":"https:\/\/blogsaverroes.juntadeandalucia.es\/ceipvalerianolopez\/wp-json\/wp\/v2\/pages\/1605\/revisions\/1881"}],"wp:attachment":[{"href":"https:\/\/blogsaverroes.juntadeandalucia.es\/ceipvalerianolopez\/wp-json\/wp\/v2\/media?parent=1605"}],"curies":[{"name":"wp","href":"https:\/\/api.w.org\/{rel}","templated":true}]}}