{"id":1777,"date":"2021-03-26T12:50:38","date_gmt":"2021-03-26T11:50:38","guid":{"rendered":"https:\/\/blogsaverroes.juntadeandalucia.es\/ceipvalerianolopez\/?page_id=1777"},"modified":"2021-03-26T12:50:38","modified_gmt":"2021-03-26T11:50:38","slug":"recogida-de-documentacion-de-centro","status":"publish","type":"page","link":"https:\/\/blogsaverroes.juntadeandalucia.es\/ceipvalerianolopez\/secretaria\/recogida-de-documentacion-de-centro\/","title":{"rendered":"Recogida de documentaci\u00f3n de centro"},"content":{"rendered":"<p>Toda la documentaci\u00f3n (boletines, expedientes, informes, comunicados&#8230;) que se solicite al centro o que el centro tenga que hacer entrega a las familias se usar\u00e1 el \u00ab<a href=\"https:\/\/seneca.juntadeandalucia.es\/seneca\/puntoderecogida\/index.html\">Punto de Recogida<\/a>\u00bb para la recepci\u00f3n de esa documentaci\u00f3n.<\/p>\n<p>Debido a la actual situaci\u00f3n de Pandemia sanitaria por COVID19 se evitar\u00e1 cualquier tipo de entrega en papel ya que hay opciones alternativas a este env\u00edo:<\/p>\n<ul>\n<li>A trav\u00e9s de la aplicaci\u00f3n IPASEN. <strong>Se recomienda tener la aplicaci\u00f3n actualizada.&nbsp;<\/strong><\/li>\n<\/ul>\n<p><iframe loading=\"lazy\" title=\"IPASEN 3: Calificaciones Finales y Observaciones en iPasen\" width=\"843\" height=\"474\" src=\"https:\/\/www.youtube.com\/embed\/E6rnS0ZDI_0?feature=oembed\" frameborder=\"0\" allow=\"accelerometer; autoplay; clipboard-write; encrypted-media; gyroscope; picture-in-picture; web-share\" referrerpolicy=\"strict-origin-when-cross-origin\" allowfullscreen><\/iframe><\/p>\n<ul>\n<li>Tambi\u00e9n podr\u00e1n descargar estos documentos directamente desde internet, a trav\u00e9s de la Secretar\u00eda Virtual en el siguiente enlace: <a href=\"https:\/\/seneca.juntadeandalucia.es\/seneca\/puntoderecogida\/index.html\" target=\"_blank\" rel=\"noopener noreferrer\" data-saferedirecturl=\"https:\/\/www.google.com\/url?q=https:\/\/seneca.juntadeandalucia.es\/seneca\/puntoderecogida\/index.html&amp;source=gmail&amp;ust=1593066929593000&amp;usg=AFQjCNG60ix0BXsRUHcIAwasxNzkFpIXfQ\">https:\/\/seneca.juntadeandalucia.es\/seneca\/puntoderecogida\/index.html <\/a><br \/>\nLos datos que solicitan para entrar en la plataforma de la secretar\u00eda son la <strong>fecha de nacimiento<\/strong>&nbsp;y la&nbsp;<strong>clave iANDE<\/strong>.<\/p>\n<ul>\n<li>Conseguir clave iANDE a trav\u00e9s de IPASEN: puede consultarla a trav\u00e9s de <em>Utilidades -&gt; Comunicaciones -&gt; Administrador PASEN \u2013 Identificador Andaluz Educativo (iANDE).&nbsp;<\/em><\/li>\n<li>A trav\u00e9s de la web de secretar\u00eda: <a href=\"https:\/\/www.juntadeandalucia.es\/educacion\/secretariavirtual\/autenticacion\/registroUsuarioIANDE\/\"><em>https:\/\/www.juntadeandalucia.es\/educacion\/secretariavirtual\/autenticacion\/registroUsuarioIANDE\/<\/em><\/a><\/li>\n<\/ul>\n<\/li>\n<\/ul>\n<p>&nbsp;<\/p>\n","protected":false},"excerpt":{"rendered":"<p>Toda la documentaci\u00f3n (boletines, expedientes, informes, comunicados&#8230;) que se solicite al centro o que el centro tenga que hacer entrega a las familias se usar\u00e1&hellip;<\/p>\n","protected":false},"author":8377,"featured_media":1500,"parent":556,"menu_order":0,"comment_status":"closed","ping_status":"closed","template":"","meta":{"ngg_post_thumbnail":0,"footnotes":""},"aioseo_notices":[],"_links":{"self":[{"href":"https:\/\/blogsaverroes.juntadeandalucia.es\/ceipvalerianolopez\/wp-json\/wp\/v2\/pages\/1777"}],"collection":[{"href":"https:\/\/blogsaverroes.juntadeandalucia.es\/ceipvalerianolopez\/wp-json\/wp\/v2\/pages"}],"about":[{"href":"https:\/\/blogsaverroes.juntadeandalucia.es\/ceipvalerianolopez\/wp-json\/wp\/v2\/types\/page"}],"author":[{"embeddable":true,"href":"https:\/\/blogsaverroes.juntadeandalucia.es\/ceipvalerianolopez\/wp-json\/wp\/v2\/users\/8377"}],"replies":[{"embeddable":true,"href":"https:\/\/blogsaverroes.juntadeandalucia.es\/ceipvalerianolopez\/wp-json\/wp\/v2\/comments?post=1777"}],"version-history":[{"count":1,"href":"https:\/\/blogsaverroes.juntadeandalucia.es\/ceipvalerianolopez\/wp-json\/wp\/v2\/pages\/1777\/revisions"}],"predecessor-version":[{"id":1778,"href":"https:\/\/blogsaverroes.juntadeandalucia.es\/ceipvalerianolopez\/wp-json\/wp\/v2\/pages\/1777\/revisions\/1778"}],"up":[{"embeddable":true,"href":"https:\/\/blogsaverroes.juntadeandalucia.es\/ceipvalerianolopez\/wp-json\/wp\/v2\/pages\/556"}],"wp:featuredmedia":[{"embeddable":true,"href":"https:\/\/blogsaverroes.juntadeandalucia.es\/ceipvalerianolopez\/wp-json\/wp\/v2\/media\/1500"}],"wp:attachment":[{"href":"https:\/\/blogsaverroes.juntadeandalucia.es\/ceipvalerianolopez\/wp-json\/wp\/v2\/media?parent=1777"}],"curies":[{"name":"wp","href":"https:\/\/api.w.org\/{rel}","templated":true}]}}