{"id":1965,"date":"2021-10-26T07:09:57","date_gmt":"2021-10-26T05:09:57","guid":{"rendered":"https:\/\/blogsaverroes.juntadeandalucia.es\/ceipvalerianolopez\/?page_id=1965"},"modified":"2022-12-04T12:09:29","modified_gmt":"2022-12-04T11:09:29","slug":"escuela-espacio-de-paz","status":"publish","type":"page","link":"https:\/\/blogsaverroes.juntadeandalucia.es\/ceipvalerianolopez\/proyectos\/escuela-espacio-de-paz\/","title":{"rendered":"Escuela Espacio de Paz"},"content":{"rendered":"<div class=\"kvgmc6g5 cxmmr5t8 oygrvhab hcukyx3x c1et5uql ii04i59q\">\n<div dir=\"auto\" style=\"text-align: center\"><img loading=\"lazy\" decoding=\"async\" class=\"aligncenter size-full wp-image-2033\" src=\"https:\/\/blogsaverroes.juntadeandalucia.es\/ceipvalerianolopez\/files\/2021\/11\/logo-convinado-raep.jpg\" alt=\"\" width=\"1036\" height=\"478\" srcset=\"https:\/\/blogsaverroes.juntadeandalucia.es\/ceipvalerianolopez\/files\/2021\/11\/logo-convinado-raep.jpg 1036w, https:\/\/blogsaverroes.juntadeandalucia.es\/ceipvalerianolopez\/files\/2021\/11\/logo-convinado-raep-300x138.jpg 300w, https:\/\/blogsaverroes.juntadeandalucia.es\/ceipvalerianolopez\/files\/2021\/11\/logo-convinado-raep-1024x472.jpg 1024w, https:\/\/blogsaverroes.juntadeandalucia.es\/ceipvalerianolopez\/files\/2021\/11\/logo-convinado-raep-768x354.jpg 768w\" sizes=\"(max-width: 1036px) 100vw, 1036px\" \/><\/div>\n<div dir=\"auto\" style=\"text-align: justify\">Dentro de los planes y programas que desde el centro se van a desarrollar este curso escolar 2022\/2023 os presentamos el de \u201cEscuela Espacio de Paz\u201d.<\/div>\n<\/div>\n<div class=\"o9v6fnle cxmmr5t8 oygrvhab hcukyx3x c1et5uql ii04i59q\">\n<div dir=\"auto\" style=\"text-align: justify\">&nbsp;<\/div>\n<div dir=\"auto\" style=\"text-align: justify\">El coordinador del programa durante este curso ser\u00e1 el profe Jos\u00e9, \u00e9l, junto al claustro del CEIP Valeriano L\u00f3pez, pondr\u00e1n nuevamente en marcha un bonito programa que en algunos cursos anteriores ya tuvo una buena acogida en nuestra comunidad.<\/div>\n<div dir=\"auto\" style=\"text-align: justify\">&nbsp;<\/div>\n<div dir=\"auto\" style=\"text-align: justify\">Los objetivos de este programa ir\u00e1n encaminados a la mejora de la convivencia en el centro y la creaci\u00f3n de un clima positivo que favorezca las relaciones constructivas entre todos los miembros de la comunidad, en especial de nuestro alumnado. Y adem\u00e1s se establecer\u00e1n mecanismos de comunicaci\u00f3n para dar visibilidad a las buenas pr\u00e1cticas que se desarrollan en el proceso de ense\u00f1anza-aprendizaje.<\/div>\n<div dir=\"auto\"><img loading=\"lazy\" decoding=\"async\" class=\"aligncenter size-medium wp-image-1966\" src=\"https:\/\/blogsaverroes.juntadeandalucia.es\/ceipvalerianolopez\/files\/2021\/10\/programa-escuela-espacio-de-paz-212x300.jpg\" alt=\"\" width=\"212\" height=\"300\" srcset=\"https:\/\/blogsaverroes.juntadeandalucia.es\/ceipvalerianolopez\/files\/2021\/10\/programa-escuela-espacio-de-paz-212x300.jpg 212w, https:\/\/blogsaverroes.juntadeandalucia.es\/ceipvalerianolopez\/files\/2021\/10\/programa-escuela-espacio-de-paz.jpg 678w\" sizes=\"(max-width: 212px) 100vw, 212px\" \/><\/div>\n<div dir=\"auto\">Pulsa aqu\u00ed para conocer las \u00faltimas actividades realizadas en el centro para este plan:<\/div>\n<div dir=\"auto\"><a href=\"https:\/\/blogsaverroes.juntadeandalucia.es\/ceipvalerianolopez\/category\/planes-y-programas\/espacio-de-paz\/\">https:\/\/blogsaverroes.juntadeandalucia.es\/ceipvalerianolopez\/category\/planes-y-programas\/espacio-de-paz\/<\/a><\/div>\n<div dir=\"auto\">&nbsp;<\/div>\n<\/div>\n","protected":false},"excerpt":{"rendered":"<p>Dentro de los planes y programas que desde el centro se van a desarrollar este curso escolar 2022\/2023 os presentamos el de \u201cEscuela Espacio de&hellip;<\/p>\n","protected":false},"author":8703,"featured_media":0,"parent":202,"menu_order":0,"comment_status":"closed","ping_status":"closed","template":"","meta":{"ngg_post_thumbnail":0,"footnotes":""},"aioseo_notices":[],"_links":{"self":[{"href":"https:\/\/blogsaverroes.juntadeandalucia.es\/ceipvalerianolopez\/wp-json\/wp\/v2\/pages\/1965"}],"collection":[{"href":"https:\/\/blogsaverroes.juntadeandalucia.es\/ceipvalerianolopez\/wp-json\/wp\/v2\/pages"}],"about":[{"href":"https:\/\/blogsaverroes.juntadeandalucia.es\/ceipvalerianolopez\/wp-json\/wp\/v2\/types\/page"}],"author":[{"embeddable":true,"href":"https:\/\/blogsaverroes.juntadeandalucia.es\/ceipvalerianolopez\/wp-json\/wp\/v2\/users\/8703"}],"replies":[{"embeddable":true,"href":"https:\/\/blogsaverroes.juntadeandalucia.es\/ceipvalerianolopez\/wp-json\/wp\/v2\/comments?post=1965"}],"version-history":[{"count":4,"href":"https:\/\/blogsaverroes.juntadeandalucia.es\/ceipvalerianolopez\/wp-json\/wp\/v2\/pages\/1965\/revisions"}],"predecessor-version":[{"id":3056,"href":"https:\/\/blogsaverroes.juntadeandalucia.es\/ceipvalerianolopez\/wp-json\/wp\/v2\/pages\/1965\/revisions\/3056"}],"up":[{"embeddable":true,"href":"https:\/\/blogsaverroes.juntadeandalucia.es\/ceipvalerianolopez\/wp-json\/wp\/v2\/pages\/202"}],"wp:attachment":[{"href":"https:\/\/blogsaverroes.juntadeandalucia.es\/ceipvalerianolopez\/wp-json\/wp\/v2\/media?parent=1965"}],"curies":[{"name":"wp","href":"https:\/\/api.w.org\/{rel}","templated":true}]}}