{"id":1970,"date":"2021-10-26T07:21:11","date_gmt":"2021-10-26T05:21:11","guid":{"rendered":"https:\/\/blogsaverroes.juntadeandalucia.es\/ceipvalerianolopez\/?page_id=1970"},"modified":"2022-12-04T12:11:39","modified_gmt":"2022-12-04T11:11:39","slug":"aldea","status":"publish","type":"page","link":"https:\/\/blogsaverroes.juntadeandalucia.es\/ceipvalerianolopez\/proyectos\/aldea\/","title":{"rendered":"ALDEA"},"content":{"rendered":"<div class=\"o9v6fnle cxmmr5t8 oygrvhab hcukyx3x c1et5uql ii04i59q\">\n<div dir=\"auto\"><img loading=\"lazy\" decoding=\"async\" class=\"aligncenter wp-image-1923 size-full\" src=\"https:\/\/blogsaverroes.juntadeandalucia.es\/ceipvalerianolopez\/files\/2021\/09\/aldea.jpg\" alt=\"\" width=\"960\" height=\"502\" srcset=\"https:\/\/blogsaverroes.juntadeandalucia.es\/ceipvalerianolopez\/files\/2021\/09\/aldea.jpg 960w, https:\/\/blogsaverroes.juntadeandalucia.es\/ceipvalerianolopez\/files\/2021\/09\/aldea-300x157.jpg 300w, https:\/\/blogsaverroes.juntadeandalucia.es\/ceipvalerianolopez\/files\/2021\/09\/aldea-768x402.jpg 768w\" sizes=\"(max-width: 960px) 100vw, 960px\" \/><\/div>\n<div dir=\"auto\" style=\"text-align: justify\">Desde nuestro centro hemos decidido participar con el proyecto de innovaci\u00f3n ALDEA que propone la Junta de Andaluc\u00eda. La coordinadora del proyecto y tutora de 1\u00ba de primaria la se\u00f1o Rocio G. junto con un equipo de maestros y maestras se ha sumando a este bonito proyecto que seguro ser\u00e1&nbsp; muy enriquecedor para nuestro alumnado.<\/div>\n<div dir=\"auto\" style=\"text-align: justify\">&nbsp;<\/div>\n<\/div>\n<div class=\"o9v6fnle cxmmr5t8 oygrvhab hcukyx3x c1et5uql ii04i59q\" style=\"text-align: justify\">\n<div dir=\"auto\">Con este proyecto contribuiremos a educar para conseguir que nuestro planeta&nbsp;<span class=\"pq6dq46d tbxw36s4 knj5qynh kvgmc6g5 ditlmg2l oygrvhab nvdbi5me sf5mxxl7 gl3lb2sf hhz5lgdu\"><img loading=\"lazy\" decoding=\"async\" src=\"https:\/\/static.xx.fbcdn.net\/images\/emoji.php\/v9\/t41\/1\/16\/1f30f.png\" alt=\"\ud83c\udf0f\" width=\"16\" height=\"16\"><\/span>&nbsp;sea un lugar mejor&nbsp;<span class=\"pq6dq46d tbxw36s4 knj5qynh kvgmc6g5 ditlmg2l oygrvhab nvdbi5me sf5mxxl7 gl3lb2sf hhz5lgdu\"><img loading=\"lazy\" decoding=\"async\" src=\"https:\/\/static.xx.fbcdn.net\/images\/emoji.php\/v9\/t94\/1\/16\/1f49a.png\" alt=\"\ud83d\udc9a\" width=\"16\" height=\"16\"><\/span>&nbsp;y trabajaremos en entornos&nbsp;<span class=\"pq6dq46d tbxw36s4 knj5qynh kvgmc6g5 ditlmg2l oygrvhab nvdbi5me sf5mxxl7 gl3lb2sf hhz5lgdu\"><img loading=\"lazy\" decoding=\"async\" src=\"https:\/\/static.xx.fbcdn.net\/images\/emoji.php\/v9\/tca\/1\/16\/2795.png\" alt=\"\u2795\" width=\"16\" height=\"16\"><\/span>saludables&nbsp;<span class=\"pq6dq46d tbxw36s4 knj5qynh kvgmc6g5 ditlmg2l oygrvhab nvdbi5me sf5mxxl7 gl3lb2sf hhz5lgdu\"><img loading=\"lazy\" decoding=\"async\" src=\"https:\/\/static.xx.fbcdn.net\/images\/emoji.php\/v9\/tca\/1\/16\/2795.png\" alt=\"\u2795\" width=\"16\" height=\"16\"><\/span>sostenibles.<\/div>\n<div dir=\"auto\">&nbsp;<\/div>\n<\/div>\n<div class=\"o9v6fnle cxmmr5t8 oygrvhab hcukyx3x c1et5uql ii04i59q\">\n<div dir=\"auto\" style=\"text-align: justify\">Una de las L\u00edneas de actuaci\u00f3n de este Programa que propone la Junta es la de \u00abRenaturalizaci\u00f3n\u00bb de espacios. Por tanto, nos pondremos en manos de los coordinadores, asesores y expertos para que en la medida de nuestras posibilidades podamos contribuir desde nuestra comunidad educativa. Adem\u00e1s, continuaremos con la idea de crear un espacio al aire libre para impartir docencia!!<\/div>\n<div dir=\"auto\">&nbsp;<\/div>\n<\/div>\n<div dir=\"auto\">Pulsa aqu\u00ed para conocer las \u00faltimas actividades realizadas en el centro para este plan, coordinado por la se\u00f1o Mar\u00eda, nuestra especialista en m\u00fasica en el centro:<\/div>\n<div dir=\"auto\"><a href=\"https:\/\/blogsaverroes.juntadeandalucia.es\/ceipvalerianolopez\/category\/planes-y-programas\/aldea\/\">https:\/\/blogsaverroes.juntadeandalucia.es\/ceipvalerianolopez\/category\/planes-y-programas\/aldea\/<\/a><\/div>\n<div dir=\"auto\">&nbsp;<\/div>\n<div class=\"o9v6fnle cxmmr5t8 oygrvhab hcukyx3x c1et5uql ii04i59q\">\n<div dir=\"auto\">Info:<\/div>\n<div dir=\"auto\">Folleto&nbsp;<span class=\"pq6dq46d tbxw36s4 knj5qynh kvgmc6g5 ditlmg2l oygrvhab nvdbi5me sf5mxxl7 gl3lb2sf hhz5lgdu\"><img loading=\"lazy\" decoding=\"async\" src=\"https:\/\/static.xx.fbcdn.net\/images\/emoji.php\/v9\/t51\/1\/16\/1f449.png\" alt=\"\ud83d\udc49\" width=\"16\" height=\"16\"><\/span><a class=\"oajrlxb2 g5ia77u1 qu0x051f esr5mh6w e9989ue4 r7d6kgcz rq0escxv nhd2j8a9 nc684nl6 p7hjln8o kvgmc6g5 cxmmr5t8 oygrvhab hcukyx3x jb3vyjys rz4wbd8a qt6c0cv9 a8nywdso i1ao9s8h esuyzwwr f1sip0of lzcic4wl py34i1dx gpro0wi8\" role=\"link\" href=\"https:\/\/l.facebook.com\/l.php?u=https%3A%2F%2Fbit.ly%2F3DDzJ2J%3Ffbclid%3DIwAR1GSVWmIcSslMSVxf6JBRoG5KG03CInsRYlgCAOi87prQz5ToBO5eeOXFo&amp;h=AT2y2fGFN7QZABRGk8t-s5U0y9uBZ_Mz0HxISXCSBVUTmEu0IiE03VAAAuU0QVeJFjwsRSIkbRlD2kHcowttxq76GCXbRjTpgmguMP4PP6X3etxYjRWR8nj58ZQ5eEipr7BE&amp;__tn__=-UK-R&amp;c[0]=AT2Bttx9EzMGZKLJG_sBXPw9qt5QCUDnvwY4-_LvVmL7NSFnwvuIvDXAXvsw2qDmiOSuEhxYCXorZc22ZiyL8jTucpFiQdYs9tduLlbepR18qbwxxmHy4ubzd8mRCcz8oExZDfjmVwXMK5zWPeIXnVCeWwBh9848xdRHkptgp793VxLsjmVTTNOWclfm12B-3bz4PekP\" target=\"_blank\" rel=\"nofollow noopener noreferrer\">bit.ly\/3DDzJ2J<\/a><\/div>\n<div dir=\"auto\">Web&nbsp;<span class=\"pq6dq46d tbxw36s4 knj5qynh kvgmc6g5 ditlmg2l oygrvhab nvdbi5me sf5mxxl7 gl3lb2sf hhz5lgdu\"><img loading=\"lazy\" decoding=\"async\" src=\"https:\/\/static.xx.fbcdn.net\/images\/emoji.php\/v9\/t51\/1\/16\/1f449.png\" alt=\"\ud83d\udc49\" width=\"16\" height=\"16\"><\/span>&nbsp;<a class=\"oajrlxb2 g5ia77u1 qu0x051f esr5mh6w e9989ue4 r7d6kgcz rq0escxv nhd2j8a9 nc684nl6 p7hjln8o kvgmc6g5 cxmmr5t8 oygrvhab hcukyx3x jb3vyjys rz4wbd8a qt6c0cv9 a8nywdso i1ao9s8h esuyzwwr f1sip0of lzcic4wl py34i1dx gpro0wi8\" role=\"link\" href=\"https:\/\/l.facebook.com\/l.php?u=https%3A%2F%2Fbit.ly%2F3ACr2UK%3Ffbclid%3DIwAR3z-_x5TI8VvRVvsVkJtS_wK0cCKAwTSAHrBySlD7GOUbmDZw3OXa2Y_0I&amp;h=AT36tk6aOUFQSC0N27ztO1FIpBZ_Dcob2OCXD5YMHkBtAf_beCv6MDXYKmAmzOV1Nv9EWO2tZhq1XSnGb7XbtyTTQUEKedk2sUnyotdmoQWuB64IBd4eSwqdNwfgRpBaxuG4&amp;__tn__=-UK-R&amp;c[0]=AT2Bttx9EzMGZKLJG_sBXPw9qt5QCUDnvwY4-_LvVmL7NSFnwvuIvDXAXvsw2qDmiOSuEhxYCXorZc22ZiyL8jTucpFiQdYs9tduLlbepR18qbwxxmHy4ubzd8mRCcz8oExZDfjmVwXMK5zWPeIXnVCeWwBh9848xdRHkptgp793VxLsjmVTTNOWclfm12B-3bz4PekP\" target=\"_blank\" rel=\"nofollow noopener noreferrer\">bit.ly\/3ACr2UK<\/a><\/div>\n<\/div>\n<div class=\"o9v6fnle cxmmr5t8 oygrvhab hcukyx3x c1et5uql ii04i59q\">\n<div dir=\"auto\">&nbsp;<\/div>\n<\/div>\n","protected":false},"excerpt":{"rendered":"<p>Desde nuestro centro hemos decidido participar con el proyecto de innovaci\u00f3n ALDEA que propone la Junta de Andaluc\u00eda. La coordinadora del proyecto y tutora de&hellip;<\/p>\n","protected":false},"author":8703,"featured_media":0,"parent":202,"menu_order":0,"comment_status":"closed","ping_status":"closed","template":"","meta":{"ngg_post_thumbnail":0,"footnotes":""},"aioseo_notices":[],"_links":{"self":[{"href":"https:\/\/blogsaverroes.juntadeandalucia.es\/ceipvalerianolopez\/wp-json\/wp\/v2\/pages\/1970"}],"collection":[{"href":"https:\/\/blogsaverroes.juntadeandalucia.es\/ceipvalerianolopez\/wp-json\/wp\/v2\/pages"}],"about":[{"href":"https:\/\/blogsaverroes.juntadeandalucia.es\/ceipvalerianolopez\/wp-json\/wp\/v2\/types\/page"}],"author":[{"embeddable":true,"href":"https:\/\/blogsaverroes.juntadeandalucia.es\/ceipvalerianolopez\/wp-json\/wp\/v2\/users\/8703"}],"replies":[{"embeddable":true,"href":"https:\/\/blogsaverroes.juntadeandalucia.es\/ceipvalerianolopez\/wp-json\/wp\/v2\/comments?post=1970"}],"version-history":[{"count":6,"href":"https:\/\/blogsaverroes.juntadeandalucia.es\/ceipvalerianolopez\/wp-json\/wp\/v2\/pages\/1970\/revisions"}],"predecessor-version":[{"id":3057,"href":"https:\/\/blogsaverroes.juntadeandalucia.es\/ceipvalerianolopez\/wp-json\/wp\/v2\/pages\/1970\/revisions\/3057"}],"up":[{"embeddable":true,"href":"https:\/\/blogsaverroes.juntadeandalucia.es\/ceipvalerianolopez\/wp-json\/wp\/v2\/pages\/202"}],"wp:attachment":[{"href":"https:\/\/blogsaverroes.juntadeandalucia.es\/ceipvalerianolopez\/wp-json\/wp\/v2\/media?parent=1970"}],"curies":[{"name":"wp","href":"https:\/\/api.w.org\/{rel}","templated":true}]}}