{"id":2013,"date":"2021-11-10T23:10:41","date_gmt":"2021-11-10T22:10:41","guid":{"rendered":"https:\/\/blogsaverroes.juntadeandalucia.es\/ceipvalerianolopez\/?page_id=2013"},"modified":"2022-12-04T12:00:00","modified_gmt":"2022-12-04T11:00:00","slug":"auladjaque","status":"publish","type":"page","link":"https:\/\/blogsaverroes.juntadeandalucia.es\/ceipvalerianolopez\/auladjaque\/","title":{"rendered":"AulaDJaque"},"content":{"rendered":"<p><img loading=\"lazy\" decoding=\"async\" class=\"aligncenter size-medium wp-image-2023\" src=\"https:\/\/blogsaverroes.juntadeandalucia.es\/ceipvalerianolopez\/files\/2021\/11\/taller-auladjaque-1-638-300x169.jpg\" alt=\"\" width=\"300\" height=\"169\" srcset=\"https:\/\/blogsaverroes.juntadeandalucia.es\/ceipvalerianolopez\/files\/2021\/11\/taller-auladjaque-1-638-300x169.jpg 300w, https:\/\/blogsaverroes.juntadeandalucia.es\/ceipvalerianolopez\/files\/2021\/11\/taller-auladjaque-1-638.jpg 638w\" sizes=\"(max-width: 300px) 100vw, 300px\" \/><\/p>\n<p style=\"text-align: justify\">AulaDjaque es un programa de ajedrez educativo, no competitivo, que fomenta el desarrollo de habilidades cognitivas y socio-afectivas en el alumnado. Nace con el objetivo de formar y capacitar al profesorado de los distintos ciclos educativos. En las \u00faltimas d\u00e9cadas, y en distintos contextos y lugares, el ajedrez constituye un recurso eficaz en el aula. Debido a su f\u00e1cil aplicaci\u00f3n l\u00fadica e interdisciplinar, el milenario juego es considerado hoy por muchos docentes un aliado pedag\u00f3gico, y un elemento de innovaci\u00f3n educativa que incentiva el proceso educativo.<\/p>\n<p style=\"text-align: justify\">El programa de la Consejer\u00eda de Educaci\u00f3n y Deporte AulaDjaque busca favorecer la memoria, la concentraci\u00f3n, la toma de decisiones, la reflexi\u00f3n, la visi\u00f3n espacial, el razonamiento l\u00f3gico-matem\u00e1tico y, en definitiva, el desarrollo de las habilidades cognitivas y socio-afectivas a trav\u00e9s de la pr\u00e1ctica del ajedrez.<\/p>\n<p>Pulsa aqu\u00ed para conocer las \u00faltimas actividades realizadas en el centro para este plan: <a href=\"http:\/\/blogsaverroes.juntadeandalucia.es\/ceipvalerianolopez\/category\/planes-y-programas\/auladejaque\/\">blogsaverroes.juntadeandalucia.es\/ceipvalerianolopez\/category\/planes-y-programas\/auladejaque\/<\/a><\/p>\n","protected":false},"excerpt":{"rendered":"<p>AulaDjaque es un programa de ajedrez educativo, no competitivo, que fomenta el desarrollo de habilidades cognitivas y socio-afectivas en el alumnado. Nace con el objetivo&hellip;<\/p>\n","protected":false},"author":8377,"featured_media":0,"parent":0,"menu_order":0,"comment_status":"closed","ping_status":"closed","template":"","meta":{"ngg_post_thumbnail":0,"footnotes":""},"aioseo_notices":[],"_links":{"self":[{"href":"https:\/\/blogsaverroes.juntadeandalucia.es\/ceipvalerianolopez\/wp-json\/wp\/v2\/pages\/2013"}],"collection":[{"href":"https:\/\/blogsaverroes.juntadeandalucia.es\/ceipvalerianolopez\/wp-json\/wp\/v2\/pages"}],"about":[{"href":"https:\/\/blogsaverroes.juntadeandalucia.es\/ceipvalerianolopez\/wp-json\/wp\/v2\/types\/page"}],"author":[{"embeddable":true,"href":"https:\/\/blogsaverroes.juntadeandalucia.es\/ceipvalerianolopez\/wp-json\/wp\/v2\/users\/8377"}],"replies":[{"embeddable":true,"href":"https:\/\/blogsaverroes.juntadeandalucia.es\/ceipvalerianolopez\/wp-json\/wp\/v2\/comments?post=2013"}],"version-history":[{"count":4,"href":"https:\/\/blogsaverroes.juntadeandalucia.es\/ceipvalerianolopez\/wp-json\/wp\/v2\/pages\/2013\/revisions"}],"predecessor-version":[{"id":3051,"href":"https:\/\/blogsaverroes.juntadeandalucia.es\/ceipvalerianolopez\/wp-json\/wp\/v2\/pages\/2013\/revisions\/3051"}],"wp:attachment":[{"href":"https:\/\/blogsaverroes.juntadeandalucia.es\/ceipvalerianolopez\/wp-json\/wp\/v2\/media?parent=2013"}],"curies":[{"name":"wp","href":"https:\/\/api.w.org\/{rel}","templated":true}]}}