{"id":2039,"date":"2021-11-11T00:19:24","date_gmt":"2021-11-10T23:19:24","guid":{"rendered":"https:\/\/blogsaverroes.juntadeandalucia.es\/ceipvalerianolopez\/?page_id=2039"},"modified":"2021-11-11T00:29:56","modified_gmt":"2021-11-10T23:29:56","slug":"transformacion-digital","status":"publish","type":"page","link":"https:\/\/blogsaverroes.juntadeandalucia.es\/ceipvalerianolopez\/transformacion-digital\/","title":{"rendered":"Transformaci\u00f3n Digital"},"content":{"rendered":"<p><img loading=\"lazy\" decoding=\"async\" class=\"aligncenter size-full wp-image-2044\" src=\"https:\/\/blogsaverroes.juntadeandalucia.es\/ceipvalerianolopez\/files\/2021\/11\/logo_TDE.png\" alt=\"\" width=\"492\" height=\"500\" srcset=\"https:\/\/blogsaverroes.juntadeandalucia.es\/ceipvalerianolopez\/files\/2021\/11\/logo_TDE.png 492w, https:\/\/blogsaverroes.juntadeandalucia.es\/ceipvalerianolopez\/files\/2021\/11\/logo_TDE-295x300.png 295w, https:\/\/blogsaverroes.juntadeandalucia.es\/ceipvalerianolopez\/files\/2021\/11\/logo_TDE-60x60.png 60w\" sizes=\"(max-width: 492px) 100vw, 492px\" \/><\/p>\n<p style=\"text-align: justify\">El CEIP Valeriano L\u00f3pez se&nbsp;integra en el Proyecto para la Transformaci\u00f3n digital educativa (TDE).<\/p>\n<p style=\"text-align: justify\">El concepto de transformaci\u00f3n digital educativa incluye el conjunto de actuaciones orientadas a la mejora y modernizaci\u00f3n de los procesos, los procedimientos, los h\u00e1bitos y comportamientos de las organizaciones educativas y de las personas que, haciendo uso de las tecnolog\u00edas digitales, mejoren su capacidad de hacer frente a los retos de la sociedad actual. Todo ello redundar\u00e1 en la mejora de un aprendizaje competencial, en la mejora de la experiencia, de los resultados de aprendizaje y en un refuerzo de la equidad, a cuyo servicio se supedita dicha transformaci\u00f3n, encuadrada dentro de los Marcos de Referencia Europeos relativos a la competencia digital (DigCompOrg, DigCompEdu y DigComp).<\/p>\n<p>Mas info:<\/p>\n<p><a href=\"https:\/\/www.juntadeandalucia.es\/educacion\/portals\/web\/transformacion-digital-educativa\">https:\/\/www.juntadeandalucia.es\/educacion\/portals\/web\/transformacion-digital-educativa<\/a><\/p>\n<p>&nbsp;<\/p>\n","protected":false},"excerpt":{"rendered":"<p>El CEIP Valeriano L\u00f3pez se&nbsp;integra en el Proyecto para la Transformaci\u00f3n digital educativa (TDE). El concepto de transformaci\u00f3n digital educativa incluye el conjunto de actuaciones&hellip;<\/p>\n","protected":false},"author":8377,"featured_media":0,"parent":0,"menu_order":0,"comment_status":"closed","ping_status":"closed","template":"","meta":{"ngg_post_thumbnail":0,"footnotes":""},"aioseo_notices":[],"_links":{"self":[{"href":"https:\/\/blogsaverroes.juntadeandalucia.es\/ceipvalerianolopez\/wp-json\/wp\/v2\/pages\/2039"}],"collection":[{"href":"https:\/\/blogsaverroes.juntadeandalucia.es\/ceipvalerianolopez\/wp-json\/wp\/v2\/pages"}],"about":[{"href":"https:\/\/blogsaverroes.juntadeandalucia.es\/ceipvalerianolopez\/wp-json\/wp\/v2\/types\/page"}],"author":[{"embeddable":true,"href":"https:\/\/blogsaverroes.juntadeandalucia.es\/ceipvalerianolopez\/wp-json\/wp\/v2\/users\/8377"}],"replies":[{"embeddable":true,"href":"https:\/\/blogsaverroes.juntadeandalucia.es\/ceipvalerianolopez\/wp-json\/wp\/v2\/comments?post=2039"}],"version-history":[{"count":3,"href":"https:\/\/blogsaverroes.juntadeandalucia.es\/ceipvalerianolopez\/wp-json\/wp\/v2\/pages\/2039\/revisions"}],"predecessor-version":[{"id":2045,"href":"https:\/\/blogsaverroes.juntadeandalucia.es\/ceipvalerianolopez\/wp-json\/wp\/v2\/pages\/2039\/revisions\/2045"}],"wp:attachment":[{"href":"https:\/\/blogsaverroes.juntadeandalucia.es\/ceipvalerianolopez\/wp-json\/wp\/v2\/media?parent=2039"}],"curies":[{"name":"wp","href":"https:\/\/api.w.org\/{rel}","templated":true}]}}