{"id":2149,"date":"2022-01-29T10:36:25","date_gmt":"2022-01-29T09:36:25","guid":{"rendered":"https:\/\/blogsaverroes.juntadeandalucia.es\/ceipvalerianolopez\/?page_id=2149"},"modified":"2022-12-04T12:24:02","modified_gmt":"2022-12-04T11:24:02","slug":"plan-director","status":"publish","type":"page","link":"https:\/\/blogsaverroes.juntadeandalucia.es\/ceipvalerianolopez\/plan-director\/","title":{"rendered":"Plan Director"},"content":{"rendered":"<p style=\"text-align: justify\">Otro de los planes y programas que participamos este curso 2022\/2023 es el <strong>Plan Director<\/strong> para la Convivencia y Mejora de la Seguridad Escolar en los Centros Educativos.<\/p>\n<p><img loading=\"lazy\" decoding=\"async\" class=\"aligncenter size-medium wp-image-2150\" src=\"https:\/\/blogsaverroes.juntadeandalucia.es\/ceipvalerianolopez\/files\/2022\/01\/Plan-director2017-300x133.jpg\" alt=\"\" width=\"300\" height=\"133\" srcset=\"https:\/\/blogsaverroes.juntadeandalucia.es\/ceipvalerianolopez\/files\/2022\/01\/Plan-director2017-300x133.jpg 300w, https:\/\/blogsaverroes.juntadeandalucia.es\/ceipvalerianolopez\/files\/2022\/01\/Plan-director2017-768x341.jpg 768w, https:\/\/blogsaverroes.juntadeandalucia.es\/ceipvalerianolopez\/files\/2022\/01\/Plan-director2017.jpg 979w\" sizes=\"(max-width: 300px) 100vw, 300px\" \/><\/p>\n<p style=\"text-align: justify\">Las actividades que se ofrecen resultan muy \u00fatiles para acercar las Fuerzas de Seguridad a j\u00f3venes y menores, con el objetivo de que aumente su confianza en ellos y que los vean como lo que son: una garant\u00eda de su seguridad, a los que pueden acudir siempre que lo necesiten.<\/p>\n<p style=\"text-align: justify\">El Plan Director para la Convivencia y Mejora de la Seguridad Escolar se crea en el contexto del Consejo Nacional de Seguridad Ciudadana y los acuerdos suscritos entre los Ministerios de Educaci\u00f3n, Cultura y Deporte, Interior y Sanidad, Servicios Sociales e Igualdad, con el objetivo de responder de manera coordinada y eficaz a las cuestiones relacionadas con la seguridad de menores y j\u00f3venes en la escuela y su entorno, favoreciendo la cooperaci\u00f3n policial con las autoridades educativas en sus actuaciones para mejorar la convivencia y la seguridad en el \u00e1mbito escolar.<\/p>\n<p style=\"text-align: justify\">El Plan Director no va dirigido s\u00f3lo al alumnado, sino a toda la comunidad escolar. Por ello, la disponibilidad constante de los miembros de las Fuerzas y Cuerpos de Seguridad del Estado para el asesoramiento en los problemas de Convivencia Escolar que puedan surgir a lo largo del curso en el centro educativo.<\/p>\n<p style=\"text-align: justify\">As\u00ed mismo, nos ofrecen su total colaboraci\u00f3n con las familias del alumnado de su centro, record\u00e1ndonos que pueden participar a trav\u00e9s de las AMPAs, las escuelas de padres, etc.<\/p>\n<p>Pulsa aqu\u00ed para conocer las \u00faltimas actividades realizadas en el centro para este plan: <a href=\"https:\/\/blogsaverroes.juntadeandalucia.es\/ceipvalerianolopez\/category\/planes-y-programas\/plan-director\/\">https:\/\/blogsaverroes.juntadeandalucia.es\/ceipvalerianolopez\/category\/planes-y-programas\/plan-director\/<\/a><\/p>\n","protected":false},"excerpt":{"rendered":"<p>Otro de los planes y programas que participamos este curso 2022\/2023 es el Plan Director para la Convivencia y Mejora de la Seguridad Escolar en&hellip;<\/p>\n","protected":false},"author":8377,"featured_media":0,"parent":0,"menu_order":0,"comment_status":"closed","ping_status":"closed","template":"","meta":{"ngg_post_thumbnail":0,"footnotes":""},"aioseo_notices":[],"_links":{"self":[{"href":"https:\/\/blogsaverroes.juntadeandalucia.es\/ceipvalerianolopez\/wp-json\/wp\/v2\/pages\/2149"}],"collection":[{"href":"https:\/\/blogsaverroes.juntadeandalucia.es\/ceipvalerianolopez\/wp-json\/wp\/v2\/pages"}],"about":[{"href":"https:\/\/blogsaverroes.juntadeandalucia.es\/ceipvalerianolopez\/wp-json\/wp\/v2\/types\/page"}],"author":[{"embeddable":true,"href":"https:\/\/blogsaverroes.juntadeandalucia.es\/ceipvalerianolopez\/wp-json\/wp\/v2\/users\/8377"}],"replies":[{"embeddable":true,"href":"https:\/\/blogsaverroes.juntadeandalucia.es\/ceipvalerianolopez\/wp-json\/wp\/v2\/comments?post=2149"}],"version-history":[{"count":4,"href":"https:\/\/blogsaverroes.juntadeandalucia.es\/ceipvalerianolopez\/wp-json\/wp\/v2\/pages\/2149\/revisions"}],"predecessor-version":[{"id":3064,"href":"https:\/\/blogsaverroes.juntadeandalucia.es\/ceipvalerianolopez\/wp-json\/wp\/v2\/pages\/2149\/revisions\/3064"}],"wp:attachment":[{"href":"https:\/\/blogsaverroes.juntadeandalucia.es\/ceipvalerianolopez\/wp-json\/wp\/v2\/media?parent=2149"}],"curies":[{"name":"wp","href":"https:\/\/api.w.org\/{rel}","templated":true}]}}