{"id":2159,"date":"2022-01-29T11:09:14","date_gmt":"2022-01-29T10:09:14","guid":{"rendered":"https:\/\/blogsaverroes.juntadeandalucia.es\/ceipvalerianolopez\/?page_id=2159"},"modified":"2022-12-04T12:23:30","modified_gmt":"2022-12-04T11:23:30","slug":"impulsa-inclusion","status":"publish","type":"page","link":"https:\/\/blogsaverroes.juntadeandalucia.es\/ceipvalerianolopez\/impulsa-inclusion\/","title":{"rendered":"Impulsa Inclusi\u00f3n"},"content":{"rendered":"<p><img loading=\"lazy\" decoding=\"async\" class=\"aligncenter size-full wp-image-2160\" src=\"https:\/\/blogsaverroes.juntadeandalucia.es\/ceipvalerianolopez\/files\/2022\/01\/PROGRAMA_IMPULSA.jpg\" alt=\"\" width=\"300\" height=\"157\"><\/p>\n<div class=\"titulo_noticia\">\n<h1 style=\"text-align: justify\">El nuevo programa \u2018Impulsa\u2019 incorpora medidas para el alumnado de Educaci\u00f3n Especial<\/h1>\n<\/div>\n<div class=\"subtitulo_noticia\">\n<p class=\"\" style=\"text-align: justify\"><strong>El programa Impulsa <\/strong>se concibe como un conjunto de actuaciones dirigidas a potenciar la cultura inclusiva de los centros docentes y a mejorar el grado de adquisici\u00f3n de competencias a trav\u00e9s de la mejora de los recursos en el aula y de la realizaci\u00f3n de experiencias innovadoras, activas y experimentales que promuevan el saber hacer del alumnado. Para ello, se parte de los conocimientos de los estudiantes y se fomentan actitudes como la autonom\u00eda, la responsabilidad, el respeto y el trabajo en equipo, bajo los principios de la atenci\u00f3n a la diversidad y la igualdad de g\u00e9nero.&nbsp;<strong>&#8216;Impulsa&#8217; est\u00e1 dirigido a los estudiantes de Primaria, Educaci\u00f3n Secundaria Obligatoria (ESO) y Bachillerato de zonas ERACIS&nbsp;<\/strong>(Estrategia Regional Andaluza para la cohesi\u00f3n e inclusi\u00f3n social),&nbsp;<strong>as\u00ed como al alumnado de los centros y aulas espec\u00edficas de Educaci\u00f3n Especial.&nbsp;<\/strong><\/p>\n<p class=\"\" style=\"text-align: justify\">El programa se desarrolla a trav\u00e9s de proyectos para la innovaci\u00f3n educativa. &nbsp;<strong>&#8216;Impulsa inclusi\u00f3n&#8217;<\/strong>, contempla iniciativas para la accesibilidad universal y para el desarrollo de las competencias del alumnado escolarizado en unidades espec\u00edficas de Educaci\u00f3n Especial ubicadas en centros ordinarios.&nbsp;<\/p>\n<p class=\"\" style=\"text-align: justify\">En concreto los proyectos elaborados por el profesorado, con la colaboraci\u00f3n de los equipos y departamento de orientaci\u00f3n de los centros, tendr\u00e1n un car\u00e1cter innovador y motivador para desarrollar m\u00e9todos efectivos para fortalecer y reforzar las competencias clave,&nbsp;<strong>logrando as\u00ed una mejora dirigida al \u00e9xito educativo del alumnado y proporcionar al alumnado en riesgo de abandono escolar metodolog\u00edas variadas, activas, colaborativas.<\/strong><\/p>\n<p class=\"\" style=\"text-align: justify\">Las actuaciones a desarrollar en los proyectos deber\u00e1n pertenecer a alguno o varios de los siguientes \u00e1mbitos: Educaci\u00f3n ambiental, Cultura emprendedora, Comunicaci\u00f3n y lenguaje, Programas culturales y H\u00e1bitos de vida saludable.<\/p>\n<p class=\"\" style=\"text-align: justify\"><strong>Objetivos principales<\/strong><\/p>\n<p class=\"\" style=\"text-align: justify\">&#8216;Impulsa&#8217; tiene como objetivos principales promover estrategias y medidas que contribuyan al desarrollo integral del alumnado y su permanencia en el sistema educativo, propiciar la inclusi\u00f3n educativa y social mejorando as\u00ed el clima de convivencia del centro y estimular en el alumnado el inter\u00e9s por la educaci\u00f3n. Adem\u00e1s,&nbsp;<strong>pretende desarrollar actuaciones que favorezcan la aplicaci\u00f3n de metodolog\u00edas activas y participativas que contribuyan al cambio en las pr\u00e1cticas docentes&nbsp;<\/strong>y que fomenten el desarrollo de las competencias clave del alumnado.<\/p>\n<p class=\"\" style=\"text-align: justify\">Este programa tambi\u00e9n ayuda a impulsar la capacidad motivadora y creativa del profesorado y del alumnado, con estrategias innovadoras de \u00e9xito, adem\u00e1s de la interacci\u00f3n del centro con su entorno. De esta manera, se fomenta la participaci\u00f3n de las familias y de otros agentes educativos del contexto m\u00e1s pr\u00f3ximo en las actividades del centro y viceversa.<\/p>\n<p>Pulsa aqu\u00ed para conocer las \u00faltimas actividades realizadas en el centro para este plan, coordinado por la se\u00f1o Mar\u00eda, nuestra especialista en Audici\u00f3n y Lenguaje: <a href=\"https:\/\/blogsaverroes.juntadeandalucia.es\/ceipvalerianolopez\/category\/planes-y-programas\/impulsa-inclusionn\/\">https:\/\/blogsaverroes.juntadeandalucia.es\/ceipvalerianolopez\/category\/planes-y-programas\/impulsa-inclusionn\/<\/a><\/p>\n<p>&nbsp;<\/p>\n<\/div>\n","protected":false},"excerpt":{"rendered":"<p>El nuevo programa \u2018Impulsa\u2019 incorpora medidas para el alumnado de Educaci\u00f3n Especial El programa Impulsa se concibe como un conjunto de actuaciones dirigidas a potenciar&hellip;<\/p>\n","protected":false},"author":8377,"featured_media":0,"parent":0,"menu_order":0,"comment_status":"closed","ping_status":"closed","template":"","meta":{"ngg_post_thumbnail":0,"footnotes":""},"aioseo_notices":[],"_links":{"self":[{"href":"https:\/\/blogsaverroes.juntadeandalucia.es\/ceipvalerianolopez\/wp-json\/wp\/v2\/pages\/2159"}],"collection":[{"href":"https:\/\/blogsaverroes.juntadeandalucia.es\/ceipvalerianolopez\/wp-json\/wp\/v2\/pages"}],"about":[{"href":"https:\/\/blogsaverroes.juntadeandalucia.es\/ceipvalerianolopez\/wp-json\/wp\/v2\/types\/page"}],"author":[{"embeddable":true,"href":"https:\/\/blogsaverroes.juntadeandalucia.es\/ceipvalerianolopez\/wp-json\/wp\/v2\/users\/8377"}],"replies":[{"embeddable":true,"href":"https:\/\/blogsaverroes.juntadeandalucia.es\/ceipvalerianolopez\/wp-json\/wp\/v2\/comments?post=2159"}],"version-history":[{"count":3,"href":"https:\/\/blogsaverroes.juntadeandalucia.es\/ceipvalerianolopez\/wp-json\/wp\/v2\/pages\/2159\/revisions"}],"predecessor-version":[{"id":3059,"href":"https:\/\/blogsaverroes.juntadeandalucia.es\/ceipvalerianolopez\/wp-json\/wp\/v2\/pages\/2159\/revisions\/3059"}],"wp:attachment":[{"href":"https:\/\/blogsaverroes.juntadeandalucia.es\/ceipvalerianolopez\/wp-json\/wp\/v2\/media?parent=2159"}],"curies":[{"name":"wp","href":"https:\/\/api.w.org\/{rel}","templated":true}]}}