{"id":2176,"date":"2022-02-04T00:16:16","date_gmt":"2022-02-03T23:16:16","guid":{"rendered":"https:\/\/blogsaverroes.juntadeandalucia.es\/ceipvalerianolopez\/?page_id=2176"},"modified":"2022-02-04T00:58:38","modified_gmt":"2022-02-03T23:58:38","slug":"transporte-escolar","status":"publish","type":"page","link":"https:\/\/blogsaverroes.juntadeandalucia.es\/ceipvalerianolopez\/transporte-escolar\/","title":{"rendered":"Transporte Escolar"},"content":{"rendered":"<section class=\"cuerpo detalle_html\">\n<div class=\"inner_cuerpo\">\n<p style=\"text-align: justify\">El servicio complementario de transporte escolar tiene como finalidad garantizar la igualdad de todas las personas en el ejercicio del derecho a la educaci\u00f3n, facilitando el desplazamiento gratuito del alumnado del segundo ciclo de educaci\u00f3n infantil y de educaci\u00f3n primaria desde su localidad de residencia al centro docente asignado por la Administraci\u00f3n educativa.<\/p>\n<p><img loading=\"lazy\" decoding=\"async\" class=\"aligncenter size-medium wp-image-2200\" src=\"https:\/\/blogsaverroes.juntadeandalucia.es\/ceipvalerianolopez\/files\/2022\/02\/transporte_escolar-300x225.jpg\" alt=\"\" width=\"300\" height=\"225\" srcset=\"https:\/\/blogsaverroes.juntadeandalucia.es\/ceipvalerianolopez\/files\/2022\/02\/transporte_escolar-300x225.jpg 300w, https:\/\/blogsaverroes.juntadeandalucia.es\/ceipvalerianolopez\/files\/2022\/02\/transporte_escolar.jpg 640w\" sizes=\"(max-width: 300px) 100vw, 300px\" \/><\/p>\n<p style=\"text-align: justify\">La Agencia P\u00fablica Andaluza de Educaci\u00f3n tiene encomendada la gesti\u00f3n de las rutas de transporte escolar mediante las cuales se facilita transporte gratuito a aquellos alumnos y alumnas que tengan que desplazarse fuera de su localidad de residencia por la inexistencia en la misma de la etapa educativa que le corresponde, o bien que resida en n\u00facleos dispersos de poblaci\u00f3n, asumi\u00e9ndose bajo compromisos de calidad, seguridad y accesibilidad para el alumnado beneficiario de este tipo de servicio complementario a la ense\u00f1anza.<\/p>\n<p>Las familias que requieran transporte escolar deber\u00e1n presentar:<\/p>\n<ul>\n<li><a href=\"https:\/\/drive.google.com\/file\/d\/0B4quxCO-l09oSldBc29TaTBtajQ\/view?usp=sharing\">Solicitud de Servicio Complementario de transporte escolar<\/a><\/li>\n<li>Volante de empadronamiento que acredite el domicilio.<\/li>\n<\/ul>\n<p style=\"text-align: justify\">Adem\u00e1s de garantizar esta prestaci\u00f3n gratuita, la Consejer\u00eda de Educaci\u00f3n concede ayudas individualizadas al alumnado de aquellas ense\u00f1anzas que, por su especificidad y dificultad de generalizaci\u00f3n, se impartan en centros docentes p\u00fablicos alejados de sus localidades y donde no es posible ofrecer servicio de transporte.<\/p>\n<\/div>\n<\/section>\n<section class=\"section_widget_abaco contenidos cont_relacionados_normativa\">\n<header>\n<h3 class=\"titulo\">Informaci\u00f3n sobre Ayuda al Transporte Escolar en el Portal de Becas y Ayudas<\/h3>\n<\/header>\n<div class=\"wrapper-listado vista_listado\">\n<ul class=\"listado\">\n<li class=\"item item_listado\">\n<div class=\"inner-item\">\n<div class=\"item_icon ico_link\">&nbsp;<a class=\"ico_enlaceExt\" title=\"Ir a: Ayuda transporte escolar\" href=\"http:\/\/www.juntadeandalucia.es\/educacion\/portals\/web\/becas-y-ayudas\/ayudas-al-transporte\" target=\"_blank\" rel=\"noopener noreferrer\">Ayuda transporte escolar<\/a><\/div>\n<\/div>\n<\/li>\n<\/ul>\n<\/div>\n<\/section>\n","protected":false},"excerpt":{"rendered":"<p>El servicio complementario de transporte escolar tiene como finalidad garantizar la igualdad de todas las personas en el ejercicio del derecho a la educaci\u00f3n, facilitando&hellip;<\/p>\n","protected":false},"author":8377,"featured_media":0,"parent":0,"menu_order":0,"comment_status":"closed","ping_status":"closed","template":"","meta":{"ngg_post_thumbnail":0,"footnotes":""},"aioseo_notices":[],"_links":{"self":[{"href":"https:\/\/blogsaverroes.juntadeandalucia.es\/ceipvalerianolopez\/wp-json\/wp\/v2\/pages\/2176"}],"collection":[{"href":"https:\/\/blogsaverroes.juntadeandalucia.es\/ceipvalerianolopez\/wp-json\/wp\/v2\/pages"}],"about":[{"href":"https:\/\/blogsaverroes.juntadeandalucia.es\/ceipvalerianolopez\/wp-json\/wp\/v2\/types\/page"}],"author":[{"embeddable":true,"href":"https:\/\/blogsaverroes.juntadeandalucia.es\/ceipvalerianolopez\/wp-json\/wp\/v2\/users\/8377"}],"replies":[{"embeddable":true,"href":"https:\/\/blogsaverroes.juntadeandalucia.es\/ceipvalerianolopez\/wp-json\/wp\/v2\/comments?post=2176"}],"version-history":[{"count":4,"href":"https:\/\/blogsaverroes.juntadeandalucia.es\/ceipvalerianolopez\/wp-json\/wp\/v2\/pages\/2176\/revisions"}],"predecessor-version":[{"id":2202,"href":"https:\/\/blogsaverroes.juntadeandalucia.es\/ceipvalerianolopez\/wp-json\/wp\/v2\/pages\/2176\/revisions\/2202"}],"wp:attachment":[{"href":"https:\/\/blogsaverroes.juntadeandalucia.es\/ceipvalerianolopez\/wp-json\/wp\/v2\/media?parent=2176"}],"curies":[{"name":"wp","href":"https:\/\/api.w.org\/{rel}","templated":true}]}}