{"id":2180,"date":"2022-02-04T00:16:16","date_gmt":"2022-02-03T23:16:16","guid":{"rendered":"https:\/\/blogsaverroes.juntadeandalucia.es\/ceipvalerianolopez\/?page_id=2180"},"modified":"2022-12-04T13:39:36","modified_gmt":"2022-12-04T12:39:36","slug":"acompanamiento-escolar","status":"publish","type":"page","link":"https:\/\/blogsaverroes.juntadeandalucia.es\/ceipvalerianolopez\/acompanamiento-escolar\/","title":{"rendered":"PROA (Acompa\u00f1amiento)"},"content":{"rendered":"<p style=\"text-align: justify\">Las iniciales se corresponden con Programa de Refuerzo, Orientaci\u00f3n y Apoyo en los centros docentes p\u00fablicos de Andaluc\u00eda (PROA Andaluc\u00eda).<\/p>\n<p style=\"text-align: justify\"><strong>En nuestro centro se desarrolla los Martes y Jueves de 16:00 a 18:00 horas para alumnado de 3\u00ba a 6\u00ba de Primaria.<\/strong><\/p>\n<p><img loading=\"lazy\" decoding=\"async\" class=\"aligncenter size-medium wp-image-2210\" src=\"https:\/\/blogsaverroes.juntadeandalucia.es\/ceipvalerianolopez\/files\/2022\/02\/PROA-FSE-300x71.png\" alt=\"\" width=\"300\" height=\"71\" srcset=\"https:\/\/blogsaverroes.juntadeandalucia.es\/ceipvalerianolopez\/files\/2022\/02\/PROA-FSE-300x71.png 300w, https:\/\/blogsaverroes.juntadeandalucia.es\/ceipvalerianolopez\/files\/2022\/02\/PROA-FSE.png 654w\" sizes=\"(max-width: 300px) 100vw, 300px\" \/><\/p>\n<p style=\"text-align: justify\"><span style=\"text-decoration: underline\">\u00bfQu\u00e9 es el PROA?<\/span> Es un conjunto de actuaciones dirigidas a mejorar el grado de adquisici\u00f3n de las competencias b\u00e1sicas por parte del alumnado con necesidades espec\u00edficas de apoyo educativo por precisar acciones de car\u00e1cter compensatorio, conseguir un nivel adecuado de uso del espa\u00f1ol como lengua vehicular en el caso del alumnado extranjero y complementar las acciones encaminadas a la mejora del \u00e9xito escolar que se desarrollan en centros docentes p\u00fablicos de Andaluc\u00eda que escolarizan a un n\u00famero significativo de alumnado perteneciente a entornos culturales y sociales que llevan consigo una clara desventaja desde el punto de vista educativo.<\/p>\n<p style=\"text-align: justify\"><span style=\"text-decoration: underline\">\u00bfA qui\u00e9n va dirigido?<\/span> Alumnado con necesidades espec\u00edficas de apoyo educativo que precise de acciones de car\u00e1cter compensatorio por proceder de un entorno social desfavorecido y\/o con dificultades para alcanzar las competencias clave, teniendo preferencia aquel que sea objeto de un programa de refuerzo del aprendizaje, as\u00ed como aquel alumnado que se ha visto perjudicado en su proceso de ense\u00f1anza aprendizaje tras la situaci\u00f3n sanitaria ocasionado por la COVID-19.<\/p>\n<p style=\"text-align: justify\">Deber\u00e1 estar escolarizado en el segundo o el tercer ciclo de la etapa de Educaci\u00f3n Primaria o en cualquiera de los cursos de la etapa de Educaci\u00f3n Secundaria Obligatoria. Ser\u00e1 el propio centro, o\u00eddo al equipo docente que imparte docencia al alumnado, en el ejercicio de su autonom\u00eda el que, en funci\u00f3n de la valoraci\u00f3n de las necesidades del alumnado del centro, priorice y organice los grupos que ser\u00e1n necesarios para una adecuada atenci\u00f3n.<\/p>\n","protected":false},"excerpt":{"rendered":"<p>Las iniciales se corresponden con Programa de Refuerzo, Orientaci\u00f3n y Apoyo en los centros docentes p\u00fablicos de Andaluc\u00eda (PROA Andaluc\u00eda). En nuestro centro se desarrolla&hellip;<\/p>\n","protected":false},"author":8377,"featured_media":0,"parent":0,"menu_order":0,"comment_status":"closed","ping_status":"closed","template":"","meta":{"ngg_post_thumbnail":0,"footnotes":""},"aioseo_notices":[],"_links":{"self":[{"href":"https:\/\/blogsaverroes.juntadeandalucia.es\/ceipvalerianolopez\/wp-json\/wp\/v2\/pages\/2180"}],"collection":[{"href":"https:\/\/blogsaverroes.juntadeandalucia.es\/ceipvalerianolopez\/wp-json\/wp\/v2\/pages"}],"about":[{"href":"https:\/\/blogsaverroes.juntadeandalucia.es\/ceipvalerianolopez\/wp-json\/wp\/v2\/types\/page"}],"author":[{"embeddable":true,"href":"https:\/\/blogsaverroes.juntadeandalucia.es\/ceipvalerianolopez\/wp-json\/wp\/v2\/users\/8377"}],"replies":[{"embeddable":true,"href":"https:\/\/blogsaverroes.juntadeandalucia.es\/ceipvalerianolopez\/wp-json\/wp\/v2\/comments?post=2180"}],"version-history":[{"count":7,"href":"https:\/\/blogsaverroes.juntadeandalucia.es\/ceipvalerianolopez\/wp-json\/wp\/v2\/pages\/2180\/revisions"}],"predecessor-version":[{"id":3075,"href":"https:\/\/blogsaverroes.juntadeandalucia.es\/ceipvalerianolopez\/wp-json\/wp\/v2\/pages\/2180\/revisions\/3075"}],"wp:attachment":[{"href":"https:\/\/blogsaverroes.juntadeandalucia.es\/ceipvalerianolopez\/wp-json\/wp\/v2\/media?parent=2180"}],"curies":[{"name":"wp","href":"https:\/\/api.w.org\/{rel}","templated":true}]}}