{"id":236,"date":"2021-09-19T11:38:33","date_gmt":"2021-09-19T09:38:33","guid":{"rendered":"http:\/\/www.colegiovalerianolopez.com\/?page_id=236"},"modified":"2024-09-08T20:47:39","modified_gmt":"2024-09-08T18:47:39","slug":"bienvenidos","status":"publish","type":"page","link":"https:\/\/blogsaverroes.juntadeandalucia.es\/ceipvalerianolopez\/bienvenidos\/","title":{"rendered":"BIENVENIDA"},"content":{"rendered":"<p><img loading=\"lazy\" decoding=\"async\" class=\"aligncenter wp-image-1889\" src=\"https:\/\/blogsaverroes.juntadeandalucia.es\/ceipvalerianolopez\/files\/2021\/09\/logo_peque\u00f1o-150x150.jpg\" alt=\"\" width=\"99\" height=\"99\" srcset=\"https:\/\/blogsaverroes.juntadeandalucia.es\/ceipvalerianolopez\/files\/2021\/09\/logo_peque\u00f1o-150x150.jpg 150w, https:\/\/blogsaverroes.juntadeandalucia.es\/ceipvalerianolopez\/files\/2021\/09\/logo_peque\u00f1o-60x60.jpg 60w\" sizes=\"(max-width: 99px) 100vw, 99px\" \/><\/p>\n<p style=\"text-align: justify\">Estimadas familias, alumnado y a todos los miembros de la comunidad educativa en general:<\/p>\n<p style=\"text-align: justify\">Es un honor darles la m\u00e1s cordial bienvenida a nuestra p\u00e1gina web. Desde nuestro centro educativo, trabajamos d\u00eda a d\u00eda para ofrecer una formaci\u00f3n integral, basada en valores como el respeto, la responsabilidad y la empat\u00eda. Creemos firmemente en el poder de la educaci\u00f3n para transformar vidas y construir un futuro lleno de oportunidades.<\/p>\n<p style=\"text-align: justify\">Nuestro objetivo es brindar a cada estudiante las herramientas necesarias para su desarrollo acad\u00e9mico, personal y social, fomentando un ambiente inclusivo, innovador y comprometido con la excelencia. Les invito a explorar nuestro sitio web, donde encontrar\u00e1n informaci\u00f3n sobre nuestras actividades, proyectos y logros, as\u00ed como los servicios que ofrecemos para apoyar a nuestras familias y comunidad.<\/p>\n<p style=\"text-align: justify\">Agradecemos su confianza y compromiso. Juntos, seguimos construyendo un espacio donde cada uno de nuestros estudiantes puede alcanzar su m\u00e1ximo potencial.<\/p>\n<p><img loading=\"lazy\" decoding=\"async\" class=\"aligncenter wp-image-1887\" src=\"https:\/\/blogsaverroes.juntadeandalucia.es\/ceipvalerianolopez\/files\/2021\/09\/IMG-0634_1-300x225.jpg\" alt=\"\" width=\"340\" height=\"255\" srcset=\"https:\/\/blogsaverroes.juntadeandalucia.es\/ceipvalerianolopez\/files\/2021\/09\/IMG-0634_1-300x225.jpg 300w, https:\/\/blogsaverroes.juntadeandalucia.es\/ceipvalerianolopez\/files\/2021\/09\/IMG-0634_1-1024x768.jpg 1024w, https:\/\/blogsaverroes.juntadeandalucia.es\/ceipvalerianolopez\/files\/2021\/09\/IMG-0634_1-768x576.jpg 768w, https:\/\/blogsaverroes.juntadeandalucia.es\/ceipvalerianolopez\/files\/2021\/09\/IMG-0634_1-1536x1152.jpg 1536w, https:\/\/blogsaverroes.juntadeandalucia.es\/ceipvalerianolopez\/files\/2021\/09\/IMG-0634_1-2048x1536.jpg 2048w\" sizes=\"(max-width: 340px) 100vw, 340px\" \/><\/p>\n<p><span style=\"font-family: arial, helvetica, sans-serif;font-size: 12pt\">Un saludo muy cordial.<\/span><\/p>\n<p><span style=\"font-family: arial, helvetica, sans-serif;font-size: 12pt\">Gabriel Jes\u00fas Moreno Alhambra<\/span><\/p>\n<p><span style=\"font-family: arial, helvetica, sans-serif;font-size: 12pt\">Director del CEIP Valeriano L\u00f3pez de Estepona.&nbsp;<\/span><\/p>\n","protected":false},"excerpt":{"rendered":"<p>Estimadas familias, alumnado y a todos los miembros de la comunidad educativa en general: Es un honor darles la m\u00e1s cordial bienvenida a nuestra p\u00e1gina&hellip;<\/p>\n","protected":false},"author":8377,"featured_media":0,"parent":0,"menu_order":0,"comment_status":"closed","ping_status":"closed","template":"","meta":{"ngg_post_thumbnail":0,"footnotes":""},"aioseo_notices":[],"_links":{"self":[{"href":"https:\/\/blogsaverroes.juntadeandalucia.es\/ceipvalerianolopez\/wp-json\/wp\/v2\/pages\/236"}],"collection":[{"href":"https:\/\/blogsaverroes.juntadeandalucia.es\/ceipvalerianolopez\/wp-json\/wp\/v2\/pages"}],"about":[{"href":"https:\/\/blogsaverroes.juntadeandalucia.es\/ceipvalerianolopez\/wp-json\/wp\/v2\/types\/page"}],"author":[{"embeddable":true,"href":"https:\/\/blogsaverroes.juntadeandalucia.es\/ceipvalerianolopez\/wp-json\/wp\/v2\/users\/8377"}],"replies":[{"embeddable":true,"href":"https:\/\/blogsaverroes.juntadeandalucia.es\/ceipvalerianolopez\/wp-json\/wp\/v2\/comments?post=236"}],"version-history":[{"count":11,"href":"https:\/\/blogsaverroes.juntadeandalucia.es\/ceipvalerianolopez\/wp-json\/wp\/v2\/pages\/236\/revisions"}],"predecessor-version":[{"id":3866,"href":"https:\/\/blogsaverroes.juntadeandalucia.es\/ceipvalerianolopez\/wp-json\/wp\/v2\/pages\/236\/revisions\/3866"}],"wp:attachment":[{"href":"https:\/\/blogsaverroes.juntadeandalucia.es\/ceipvalerianolopez\/wp-json\/wp\/v2\/media?parent=236"}],"curies":[{"name":"wp","href":"https:\/\/api.w.org\/{rel}","templated":true}]}}