{"id":2520,"date":"2022-09-25T23:12:58","date_gmt":"2022-09-25T21:12:58","guid":{"rendered":"https:\/\/blogsaverroes.juntadeandalucia.es\/ceipvalerianolopez\/?page_id=2520"},"modified":"2022-09-25T23:16:55","modified_gmt":"2022-09-25T21:16:55","slug":"becas","status":"publish","type":"page","link":"https:\/\/blogsaverroes.juntadeandalucia.es\/ceipvalerianolopez\/secretaria\/becas\/","title":{"rendered":"BECAS"},"content":{"rendered":"<p><strong>BECAS NEAE<\/strong><\/p>\n<p style=\"text-align: justify\"><span data-tt=\"{}\">Os informamos que el plazo m\u00e1ximo de presentaci\u00f3n de solicitudes de becas y ayudas para alumnos con necesidad espec\u00edfica de apoyo educativo es hasta el 30 de septiembre de 2022 a trav\u00e9s de la web del ministerio de educaci\u00f3n.<\/span><\/p>\n<p><a href=\"https:\/\/www.educacionyfp.gob.es\/servicios-al-ciudadano\/catalogo\/estudiantes\/becas-ayudas\/para-estudiar\/artisticas\/necesidad-especifica-apoyo-educativo.html\"><span data-tt=\"{}\">https:\/\/www.educacionyfp.gob.es\/servicios-al-ciudadano\/catalogo\/estudiantes\/becas-ayudas\/para-estudiar\/artisticas\/necesidad-especifica-apoyo-educativo.html<\/span><\/a><\/p>\n<p style=\"text-align: justify\"><span data-tt=\"{}\">Dicha documentaci\u00f3n deber\u00e1 entregarse en el centro preferentemente antes del 28 de septiembre para proceder a la cumplimentaci\u00f3n correspondiente por parte del personal de orientaci\u00f3n del centro.<\/span><\/p>\n","protected":false},"excerpt":{"rendered":"<p>BECAS NEAE Os informamos que el plazo m\u00e1ximo de presentaci\u00f3n de solicitudes de becas y ayudas para alumnos con necesidad espec\u00edfica de apoyo educativo es&hellip;<\/p>\n","protected":false},"author":8377,"featured_media":0,"parent":556,"menu_order":0,"comment_status":"closed","ping_status":"closed","template":"","meta":{"ngg_post_thumbnail":0,"footnotes":""},"aioseo_notices":[],"_links":{"self":[{"href":"https:\/\/blogsaverroes.juntadeandalucia.es\/ceipvalerianolopez\/wp-json\/wp\/v2\/pages\/2520"}],"collection":[{"href":"https:\/\/blogsaverroes.juntadeandalucia.es\/ceipvalerianolopez\/wp-json\/wp\/v2\/pages"}],"about":[{"href":"https:\/\/blogsaverroes.juntadeandalucia.es\/ceipvalerianolopez\/wp-json\/wp\/v2\/types\/page"}],"author":[{"embeddable":true,"href":"https:\/\/blogsaverroes.juntadeandalucia.es\/ceipvalerianolopez\/wp-json\/wp\/v2\/users\/8377"}],"replies":[{"embeddable":true,"href":"https:\/\/blogsaverroes.juntadeandalucia.es\/ceipvalerianolopez\/wp-json\/wp\/v2\/comments?post=2520"}],"version-history":[{"count":1,"href":"https:\/\/blogsaverroes.juntadeandalucia.es\/ceipvalerianolopez\/wp-json\/wp\/v2\/pages\/2520\/revisions"}],"predecessor-version":[{"id":2521,"href":"https:\/\/blogsaverroes.juntadeandalucia.es\/ceipvalerianolopez\/wp-json\/wp\/v2\/pages\/2520\/revisions\/2521"}],"up":[{"embeddable":true,"href":"https:\/\/blogsaverroes.juntadeandalucia.es\/ceipvalerianolopez\/wp-json\/wp\/v2\/pages\/556"}],"wp:attachment":[{"href":"https:\/\/blogsaverroes.juntadeandalucia.es\/ceipvalerianolopez\/wp-json\/wp\/v2\/media?parent=2520"}],"curies":[{"name":"wp","href":"https:\/\/api.w.org\/{rel}","templated":true}]}}