{"id":2543,"date":"2022-10-16T22:41:51","date_gmt":"2022-10-16T20:41:51","guid":{"rendered":"https:\/\/blogsaverroes.juntadeandalucia.es\/ceipvalerianolopez\/?page_id=2543"},"modified":"2024-09-08T20:49:59","modified_gmt":"2024-09-08T18:49:59","slug":"etcp","status":"publish","type":"page","link":"https:\/\/blogsaverroes.juntadeandalucia.es\/ceipvalerianolopez\/etcp\/","title":{"rendered":"ETCP"},"content":{"rendered":"<div style=\"text-align: justify\">\n<p>El art\u00edculo 78 del Decreto 328\/2010, de 13 de julio, por el que se aprueba el Reglamento Org\u00e1nico de los CEIPs, establece cu\u00e1les ser\u00e1n los \u00f3rganos de coordinaci\u00f3n docente prescriptivos para centros de este tipo, entre los que se encuentra el&nbsp;<strong>Equipo T\u00e9cnico de Coordinaci\u00f3n Pedag\u00f3gica<\/strong>. La composici\u00f3n&nbsp;de este se encuentra recogida en el art\u00edculo 87 del citado decreto, igual&nbsp;que&nbsp;sus&nbsp;<strong>competencias<\/strong>:<\/p>\n<\/div>\n<ul>\n<li style=\"text-align: justify\">Establecer las directrices generales para la elaboraci\u00f3n de los aspectos educativos del Plan de Centro y sus modificaciones.<\/li>\n<li style=\"text-align: justify\">Fijar las l\u00edneas generales de actuaci\u00f3n pedag\u00f3gica del proyecto educativo.<\/li>\n<li style=\"text-align: justify\">Asesorar al equipo directivo en la elaboracion del Plan de Centro.<\/li>\n<li style=\"text-align: justify\">Establecer las directrices generales para la elaboraci\u00f3n y revisi\u00f3n de las programaciones did\u00e1cticas.<\/li>\n<li style=\"text-align: justify\">Asesorar a los equipos de ciclo y al Claustro de Profesores sobre el aprendizaje y la evaluaci\u00f3n en competencias y velar porque las programaciones de las \u00e1reas contribuyan al desarrollo de las competencias b\u00e1sicas.<\/li>\n<li style=\"text-align: justify\">Elaborar la propuesta de criterios y procedimientos previstos para realizar las medidas y programas de atenci\u00f3n a la&nbsp;diversidad del alumnado.<\/li>\n<li style=\"text-align: justify\">Establecer criterios y procedimientos de funcionamiento del aula de convivencia.<\/li>\n<li style=\"text-align: justify\">Velar por el cumplimiento y posterior evaluaci\u00f3n de los aspectos educativos del Plan de Centro.<\/li>\n<li style=\"text-align: justify\">Realizar el diagn\u00f3stico de las necesidades formativas del profesorado como consecuencia de los resultados de la autoevaluaci\u00f3n o de las evaluaciones internas o externas que se realicen.<\/li>\n<li style=\"text-align: justify\">Proponer al equipo directivo las actividades formativas que constituir\u00e1n, cada curso escolar, el plan de formaci\u00f3n del profesorado, para su inclusi\u00f3n en el proyecto educativo.<\/li>\n<li style=\"text-align: justify\">Elaborar, en colaboraci\u00f3n con el correspondiente centro del profesorado, los proyectos de formaci\u00f3n en centros.<\/li>\n<li style=\"text-align: justify\">Coordinar la realizaci\u00f3n de las actividades de perfeccionamiento del profesorado.<\/li>\n<li style=\"text-align: justify\">Colaborar con el centro del profesorado que corresponda en cualquier otro aspecto relativo a la oferta de las actividades formativas e informar al Claustro de las mismas.<\/li>\n<li style=\"text-align: justify\">Investigar sobre el uso de las buenas pr\u00e1cticas docentes existentes y trasladarlas a los equipos de ciclo y de orientaci\u00f3n para su conocimiento y aplicaci\u00f3n.<\/li>\n<li style=\"text-align: justify\">Informar a los maestros\/as sobre l\u00edneas de investigaci\u00f3n did\u00e1ctica innovadoras que se est\u00e9n llevando a cabo con respecto al curr\u00edculo.<\/li>\n<li style=\"text-align: justify\">Establecer indicadores de calidad que permitan valorar la eficacia de las actividades desarrolladas por el centro y realizar su seguimiento.<\/li>\n<li style=\"text-align: justify\">Elevar al Claustro el plan para evaluar los aspectos educativos del Plan de Centro, la evoluci\u00f3n del aprendizaje y el proceso de ense\u00f1anza.<\/li>\n<li style=\"text-align: justify\">Colaborar con la AGAEVE en la aplicaci\u00f3n y el seguimiento de las pruebas de evaluaci\u00f3n de diagn\u00f3stico y con aquellas otras actuaciones relacionadas con la evaluaci\u00f3n que se lleven a cabo en el centro.<\/li>\n<li style=\"text-align: justify\">Proponer, al equipo directivo y al Claustro, planes de mejora como resultado de las evaluaciones llevadas a cabo en el centro.<\/li>\n<li style=\"text-align: justify\">Cualesquiera otras que le sean atribuidas por el proyecto educativo del centro o por Orden de la persona titular de la Consejer\u00eda competente en materia de educaci\u00f3n.<\/li>\n<\/ul>\n<p><strong>COMPONENTES CURSO 2024\/25:<\/strong><\/p>\n<ul style=\"list-style-type: circle\">\n<li>Gabriel Jes\u00fas M. (Director)<\/li>\n<li>Antonio F. (Jefe de Estudios y Secretario del ETCP)<\/li>\n<li>Ana P.<\/li>\n<li>Manoli C.<\/li>\n<li>Mari Paqui<\/li>\n<li>Cristina L.<\/li>\n<li>Ana Isabel<\/li>\n<\/ul>\n<p>&nbsp;<\/p>\n<p>&nbsp;<\/p>\n","protected":false},"excerpt":{"rendered":"<p>El art\u00edculo 78 del Decreto 328\/2010, de 13 de julio, por el que se aprueba el Reglamento Org\u00e1nico de los CEIPs, establece cu\u00e1les ser\u00e1n los&hellip;<\/p>\n","protected":false},"author":8377,"featured_media":0,"parent":0,"menu_order":0,"comment_status":"closed","ping_status":"closed","template":"","meta":{"ngg_post_thumbnail":0,"footnotes":""},"aioseo_notices":[],"_links":{"self":[{"href":"https:\/\/blogsaverroes.juntadeandalucia.es\/ceipvalerianolopez\/wp-json\/wp\/v2\/pages\/2543"}],"collection":[{"href":"https:\/\/blogsaverroes.juntadeandalucia.es\/ceipvalerianolopez\/wp-json\/wp\/v2\/pages"}],"about":[{"href":"https:\/\/blogsaverroes.juntadeandalucia.es\/ceipvalerianolopez\/wp-json\/wp\/v2\/types\/page"}],"author":[{"embeddable":true,"href":"https:\/\/blogsaverroes.juntadeandalucia.es\/ceipvalerianolopez\/wp-json\/wp\/v2\/users\/8377"}],"replies":[{"embeddable":true,"href":"https:\/\/blogsaverroes.juntadeandalucia.es\/ceipvalerianolopez\/wp-json\/wp\/v2\/comments?post=2543"}],"version-history":[{"count":6,"href":"https:\/\/blogsaverroes.juntadeandalucia.es\/ceipvalerianolopez\/wp-json\/wp\/v2\/pages\/2543\/revisions"}],"predecessor-version":[{"id":3867,"href":"https:\/\/blogsaverroes.juntadeandalucia.es\/ceipvalerianolopez\/wp-json\/wp\/v2\/pages\/2543\/revisions\/3867"}],"wp:attachment":[{"href":"https:\/\/blogsaverroes.juntadeandalucia.es\/ceipvalerianolopez\/wp-json\/wp\/v2\/media?parent=2543"}],"curies":[{"name":"wp","href":"https:\/\/api.w.org\/{rel}","templated":true}]}}