{"id":571,"date":"2017-03-06T22:26:18","date_gmt":"2017-03-06T22:26:18","guid":{"rendered":"http:\/\/www.colegiovalerianolopez.com\/?page_id=571"},"modified":"2024-09-08T20:29:49","modified_gmt":"2024-09-08T18:29:49","slug":"servios","status":"publish","type":"page","link":"https:\/\/blogsaverroes.juntadeandalucia.es\/ceipvalerianolopez\/secretaria\/servios\/","title":{"rendered":"Servicios"},"content":{"rendered":"<div style=\"text-align: center\"><i><b><u>SERVICIOS COMPLEMENTARIOS ESCOLARES<\/u><\/b><\/i><\/div>\n<div>\n<h4 class=\"western\">Nuestro centro ofrece los siguientes&nbsp;<i><u>servicios escolares complementarios<\/u>&nbsp;<\/i>para facilitar a las familias la conciliaci\u00f3n laboral:<\/h4>\n<ul style=\"list-style-type: circle\">\n<li><span style=\"font-family: georgia, palatino, serif\">AULA MATINAL<\/span><\/li>\n<li><span style=\"font-family: georgia, palatino, serif\">TRANSPORTE ESCOLAR<\/span><\/li>\n<li><span style=\"font-family: georgia, palatino, serif\">COMEDOR ESCOLAR<\/span><\/li>\n<li><span style=\"font-family: georgia, palatino, serif\">ACTIVIDADES EXTRAESCOLARES<\/span><\/li>\n<li><span style=\"font-family: georgia, palatino, serif\">PROGRAMA DE ACOMPA\u00d1AMIENTO ESCOLAR<\/span><\/li>\n<li><span style=\"font-family: georgia, palatino, serif\">PROGRAMA DE ESCUELA DEPORTIVA<\/span><\/li>\n<\/ul>\n<\/div>\n<p>Saber de qu\u00e9 servicios dispone un centro puede ser un criterio importante en el momento de elegir la preferencia por uno u otro para solicitar la admisi\u00f3n.<\/p>\n<p>Consulta en el buscador de centros los servicios escolares ofrecidos por cada uno de ellos:<\/p>\n<ul>\n<li><a title=\"Red de centros docentes\" href=\"http:\/\/www.juntadeandalucia.es\/educacion\/vscripts\/centros\/busq_avanzada.asp\">Buscador de centros docentes<\/a><\/li>\n<\/ul>\n<h2>Solicitud de los servicios complementarios<\/h2>\n<p>La solicitud de los servicios complementarios en los Centros de Educaci\u00f3n Primaria y Educaci\u00f3n Secundaria se realiza en los propios centros p\u00fablicos durante el periodo de matriculaci\u00f3n: <strong>del 1 al 8 de junio.<\/strong><\/p>\n<h2><strong>Solicitud telem\u00e1tica de bonificaci\u00f3n\/gratuidad de los servicios complementarios<\/strong><\/h2>\n<p>A partir del 1 de septiembre se habilita la <strong>solicitud telem\u00e1tica de bonificaci\u00f3n\/gratuidad de los servicios complementarios<\/strong>&nbsp;en la Secretar\u00eda Virtual de los centros educativos (<a href=\"https:\/\/www.juntadeandalucia.es\/educacion\/secretariavirtual\/solicitudes\/\" target=\"_blank\" rel=\"noopener noreferrer\">Solicitudes &gt; Servicios Complementarios<\/a>).<\/p>\n<p><strong>Todo usuario que tenga garantizada la gratuidad de alg\u00fan servicio deber\u00e1 solicitar la bonificaci\u00f3n\u2026&nbsp;<\/strong><\/p>\n<p>Tutorial para la solicitud telem\u00e1tica: <a href=\"https:\/\/youtu.be\/0gkPSOMvkFU?si=yQtv50l0iiWZOUYO\">https:\/\/youtu.be\/0gkPSOMvkFU?si=yQtv50l0iiWZOUYO<\/a><\/p>\n<p>Tambi\u00e9n se podr\u00e1 presentar de manera presencial en la Secretar\u00eda del centro de lunes a jueves <strong>en horario de 09:30 a 13:30 horas<\/strong>, entregando cumplimentada la solicitud (Anexo V).<\/p>\n<p><a href=\"https:\/\/blogsaverroes.juntadeandalucia.es\/ceipvalerianolopez\/files\/2024\/09\/ANEXO-V-_-Solicitud-de-Bonificacion_AM_CE_y_AAEX.pdf\">ANEXO V _ Solicitud de Bonificaci\u00f3n_AM_CE_y_AAEX<\/a><\/p>\n<p><strong>\u00a1NOVEDAD!&nbsp;<\/strong>Durante el verano se ha actualizado la cuant\u00eda del precio p\u00fablico del servicio complementario de comedor escolar en los centros docentes p\u00fablicos de Andaluc\u00eda. El Bolet\u00edn Oficial de la Junta de Andaluc\u00eda (BOJA) del pasado 2 de agosto recoge el precio que tendr\u00e1 este servicio para el curso 2024\/2025.&nbsp;<b>El coste por d\u00eda ser\u00e1 de 5,54 euros, lo que supone 0,56 c\u00e9ntimos m\u00e1s que el a\u00f1o pasado<\/b>.<\/p>\n<p><img loading=\"lazy\" decoding=\"async\" class=\"aligncenter size-full wp-image-3846\" src=\"https:\/\/blogsaverroes.juntadeandalucia.es\/ceipvalerianolopez\/files\/2024\/09\/PreciosPublicosSSCC24_25.jpg\" alt=\"\" width=\"940\" height=\"215\" srcset=\"https:\/\/blogsaverroes.juntadeandalucia.es\/ceipvalerianolopez\/files\/2024\/09\/PreciosPublicosSSCC24_25.jpg 940w, https:\/\/blogsaverroes.juntadeandalucia.es\/ceipvalerianolopez\/files\/2024\/09\/PreciosPublicosSSCC24_25-300x69.jpg 300w, https:\/\/blogsaverroes.juntadeandalucia.es\/ceipvalerianolopez\/files\/2024\/09\/PreciosPublicosSSCC24_25-768x176.jpg 768w\" sizes=\"(max-width: 940px) 100vw, 940px\" \/><\/p>\n<p><a href=\"https:\/\/blogsaverroes.juntadeandalucia.es\/ceipvalerianolopez\/files\/2024\/09\/ACUERDO-30-07-24-PRECIOS-PUBLICOS-SERV-COMPLEMENTARIOS.pdf\">ACUERDO 30-07-24 PRECIOS PUBLICOS SERV COMPLEMENTARIOS<\/a><\/p>\n<div class=\"x11i5rnm xat24cr x1mh8g0r x1vvkbs xtlvy1s x126k92a\">\n<div dir=\"auto\" style=\"text-align: justify\">El plazo finaliza el d\u00eda 9 de septiembre.<\/div>\n<\/div>\n<div class=\"x11i5rnm xat24cr x1mh8g0r x1vvkbs xtlvy1s x126k92a\" style=\"text-align: justify\">\n<div dir=\"auto\">Publicaci\u00f3n de listados:<\/div>\n<div dir=\"auto\">\u2022 Listado de bonificaciones provisionales: a partir del 2 de octubre.<\/div>\n<div dir=\"auto\">\u2022 Comunicaci\u00f3n de bonificaciones definitivas: a partir del 20 de octubre (siempre con posterioridad a la firma de la correspondiente resoluci\u00f3n por las personas titulares de la Delegaciones Territoriales).<\/div>\n<\/div>\n<div class=\"x11i5rnm xat24cr x1mh8g0r x1vvkbs xtlvy1s x126k92a\">\n<div dir=\"auto\" style=\"text-align: justify\">El plazo de alegaciones ser\u00e1 de diez d\u00edas h\u00e1biles, ante la direcci\u00f3n del centro. Todas las alegaciones que se reciban fuera de plazo ser\u00e1n desestimadas.<\/div>\n<\/div>\n<p>Usted debe saber que seg\u00fan el <a href=\"http:\/\/juntadeandalucia.es\/boja\/2017\/78\/BOJA17-078-00027-7095-01_00112396.pdf\">decreto 6\/2017 y la orden de 17 de abril de 2017<\/a>:<\/p>\n<ul>\n<li>\u201cPara ser usuario &nbsp;de los servicios ofertados, el alumnado deber\u00e1 estar al corriente del pago de todos los recibos del curso anterior. Los usuarios pueden causar baja en los servicios por impago de dos recibos, por no utilizaci\u00f3n durante cinco d\u00edas consecutivos o en los casos que se prevean en el ROF, previa comunicaci\u00f3n a los guardadores, con plazo de alegaciones y resoluci\u00f3n de la persona que ejerce la direcci\u00f3n.\u201d<\/li>\n<li>\u201cLa solicitud de baja o modificaci\u00f3n de la opci\u00f3n inicialmente elegida en los servicios deber\u00e1 enviar un email a&nbsp;<b>29016173.administraci\u00f3n@g.educaand.es <\/b>, indicando Nombre y Apellidos del alumno\/a, curso en el que est\u00e1 matriculado y servicio para el que solicita la baja antes del \u00faltimo d\u00eda lectivo de la semana anterior a la que se pretenda hacerse efectiva la baja o modificaci\u00f3n.\u201d<\/li>\n<\/ul>\n<h2>Transporte escolar<\/h2>\n<p>Las familias que requieran transporte escolar deber\u00e1n presentar:<\/p>\n<ul>\n<li><a href=\"https:\/\/drive.google.com\/file\/d\/0B4quxCO-l09oSldBc29TaTBtajQ\/view?usp=sharing\">Solicitud de Servicio Complementario de transporte escolar<\/a><\/li>\n<li>Volante de empadronamiento que acredite el domicilio.<\/li>\n<\/ul>\n<h2>Aula matinal<\/h2>\n<ul>\n<li><a href=\"https:\/\/www.juntadeandalucia.es\/haciendayadministracionpublica\/rpa-icms-doc\/icmsDescargaDoc.do?tipo=4b40ba71bf0bae77c7a9e6765035191a&amp;id=7398742ec1c4291728dacb1565ee2f65\">Solicitud del servicio de aula matinal, comedor escolar o actividades extraescolares<\/a><\/li>\n<li><a href=\"https:\/\/www.juntadeandalucia.es\/haciendayadministracionpublica\/rpa-icms-doc\/icmsDescargaDoc.do?tipo=4b40ba71bf0bae77c7a9e6765035191a&amp;id=4aeeaa35f34f6d429505832acc6de2f3\">Gratuidad\/Bonificaci\u00f3n del precio p\u00fablico por los servicios complementarios de Aula matinal, comedor escolar y actividades extraescolares, y por el servicio de residencia escolar.<\/a><\/li>\n<\/ul>\n<p>Recordamos que tienen preferencia como usuarios del aula matinal el alumnado cuyos tutores est\u00e9n trabajando en horario antes del inicio del colegio (aula matinal) y durante el horario de comida (comedor) para ello deber\u00e1 seleccionar las casillas correspondientes en la solicitud y acreditarlo seg\u00fan el <a href=\"http:\/\/juntadeandalucia.es\/boja\/2017\/78\/BOJA17-078-00027-7095-01_00112396.pdf\">decreto 6\/2017 y la orden de 17 de abril de 2017<\/a>. Para ello, las familias deben adjuntar a sus solicitudes:<\/p>\n<ol>\n<li>Informe de vida laboral o certificado de la unidad de personal en caso de funcionarios, y certificaci\u00f3n de la duraci\u00f3n de la jornada y horario de trabajo.<\/li>\n<li>Certificaci\u00f3n de alta en el impuesto de actividades econ\u00f3micas o alta en el censo de empresarios o copia autenticada de la licencia de apertura o alta en la Seguridad Social, y declaraci\u00f3n responsable del horario de la actividad.<\/li>\n<li>Certificado actual de estudios y horario.<\/li>\n<li>Tarjeta &nbsp;familia numerosa o documento acreditativo familia monoparental.<\/li>\n<\/ol>\n<h2>Comedor<\/h2>\n<ul>\n<li><a href=\"http:\/\/portals.ced.junta-andalucia.es\/educacion\/portals\/abaco-portlet\/content\/366fa583-9a6b-4c86-992e-be05f3d3a416\">Solicitud del servicio de aula matinal, comedor escolar o actividades extraescolares<\/a><\/li>\n<li><a href=\"http:\/\/portals.ced.junta-andalucia.es\/educacion\/portals\/abaco-portlet\/content\/366fa583-9a6b-4c86-992e-be05f3d3a416\">Gratuidad\/Bonificaci\u00f3n del precio p\u00fablico por los servicios complementarios de Aula matinal, comedor escolar y actividades extraescolares, y por el servicio de residencia escolar.<\/a><\/li>\n<\/ul>\n<p>Recordamos que tienen preferencia como usuarios del comedor el alumnado cuyos tutores est\u00e9n trabajando en horario antes del inicio del colegio (aula matinal) y durante el horario de comida (comedor) para ello deber\u00e1 seleccionar las casillas correspondientes en la solicitud y acreditarlo seg\u00fan el <a href=\"http:\/\/juntadeandalucia.es\/boja\/2017\/78\/BOJA17-078-00027-7095-01_00112396.pdf\">decreto 6\/2017 y la orden de 17 de abril de 2017<\/a>. Para ello, las familias deben adjuntar a sus solicitudes:<\/p>\n<ol>\n<li>Informe de vida laboral o certificado de la unidad de personal en caso de funcionarios, y certificaci\u00f3n de la duraci\u00f3n de la jornada y horario de trabajo.<\/li>\n<li>Certificaci\u00f3n de alta en el impuesto de actividades econ\u00f3micas o alta en el censo de empresarios o copia autenticada de la licencia de apertura o alta en la Seguridad Social, y declaraci\u00f3n responsable del horario de la actividad.<\/li>\n<li>Certificado actual de estudios y horario.<\/li>\n<li>Tarjeta &nbsp;familia numerosa o documento acreditativo familia monoparental.<\/li>\n<\/ol>\n<h2>Actividades Extraescolares<\/h2>\n<p><img loading=\"lazy\" decoding=\"async\" class=\"aligncenter size-large wp-image-3860\" src=\"https:\/\/blogsaverroes.juntadeandalucia.es\/ceipvalerianolopez\/files\/2024\/09\/Extraescolares-y-Programas-PROA-y-Mas-Deporte-1024x724.png\" alt=\"\" width=\"832\" height=\"588\" srcset=\"https:\/\/blogsaverroes.juntadeandalucia.es\/ceipvalerianolopez\/files\/2024\/09\/Extraescolares-y-Programas-PROA-y-Mas-Deporte-1024x724.png 1024w, https:\/\/blogsaverroes.juntadeandalucia.es\/ceipvalerianolopez\/files\/2024\/09\/Extraescolares-y-Programas-PROA-y-Mas-Deporte-300x212.png 300w, https:\/\/blogsaverroes.juntadeandalucia.es\/ceipvalerianolopez\/files\/2024\/09\/Extraescolares-y-Programas-PROA-y-Mas-Deporte-768x543.png 768w, https:\/\/blogsaverroes.juntadeandalucia.es\/ceipvalerianolopez\/files\/2024\/09\/Extraescolares-y-Programas-PROA-y-Mas-Deporte-1536x1086.png 1536w, https:\/\/blogsaverroes.juntadeandalucia.es\/ceipvalerianolopez\/files\/2024\/09\/Extraescolares-y-Programas-PROA-y-Mas-Deporte.png 2000w\" sizes=\"(max-width: 832px) 100vw, 832px\" \/><\/p>\n<p>&nbsp;<\/p>\n<p style=\"text-align: center\">&nbsp;<\/p>\n","protected":false},"excerpt":{"rendered":"<p>SERVICIOS COMPLEMENTARIOS ESCOLARES Nuestro centro ofrece los siguientes&nbsp;servicios escolares complementarios&nbsp;para facilitar a las familias la conciliaci\u00f3n laboral: AULA MATINAL TRANSPORTE ESCOLAR COMEDOR ESCOLAR ACTIVIDADES EXTRAESCOLARES&hellip;<\/p>\n","protected":false},"author":8377,"featured_media":0,"parent":556,"menu_order":0,"comment_status":"closed","ping_status":"closed","template":"","meta":{"ngg_post_thumbnail":0,"footnotes":""},"aioseo_notices":[],"_links":{"self":[{"href":"https:\/\/blogsaverroes.juntadeandalucia.es\/ceipvalerianolopez\/wp-json\/wp\/v2\/pages\/571"}],"collection":[{"href":"https:\/\/blogsaverroes.juntadeandalucia.es\/ceipvalerianolopez\/wp-json\/wp\/v2\/pages"}],"about":[{"href":"https:\/\/blogsaverroes.juntadeandalucia.es\/ceipvalerianolopez\/wp-json\/wp\/v2\/types\/page"}],"author":[{"embeddable":true,"href":"https:\/\/blogsaverroes.juntadeandalucia.es\/ceipvalerianolopez\/wp-json\/wp\/v2\/users\/8377"}],"replies":[{"embeddable":true,"href":"https:\/\/blogsaverroes.juntadeandalucia.es\/ceipvalerianolopez\/wp-json\/wp\/v2\/comments?post=571"}],"version-history":[{"count":16,"href":"https:\/\/blogsaverroes.juntadeandalucia.es\/ceipvalerianolopez\/wp-json\/wp\/v2\/pages\/571\/revisions"}],"predecessor-version":[{"id":3864,"href":"https:\/\/blogsaverroes.juntadeandalucia.es\/ceipvalerianolopez\/wp-json\/wp\/v2\/pages\/571\/revisions\/3864"}],"up":[{"embeddable":true,"href":"https:\/\/blogsaverroes.juntadeandalucia.es\/ceipvalerianolopez\/wp-json\/wp\/v2\/pages\/556"}],"wp:attachment":[{"href":"https:\/\/blogsaverroes.juntadeandalucia.es\/ceipvalerianolopez\/wp-json\/wp\/v2\/media?parent=571"}],"curies":[{"name":"wp","href":"https:\/\/api.w.org\/{rel}","templated":true}]}}