{"id":27,"date":"2019-02-12T20:43:26","date_gmt":"2019-02-12T20:43:26","guid":{"rendered":"https:\/\/blogsaverroes.juntadeandalucia.es\/ceipvalverdeyperales\/?page_id=27"},"modified":"2025-11-25T11:46:23","modified_gmt":"2025-11-25T11:46:23","slug":"claustro","status":"publish","type":"page","link":"https:\/\/blogsaverroes.juntadeandalucia.es\/ceipvalverdeyperales\/claustro\/","title":{"rendered":"Claustro"},"content":{"rendered":"<table style=\"height: 1339px;width: 136.637%\">\n<tbody>\n<tr style=\"height: 86px\">\n<td style=\"width: 36.1316%;height: 86px\"><span style=\"color: #ff0000\"><strong><span style=\"font-size: 18pt\">Equipo Directivo<\/span><\/strong><\/span><\/td>\n<td style=\"width: 103.968%;height: 86px\"><span style=\"font-size: 18pt;color: #0000ff\">Teresa Casado Trenas&nbsp; &nbsp; &nbsp; &nbsp; (Directora)<\/span><\/td>\n<\/tr>\n<tr style=\"height: 54px\">\n<td style=\"width: 36.1316%;height: 54px\">&nbsp;<\/td>\n<td style=\"width: 103.968%;height: 54px\"><span style=\"font-size: 18pt;color: #0000ff\">Lourdes M\u00aa L\u00f3pez Barea&nbsp; &nbsp;(Jefa de Estudios)<\/span><\/td>\n<\/tr>\n<tr style=\"height: 54px\">\n<td style=\"width: 36.1316%;height: 54px\">&nbsp;<\/td>\n<td style=\"width: 103.968%;height: 54px\"><span style=\"font-size: 18pt;color: #0000ff\">M\u00aa Elena D\u00edez Rodr\u00edguez&nbsp; &nbsp; (Secretaria)<\/span><\/td>\n<\/tr>\n<tr style=\"height: 54px\">\n<td style=\"width: 36.1316%;height: 54px\"><span style=\"color: #800080\"><strong><span style=\"font-size: 18pt\">Educaci\u00f3n Infantil<\/span><\/strong><\/span><\/td>\n<td style=\"width: 103.968%;height: 54px\">&nbsp;<\/td>\n<\/tr>\n<tr style=\"height: 54px\">\n<td style=\"width: 36.1316%;height: 54px\"><strong><span style=\"font-size: 18pt;color: #0000ff\">3 a\u00f1os A<\/span><\/strong><\/td>\n<td style=\"width: 103.968%;height: 54px\"><span style=\"font-size: 18pt;color: #0000ff\">M\u00aa Carmen Amo&nbsp;<\/span><\/td>\n<\/tr>\n<tr style=\"height: 54px\">\n<td style=\"width: 36.1316%;height: 54px\"><strong><span style=\"font-size: 18pt;color: #0000ff\">3 a\u00f1os B<\/span><\/strong><\/td>\n<td style=\"width: 103.968%;height: 54px\"><span style=\"font-size: 18pt;color: #0000ff\">F\u00e1tima Mart\u00ednez&nbsp;<\/span><\/td>\n<\/tr>\n<tr style=\"height: 54px\">\n<td style=\"width: 36.1316%;height: 54px\"><strong><span style=\"font-size: 18pt;color: #0000ff\">4 a\u00f1os A<\/span><\/strong><\/td>\n<td style=\"width: 103.968%;height: 54px\"><span style=\"font-size: 18pt;color: #0000ff\">Encarnaci\u00f3n Amaro<\/span><\/td>\n<\/tr>\n<tr style=\"height: 54px\">\n<td style=\"width: 36.1316%;height: 54px\"><strong><span style=\"font-size: 18pt;color: #0000ff\">4 a\u00f1os B<\/span><\/strong><\/td>\n<td style=\"width: 103.968%;height: 54px\"><span style=\"font-size: 18pt;color: #0000ff\">Carmen Lara<\/span><\/td>\n<\/tr>\n<tr style=\"height: 54px\">\n<td style=\"width: 36.1316%;height: 54px\"><strong><span style=\"font-size: 18pt;color: #0000ff\">5 a\u00f1os A<\/span><\/strong><\/td>\n<td style=\"width: 103.968%;height: 54px\"><span style=\"font-size: 18pt;color: #0000ff\">M\u00aa Elena N\u00fa\u00f1ez&nbsp;<\/span><\/td>\n<\/tr>\n<tr style=\"height: 54px\">\n<td style=\"width: 36.1316%;height: 54px\"><strong><span style=\"font-size: 18pt;color: #0000ff\">5 a\u00f1os B<\/span><\/strong><\/td>\n<td style=\"width: 103.968%;height: 54px\"><span style=\"font-size: 18pt;color: #0000ff\">No hay alumnos\/as<\/span><\/td>\n<\/tr>\n<tr style=\"height: 54px\">\n<td style=\"width: 36.1316%;height: 54px\"><strong><span style=\"font-size: 18pt;color: #0000ff\">Apoyo<\/span><\/strong><\/td>\n<td style=\"width: 103.968%;height: 54px\"><span style=\"font-size: 18pt;color: #0000ff\">Pilar Medianero&nbsp;<\/span><\/td>\n<\/tr>\n<tr style=\"height: 54px\">\n<td style=\"width: 36.1316%;height: 54px\"><strong><span style=\"font-size: 18pt;color: #800080\">Educaci\u00f3n Primaria<\/span><\/strong><\/td>\n<td style=\"width: 103.968%;height: 54px\">&nbsp;<\/td>\n<\/tr>\n<tr style=\"height: 54px\">\n<td style=\"width: 36.1316%;height: 54px\"><strong><span style=\"font-size: 18pt;color: #0000ff\">1\u00baA<\/span><\/strong><\/td>\n<td style=\"width: 103.968%;height: 54px\"><span style=\"font-size: 18pt;color: #0000ff\">Cristina Amaya&nbsp;<\/span><\/td>\n<\/tr>\n<tr style=\"height: 55px\">\n<td style=\"width: 36.1316%;height: 55px\"><strong><span style=\"font-size: 18pt;color: #0000ff\">1\u00baB<\/span><\/strong><\/td>\n<td style=\"width: 103.968%;height: 55px\"><span style=\"font-size: 18pt;color: #0000ff\">Ana M\u00aa Doblado&nbsp;<\/span><\/td>\n<\/tr>\n<tr style=\"height: 55px\">\n<td style=\"width: 36.1316%;height: 55px\"><strong><span style=\"font-size: 18pt;color: #0000ff\">2\u00baA<\/span><\/strong><\/td>\n<td style=\"width: 103.968%;height: 55px\"><span style=\"font-size: 18pt;color: #0000ff\">Lourdes Cruz&nbsp;<\/span><\/td>\n<\/tr>\n<tr style=\"height: 55px\">\n<td style=\"width: 36.1316%;height: 55px\"><strong><span style=\"font-size: 18pt;color: #0000ff\">2\u00baB<\/span><\/strong><\/td>\n<td style=\"width: 103.968%;height: 55px\"><span style=\"font-size: 18pt;color: #0000ff\">Lourdes L\u00f3pez<\/span><\/td>\n<\/tr>\n<tr style=\"height: 55px\">\n<td style=\"width: 36.1316%;height: 55px\"><strong><span style=\"font-size: 18pt;color: #0000ff\">3\u00baA<\/span><\/strong><\/td>\n<td style=\"width: 103.968%;height: 55px\"><span style=\"font-size: 18pt;color: #0000ff\">Paqui Moral<\/span><\/td>\n<\/tr>\n<tr style=\"height: 55px\">\n<td style=\"width: 36.1316%;height: 55px\"><strong><span style=\"font-size: 18pt;color: #0000ff\">3\u00baB<\/span><\/strong><\/td>\n<td style=\"width: 103.968%;height: 55px\"><span style=\"font-size: 18pt;color: #0000ff\">Jos\u00e9 Manuel Cobos<\/span><\/td>\n<\/tr>\n<tr style=\"height: 55px\">\n<td style=\"width: 36.1316%;height: 55px\"><strong><span style=\"font-size: 18pt;color: #0000ff\">4\u00baA<\/span><\/strong><\/td>\n<td style=\"width: 103.968%;height: 55px\"><span style=\"font-size: 18pt;color: #0000ff\">Beatriz Rodr\u00edguez G\u00e1lvez<\/span><\/td>\n<\/tr>\n<tr style=\"height: 55px\">\n<td style=\"width: 36.1316%;height: 55px\"><strong><span style=\"font-size: 18pt;color: #0000ff\">4\u00baB<\/span><\/strong><\/td>\n<td style=\"width: 103.968%;height: 55px\"><span style=\"font-size: 18pt;color: #0000ff\">David Navas<\/span><\/td>\n<\/tr>\n<tr style=\"height: 55px\">\n<td style=\"width: 36.1316%;height: 55px\"><strong><span style=\"font-size: 18pt;color: #0000ff\">5\u00baA<\/span><\/strong><\/td>\n<td style=\"width: 103.968%;height: 55px\"><span style=\"font-size: 18pt;color: #0000ff\">Milagros Arenas&nbsp;<\/span><\/td>\n<\/tr>\n<tr style=\"height: 55px\">\n<td style=\"width: 36.1316%;height: 55px\"><strong><span style=\"font-size: 18pt;color: #0000ff\">5\u00baB<\/span><\/strong><\/td>\n<td style=\"width: 103.968%;height: 55px\"><span style=\"font-size: 18pt;color: #0000ff\">M\u00aa Aurora Mar\u00edn&nbsp;<\/span><\/td>\n<\/tr>\n<tr style=\"height: 55px\">\n<td style=\"width: 36.1316%;height: 55px\"><strong><span style=\"font-size: 18pt;color: #0000ff\">6\u00ba A<\/span><\/strong><\/td>\n<td style=\"width: 103.968%;height: 55px\"><span style=\"font-size: 18pt;color: #0000ff\">&nbsp;Mar\u00eda Elena D\u00edez<\/span><\/td>\n<\/tr>\n<tr style=\"height: 55px\">\n<td style=\"width: 36.1316%;height: 55px\"><strong><span style=\"font-size: 18pt;color: #0000ff\">6\u00baB<\/span><\/strong><\/td>\n<td style=\"width: 103.968%;height: 55px\"><span style=\"color: #0000ff;font-size: 18pt\">Conchi Bernab\u00e9u<\/span><\/td>\n<\/tr>\n<\/tbody>\n<\/table>\n<p>&nbsp;<\/p>\n<p>&nbsp;<\/p>\n<table style=\"border-collapse: collapse;width: 100%\">\n<tbody>\n<tr>\n<td style=\"width: 50%\"><span style=\"color: #0000ff\"><strong><span style=\"font-size: 18pt\">Equipo de Educaci\u00f3n Especial<\/span><\/strong><\/span><\/td>\n<td style=\"width: 50%\">&nbsp;<\/td>\n<\/tr>\n<tr>\n<td style=\"width: 50%\"><strong><span style=\"font-size: 18pt;color: #0000ff\">Aula espec\u00edfica<\/span><\/strong><\/td>\n<td style=\"width: 50%\"><span style=\"font-size: 18pt;color: #0000ff\">Carmen M\u00aa C\u00e1rdenas<\/span><\/td>\n<\/tr>\n<tr>\n<td style=\"width: 50%\"><strong><span style=\"font-size: 18pt;color: #0000ff\">Pedagog\u00eda terap\u00e9utica<\/span><\/strong><\/td>\n<td style=\"width: 50%\">&nbsp;<\/p>\n<p><span style=\"font-size: 18pt;color: #0000ff\">Jes\u00fas Cano Rivilla<\/span><\/p>\n<p><span style=\"font-size: 18pt;color: #0000ff\">Carmen Priego Arrebola<\/span><\/td>\n<\/tr>\n<tr>\n<td style=\"width: 50%\"><strong><span style=\"font-size: 18pt;color: #0000ff\">Audici\u00f3n y lenguaje<\/span><\/strong><\/td>\n<td style=\"width: 50%\"><span style=\"font-size: 18pt;color: #0000ff\">Pilar Pav\u00f3n<\/span><\/p>\n<p><span style=\"font-size: 18pt;color: #0000ff\">Fuensanta Fuentes<\/span><\/td>\n<\/tr>\n<tr>\n<td style=\"width: 50%\"><strong><span style=\"font-size: 18pt;color: #0000ff\">Educador<\/span><\/strong><\/td>\n<td style=\"width: 50%\"><span style=\"font-size: 18pt;color: #0000ff\">Jos\u00e9 Juan Ferr\u00f3n<\/span><\/td>\n<\/tr>\n<tr>\n<td style=\"width: 50%\"><strong><span style=\"font-size: 18pt;color: #0000ff\">Orientadora del E.O.E.<\/span><\/strong><\/td>\n<td style=\"width: 50%\"><span style=\"font-size: 18pt;color: #0000ff\">Cristina Cort\u00e9s<\/span><\/td>\n<\/tr>\n<tr>\n<td style=\"width: 50%\"><span style=\"color: #0000ff\"><strong><span style=\"font-size: 18pt\">PTIS<\/span><\/strong><\/span><\/td>\n<td style=\"width: 50%\"><span style=\"font-size: 18pt;color: #0000ff\">Noelia Moreno<\/span><\/td>\n<\/tr>\n<\/tbody>\n<\/table>\n<table style=\"border-collapse: collapse;width: 100%\">\n<tbody>\n<tr>\n<td style=\"width: 50%\"><strong><span style=\"font-size: 18pt;color: #0000ff\">Educaci\u00f3n F\u00edsica<\/span><\/strong><\/td>\n<td style=\"width: 50%\">&nbsp;<\/p>\n<p><span style=\"font-size: 18pt;color: #0000ff\">Francis Alvend\u00edn<\/span><\/p>\n<p><span style=\"font-size: 18pt;color: #0000ff\">Francisco del Pozo<\/span><\/td>\n<\/tr>\n<tr>\n<td style=\"width: 50%\"><strong><span style=\"font-size: 18pt;color: #0000ff\">Ingl\u00e9s<\/span><\/strong><\/td>\n<td style=\"width: 50%\">&nbsp;<\/p>\n<p><span style=\"font-size: 18pt;color: #0000ff\">Milagros Arenas<\/span><\/p>\n<p><span style=\"font-size: 18pt;color: #0000ff\">Teresa Casado<\/span><\/p>\n<p><span style=\"font-size: 18pt;color: #0000ff\">Paqui Moral<\/span><\/td>\n<\/tr>\n<tr>\n<td style=\"width: 50%\"><strong><span style=\"font-size: 18pt;color: #0000ff\">Religi\u00f3n<\/span><\/strong><\/td>\n<td style=\"width: 50%\">&nbsp;<\/p>\n<p><span style=\"font-size: 18pt;color: #0000ff\">M\u00aa Luisa Cubero<\/span><\/p>\n<p><span style=\"font-size: 18pt;color: #0000ff\">Pablo Trujillo<\/span><\/p>\n<p><span style=\"font-size: 18pt;color: #0000ff\">Rafa D\u00edaz<\/span><\/td>\n<\/tr>\n<\/tbody>\n<\/table>\n<p>&nbsp;<\/p>\n","protected":false},"excerpt":{"rendered":"<p>Equipo Directivo Teresa Casado Trenas&nbsp; &nbsp; &nbsp; &nbsp; (Directora) &nbsp; Lourdes M\u00aa L\u00f3pez Barea&nbsp; &nbsp;(Jefa de Estudios) &nbsp; M\u00aa Elena D\u00edez Rodr\u00edguez&nbsp; &nbsp; (Secretaria) Educaci\u00f3n Infantil &nbsp; 3 a\u00f1os A M\u00aa Carmen Amo&nbsp; 3 a\u00f1os B F\u00e1tima Mart\u00ednez&nbsp; 4 a\u00f1os A Encarnaci\u00f3n Amaro 4 a\u00f1os B Carmen Lara 5 a\u00f1os A M\u00aa Elena N\u00fa\u00f1ez&nbsp; 5 &hellip; <\/p>\n<p class=\"link-more\"><a href=\"https:\/\/blogsaverroes.juntadeandalucia.es\/ceipvalverdeyperales\/claustro\/\" class=\"more-link\">Continuar leyendo<span class=\"screen-reader-text\"> \u00abClaustro\u00bb<\/span><\/a><\/p>\n","protected":false},"author":7147,"featured_media":0,"parent":0,"menu_order":0,"comment_status":"closed","ping_status":"closed","template":"","meta":{"ngg_post_thumbnail":0,"footnotes":""},"aioseo_notices":[],"_links":{"self":[{"href":"https:\/\/blogsaverroes.juntadeandalucia.es\/ceipvalverdeyperales\/wp-json\/wp\/v2\/pages\/27"}],"collection":[{"href":"https:\/\/blogsaverroes.juntadeandalucia.es\/ceipvalverdeyperales\/wp-json\/wp\/v2\/pages"}],"about":[{"href":"https:\/\/blogsaverroes.juntadeandalucia.es\/ceipvalverdeyperales\/wp-json\/wp\/v2\/types\/page"}],"author":[{"embeddable":true,"href":"https:\/\/blogsaverroes.juntadeandalucia.es\/ceipvalverdeyperales\/wp-json\/wp\/v2\/users\/7147"}],"replies":[{"embeddable":true,"href":"https:\/\/blogsaverroes.juntadeandalucia.es\/ceipvalverdeyperales\/wp-json\/wp\/v2\/comments?post=27"}],"version-history":[{"count":13,"href":"https:\/\/blogsaverroes.juntadeandalucia.es\/ceipvalverdeyperales\/wp-json\/wp\/v2\/pages\/27\/revisions"}],"predecessor-version":[{"id":2757,"href":"https:\/\/blogsaverroes.juntadeandalucia.es\/ceipvalverdeyperales\/wp-json\/wp\/v2\/pages\/27\/revisions\/2757"}],"wp:attachment":[{"href":"https:\/\/blogsaverroes.juntadeandalucia.es\/ceipvalverdeyperales\/wp-json\/wp\/v2\/media?parent=27"}],"curies":[{"name":"wp","href":"https:\/\/api.w.org\/{rel}","templated":true}]}}