{"id":536,"date":"2019-03-22T09:13:57","date_gmt":"2019-03-22T09:13:57","guid":{"rendered":"https:\/\/blogsaverroes.juntadeandalucia.es\/ceipvalverdeyperales\/?page_id=536"},"modified":"2021-10-25T11:57:03","modified_gmt":"2021-10-25T11:57:03","slug":"escuela-tic-2-0","status":"publish","type":"page","link":"https:\/\/blogsaverroes.juntadeandalucia.es\/ceipvalverdeyperales\/escuela-tic-2-0\/","title":{"rendered":"Transformaci\u00f3n Digital Educativa"},"content":{"rendered":"<p><img decoding=\"async\" class=\"aligncenter\" src=\"https:\/\/www.juntadeandalucia.es\/educacion\/portals\/delegate\/thumbnail\/png_abaco_album\/f57f3407-72b3-4ff7-9f84-a5bf4a10c084\" alt=\"Inicio - Consejer\u00eda de Educaci\u00f3n y Deporte\"><\/p>\n<p>&nbsp;<\/p>\n<p>Este plan incluye el conjunto de actuaciones orientadas a la mejora y modernizaci\u00f3n de los procesos, los procedimientos, los h\u00e1bitos y comportamientos de la comunidad educativa &nbsp;que, haciendo uso de las tecnolog\u00edas digitales, mejoren su capacidad de hacer frente a los retos de la sociedad actual. Todo ello redundar\u00e1 en la mejora de un aprendizaje competencial, en la mejora de la experiencia, de los resultados de aprendizaje y en un refuerzo de la equidad, para uso y beneficio de la comunidad educativa.<\/p>\n<ol>\n<li>a) <strong>El Plan de Actuaci\u00f3n Digital<\/strong> tendr\u00e1 como referente y objetivo general la mejora en los tres \u00e1mbitos de actuaci\u00f3n de la Transformaci\u00f3n Digital Educativa (organizaci\u00f3n y gesti\u00f3n del centro, procesos de ense\u00f1anza-aprendizaje e informaci\u00f3n y comunicaci\u00f3n.<\/li>\n<\/ol>\n<p>&nbsp;<\/p>\n<ol>\n<li>b) El <strong>Plan de Actuaci\u00f3n Digital<\/strong> se elaborar\u00e1 a trav\u00e9s de un formulario que proporcionar\u00e1 el sistema de informaci\u00f3n S\u00e9neca, que permite su cumplimentaci\u00f3n guiada, obteni\u00e9ndose como resultado un documento en el que aparecer\u00e1n por cada \u00e1mbito: las l\u00edneas de actuaci\u00f3n, las tareas en las que se concretan, la temporalizaci\u00f3n, los grupos responsables\/participantes y la evaluaci\u00f3n prevista.<\/li>\n<\/ol>\n<p>&nbsp;<\/p>\n<p>Los recursos que el centro considere necesarios para el correcto desarrollo de las l\u00edneas de actuaci\u00f3n se recoger\u00e1n de manera unificada, con relaci\u00f3n al PAD en general en este mismo formulario.<\/p>\n<p>&nbsp;<\/p>\n<p>Est\u00e1 organizado de tal manera que de \u00e9l puede derivarse con facilidad el Plan de Formaci\u00f3n y el Plan de Contingencia. Deber\u00e1 &nbsp;formar parte del Plan de Centro y que se facilitar\u00e1 a todos los sectores de la comunidad educativa, para su revisi\u00f3n y adecuaci\u00f3n peri\u00f3dica.<\/p>\n","protected":false},"excerpt":{"rendered":"<p>&nbsp; Este plan incluye el conjunto de actuaciones orientadas a la mejora y modernizaci\u00f3n de los procesos, los procedimientos, los h\u00e1bitos y comportamientos de la comunidad educativa &nbsp;que, haciendo uso de las tecnolog\u00edas digitales, mejoren su capacidad de hacer frente a los retos de la sociedad actual. Todo ello redundar\u00e1 en la mejora de un &hellip; <\/p>\n<p class=\"link-more\"><a href=\"https:\/\/blogsaverroes.juntadeandalucia.es\/ceipvalverdeyperales\/escuela-tic-2-0\/\" class=\"more-link\">Continuar leyendo<span class=\"screen-reader-text\"> \u00abTransformaci\u00f3n Digital Educativa\u00bb<\/span><\/a><\/p>\n","protected":false},"author":7147,"featured_media":0,"parent":0,"menu_order":0,"comment_status":"closed","ping_status":"closed","template":"","meta":{"ngg_post_thumbnail":0,"footnotes":""},"aioseo_notices":[],"_links":{"self":[{"href":"https:\/\/blogsaverroes.juntadeandalucia.es\/ceipvalverdeyperales\/wp-json\/wp\/v2\/pages\/536"}],"collection":[{"href":"https:\/\/blogsaverroes.juntadeandalucia.es\/ceipvalverdeyperales\/wp-json\/wp\/v2\/pages"}],"about":[{"href":"https:\/\/blogsaverroes.juntadeandalucia.es\/ceipvalverdeyperales\/wp-json\/wp\/v2\/types\/page"}],"author":[{"embeddable":true,"href":"https:\/\/blogsaverroes.juntadeandalucia.es\/ceipvalverdeyperales\/wp-json\/wp\/v2\/users\/7147"}],"replies":[{"embeddable":true,"href":"https:\/\/blogsaverroes.juntadeandalucia.es\/ceipvalverdeyperales\/wp-json\/wp\/v2\/comments?post=536"}],"version-history":[{"count":3,"href":"https:\/\/blogsaverroes.juntadeandalucia.es\/ceipvalverdeyperales\/wp-json\/wp\/v2\/pages\/536\/revisions"}],"predecessor-version":[{"id":978,"href":"https:\/\/blogsaverroes.juntadeandalucia.es\/ceipvalverdeyperales\/wp-json\/wp\/v2\/pages\/536\/revisions\/978"}],"wp:attachment":[{"href":"https:\/\/blogsaverroes.juntadeandalucia.es\/ceipvalverdeyperales\/wp-json\/wp\/v2\/media?parent=536"}],"curies":[{"name":"wp","href":"https:\/\/api.w.org\/{rel}","templated":true}]}}