{"id":542,"date":"2019-03-22T09:28:29","date_gmt":"2019-03-22T09:28:29","guid":{"rendered":"https:\/\/blogsaverroes.juntadeandalucia.es\/ceipvalverdeyperales\/?page_id=542"},"modified":"2026-02-26T11:47:28","modified_gmt":"2026-02-26T11:47:28","slug":"plan-de-bibliotecas","status":"publish","type":"page","link":"https:\/\/blogsaverroes.juntadeandalucia.es\/ceipvalverdeyperales\/plan-de-bibliotecas\/","title":{"rendered":"Plan De Lectura y  Bibliotecas"},"content":{"rendered":"<p>&nbsp;<\/p>\n<p><a href=\"https:\/\/blogsaverroes.juntadeandalucia.es\/ceipvalverdeyperales\/plan-de-centro\/anexo-xii-plan-de-lectura-2\/\" rel=\"attachment wp-att-2771\">ANEXO XII. Plan de lectura<\/a><\/p>\n<p>&nbsp;<\/p>\n<p><span style=\"color: #008000\"><strong>La biblioteca escolar se convierte en centro de recursos de lectura, informaci\u00f3n y aprendizaje, en entornos educativos espec\u00edficos integrados en la vida de la instituci\u00f3n escolar que apoyen al profesorado y faciliten al alumnado el aprendizaje de los contenidos curriculares, as\u00ed como la adquisici\u00f3n de competencias y h\u00e1bitos de lectura, en una din\u00e1mica abierta a la comunidad educativa.<\/strong><\/span><\/p>\n<p><span style=\"color: #008000\"><strong>Anualmente el coordinador\/a, junto con el equipo de apoyo, revisar\u00e1 y propondr\u00e1 actividades diversas de animaci\u00f3n a la lectura.<\/strong><\/span><\/p>\n<p><span style=\"color: #ff0000\">Dejamos a vuestra disposici\u00f3n el siguiente Padlet actualizado de la bibiblioteca<\/span>:<\/p>\n<p><a href=\"https:\/\/es.padlet.com\/fmorcru834\/biblioteca-ceip-valverde-y-perales-m9uke58synn579pu\">https:\/\/es.padlet.com\/fmorcru834\/biblioteca-ceip-valverde-y-perales-m9uke58synn579pu<\/a><\/p>\n<p><span style=\"color: #0000ff\">Tambi\u00e9n algunas lecturas para la Paz:<\/span><\/p>\n<p><a href=\"https:\/\/view.genial.ly\/65a6bbee92fc27001445a23b\/mobile-lecturas-para-la-paz\">https:\/\/view.genial.ly\/65a6bbee92fc27001445a23b\/mobile-lecturas-para-la-paz<\/a><\/p>\n<p style=\"text-align: center\"><span style=\"font-size: 18pt;color: #993366\"><strong>ALGUNAS IM\u00c1GENES DE NUESTRA BIBLIOTECA&#8230;<\/strong><\/span><\/p>\n<p><a href=\"https:\/\/blogsaverroes.juntadeandalucia.es\/ceipvalverdeyperales\/plan-de-bibliotecas\/whatsapp-image-2024-02-01-at-11-43-43\/\" rel=\"attachment wp-att-1587\"><img loading=\"lazy\" decoding=\"async\" class=\"alignnone size-large wp-image-1587\" src=\"https:\/\/blogsaverroes.juntadeandalucia.es\/ceipvalverdeyperales\/files\/2024\/03\/WhatsApp-Image-2024-02-01-at-11.43.43-1024x768.jpeg\" alt=\"\" width=\"525\" height=\"394\" srcset=\"https:\/\/blogsaverroes.juntadeandalucia.es\/ceipvalverdeyperales\/files\/2024\/03\/WhatsApp-Image-2024-02-01-at-11.43.43-1024x768.jpeg 1024w, https:\/\/blogsaverroes.juntadeandalucia.es\/ceipvalverdeyperales\/files\/2024\/03\/WhatsApp-Image-2024-02-01-at-11.43.43-300x225.jpeg 300w, https:\/\/blogsaverroes.juntadeandalucia.es\/ceipvalverdeyperales\/files\/2024\/03\/WhatsApp-Image-2024-02-01-at-11.43.43-768x576.jpeg 768w, https:\/\/blogsaverroes.juntadeandalucia.es\/ceipvalverdeyperales\/files\/2024\/03\/WhatsApp-Image-2024-02-01-at-11.43.43-1536x1152.jpeg 1536w, https:\/\/blogsaverroes.juntadeandalucia.es\/ceipvalverdeyperales\/files\/2024\/03\/WhatsApp-Image-2024-02-01-at-11.43.43.jpeg 1600w\" sizes=\"(max-width: 525px) 100vw, 525px\" \/><\/a> <a href=\"https:\/\/blogsaverroes.juntadeandalucia.es\/ceipvalverdeyperales\/plan-de-bibliotecas\/whatsapp-image-2024-02-01-at-11-43-44-1\/\" rel=\"attachment wp-att-1588\"><img loading=\"lazy\" decoding=\"async\" class=\"alignnone size-large wp-image-1588\" src=\"https:\/\/blogsaverroes.juntadeandalucia.es\/ceipvalverdeyperales\/files\/2024\/03\/WhatsApp-Image-2024-02-01-at-11.43.44-1-1024x768.jpeg\" alt=\"\" width=\"525\" height=\"394\" srcset=\"https:\/\/blogsaverroes.juntadeandalucia.es\/ceipvalverdeyperales\/files\/2024\/03\/WhatsApp-Image-2024-02-01-at-11.43.44-1-1024x768.jpeg 1024w, https:\/\/blogsaverroes.juntadeandalucia.es\/ceipvalverdeyperales\/files\/2024\/03\/WhatsApp-Image-2024-02-01-at-11.43.44-1-300x225.jpeg 300w, https:\/\/blogsaverroes.juntadeandalucia.es\/ceipvalverdeyperales\/files\/2024\/03\/WhatsApp-Image-2024-02-01-at-11.43.44-1-768x576.jpeg 768w, https:\/\/blogsaverroes.juntadeandalucia.es\/ceipvalverdeyperales\/files\/2024\/03\/WhatsApp-Image-2024-02-01-at-11.43.44-1-1536x1152.jpeg 1536w, https:\/\/blogsaverroes.juntadeandalucia.es\/ceipvalverdeyperales\/files\/2024\/03\/WhatsApp-Image-2024-02-01-at-11.43.44-1.jpeg 1600w\" sizes=\"(max-width: 525px) 100vw, 525px\" \/><\/a> <a href=\"https:\/\/blogsaverroes.juntadeandalucia.es\/ceipvalverdeyperales\/plan-de-bibliotecas\/whatsapp-image-2024-02-01-at-11-43-44\/\" rel=\"attachment wp-att-1589\"><img loading=\"lazy\" decoding=\"async\" class=\"alignnone size-large wp-image-1589\" src=\"https:\/\/blogsaverroes.juntadeandalucia.es\/ceipvalverdeyperales\/files\/2024\/03\/WhatsApp-Image-2024-02-01-at-11.43.44-1024x768.jpeg\" alt=\"\" width=\"525\" height=\"394\" srcset=\"https:\/\/blogsaverroes.juntadeandalucia.es\/ceipvalverdeyperales\/files\/2024\/03\/WhatsApp-Image-2024-02-01-at-11.43.44-1024x768.jpeg 1024w, https:\/\/blogsaverroes.juntadeandalucia.es\/ceipvalverdeyperales\/files\/2024\/03\/WhatsApp-Image-2024-02-01-at-11.43.44-300x225.jpeg 300w, https:\/\/blogsaverroes.juntadeandalucia.es\/ceipvalverdeyperales\/files\/2024\/03\/WhatsApp-Image-2024-02-01-at-11.43.44-768x576.jpeg 768w, https:\/\/blogsaverroes.juntadeandalucia.es\/ceipvalverdeyperales\/files\/2024\/03\/WhatsApp-Image-2024-02-01-at-11.43.44-1536x1152.jpeg 1536w, https:\/\/blogsaverroes.juntadeandalucia.es\/ceipvalverdeyperales\/files\/2024\/03\/WhatsApp-Image-2024-02-01-at-11.43.44.jpeg 1600w\" sizes=\"(max-width: 525px) 100vw, 525px\" \/><\/a> <a href=\"https:\/\/blogsaverroes.juntadeandalucia.es\/ceipvalverdeyperales\/plan-de-bibliotecas\/whatsapp-image-2024-02-16-at-11-51-15\/\" rel=\"attachment wp-att-1590\"><img loading=\"lazy\" decoding=\"async\" class=\"alignnone size-large wp-image-1590\" src=\"https:\/\/blogsaverroes.juntadeandalucia.es\/ceipvalverdeyperales\/files\/2024\/03\/WhatsApp-Image-2024-02-16-at-11.51.15-1024x576.jpeg\" alt=\"\" width=\"525\" height=\"295\" srcset=\"https:\/\/blogsaverroes.juntadeandalucia.es\/ceipvalverdeyperales\/files\/2024\/03\/WhatsApp-Image-2024-02-16-at-11.51.15-1024x576.jpeg 1024w, https:\/\/blogsaverroes.juntadeandalucia.es\/ceipvalverdeyperales\/files\/2024\/03\/WhatsApp-Image-2024-02-16-at-11.51.15-300x169.jpeg 300w, https:\/\/blogsaverroes.juntadeandalucia.es\/ceipvalverdeyperales\/files\/2024\/03\/WhatsApp-Image-2024-02-16-at-11.51.15-768x432.jpeg 768w, https:\/\/blogsaverroes.juntadeandalucia.es\/ceipvalverdeyperales\/files\/2024\/03\/WhatsApp-Image-2024-02-16-at-11.51.15-1536x864.jpeg 1536w, https:\/\/blogsaverroes.juntadeandalucia.es\/ceipvalverdeyperales\/files\/2024\/03\/WhatsApp-Image-2024-02-16-at-11.51.15.jpeg 1600w\" sizes=\"(max-width: 525px) 100vw, 525px\" \/><\/a> <a href=\"https:\/\/blogsaverroes.juntadeandalucia.es\/ceipvalverdeyperales\/plan-de-bibliotecas\/whatsapp-image-2024-02-16-at-11-51-35\/\" rel=\"attachment wp-att-1591\"><img loading=\"lazy\" decoding=\"async\" class=\"alignnone size-large wp-image-1591\" src=\"https:\/\/blogsaverroes.juntadeandalucia.es\/ceipvalverdeyperales\/files\/2024\/03\/WhatsApp-Image-2024-02-16-at-11.51.35-1024x576.jpeg\" alt=\"\" width=\"525\" height=\"295\" srcset=\"https:\/\/blogsaverroes.juntadeandalucia.es\/ceipvalverdeyperales\/files\/2024\/03\/WhatsApp-Image-2024-02-16-at-11.51.35-1024x576.jpeg 1024w, https:\/\/blogsaverroes.juntadeandalucia.es\/ceipvalverdeyperales\/files\/2024\/03\/WhatsApp-Image-2024-02-16-at-11.51.35-300x169.jpeg 300w, https:\/\/blogsaverroes.juntadeandalucia.es\/ceipvalverdeyperales\/files\/2024\/03\/WhatsApp-Image-2024-02-16-at-11.51.35-768x432.jpeg 768w, https:\/\/blogsaverroes.juntadeandalucia.es\/ceipvalverdeyperales\/files\/2024\/03\/WhatsApp-Image-2024-02-16-at-11.51.35-1536x864.jpeg 1536w, https:\/\/blogsaverroes.juntadeandalucia.es\/ceipvalverdeyperales\/files\/2024\/03\/WhatsApp-Image-2024-02-16-at-11.51.35.jpeg 1600w\" sizes=\"(max-width: 525px) 100vw, 525px\" \/><\/a> <a href=\"https:\/\/blogsaverroes.juntadeandalucia.es\/ceipvalverdeyperales\/plan-de-bibliotecas\/whatsapp-image-2024-02-16-at-11-52-05\/\" rel=\"attachment wp-att-1592\"><img loading=\"lazy\" decoding=\"async\" class=\"alignnone size-large wp-image-1592\" src=\"https:\/\/blogsaverroes.juntadeandalucia.es\/ceipvalverdeyperales\/files\/2024\/03\/WhatsApp-Image-2024-02-16-at-11.52.05-1024x576.jpeg\" alt=\"\" width=\"525\" height=\"295\" srcset=\"https:\/\/blogsaverroes.juntadeandalucia.es\/ceipvalverdeyperales\/files\/2024\/03\/WhatsApp-Image-2024-02-16-at-11.52.05-1024x576.jpeg 1024w, https:\/\/blogsaverroes.juntadeandalucia.es\/ceipvalverdeyperales\/files\/2024\/03\/WhatsApp-Image-2024-02-16-at-11.52.05-300x169.jpeg 300w, https:\/\/blogsaverroes.juntadeandalucia.es\/ceipvalverdeyperales\/files\/2024\/03\/WhatsApp-Image-2024-02-16-at-11.52.05-768x432.jpeg 768w, https:\/\/blogsaverroes.juntadeandalucia.es\/ceipvalverdeyperales\/files\/2024\/03\/WhatsApp-Image-2024-02-16-at-11.52.05-1536x864.jpeg 1536w, https:\/\/blogsaverroes.juntadeandalucia.es\/ceipvalverdeyperales\/files\/2024\/03\/WhatsApp-Image-2024-02-16-at-11.52.05.jpeg 1600w\" sizes=\"(max-width: 525px) 100vw, 525px\" \/><\/a><\/p>\n","protected":false},"excerpt":{"rendered":"<p>&nbsp; ANEXO XII. Plan de lectura &nbsp; La biblioteca escolar se convierte en centro de recursos de lectura, informaci\u00f3n y aprendizaje, en entornos educativos espec\u00edficos integrados en la vida de la instituci\u00f3n escolar que apoyen al profesorado y faciliten al alumnado el aprendizaje de los contenidos curriculares, as\u00ed como la adquisici\u00f3n de competencias y h\u00e1bitos &hellip; <\/p>\n<p class=\"link-more\"><a href=\"https:\/\/blogsaverroes.juntadeandalucia.es\/ceipvalverdeyperales\/plan-de-bibliotecas\/\" class=\"more-link\">Continuar leyendo<span class=\"screen-reader-text\"> \u00abPlan De Lectura y  Bibliotecas\u00bb<\/span><\/a><\/p>\n","protected":false},"author":7147,"featured_media":0,"parent":0,"menu_order":0,"comment_status":"closed","ping_status":"closed","template":"","meta":{"ngg_post_thumbnail":0,"footnotes":""},"aioseo_notices":[],"_links":{"self":[{"href":"https:\/\/blogsaverroes.juntadeandalucia.es\/ceipvalverdeyperales\/wp-json\/wp\/v2\/pages\/542"}],"collection":[{"href":"https:\/\/blogsaverroes.juntadeandalucia.es\/ceipvalverdeyperales\/wp-json\/wp\/v2\/pages"}],"about":[{"href":"https:\/\/blogsaverroes.juntadeandalucia.es\/ceipvalverdeyperales\/wp-json\/wp\/v2\/types\/page"}],"author":[{"embeddable":true,"href":"https:\/\/blogsaverroes.juntadeandalucia.es\/ceipvalverdeyperales\/wp-json\/wp\/v2\/users\/7147"}],"replies":[{"embeddable":true,"href":"https:\/\/blogsaverroes.juntadeandalucia.es\/ceipvalverdeyperales\/wp-json\/wp\/v2\/comments?post=542"}],"version-history":[{"count":7,"href":"https:\/\/blogsaverroes.juntadeandalucia.es\/ceipvalverdeyperales\/wp-json\/wp\/v2\/pages\/542\/revisions"}],"predecessor-version":[{"id":2778,"href":"https:\/\/blogsaverroes.juntadeandalucia.es\/ceipvalverdeyperales\/wp-json\/wp\/v2\/pages\/542\/revisions\/2778"}],"wp:attachment":[{"href":"https:\/\/blogsaverroes.juntadeandalucia.es\/ceipvalverdeyperales\/wp-json\/wp\/v2\/media?parent=542"}],"curies":[{"name":"wp","href":"https:\/\/api.w.org\/{rel}","templated":true}]}}