{"id":63,"date":"2019-02-14T12:33:40","date_gmt":"2019-02-14T12:33:40","guid":{"rendered":"https:\/\/blogsaverroes.juntadeandalucia.es\/ceipvalverdeyperales\/?page_id=63"},"modified":"2025-11-25T11:36:50","modified_gmt":"2025-11-25T11:36:50","slug":"personal-docente","status":"publish","type":"page","link":"https:\/\/blogsaverroes.juntadeandalucia.es\/ceipvalverdeyperales\/personal-docente\/","title":{"rendered":"Personal No Docente"},"content":{"rendered":"<table style=\"width: 99.8276%;height: 869px\" width=\"603\">\n<tbody>\n<tr style=\"height: 33px\">\n<td style=\"height: 33px\" width=\"366\"><strong>PERSONAL<\/strong><\/td>\n<td style=\"height: 33px\" width=\"236\"><strong>FUNCIONES<\/strong><strong>&nbsp;<\/strong><\/td>\n<\/tr>\n<tr style=\"height: 56px\">\n<td style=\"height: 56px\" width=\"366\">Concepci\u00f3n Guerrero<\/td>\n<td style=\"height: 56px\" width=\"236\">Cocinera<\/td>\n<\/tr>\n<tr style=\"height: 56px\">\n<td style=\"height: 56px\" width=\"366\">M\u00aa&nbsp;Luisa Garc\u00eda Salamanca<\/td>\n<td style=\"height: 56px\" width=\"236\">Ayudante de cocina<\/td>\n<\/tr>\n<tr style=\"height: 56px\">\n<td style=\"height: 56px\" width=\"366\">Jos\u00e9 Manuel Cantero Villa<\/td>\n<td style=\"height: 56px\" width=\"236\">Ayudante de&nbsp;cocina<\/td>\n<\/tr>\n<tr style=\"height: 56px\">\n<td style=\"height: 56px\" width=\"366\">Jos\u00e9 L\u00f3pez L\u00f3pez<\/td>\n<td style=\"height: 56px\" width=\"236\">Conserje<\/td>\n<\/tr>\n<tr style=\"height: 56px\">\n<td style=\"height: 56px\" width=\"366\">Consuelo Mesa Herrero&nbsp; &nbsp;<span style=\"font-size: 10pt\">(Administraci\u00f3n)<\/span><\/p>\n<p>Carmen Bonilla Garc\u00eda<\/p>\n<p>Luc\u00eda Bonilla Garc\u00eda<\/p>\n<p>M\u00aa Jes\u00fas Garc\u00eda L\u00f3pez<\/p>\n<p>Encarni P\u00e1rraga L\u00f3pez<\/td>\n<td style=\"height: 56px\" width=\"236\">Monitoras escolares<\/td>\n<\/tr>\n<tr style=\"height: 56px\">\n<td style=\"height: 56px\" width=\"366\">&nbsp;<\/p>\n<p>Jos\u00e9 Juan Ferr\u00f3n Morales<\/p>\n<p>Noelia Moreno Merino<\/p>\n<p>Por asignar&nbsp;<\/td>\n<td style=\"height: 56px\" width=\"236\">&nbsp;<\/p>\n<p>Educador<\/p>\n<p>PTIS<\/p>\n<p>Auxiliar de conversaci\u00f3n<\/td>\n<\/tr>\n<\/tbody>\n<\/table>\n","protected":false},"excerpt":{"rendered":"<p>PERSONAL FUNCIONES&nbsp; Concepci\u00f3n Guerrero Cocinera M\u00aa&nbsp;Luisa Garc\u00eda Salamanca Ayudante de cocina Jos\u00e9 Manuel Cantero Villa Ayudante de&nbsp;cocina Jos\u00e9 L\u00f3pez L\u00f3pez Conserje Consuelo Mesa Herrero&nbsp; &nbsp;(Administraci\u00f3n) Carmen Bonilla Garc\u00eda Luc\u00eda Bonilla Garc\u00eda M\u00aa Jes\u00fas Garc\u00eda L\u00f3pez Encarni P\u00e1rraga L\u00f3pez Monitoras escolares &nbsp; Jos\u00e9 Juan Ferr\u00f3n Morales Noelia Moreno Merino Por asignar&nbsp; &nbsp; Educador PTIS Auxiliar de &hellip; <\/p>\n<p class=\"link-more\"><a href=\"https:\/\/blogsaverroes.juntadeandalucia.es\/ceipvalverdeyperales\/personal-docente\/\" class=\"more-link\">Continuar leyendo<span class=\"screen-reader-text\"> \u00abPersonal No Docente\u00bb<\/span><\/a><\/p>\n","protected":false},"author":7147,"featured_media":0,"parent":0,"menu_order":0,"comment_status":"closed","ping_status":"closed","template":"","meta":{"ngg_post_thumbnail":0,"footnotes":""},"aioseo_notices":[],"_links":{"self":[{"href":"https:\/\/blogsaverroes.juntadeandalucia.es\/ceipvalverdeyperales\/wp-json\/wp\/v2\/pages\/63"}],"collection":[{"href":"https:\/\/blogsaverroes.juntadeandalucia.es\/ceipvalverdeyperales\/wp-json\/wp\/v2\/pages"}],"about":[{"href":"https:\/\/blogsaverroes.juntadeandalucia.es\/ceipvalverdeyperales\/wp-json\/wp\/v2\/types\/page"}],"author":[{"embeddable":true,"href":"https:\/\/blogsaverroes.juntadeandalucia.es\/ceipvalverdeyperales\/wp-json\/wp\/v2\/users\/7147"}],"replies":[{"embeddable":true,"href":"https:\/\/blogsaverroes.juntadeandalucia.es\/ceipvalverdeyperales\/wp-json\/wp\/v2\/comments?post=63"}],"version-history":[{"count":7,"href":"https:\/\/blogsaverroes.juntadeandalucia.es\/ceipvalverdeyperales\/wp-json\/wp\/v2\/pages\/63\/revisions"}],"predecessor-version":[{"id":2756,"href":"https:\/\/blogsaverroes.juntadeandalucia.es\/ceipvalverdeyperales\/wp-json\/wp\/v2\/pages\/63\/revisions\/2756"}],"wp:attachment":[{"href":"https:\/\/blogsaverroes.juntadeandalucia.es\/ceipvalverdeyperales\/wp-json\/wp\/v2\/media?parent=63"}],"curies":[{"name":"wp","href":"https:\/\/api.w.org\/{rel}","templated":true}]}}