{"id":855,"date":"2021-03-08T12:50:34","date_gmt":"2021-03-08T12:50:34","guid":{"rendered":"https:\/\/blogsaverroes.juntadeandalucia.es\/ceipvalverdeyperales\/?page_id=855"},"modified":"2026-02-26T11:42:48","modified_gmt":"2026-02-26T11:42:48","slug":"plan-de-centro","status":"publish","type":"page","link":"https:\/\/blogsaverroes.juntadeandalucia.es\/ceipvalverdeyperales\/plan-de-centro\/","title":{"rendered":"PLAN DE CENTRO"},"content":{"rendered":"<p>&nbsp;<\/p>\n<p><a href=\"https:\/\/blogsaverroes.juntadeandalucia.es\/ceipvalverdeyperales\/plan-de-centro\/1-proyecto-educativo\/\" rel=\"attachment wp-att-2764\">1. PROYECTO EDUCATIVO<\/a><\/p>\n<p><a href=\"https:\/\/blogsaverroes.juntadeandalucia.es\/ceipvalverdeyperales\/plan-de-centro\/2-reglamento-de-organizacion-y-funcionamiento\/\" rel=\"attachment wp-att-1173\">2. REGLAMENTO DE ORGANIZACI\u00d3N Y FUNCIONAMIENTO<\/a><\/p>\n<p><a href=\"https:\/\/blogsaverroes.juntadeandalucia.es\/ceipvalverdeyperales\/plan-de-centro\/3-proyecto-de-gestion\/\" rel=\"attachment wp-att-1174\">3. PROYECTO DE GESTI\u00d3N<\/a><\/p>\n<p><a href=\"https:\/\/blogsaverroes.juntadeandalucia.es\/ceipvalverdeyperales\/plan-de-centro\/anexo-iii-plan-de-atencion-a-la-diversidad-3\/\" rel=\"attachment wp-att-2765\">4. Anexo III. Plan de atenci\u00f3n a la diversidad<\/a><\/p>\n<p><a href=\"https:\/\/blogsaverroes.juntadeandalucia.es\/ceipvalverdeyperales\/plan-de-centro\/anexo-iv-plan-de-convivencia-4\/\" rel=\"attachment wp-att-2766\">5. ANEXO IV. Plan de Convivencia<\/a><\/p>\n<p><a href=\"https:\/\/blogsaverroes.juntadeandalucia.es\/ceipvalverdeyperales\/plan-de-centro\/anexo-v-plan-de-formacion-del-profesorado\/\" rel=\"attachment wp-att-2767\">6. Anexo V. Plan de formaci\u00f3n del profesorado<\/a><\/p>\n<p><a href=\"https:\/\/blogsaverroes.juntadeandalucia.es\/ceipvalverdeyperales\/plan-de-centro\/anexo-vi-plan-de-evaluacion-interna-3\/\" rel=\"attachment wp-att-2768\">7. Anexo VI. Plan de Evaluaci\u00f3n Interna<\/a><\/p>\n<p><a href=\"https:\/\/blogsaverroes.juntadeandalucia.es\/ceipvalverdeyperales\/plan-de-centro\/anexo-vii-plan-de-actuacion-del-programa-bilingue-2\/\" rel=\"attachment wp-att-1180\">8. ANEXO VII. Plan de Actuaci\u00f3n del Programa Biling\u00fce<\/a><\/p>\n<p><a href=\"https:\/\/blogsaverroes.juntadeandalucia.es\/ceipvalverdeyperales\/plan-de-centro\/anexo-viii-plan-de-actuacion-digital\/\" rel=\"attachment wp-att-1181\">9. ANEXO VIII. Plan de Actuaci\u00f3n Digital<\/a><\/p>\n<p><a href=\"https:\/\/blogsaverroes.juntadeandalucia.es\/ceipvalverdeyperales\/plan-de-centro\/anexo-v-plan-orientacion-y-accion-tutorial-2\/\" rel=\"attachment wp-att-1178\">10. Plan Orientacion y Accion Tutorial<\/a><\/p>\n<p><a href=\"https:\/\/blogsaverroes.juntadeandalucia.es\/ceipvalverdeyperales\/plan-de-centro\/anexo-x-plan-de-funcionamiento-del-comedor-escolar-3\/\" rel=\"attachment wp-att-2769\">8. ANEXO X. Plan de Funcionamiento del Comedor Escolar<\/a><\/p>\n<p><a href=\"https:\/\/blogsaverroes.juntadeandalucia.es\/ceipvalverdeyperales\/plan-de-centro\/anexo-xi-taller-de-enriquecimiento-proyecto-para-la-atencion-al-alumnado-con-altas-capacidades-intelectuales-3\/\" rel=\"attachment wp-att-2770\">9. ANEXO XI. Taller de Enriquecimiento. <\/a><\/p>\n<p><a href=\"https:\/\/blogsaverroes.juntadeandalucia.es\/ceipvalverdeyperales\/plan-de-centro\/anexo-xi-taller-de-enriquecimiento-proyecto-para-la-atencion-al-alumnado-con-altas-capacidades-intelectuales-3\/\" rel=\"attachment wp-att-2770\">10. PROYECTO PARA LA ATENCI\u00d3N AL ALUMNADO CON ALTAS CAPACIDADES INTELECTUALES<\/a><\/p>\n<p><a href=\"https:\/\/blogsaverroes.juntadeandalucia.es\/ceipvalverdeyperales\/plan-de-centro\/anexo-xii-plan-de-lectura-2\/\" rel=\"attachment wp-att-2771\">11. ANEXO XII. Plan de lectura<\/a><\/p>\n<p><a href=\"https:\/\/blogsaverroes.juntadeandalucia.es\/ceipvalverdeyperales\/plan-de-centro\/anexo-xiii-proyecto-de-atencion-educativa-2023-2\/\" rel=\"attachment wp-att-2772\">12. ANEXO XIII. Proyecto de Atenci\u00f3n Educativa&nbsp;<\/a><\/p>\n<p><a href=\"https:\/\/blogsaverroes.juntadeandalucia.es\/ceipvalverdeyperales\/plan-de-centro\/anexo-xiv-plan-de-refuerzo-del-impulso-matematico\/\" rel=\"attachment wp-att-2773\">13. ANEXO XIV. Plan de refuerzo del impulso matem\u00e1tico<\/a><\/p>\n<p>14. <a href=\"https:\/\/blogsaverroes.juntadeandalucia.es\/ceipvalverdeyperales\/plan-de-centro\/anexo-xiv-plan-de-igualdad\/\" rel=\"attachment wp-att-1186\">ANEXO XIV. Plan de Igualdad<\/a><\/p>\n<p>&nbsp;<\/p>\n<p>&nbsp;<\/p>\n<p>&nbsp;<\/p>\n<p>&nbsp;<\/p>\n<p>&nbsp;<\/p>\n<p>&nbsp;<\/p>\n<p>&nbsp;<\/p>\n<p>&nbsp;<\/p>\n<p>&nbsp;<\/p>\n<p>&nbsp;<\/p>\n","protected":false},"excerpt":{"rendered":"<p>&nbsp; 1. PROYECTO EDUCATIVO 2. REGLAMENTO DE ORGANIZACI\u00d3N Y FUNCIONAMIENTO 3. PROYECTO DE GESTI\u00d3N 4. Anexo III. Plan de atenci\u00f3n a la diversidad 5. ANEXO IV. Plan de Convivencia 6. Anexo V. Plan de formaci\u00f3n del profesorado 7. Anexo VI. Plan de Evaluaci\u00f3n Interna 8. ANEXO VII. Plan de Actuaci\u00f3n del Programa Biling\u00fce 9. ANEXO &hellip; <\/p>\n<p class=\"link-more\"><a href=\"https:\/\/blogsaverroes.juntadeandalucia.es\/ceipvalverdeyperales\/plan-de-centro\/\" class=\"more-link\">Continuar leyendo<span class=\"screen-reader-text\"> \u00abPLAN DE CENTRO\u00bb<\/span><\/a><\/p>\n","protected":false},"author":7147,"featured_media":0,"parent":0,"menu_order":0,"comment_status":"closed","ping_status":"closed","template":"","meta":{"ngg_post_thumbnail":0,"footnotes":""},"aioseo_notices":[],"_links":{"self":[{"href":"https:\/\/blogsaverroes.juntadeandalucia.es\/ceipvalverdeyperales\/wp-json\/wp\/v2\/pages\/855"}],"collection":[{"href":"https:\/\/blogsaverroes.juntadeandalucia.es\/ceipvalverdeyperales\/wp-json\/wp\/v2\/pages"}],"about":[{"href":"https:\/\/blogsaverroes.juntadeandalucia.es\/ceipvalverdeyperales\/wp-json\/wp\/v2\/types\/page"}],"author":[{"embeddable":true,"href":"https:\/\/blogsaverroes.juntadeandalucia.es\/ceipvalverdeyperales\/wp-json\/wp\/v2\/users\/7147"}],"replies":[{"embeddable":true,"href":"https:\/\/blogsaverroes.juntadeandalucia.es\/ceipvalverdeyperales\/wp-json\/wp\/v2\/comments?post=855"}],"version-history":[{"count":9,"href":"https:\/\/blogsaverroes.juntadeandalucia.es\/ceipvalverdeyperales\/wp-json\/wp\/v2\/pages\/855\/revisions"}],"predecessor-version":[{"id":2775,"href":"https:\/\/blogsaverroes.juntadeandalucia.es\/ceipvalverdeyperales\/wp-json\/wp\/v2\/pages\/855\/revisions\/2775"}],"wp:attachment":[{"href":"https:\/\/blogsaverroes.juntadeandalucia.es\/ceipvalverdeyperales\/wp-json\/wp\/v2\/media?parent=855"}],"curies":[{"name":"wp","href":"https:\/\/api.w.org\/{rel}","templated":true}]}}