{"id":87,"date":"2019-02-14T13:27:14","date_gmt":"2019-02-14T13:27:14","guid":{"rendered":"https:\/\/blogsaverroes.juntadeandalucia.es\/ceipvalverdeyperales\/?page_id=87"},"modified":"2019-03-26T11:27:17","modified_gmt":"2019-03-26T11:27:17","slug":"ed-primaria-2o-ciclo","status":"publish","type":"page","link":"https:\/\/blogsaverroes.juntadeandalucia.es\/ceipvalverdeyperales\/ed-primaria-2o-ciclo\/","title":{"rendered":"Ed. Primaria 2\u00ba Ciclo"},"content":{"rendered":"<table border=\"1\" align=\"left\">\n<tbody>\n<tr style=\"height: 24px\">\n<td style=\"height: 24px\">ASIGNATURAS<\/td>\n<td style=\"height: 24px;text-align: center\">PROGRAMACIONES<\/td>\n<\/tr>\n<tr style=\"height: 24px\">\n<td style=\"height: 24px\">Ciencias de la Naturaleza<\/td>\n<td style=\"height: 24px\">\n<div class=\"filename\"><a href=\"https:\/\/blogsaverroes.juntadeandalucia.es\/ceipvalverdeyperales\/files\/2019\/03\/Prog_Did_CNaturaleza_Ciclo2_EP_1516-TT.pdf\" target=\"_blank\" rel=\"noopener\">Prog_Did_CNaturaleza_Ciclo2_EP.pdf<\/a><\/div>\n<\/td>\n<\/tr>\n<tr style=\"height: 24px\">\n<td style=\"height: 24px\">Ciencias Sociales<\/td>\n<td style=\"height: 24px\">\n<div class=\"filename\"><a href=\"https:\/\/blogsaverroes.juntadeandalucia.es\/ceipvalverdeyperales\/files\/2019\/03\/Prog_Did_CSociales_Ciclo2_EP_1516-TT.pdf\" target=\"_blank\" rel=\"noopener\">Prog_Did_CSociales_Ciclo2_EP.pdf<\/a><\/div>\n<\/td>\n<\/tr>\n<tr style=\"height: 24px\">\n<td style=\"height: 24px\">Educaci\u00f3n Art\u00edstica<\/td>\n<td style=\"height: 24px\">\n<div class=\"filename\"><a href=\"https:\/\/blogsaverroes.juntadeandalucia.es\/ceipvalverdeyperales\/files\/2019\/03\/Prog_Did_EA_Ciclo2_EP_1516-TT.pdf\" target=\"_blank\" rel=\"noopener\">Prog_Did_EA_Ciclo2_EP.pdf<\/a><\/div>\n<\/td>\n<\/tr>\n<tr style=\"height: 24px\">\n<td style=\"height: 24px\">Educaci\u00f3n F\u00edsica<\/td>\n<td style=\"height: 24px\">\n<div class=\"filename\"><a href=\"https:\/\/blogsaverroes.juntadeandalucia.es\/ceipvalverdeyperales\/files\/2019\/03\/Prog_Did_EF_Ciclo2_EP_1516-TT.pdf\" target=\"_blank\" rel=\"noopener\">Prog_Did_EF_Ciclo2_EP.pdf<\/a><\/div>\n<\/td>\n<\/tr>\n<tr style=\"height: 24px\">\n<td style=\"height: 24px\">Ingl\u00e9s<\/td>\n<td style=\"height: 24px\">\n<div class=\"filename\"><a href=\"https:\/\/blogsaverroes.juntadeandalucia.es\/ceipvalverdeyperales\/files\/2019\/03\/Prog_Did_Ingles_Ciclo2_EP_1516-TT.pdf\" target=\"_blank\" rel=\"noopener\">Prog_Did_Ingles_Ciclo2_EP.pdf<\/a><\/div>\n<\/td>\n<\/tr>\n<tr style=\"height: 24px\">\n<td style=\"height: 24px\">Lengua Castellana<\/td>\n<td style=\"height: 24px\">\n<div class=\"filename\"><a href=\"https:\/\/blogsaverroes.juntadeandalucia.es\/ceipvalverdeyperales\/files\/2019\/03\/Prog_Did_Lengua_Ciclo2_EP_1516-TT.pdf\" target=\"_blank\" rel=\"noopener\">Prog_Did_Lengua_Ciclo2_EP.pdf<\/a><\/div>\n<\/td>\n<\/tr>\n<tr style=\"height: 24px\">\n<td style=\"height: 24px\">Matem\u00e1ticas<\/td>\n<td style=\"height: 24px\">\n<div class=\"filename\"><a href=\"https:\/\/blogsaverroes.juntadeandalucia.es\/ceipvalverdeyperales\/files\/2019\/03\/Prog_Did_Matematicas_Ciclo2_EP_1516-TT.pdf\" target=\"_blank\" rel=\"noopener\">Prog_Did_Matematicas_Ciclo2_EP.pdf<\/a><\/div>\n<\/td>\n<\/tr>\n<\/tbody>\n<\/table>\n","protected":false},"excerpt":{"rendered":"<p>ASIGNATURAS PROGRAMACIONES Ciencias de la Naturaleza Prog_Did_CNaturaleza_Ciclo2_EP.pdf Ciencias Sociales Prog_Did_CSociales_Ciclo2_EP.pdf Educaci\u00f3n Art\u00edstica Prog_Did_EA_Ciclo2_EP.pdf Educaci\u00f3n F\u00edsica Prog_Did_EF_Ciclo2_EP.pdf Ingl\u00e9s Prog_Did_Ingles_Ciclo2_EP.pdf Lengua Castellana Prog_Did_Lengua_Ciclo2_EP.pdf Matem\u00e1ticas Prog_Did_Matematicas_Ciclo2_EP.pdf<\/p>\n","protected":false},"author":7147,"featured_media":0,"parent":0,"menu_order":0,"comment_status":"closed","ping_status":"closed","template":"","meta":{"ngg_post_thumbnail":0,"footnotes":""},"aioseo_notices":[],"_links":{"self":[{"href":"https:\/\/blogsaverroes.juntadeandalucia.es\/ceipvalverdeyperales\/wp-json\/wp\/v2\/pages\/87"}],"collection":[{"href":"https:\/\/blogsaverroes.juntadeandalucia.es\/ceipvalverdeyperales\/wp-json\/wp\/v2\/pages"}],"about":[{"href":"https:\/\/blogsaverroes.juntadeandalucia.es\/ceipvalverdeyperales\/wp-json\/wp\/v2\/types\/page"}],"author":[{"embeddable":true,"href":"https:\/\/blogsaverroes.juntadeandalucia.es\/ceipvalverdeyperales\/wp-json\/wp\/v2\/users\/7147"}],"replies":[{"embeddable":true,"href":"https:\/\/blogsaverroes.juntadeandalucia.es\/ceipvalverdeyperales\/wp-json\/wp\/v2\/comments?post=87"}],"version-history":[{"count":4,"href":"https:\/\/blogsaverroes.juntadeandalucia.es\/ceipvalverdeyperales\/wp-json\/wp\/v2\/pages\/87\/revisions"}],"predecessor-version":[{"id":643,"href":"https:\/\/blogsaverroes.juntadeandalucia.es\/ceipvalverdeyperales\/wp-json\/wp\/v2\/pages\/87\/revisions\/643"}],"wp:attachment":[{"href":"https:\/\/blogsaverroes.juntadeandalucia.es\/ceipvalverdeyperales\/wp-json\/wp\/v2\/media?parent=87"}],"curies":[{"name":"wp","href":"https:\/\/api.w.org\/{rel}","templated":true}]}}