{"id":89,"date":"2019-02-14T13:27:29","date_gmt":"2019-02-14T13:27:29","guid":{"rendered":"https:\/\/blogsaverroes.juntadeandalucia.es\/ceipvalverdeyperales\/?page_id=89"},"modified":"2019-03-26T11:28:07","modified_gmt":"2019-03-26T11:28:07","slug":"ed-primaria-3o-ciclo","status":"publish","type":"page","link":"https:\/\/blogsaverroes.juntadeandalucia.es\/ceipvalverdeyperales\/ed-primaria-3o-ciclo\/","title":{"rendered":"Ed. Primaria 3\u00ba Ciclo"},"content":{"rendered":"<table style=\"width: 656px\" border=\"1\" align=\"left\">\n<tbody>\n<tr>\n<td style=\"width: 388px\">ASIGNATURAS<\/td>\n<td style=\"width: 254px;text-align: center\">PROGRAMACIONES<\/td>\n<\/tr>\n<tr>\n<td style=\"width: 388px\">Ciencias de la Naturaleza<\/td>\n<td style=\"width: 254px\">\n<div class=\"filename\"><a href=\"https:\/\/blogsaverroes.juntadeandalucia.es\/ceipvalverdeyperales\/files\/2019\/03\/Prog_Did_CNaturaleza_Ciclo3_EP_1516-TT.pdf\" target=\"_blank\" rel=\"noopener\">Prog_Did_CNaturaleza_Ciclo3_EP.pdf<\/a><\/div>\n<\/td>\n<\/tr>\n<tr>\n<td style=\"width: 388px\">Ciencias Sociales<\/td>\n<td style=\"width: 254px\">\n<div class=\"filename\"><a href=\"https:\/\/blogsaverroes.juntadeandalucia.es\/ceipvalverdeyperales\/files\/2019\/03\/Prog_Did_CSociales_Ciclo3_EP_1516-TT.pdf\" target=\"_blank\" rel=\"noopener\">Prog_Did_CSociales_Ciclo3_EP.pdf<\/a><\/div>\n<\/td>\n<\/tr>\n<tr>\n<td style=\"width: 388px\">Educaci\u00f3n Art\u00edstica<\/td>\n<td style=\"width: 254px\">\n<div class=\"filename\"><a href=\"https:\/\/blogsaverroes.juntadeandalucia.es\/ceipvalverdeyperales\/files\/2019\/03\/Prog_Did_EA_Ciclo3_EP_1516-TT.pdf\" target=\"_blank\" rel=\"noopener\">Prog_Did_EA_Ciclo3_EP.pdf<\/a><\/div>\n<\/td>\n<\/tr>\n<tr>\n<td style=\"width: 388px\">Educaci\u00f3n F\u00edsica<\/td>\n<td style=\"width: 254px\">\n<div class=\"filename\"><a href=\"https:\/\/blogsaverroes.juntadeandalucia.es\/ceipvalverdeyperales\/files\/2019\/03\/Prog_Did_EF_Ciclo3_EP_1516-TT.pdf\" target=\"_blank\" rel=\"noopener\">Prog_Did_EF_Ciclo3_EP.pdf<\/a><\/div>\n<\/td>\n<\/tr>\n<tr>\n<td style=\"width: 388px\">Ingl\u00e9s<\/td>\n<td style=\"width: 254px\">\n<div class=\"filename\"><a href=\"https:\/\/blogsaverroes.juntadeandalucia.es\/ceipvalverdeyperales\/files\/2019\/03\/Prog_Did_Ingles_Ciclo3_EP_1516-TT.pdf\" target=\"_blank\" rel=\"noopener\">Prog_Did_Ingles_Ciclo3_EP.pdf<\/a><\/div>\n<\/td>\n<\/tr>\n<tr>\n<td style=\"width: 388px\">Lengua Castellana<\/td>\n<td style=\"width: 254px\">\n<div class=\"filename\"><a href=\"https:\/\/blogsaverroes.juntadeandalucia.es\/ceipvalverdeyperales\/files\/2019\/03\/Prog_Did_Lengua_Ciclo3_EP_1516-TT.pdf\" target=\"_blank\" rel=\"noopener\">Prog_Did_Lengua_Ciclo3_EP.pdf<\/a><\/div>\n<\/td>\n<\/tr>\n<tr>\n<td style=\"width: 388px\">Matem\u00e1ticas<\/td>\n<td style=\"width: 254px\">\n<div class=\"filename\"><a href=\"https:\/\/blogsaverroes.juntadeandalucia.es\/ceipvalverdeyperales\/files\/2019\/03\/Prog_Did_Matematicas_Ciclo3_EP_1516-TT.pdf\" target=\"_blank\" rel=\"noopener\">Prog_Did_Matematicas_Ciclo3_EP.pdf<\/a><\/div>\n<\/td>\n<\/tr>\n<tr>\n<td style=\"width: 388px\">EDUCACI\u00d3N PARA LA CIUDADAN\u00cdA Y DERECHOS HUMANOS<\/td>\n<td style=\"width: 254px\">\n<div class=\"filename\"><a href=\"https:\/\/blogsaverroes.juntadeandalucia.es\/ceipvalverdeyperales\/files\/2019\/03\/Prog_Did_ECDH_EP_1516-TT.pdf\" target=\"_blank\" rel=\"noopener\">Prog_Did_ECDH_EP.pdf<\/a><\/div>\n<\/td>\n<\/tr>\n<tr>\n<td style=\"width: 388px\">CULTURA Y PR\u00c1CTICA DIGITAL<\/td>\n<td style=\"width: 254px\">\n<div class=\"filename\"><a href=\"https:\/\/blogsaverroes.juntadeandalucia.es\/ceipvalverdeyperales\/files\/2019\/03\/Prog_Did_CPD_EP_1516-TT.pdf\" target=\"_blank\" rel=\"noopener\">Prog_Did_CPD_EP.pdf<\/a><\/div>\n<\/td>\n<\/tr>\n<\/tbody>\n<\/table>\n","protected":false},"excerpt":{"rendered":"<p>ASIGNATURAS PROGRAMACIONES Ciencias de la Naturaleza Prog_Did_CNaturaleza_Ciclo3_EP.pdf Ciencias Sociales Prog_Did_CSociales_Ciclo3_EP.pdf Educaci\u00f3n Art\u00edstica Prog_Did_EA_Ciclo3_EP.pdf Educaci\u00f3n F\u00edsica Prog_Did_EF_Ciclo3_EP.pdf Ingl\u00e9s Prog_Did_Ingles_Ciclo3_EP.pdf Lengua Castellana Prog_Did_Lengua_Ciclo3_EP.pdf Matem\u00e1ticas Prog_Did_Matematicas_Ciclo3_EP.pdf EDUCACI\u00d3N PARA LA CIUDADAN\u00cdA Y DERECHOS HUMANOS Prog_Did_ECDH_EP.pdf CULTURA Y PR\u00c1CTICA DIGITAL Prog_Did_CPD_EP.pdf<\/p>\n","protected":false},"author":7147,"featured_media":0,"parent":0,"menu_order":0,"comment_status":"closed","ping_status":"closed","template":"","meta":{"ngg_post_thumbnail":0,"footnotes":""},"aioseo_notices":[],"_links":{"self":[{"href":"https:\/\/blogsaverroes.juntadeandalucia.es\/ceipvalverdeyperales\/wp-json\/wp\/v2\/pages\/89"}],"collection":[{"href":"https:\/\/blogsaverroes.juntadeandalucia.es\/ceipvalverdeyperales\/wp-json\/wp\/v2\/pages"}],"about":[{"href":"https:\/\/blogsaverroes.juntadeandalucia.es\/ceipvalverdeyperales\/wp-json\/wp\/v2\/types\/page"}],"author":[{"embeddable":true,"href":"https:\/\/blogsaverroes.juntadeandalucia.es\/ceipvalverdeyperales\/wp-json\/wp\/v2\/users\/7147"}],"replies":[{"embeddable":true,"href":"https:\/\/blogsaverroes.juntadeandalucia.es\/ceipvalverdeyperales\/wp-json\/wp\/v2\/comments?post=89"}],"version-history":[{"count":4,"href":"https:\/\/blogsaverroes.juntadeandalucia.es\/ceipvalverdeyperales\/wp-json\/wp\/v2\/pages\/89\/revisions"}],"predecessor-version":[{"id":644,"href":"https:\/\/blogsaverroes.juntadeandalucia.es\/ceipvalverdeyperales\/wp-json\/wp\/v2\/pages\/89\/revisions\/644"}],"wp:attachment":[{"href":"https:\/\/blogsaverroes.juntadeandalucia.es\/ceipvalverdeyperales\/wp-json\/wp\/v2\/media?parent=89"}],"curies":[{"name":"wp","href":"https:\/\/api.w.org\/{rel}","templated":true}]}}