{"id":1513,"date":"2023-04-11T13:08:42","date_gmt":"2023-04-11T11:08:42","guid":{"rendered":"https:\/\/blogsaverroes.juntadeandalucia.es\/ceipvaraderey\/?page_id=1513"},"modified":"2025-05-30T09:26:00","modified_gmt":"2025-05-30T07:26:00","slug":"matriculacion-2021-2022","status":"publish","type":"page","link":"https:\/\/blogsaverroes.juntadeandalucia.es\/ceipvaraderey\/matriculacion-2021-2022\/","title":{"rendered":"MATRICULACI\u00d3N 2025-2026"},"content":{"rendered":"<p>&nbsp;<strong>&nbsp; <\/strong><span style=\"color: #000000\"><strong><u>CURSO 2025\/2026<\/u><\/strong><\/span><\/p>\n<p><span style=\"color: #000000\"><strong>&nbsp;&nbsp;&nbsp;&nbsp;&nbsp;&nbsp; <\/strong><strong><u>&nbsp;<\/u><\/strong><strong><u>PROCESO DE MATR\u00cdCULACI\u00d3N:<\/u><\/strong><\/span><\/p>\n<p><span style=\"color: #000000\"><span style=\"color: #ff0000\"><strong><u>DEL 1 AL 09 DE JUNIO<\/u><\/strong><\/span><strong>: Matriculaci\u00f3n PARA TODO EL ALUMNADO: <\/strong><\/span><\/p>\n<p><span style=\"color: #000000\"><strong>&nbsp;Tr\u00e1mite tanto para el alumnado de nueva incorporaci\u00f3n como para los alumnos del centro.<\/strong><\/span><\/p>\n<p><span style=\"color: #000000\"><strong>&nbsp;<\/strong><\/span><span style=\"color: #000000\"><strong><u>FORMAS DE TRAMITACI\u00d3N:<\/u><\/strong><\/span><\/p>\n<ol>\n<li><span style=\"color: #000000\"><strong><u>Preferentemente <span style=\"color: #ff0000\">telem\u00e1tica<\/span> en la Secretar\u00eda virtual de la Junta de Andaluc\u00eda<\/u><\/strong><strong>.<\/strong><\/span><\/li>\n<\/ol>\n<p><span style=\"color: #000000\"><a href=\"https:\/\/www.juntadeandalucia.es\/educacion\/secretariavirtual\"><span style=\"color: #0000ff\"><strong>Enlace con la secretar\u00eda virtual<\/strong><\/span><\/a>.<\/span><\/p>\n<p><span style=\"color: #000000\"><strong>Acreditaci\u00f3n de acceso al tr\u00e1mite:<\/strong><\/span><\/p>\n<p><span style=\"color: #000000\">&nbsp;Podr\u00e1n acceder a la realizaci\u00f3n de los tr\u00e1mites mediante: clave iAnDe,&nbsp;<\/span><em><span style=\"color: #000000\">DNIe, &nbsp;&nbsp;&nbsp;&nbsp;&nbsp;&nbsp;&nbsp;&nbsp;&nbsp;&nbsp;&nbsp;&nbsp;&nbsp;&nbsp;&nbsp;&nbsp;&nbsp;&nbsp;&nbsp;&nbsp;&nbsp;&nbsp;&nbsp;&nbsp;&nbsp;&nbsp;&nbsp;&nbsp;&nbsp;Certificado Digital-FNMT,&nbsp;&nbsp; Cl@ve-PIN o Cl@ve-PERMANENTE<\/span> <\/em><\/p>\n<p><span style=\"color: #000000\"><strong><u>2. <span style=\"color: #ff0000;font-size: 12pt\">Excepcionalmente , tr\u00e1mite presencial en el centro en horario de 9:30 a 11:30.<\/span><\/u><\/strong><\/span><\/p>\n<p style=\"text-align: left\"><span style=\"color: #000000\"><strong>&nbsp;<\/strong><\/span><span style=\"color: #000000\"><strong>Importante : &nbsp;en caso de no cursar el \u00e1rea de Religi\u00f3n,<\/strong><\/span><span style=\"color: #000000\"><strong> deber\u00e1n se\u00f1alar la opci\u00f3n ATENCI\u00d3N EDUCATIVA,&nbsp; nueva denominaci\u00f3n del \u00e1rea alternativa a Relig\u00ed\u00f3n.<\/strong><\/span><\/p>\n<p><span style=\"color: #000000\"><strong>&nbsp;<\/strong><\/span><span style=\"color: #000000\"><strong>Junto con la matr\u00edcula deber\u00e1n cumplimentar un cuestionario del Fondo Social Europeo como novedad en este curso.<\/strong><\/span><\/p>\n<p><span style=\"color: #000000\"><strong>Los impresos para el tr\u00e1mite presencial:<br \/>\n<\/strong><\/span><\/p>\n<p><a href=\"https:\/\/portales.ced.junta-andalucia.es\/educacion\/portales\/documents\/100629\/669355\/cuestionario%20de%20Fondo%20Social%20Europeo.pdf\/10e4f195-f738-3093-b621-a5e7340dde92?version=1.0\"><span style=\"color: #0000ff\"><strong>Cuestionario de Ejecuci\u00f3n del Fondo Social Europeo<\/strong><\/span><\/a><\/p>\n<p><a href=\"https:\/\/www.juntadeandalucia.es\/educacion\/portales\/documents\/100629\/669349\/4_Anexo%20IV_002536_4.pdf\/2857e311-abaf-10f1-c03a-b980ff594de5?version=1.0\"><span style=\"color: #0000ff\"><strong>Anexo IV&nbsp;&nbsp; Impreso matricula infantil<\/strong><\/span><\/a><\/p>\n<p><a href=\"https:\/\/www.juntadeandalucia.es\/educacion\/portales\/documents\/100629\/669349\/5_Anexo%20V_002537_4.pdf\/acd7344a-e127-4e2c-5be7-b1f12b0a07c2?version=1.1\"><span style=\"color: #0000ff\"><strong>Anexo V&nbsp; Impreso matricula primaria<\/strong><\/span><\/a><\/p>\n<p><a href=\"https:\/\/portales.ced.junta-andalucia.es\/educacion\/portales\/documents\/100629\/669355\/anexo%20religion.pdf\/4146c27f-8acf-d170-3e38-aa5715dbe1c7?version=1.0\"><span style=\"color: #0000ff\"><strong>Anexo I&nbsp;&nbsp; Impreso<span style=\"color: #0000ff\"> Religi\u00f3n<\/span><\/strong><\/span><\/a><\/p>\n<p><span style=\"color: #0000ff\"><strong><a href=\"https:\/\/portales.ced.junta-andalucia.es\/educacion\/portales\/documents\/100629\/669355\/Consentimiento%20Informado.pdf\/e28544ee-c8d9-6f78-ec8c-2f450918cd5c?version=1.1\"><span style=\"color: #0000ff\"> Impreso autorizaci\u00f3n de im\u00e1genes<\/span><\/a> <\/strong><\/span><\/p>\n<p><a href=\"https:\/\/portales.ced.junta-andalucia.es\/educacion\/portales\/documents\/100629\/669355\/Cuestionario%20de%20conexto.pdf\/beca22a0-c75f-e06f-5996-635f1b999e83?version=1.1\"><span style=\"color: #0000ff\"><span style=\"color: #0000ff\"><strong>C<\/strong><\/span><strong>uestionario para primer ciclo de Infantil (3 a\u00f1os)<\/strong><\/span><\/a><\/p>\n<p><strong><span style=\"color: #000000\">________________________________________________________________________<\/span><\/strong><\/p>\n<p><strong><u>&nbsp;<span style=\"color: #000000\">SOLICITUD DE SERVICIOS COMPLEMENTARIOS:<\/span><\/u><\/strong><\/p>\n<p><a href=\"https:\/\/blogsaverroes.juntadeandalucia.es\/ceipvaraderey\/files\/2024\/05\/Anexo-servicios-complementarios-Aula-matinal-comedor-extraescolares.pdf\"><span style=\"color: #0000ff\"><strong>Anexo II &nbsp; Impreso servicios complementarios Aula Matinal, Comedor o Actividades Extraescolares<\/strong><\/span><\/a><\/p>\n<p><strong><a href=\"https:\/\/blogsaverroes.juntadeandalucia.es\/ceipvaraderey\/files\/2024\/05\/Solicitud-Gratuidad_Bonificaciones.pdf\"><span style=\"color: #0000ff\">Anexo V Solicitud Gratuidad_Bonificaci\u00f3n<\/span><\/a><span style=\"color: #ff0000\"> (presentar del 1 al 9 de septiembre)<\/span><\/strong><\/p>\n<p><strong><a href=\"https:\/\/blogsaverroes.juntadeandalucia.es\/ceipvaraderey\/files\/2023\/04\/Baja-en-la-extraescolares.pdf\"><span style=\"color: #0000ff\">Impreso de baja en los servicios complementarios<\/span><\/a><\/strong><\/p>\n<p><span style=\"color: #000000\"><strong><u>&nbsp;AULA &nbsp;MATINAL, COMEDOR, ACTIVIDADES EXTRAESCOLARES.<\/u><\/strong><\/span><\/p>\n<p><span style=\"color: #ff0000\"><strong>Se deber\u00e1 realizar conjuntamente con la matr\u00edcula siguiendo el mismo<\/strong><\/span><\/p>\n<p><span style=\"color: #ff0000\"><strong>procedimiento y ser\u00e1 imprescindible acreditar la situaci\u00f3n familiar.<\/strong><\/span><\/p>\n<p><strong>&nbsp;<\/strong><\/p>\n<p><span style=\"color: #000000\"><strong><u>ACREDITACI\u00d3N DE LAS SITUACIONES FAMILIARES<\/u><\/strong><\/span><\/p>\n<p><span style=\"color: #000000\"><strong>La documentaci\u00f3n necesaria para la acreditaci\u00f3n de la situaci\u00f3n laboral, empresarial&nbsp; o de estudios oficiales &nbsp;ser\u00e1 la siguiente:<\/strong><\/span><\/p>\n<p><span style=\"color: #ff0000\"><strong>a) <u><strong>Tra<\/strong>bajadores por cuenta ajena:<\/u><\/strong><\/span><\/p>\n<ul>\n<li><span style=\"color: #ff0000\"><strong><u>Informe de Vida Laboral <\/u><\/strong><\/span><\/li>\n<li><span style=\"color: #ff0000\"><strong><u>Certificaci\u00f3n de la duraci\u00f3n de la jornada laboral y horario de trabajo.<\/u><\/strong><\/span><\/li>\n<\/ul>\n<p><span style=\"color: #339966\"><strong><u>b) Aut\u00f3nomos: &nbsp;<\/u><\/strong><\/span><\/p>\n<ul>\n<li><span style=\"color: #339966\"><strong><u>Certificaci\u00f3n de alta en el IAE o alta en el censo de empresarios o copia autenticada de la licencia de apertura o alta en la S. Social.<\/u><\/strong><\/span><\/li>\n<li><span style=\"color: #339966\"><strong><u>Declaraci\u00f3n responsable del horario de la actividad.<\/u><\/strong><\/span><\/li>\n<\/ul>\n<p><span style=\"color: #003366\"><strong><u>c) Funcionarios: <\/u><\/strong><\/span><\/p>\n<ul>\n<li><span style=\"color: #003366\"><strong><u>Certificaci\u00f3n de la unidad de personal haciendo constar la duraci\u00f3n de la jornada laboral y el horario de trabajo.<\/u><\/strong><\/span><\/li>\n<\/ul>\n<p><span style=\"color: #ff9900\"><strong><u>c) Estudios oficiales :Certificaci\u00f3n actual de estudios y horario. <\/u><\/strong><\/span><\/p>\n<p><span style=\"color: #000000\">Para cualquier consulta, pueden hacerlo a trav\u00e9s de los&nbsp; tel\u00e9fonos que figuran en la parte inferior.<\/span><\/p>\n<p style=\"text-align: center\"><span style=\"color: #000000\">41004320.matriculacion.edu@juntadeandalucia.es<strong><br \/>\n<\/strong><\/span><\/p>\n<p style=\"text-align: center\"><span style=\"color: #000000\">secretaria@colegiovaraderey.es<\/span><\/p>\n<p style=\"text-align: center\"><span style=\"color: #000000\">Tfn:954450598-671539672-671592467<\/span><\/p>\n<p>&nbsp;<\/p>\n<p>&nbsp;<\/p>\n<p>&nbsp;<\/p>\n<p>&nbsp;<\/p>\n","protected":false},"excerpt":{"rendered":"<p>&nbsp;&nbsp; CURSO 2025\/2026 &nbsp;&nbsp;&nbsp;&nbsp;&nbsp;&nbsp; &nbsp;PROCESO DE MATR\u00cdCULACI\u00d3N: DEL 1 AL 09 DE JUNIO: Matriculaci\u00f3n PARA TODO EL ALUMNADO: &nbsp;Tr\u00e1mite tanto para el alumnado de nueva incorporaci\u00f3n como para los alumnos del centro. &nbsp;FORMAS DE TRAMITACI\u00d3N: Preferentemente telem\u00e1tica en la Secretar\u00eda virtual de la Junta de Andaluc\u00eda. Enlace con la secretar\u00eda virtual. Acreditaci\u00f3n de acceso al [&hellip;]<\/p>\n","protected":false},"author":12576,"featured_media":0,"parent":0,"menu_order":0,"comment_status":"closed","ping_status":"closed","template":"","meta":{"_et_pb_use_builder":"off","_et_pb_old_content":"","_et_gb_content_width":"","ngg_post_thumbnail":0,"footnotes":""},"aioseo_notices":[],"_links":{"self":[{"href":"https:\/\/blogsaverroes.juntadeandalucia.es\/ceipvaraderey\/wp-json\/wp\/v2\/pages\/1513"}],"collection":[{"href":"https:\/\/blogsaverroes.juntadeandalucia.es\/ceipvaraderey\/wp-json\/wp\/v2\/pages"}],"about":[{"href":"https:\/\/blogsaverroes.juntadeandalucia.es\/ceipvaraderey\/wp-json\/wp\/v2\/types\/page"}],"author":[{"embeddable":true,"href":"https:\/\/blogsaverroes.juntadeandalucia.es\/ceipvaraderey\/wp-json\/wp\/v2\/users\/12576"}],"replies":[{"embeddable":true,"href":"https:\/\/blogsaverroes.juntadeandalucia.es\/ceipvaraderey\/wp-json\/wp\/v2\/comments?post=1513"}],"version-history":[{"count":91,"href":"https:\/\/blogsaverroes.juntadeandalucia.es\/ceipvaraderey\/wp-json\/wp\/v2\/pages\/1513\/revisions"}],"predecessor-version":[{"id":3191,"href":"https:\/\/blogsaverroes.juntadeandalucia.es\/ceipvaraderey\/wp-json\/wp\/v2\/pages\/1513\/revisions\/3191"}],"wp:attachment":[{"href":"https:\/\/blogsaverroes.juntadeandalucia.es\/ceipvaraderey\/wp-json\/wp\/v2\/media?parent=1513"}],"curies":[{"name":"wp","href":"https:\/\/api.w.org\/{rel}","templated":true}]}}