{"id":1073,"date":"2023-03-24T12:48:54","date_gmt":"2023-03-24T11:48:54","guid":{"rendered":"https:\/\/blogsaverroes.juntadeandalucia.es\/ceipveintiochodefebrero\/?page_id=1073"},"modified":"2024-11-08T11:27:35","modified_gmt":"2024-11-08T10:27:35","slug":"bienvenida","status":"publish","type":"page","link":"https:\/\/blogsaverroes.juntadeandalucia.es\/ceipveintiochodefebrero\/bienvenida\/","title":{"rendered":"Bienvenida"},"content":{"rendered":"<h1>Bienvenidos a la p\u00e1gina web del C.E.I.P. &#8220;Veintiocho de Febrero&#8221; de Hu\u00e9rcal de Almer\u00eda (ALMER\u00cdA)<\/h1>\n<blockquote><p>&nbsp;<\/p>\n<p>Esta p\u00e1gina web tiene como finalidad mostrar a toda la comunidad escolar en general, y a los padres y madres en particular, la realidad de nuestro colegio, el colegio donde estudian, juegan, crecen y aprenden vuestros hijos e hijas.<\/p><\/blockquote>\n<p>&nbsp;<\/p>\n<p>Con esta p\u00e1gina web pretendemos acercaros al d\u00eda d\u00eda de nuestro Centro, inform\u00e1ndoos de todo aquello que es necesario que conozc\u00e1is; los profesionales que trabajan en \u00e9l, los documentos que lo estructuran, los derechos que os asisten y los deberes que como responsables de la educaci\u00f3n de vuestros hijos e hijas deb\u00e9is cumplir; los proyectos y programas de los que se benefician los alumnos\/as, y todas las normas e informaciones que es preciso que sep\u00e1is, para que est\u00e9is m\u00e1s cerca del colegio.<\/p>\n<p>&nbsp;<\/p>\n<p><strong>Direcci\u00f3n:<\/strong><\/p>\n<p>Avda. Veintiocho de febrero, s\/n<\/p>\n<p>04230 Hu\u00e9rcal de Almer\u00eda (Almer\u00eda)<\/p>\n<p><a href=\"https:\/\/goo.gl\/maps\/6wGfTpYYcLcdWtmb6\"><strong>Toca aqu\u00ed para ver la localizaci\u00f3n de nuestro centro en google maps<\/strong><\/a><\/p>\n<p><strong>Contacto:<\/strong><\/p>\n<p>Telefono: 950 156 503 &#8211; 671 530 717<\/p>\n<p>Fax: 950 156 505<\/p>\n<p>Correo electr\u00f3nico:&nbsp;<span id=\"cloak88152\"><a href=\"mailto:04005582.edu@juntadeandalucia.es\">04005582.edu@juntadeandalucia.es<\/a><\/span><\/p>\n","protected":false},"excerpt":{"rendered":"<p>Bienvenidos a la p\u00e1gina web del C.E.I.P. &#8220;Veintiocho de Febrero&#8221; de Hu\u00e9rcal de Almer\u00eda (ALMER\u00cdA) &nbsp; Esta p\u00e1gina web tiene como finalidad mostrar a toda la comunidad escolar en general, y a los padres y madres en particular, la realidad de nuestro colegio, el colegio donde estudian, juegan, crecen y aprenden vuestros hijos e hijas. [&hellip;]<\/p>\n","protected":false},"author":15861,"featured_media":0,"parent":0,"menu_order":0,"comment_status":"closed","ping_status":"closed","template":"","meta":{"_et_pb_use_builder":"","_et_pb_old_content":"","_et_gb_content_width":"","ngg_post_thumbnail":0,"footnotes":""},"aioseo_notices":[],"_links":{"self":[{"href":"https:\/\/blogsaverroes.juntadeandalucia.es\/ceipveintiochodefebrero\/wp-json\/wp\/v2\/pages\/1073"}],"collection":[{"href":"https:\/\/blogsaverroes.juntadeandalucia.es\/ceipveintiochodefebrero\/wp-json\/wp\/v2\/pages"}],"about":[{"href":"https:\/\/blogsaverroes.juntadeandalucia.es\/ceipveintiochodefebrero\/wp-json\/wp\/v2\/types\/page"}],"author":[{"embeddable":true,"href":"https:\/\/blogsaverroes.juntadeandalucia.es\/ceipveintiochodefebrero\/wp-json\/wp\/v2\/users\/15861"}],"replies":[{"embeddable":true,"href":"https:\/\/blogsaverroes.juntadeandalucia.es\/ceipveintiochodefebrero\/wp-json\/wp\/v2\/comments?post=1073"}],"version-history":[{"count":4,"href":"https:\/\/blogsaverroes.juntadeandalucia.es\/ceipveintiochodefebrero\/wp-json\/wp\/v2\/pages\/1073\/revisions"}],"predecessor-version":[{"id":1200,"href":"https:\/\/blogsaverroes.juntadeandalucia.es\/ceipveintiochodefebrero\/wp-json\/wp\/v2\/pages\/1073\/revisions\/1200"}],"wp:attachment":[{"href":"https:\/\/blogsaverroes.juntadeandalucia.es\/ceipveintiochodefebrero\/wp-json\/wp\/v2\/media?parent=1073"}],"curies":[{"name":"wp","href":"https:\/\/api.w.org\/{rel}","templated":true}]}}