{"id":1124,"date":"2023-03-24T13:05:51","date_gmt":"2023-03-24T12:05:51","guid":{"rendered":"https:\/\/blogsaverroes.juntadeandalucia.es\/ceipveintiochodefebrero\/?page_id=1124"},"modified":"2024-11-08T11:10:10","modified_gmt":"2024-11-08T10:10:10","slug":"solicitudes","status":"publish","type":"page","link":"https:\/\/blogsaverroes.juntadeandalucia.es\/ceipveintiochodefebrero\/solicitudes\/","title":{"rendered":"Solicitudes"},"content":{"rendered":"<div>IMPRESOS<\/div>\n<p><a href=\"https:\/\/www.juntadeandalucia.es\/educacion\/portales\/documents\/100629\/260390\/ANEXO%20III\/32e8b71e-dd03-87ba-4354-c7809d60c1cf?version=3.0\">Solicitud de admisi\u00f3n<\/a>&nbsp;(del 1 al 31 de marzo).<\/p>\n<p><a href=\"https:\/\/www.juntadeandalucia.es\/educacion\/portales\/documents\/100629\/260395\/02.%20ANEXO%20V\/25d3391c-58ef-0a40-9681-f13e0842e608?version=1.2\">Solicitud de matr\u00edcula<\/a>&nbsp;(del 1 al 8 de junio).<\/p>\n<p>&nbsp;<\/p>\n<p><a href=\"http:\/\/www.ceipveintiochodefebrero.es\/images\/Documentos\/inscrip_pf.pdf\" target=\"_blank\" rel=\"noopener noreferrer\">Solicitudes Plan familias<\/a>&nbsp;(Aula matinal, comedor y actividades extraescolares)<\/p>\n<p><a href=\"http:\/\/www.ceipveintiochodefebrero.es\/images\/Documentos\/Anexo_V_120726.pdf\" target=\"_blank\" rel=\"noopener noreferrer\">Solicitudes de bonificaci\u00f3n Plan familias<\/a>&nbsp;(Aula matinal, comedor y actividades extraescolares)<\/p>\n<p>&nbsp;<\/p>\n<ul>\n<li class=\"small\"><strong>Legislaci\u00f3n aplicable:<\/strong>&nbsp;<a href=\"http:\/\/www.ceipveintiochodefebrero.es\/images\/Documentos\/ORDEN%203%20DE%20AGOSTO%202010.pdf\" target=\"_blank\" rel=\"noopener noreferrer\">ORDEN de 3 de agosto de 2010, por la que se regulan los servicios complementarios de la ense\u00f1anza de aula matinal, comedor escolar y actividades extraescolares en los centros docentes p\u00fablicos, as\u00ed como la ampliaci\u00f3n de horario<\/a>.<\/li>\n<\/ul>\n","protected":false},"excerpt":{"rendered":"<p>IMPRESOS Solicitud de admisi\u00f3n&nbsp;(del 1 al 31 de marzo). Solicitud de matr\u00edcula&nbsp;(del 1 al 8 de junio). &nbsp; Solicitudes Plan familias&nbsp;(Aula matinal, comedor y actividades extraescolares) Solicitudes de bonificaci\u00f3n Plan familias&nbsp;(Aula matinal, comedor y actividades extraescolares) &nbsp; Legislaci\u00f3n aplicable:&nbsp;ORDEN de 3 de agosto de 2010, por la que se regulan los servicios complementarios de la [&hellip;]<\/p>\n","protected":false},"author":15861,"featured_media":0,"parent":0,"menu_order":0,"comment_status":"closed","ping_status":"closed","template":"","meta":{"_et_pb_use_builder":"","_et_pb_old_content":"","_et_gb_content_width":"","ngg_post_thumbnail":0,"footnotes":""},"aioseo_notices":[],"_links":{"self":[{"href":"https:\/\/blogsaverroes.juntadeandalucia.es\/ceipveintiochodefebrero\/wp-json\/wp\/v2\/pages\/1124"}],"collection":[{"href":"https:\/\/blogsaverroes.juntadeandalucia.es\/ceipveintiochodefebrero\/wp-json\/wp\/v2\/pages"}],"about":[{"href":"https:\/\/blogsaverroes.juntadeandalucia.es\/ceipveintiochodefebrero\/wp-json\/wp\/v2\/types\/page"}],"author":[{"embeddable":true,"href":"https:\/\/blogsaverroes.juntadeandalucia.es\/ceipveintiochodefebrero\/wp-json\/wp\/v2\/users\/15861"}],"replies":[{"embeddable":true,"href":"https:\/\/blogsaverroes.juntadeandalucia.es\/ceipveintiochodefebrero\/wp-json\/wp\/v2\/comments?post=1124"}],"version-history":[{"count":3,"href":"https:\/\/blogsaverroes.juntadeandalucia.es\/ceipveintiochodefebrero\/wp-json\/wp\/v2\/pages\/1124\/revisions"}],"predecessor-version":[{"id":1222,"href":"https:\/\/blogsaverroes.juntadeandalucia.es\/ceipveintiochodefebrero\/wp-json\/wp\/v2\/pages\/1124\/revisions\/1222"}],"wp:attachment":[{"href":"https:\/\/blogsaverroes.juntadeandalucia.es\/ceipveintiochodefebrero\/wp-json\/wp\/v2\/media?parent=1124"}],"curies":[{"name":"wp","href":"https:\/\/api.w.org\/{rel}","templated":true}]}}