{"id":1141,"date":"2023-03-24T13:06:54","date_gmt":"2023-03-24T12:06:54","guid":{"rendered":"https:\/\/blogsaverroes.juntadeandalucia.es\/ceipveintiochodefebrero\/?page_id=1141"},"modified":"2024-11-08T11:27:57","modified_gmt":"2024-11-08T10:27:57","slug":"ampa-2","status":"publish","type":"page","link":"https:\/\/blogsaverroes.juntadeandalucia.es\/ceipveintiochodefebrero\/ampa-2\/","title":{"rendered":"AMPA"},"content":{"rendered":"<p><img loading=\"lazy\" decoding=\"async\" class=\"size-medium wp-image-1167 aligncenter\" src=\"https:\/\/blogsaverroes.juntadeandalucia.es\/ceipveintiochodefebrero\/files\/2023\/03\/processed-554838a8-eacc-42ad-8cee-7711516d3b95_bhLjcZvP1-300x255.jpeg\" alt=\"\" width=\"300\" height=\"255\"><\/p>\n<p><span class=\"x193iq5w xeuugli x13faqbe x1vvkbs x10flsy6 x1lliihq x1s928wv xhkezso x1gmr53x x1cpjm7i x1fgarty x1943h6x x4zkp8e x41vudc x6prxxf xvq8zen xo1l8bm xzsf02u\" dir=\"auto\">Asociaci\u00f3n de Madres y Padres de alumnos del CEIP 28 de Febrero &#8211; Hu\u00e9rcal de Almer\u00eda <\/span><\/p>\n<p>Horario de atenci\u00f3n a las familias de Lunes a Viernes de 9 a 9:30<\/p>\n<div class=\"x9f619 x1n2onr6 x1ja2u2z x78zum5 x2lah0s x1nhvcw1 x1qjc9v5 xozqiw3 x1q0g3np xyamay9 xykv574 xbmpl8g x4cne27 xifccgj\">\n<div class=\"x9f619 x1n2onr6 x1ja2u2z x78zum5 xdt5ytf x193iq5w xeuugli x1r8uery x1iyjqo2 xs83m0k xamitd3 xsyo7zv x16hj40l x10b6aqq x1yrsyyn\">\n<div class=\"x78zum5 xdt5ytf xz62fqu x16ldp7u\">\n<div class=\"xu06os2 x1ok221b\"><span class=\"x193iq5w xeuugli x13faqbe x1vvkbs x10flsy6 x1lliihq x1s928wv xhkezso x1gmr53x x1cpjm7i x1fgarty x1943h6x x4zkp8e x41vudc x6prxxf xvq8zen xo1l8bm xzsf02u x1yc453h\" dir=\"auto\">Tel\u00e9fono de contacto: 623 06 23 65<\/span><\/div>\n<\/div>\n<\/div>\n<\/div>\n<div class=\"x9f619 x1n2onr6 x1ja2u2z x78zum5 x2lah0s x1nhvcw1 x1qjc9v5 xozqiw3 x1q0g3np xyamay9 xykv574 xbmpl8g x4cne27 xifccgj\">\n<div class=\"xu06os2 x1ok221b\"><span class=\"x193iq5w xeuugli x13faqbe x1vvkbs x10flsy6 x1lliihq x1s928wv xhkezso x1gmr53x x1cpjm7i x1fgarty x1943h6x x4zkp8e x41vudc x6prxxf xvq8zen xo1l8bm xzsf02u x1yc453h\" dir=\"auto\">Direcci\u00f3n de correo electr\u00f3nico: ampamicoleel28@gmail.com<\/span><\/div>\n<div><a href=\"https:\/\/www.facebook.com\/ampamicoleel28\/?locale=es_ES\">Facebook<\/a><\/div>\n<\/div>\n","protected":false},"excerpt":{"rendered":"<p>Asociaci\u00f3n de Madres y Padres de alumnos del CEIP 28 de Febrero &#8211; Hu\u00e9rcal de Almer\u00eda Horario de atenci\u00f3n a las familias de Lunes a Viernes de 9 a 9:30 Tel\u00e9fono de contacto: 623 06 23 65 Direcci\u00f3n de correo electr\u00f3nico: ampamicoleel28@gmail.com Facebook<\/p>\n","protected":false},"author":15861,"featured_media":0,"parent":0,"menu_order":0,"comment_status":"closed","ping_status":"closed","template":"","meta":{"_et_pb_use_builder":"","_et_pb_old_content":"","_et_gb_content_width":"","ngg_post_thumbnail":0,"footnotes":""},"aioseo_notices":[],"_links":{"self":[{"href":"https:\/\/blogsaverroes.juntadeandalucia.es\/ceipveintiochodefebrero\/wp-json\/wp\/v2\/pages\/1141"}],"collection":[{"href":"https:\/\/blogsaverroes.juntadeandalucia.es\/ceipveintiochodefebrero\/wp-json\/wp\/v2\/pages"}],"about":[{"href":"https:\/\/blogsaverroes.juntadeandalucia.es\/ceipveintiochodefebrero\/wp-json\/wp\/v2\/types\/page"}],"author":[{"embeddable":true,"href":"https:\/\/blogsaverroes.juntadeandalucia.es\/ceipveintiochodefebrero\/wp-json\/wp\/v2\/users\/15861"}],"replies":[{"embeddable":true,"href":"https:\/\/blogsaverroes.juntadeandalucia.es\/ceipveintiochodefebrero\/wp-json\/wp\/v2\/comments?post=1141"}],"version-history":[{"count":3,"href":"https:\/\/blogsaverroes.juntadeandalucia.es\/ceipveintiochodefebrero\/wp-json\/wp\/v2\/pages\/1141\/revisions"}],"predecessor-version":[{"id":1173,"href":"https:\/\/blogsaverroes.juntadeandalucia.es\/ceipveintiochodefebrero\/wp-json\/wp\/v2\/pages\/1141\/revisions\/1173"}],"wp:attachment":[{"href":"https:\/\/blogsaverroes.juntadeandalucia.es\/ceipveintiochodefebrero\/wp-json\/wp\/v2\/media?parent=1141"}],"curies":[{"name":"wp","href":"https:\/\/api.w.org\/{rel}","templated":true}]}}