{"id":1251,"date":"2023-03-27T09:03:10","date_gmt":"2023-03-27T08:03:10","guid":{"rendered":"https:\/\/blogsaverroes.juntadeandalucia.es\/ceipveintiochodefebrero\/?page_id=1251"},"modified":"2023-03-28T09:05:14","modified_gmt":"2023-03-28T08:05:14","slug":"consejo-escolar","status":"publish","type":"page","link":"https:\/\/blogsaverroes.juntadeandalucia.es\/ceipveintiochodefebrero\/consejo-escolar\/","title":{"rendered":"Consejo Escolar"},"content":{"rendered":"<p><strong>EQUIPO DIRECTIVO:<\/strong><\/p>\n<p>Do\u00f1a Emelina Garc\u00eda S\u00e1nchez (Directora) &#8211;<strong>Presidenta del Consejo Escolar<\/strong>&#8211;<\/p>\n<p>Do\u00f1a Gema Mar\u00eda Vald\u00e9s Cano (Jefa de Estudios)<\/p>\n<p>Do\u00f1a Adelina Collado Vel\u00e1zquez (Secretaria)<\/p>\n<p><strong>PROFESORADO<\/strong><\/p>\n<p>Do\u00f1a Margarita Barroso Plaza<\/p>\n<p>Do\u00f1a Mar\u00eda Leocadia De Amo Fern\u00e1ndez<\/p>\n<p>Do\u00f1a Mar\u00eda de la Cruz Garc\u00eda Herrero<\/p>\n<p>Don Juan Antonio Gonz\u00e1lez S\u00e1ez<\/p>\n<p>Do\u00f1a Carmen Mar\u00eda de Haro Garc\u00eda<\/p>\n<p>Do\u00f1a Francisca Hidalgo Villena<\/p>\n<p>Do\u00f1a Mar\u00eda del Mar Morante L\u00f3pez<\/p>\n<p>Do\u00f1a Rosa Mar\u00eda Ortiz Garc\u00eda<\/p>\n<p><strong>REPRESENTANTES DE PADRES\/MADRES\/TUTORES LEGALES<\/strong><\/p>\n<p>Do\u00f1a Isabel Collado Vel\u00e1zquez<\/p>\n<p>Do\u00f1a Olenka Anay Gonz\u00e1lez Mart\u00ednez<\/p>\n<p>Do\u00f1a Rosa Mar\u00eda Redondo Miranda<\/p>\n<p>Don Abel Samper Mart\u00ednez<\/p>\n<p><strong>AMPA (MI COLE EL 28)<\/strong><\/p>\n<p>Do\u00f1a Olaya Mart\u00edn Rodr\u00edguez<\/p>\n<p><strong>PERSONAL DE LA ADMINISTRACI\u00d3N Y SERVICIOS<\/strong><\/p>\n<p>Do\u00f1a Selena Mar\u00eda Mart\u00ednez Leal<\/p>\n<p><strong>AYUNTAMIENTO<\/strong><\/p>\n<p>Do\u00f1a Almudena Serrano Felices<\/p>\n","protected":false},"excerpt":{"rendered":"<p>EQUIPO DIRECTIVO: Do\u00f1a Emelina Garc\u00eda S\u00e1nchez (Directora) &#8211;Presidenta del Consejo Escolar&#8211; Do\u00f1a Gema Mar\u00eda Vald\u00e9s Cano (Jefa de Estudios) Do\u00f1a Adelina Collado Vel\u00e1zquez (Secretaria) PROFESORADO Do\u00f1a Margarita Barroso Plaza Do\u00f1a Mar\u00eda Leocadia De Amo Fern\u00e1ndez Do\u00f1a Mar\u00eda de la Cruz Garc\u00eda Herrero Don Juan Antonio Gonz\u00e1lez S\u00e1ez Do\u00f1a Carmen Mar\u00eda de Haro Garc\u00eda Do\u00f1a Francisca [&hellip;]<\/p>\n","protected":false},"author":15861,"featured_media":0,"parent":0,"menu_order":0,"comment_status":"closed","ping_status":"closed","template":"","meta":{"_et_pb_use_builder":"","_et_pb_old_content":"","_et_gb_content_width":"","ngg_post_thumbnail":0,"footnotes":""},"aioseo_notices":[],"_links":{"self":[{"href":"https:\/\/blogsaverroes.juntadeandalucia.es\/ceipveintiochodefebrero\/wp-json\/wp\/v2\/pages\/1251"}],"collection":[{"href":"https:\/\/blogsaverroes.juntadeandalucia.es\/ceipveintiochodefebrero\/wp-json\/wp\/v2\/pages"}],"about":[{"href":"https:\/\/blogsaverroes.juntadeandalucia.es\/ceipveintiochodefebrero\/wp-json\/wp\/v2\/types\/page"}],"author":[{"embeddable":true,"href":"https:\/\/blogsaverroes.juntadeandalucia.es\/ceipveintiochodefebrero\/wp-json\/wp\/v2\/users\/15861"}],"replies":[{"embeddable":true,"href":"https:\/\/blogsaverroes.juntadeandalucia.es\/ceipveintiochodefebrero\/wp-json\/wp\/v2\/comments?post=1251"}],"version-history":[{"count":4,"href":"https:\/\/blogsaverroes.juntadeandalucia.es\/ceipveintiochodefebrero\/wp-json\/wp\/v2\/pages\/1251\/revisions"}],"predecessor-version":[{"id":1336,"href":"https:\/\/blogsaverroes.juntadeandalucia.es\/ceipveintiochodefebrero\/wp-json\/wp\/v2\/pages\/1251\/revisions\/1336"}],"wp:attachment":[{"href":"https:\/\/blogsaverroes.juntadeandalucia.es\/ceipveintiochodefebrero\/wp-json\/wp\/v2\/media?parent=1251"}],"curies":[{"name":"wp","href":"https:\/\/api.w.org\/{rel}","templated":true}]}}