{"id":1547,"date":"2024-11-15T13:25:47","date_gmt":"2024-11-15T12:25:47","guid":{"rendered":"https:\/\/blogsaverroes.juntadeandalucia.es\/ceipveintiochodefebrero\/?page_id=1547"},"modified":"2024-11-15T13:25:47","modified_gmt":"2024-11-15T12:25:47","slug":"competencia-digital","status":"publish","type":"page","link":"https:\/\/blogsaverroes.juntadeandalucia.es\/ceipveintiochodefebrero\/competencia-digital\/","title":{"rendered":"Competencia Digital"},"content":{"rendered":"<p>Documentos de centro de Protecci\u00f3n de datos personales y garant\u00edas de derechos digitales del alumnado, profesorado y familias del centro, y recomendaciones de uso de los recursos digitales de centro:<\/p>\n<p><a href=\"https:\/\/view.genially.com\/642e9bc8bc50bf00189e7e3a\/interactive-content-proteccion-de-datos-personales\">Protecci\u00f3n de Datos Personales y Garant\u00edas de Derechos Digitales&nbsp;&nbsp;<\/a><\/p>\n<p><a href=\"https:\/\/view.genially.com\/6432913a14a74800184f646d\/presentation-presentacion-pizarra-magnetica\">Utilizaci\u00f3n de los Recursos Digitales del centro<\/a><\/p>\n<p>&nbsp;<\/p>\n","protected":false},"excerpt":{"rendered":"<p>Documentos de centro de Protecci\u00f3n de datos personales y garant\u00edas de derechos digitales del alumnado, profesorado y familias del centro, y recomendaciones de uso de los recursos digitales de centro: Protecci\u00f3n de Datos Personales y Garant\u00edas de Derechos Digitales&nbsp;&nbsp; Utilizaci\u00f3n de los Recursos Digitales del centro &nbsp;<\/p>\n","protected":false},"author":15861,"featured_media":0,"parent":0,"menu_order":0,"comment_status":"closed","ping_status":"closed","template":"","meta":{"_et_pb_use_builder":"","_et_pb_old_content":"","_et_gb_content_width":"","ngg_post_thumbnail":0,"footnotes":""},"aioseo_notices":[],"_links":{"self":[{"href":"https:\/\/blogsaverroes.juntadeandalucia.es\/ceipveintiochodefebrero\/wp-json\/wp\/v2\/pages\/1547"}],"collection":[{"href":"https:\/\/blogsaverroes.juntadeandalucia.es\/ceipveintiochodefebrero\/wp-json\/wp\/v2\/pages"}],"about":[{"href":"https:\/\/blogsaverroes.juntadeandalucia.es\/ceipveintiochodefebrero\/wp-json\/wp\/v2\/types\/page"}],"author":[{"embeddable":true,"href":"https:\/\/blogsaverroes.juntadeandalucia.es\/ceipveintiochodefebrero\/wp-json\/wp\/v2\/users\/15861"}],"replies":[{"embeddable":true,"href":"https:\/\/blogsaverroes.juntadeandalucia.es\/ceipveintiochodefebrero\/wp-json\/wp\/v2\/comments?post=1547"}],"version-history":[{"count":2,"href":"https:\/\/blogsaverroes.juntadeandalucia.es\/ceipveintiochodefebrero\/wp-json\/wp\/v2\/pages\/1547\/revisions"}],"predecessor-version":[{"id":1549,"href":"https:\/\/blogsaverroes.juntadeandalucia.es\/ceipveintiochodefebrero\/wp-json\/wp\/v2\/pages\/1547\/revisions\/1549"}],"wp:attachment":[{"href":"https:\/\/blogsaverroes.juntadeandalucia.es\/ceipveintiochodefebrero\/wp-json\/wp\/v2\/media?parent=1547"}],"curies":[{"name":"wp","href":"https:\/\/api.w.org\/{rel}","templated":true}]}}