{"id":824,"date":"2020-12-18T08:31:23","date_gmt":"2020-12-18T07:31:23","guid":{"rendered":"https:\/\/blogsaverroes.juntadeandalucia.es\/pre\/plantilla-pencil\/?page_id=817"},"modified":"2024-11-08T10:35:47","modified_gmt":"2024-11-08T09:35:47","slug":"1o-ciclo-de-educacion-primaria","status":"publish","type":"page","link":"https:\/\/blogsaverroes.juntadeandalucia.es\/ceipveintiochodefebrero\/1o-ciclo-de-educacion-primaria\/","title":{"rendered":"Primer Ciclo de Educaci\u00f3n Primaria"},"content":{"rendered":"<p>[et_pb_section fb_built=&#8221;1&#8243; _builder_version=&#8221;4.16&#8243; custom_padding=&#8221;0px||0px|&#8221; z_index_tablet=&#8221;500&#8243; box_shadow_horizontal_tablet=&#8221;0px&#8221; box_shadow_vertical_tablet=&#8221;0px&#8221; box_shadow_blur_tablet=&#8221;40px&#8221; box_shadow_spread_tablet=&#8221;0px&#8221; global_colors_info=&#8221;{}&#8221;][et_pb_row _builder_version=&#8221;4.16&#8243; background_size=&#8221;initial&#8221; background_position=&#8221;top_left&#8221; background_repeat=&#8221;repeat&#8221; global_colors_info=&#8221;{}&#8221;][et_pb_column type=&#8221;4_4&#8243; _builder_version=&#8221;4.16&#8243; custom_padding=&#8221;|||&#8221; global_colors_info=&#8221;{}&#8221; custom_padding__hover=&#8221;|||&#8221;][et_pb_image src=&#8221;https:\/\/blogsaverroes.juntadeandalucia.es\/ceipveintiochodefebrero\/files\/2020\/01\/cabecera-interior-3.jpg&#8221; title_text=&#8221;cabecera-interior-3&#8243; admin_label=&#8221;Imagen de la portada&#8221; _builder_version=&#8221;4.16&#8243; z_index_tablet=&#8221;500&#8243; box_shadow_horizontal_tablet=&#8221;0px&#8221; box_shadow_vertical_tablet=&#8221;0px&#8221; box_shadow_blur_tablet=&#8221;40px&#8221; box_shadow_spread_tablet=&#8221;0px&#8221; global_colors_info=&#8221;{}&#8221;][\/et_pb_image][et_pb_text admin_label=&#8221;Texto descriptivo&#8221; _builder_version=&#8221;4.16&#8243; z_index_tablet=&#8221;500&#8243; text_text_shadow_horizontal_length_tablet=&#8221;0px&#8221; text_text_shadow_vertical_length_tablet=&#8221;0px&#8221; text_text_shadow_blur_strength_tablet=&#8221;1px&#8221; link_text_shadow_horizontal_length_tablet=&#8221;0px&#8221; link_text_shadow_vertical_length_tablet=&#8221;0px&#8221; link_text_shadow_blur_strength_tablet=&#8221;1px&#8221; ul_text_shadow_horizontal_length_tablet=&#8221;0px&#8221; ul_text_shadow_vertical_length_tablet=&#8221;0px&#8221; ul_text_shadow_blur_strength_tablet=&#8221;1px&#8221; ol_text_shadow_horizontal_length_tablet=&#8221;0px&#8221; ol_text_shadow_vertical_length_tablet=&#8221;0px&#8221; ol_text_shadow_blur_strength_tablet=&#8221;1px&#8221; quote_text_shadow_horizontal_length_tablet=&#8221;0px&#8221; quote_text_shadow_vertical_length_tablet=&#8221;0px&#8221; quote_text_shadow_blur_strength_tablet=&#8221;1px&#8221; header_text_shadow_horizontal_length_tablet=&#8221;0px&#8221; header_text_shadow_vertical_length_tablet=&#8221;0px&#8221; header_text_shadow_blur_strength_tablet=&#8221;1px&#8221; header_2_text_shadow_horizontal_length_tablet=&#8221;0px&#8221; header_2_text_shadow_vertical_length_tablet=&#8221;0px&#8221; header_2_text_shadow_blur_strength_tablet=&#8221;1px&#8221; header_3_text_shadow_horizontal_length_tablet=&#8221;0px&#8221; header_3_text_shadow_vertical_length_tablet=&#8221;0px&#8221; header_3_text_shadow_blur_strength_tablet=&#8221;1px&#8221; header_4_text_shadow_horizontal_length_tablet=&#8221;0px&#8221; header_4_text_shadow_vertical_length_tablet=&#8221;0px&#8221; header_4_text_shadow_blur_strength_tablet=&#8221;1px&#8221; header_5_text_shadow_horizontal_length_tablet=&#8221;0px&#8221; header_5_text_shadow_vertical_length_tablet=&#8221;0px&#8221; header_5_text_shadow_blur_strength_tablet=&#8221;1px&#8221; header_6_text_shadow_horizontal_length_tablet=&#8221;0px&#8221; header_6_text_shadow_vertical_length_tablet=&#8221;0px&#8221; header_6_text_shadow_blur_strength_tablet=&#8221;1px&#8221; box_shadow_horizontal_tablet=&#8221;0px&#8221; box_shadow_vertical_tablet=&#8221;0px&#8221; box_shadow_blur_tablet=&#8221;40px&#8221; box_shadow_spread_tablet=&#8221;0px&#8221; global_colors_info=&#8221;{}&#8221;]<\/p>\n<h2>1\u00ba Ciclo de Educaci\u00f3n Primaria<\/h2>\n<p>La&nbsp;<strong>Educaci\u00f3n Primaria&nbsp;<\/strong>es la primera etapa&nbsp;<strong>obligatoria<\/strong>&nbsp;<strong>y gratuita&nbsp;<\/strong>del&nbsp;sistema educativo. Se<strong>&nbsp;<\/strong>organiza&nbsp;<strong>en tres ciclos&nbsp;<\/strong>y se<strong>&nbsp;<\/strong>extiende a la largo de&nbsp;seis cursos acad\u00e9micos, normalmente&nbsp;<strong>entre los 6 y los 12 a\u00f1os&nbsp;<\/strong>de edad. El&nbsp;<strong>primer ciclo<\/strong>&nbsp;est\u00e1&nbsp;formado por los&nbsp;<strong>cursos<\/strong>&nbsp;<strong>1\u00ba y 2\u00ba<\/strong>;&nbsp;el&nbsp;<strong>s<\/strong><strong>egundo ciclo<\/strong>&nbsp;por&nbsp;<strong>3\u00ba y 4\u00ba<\/strong>;<strong>&nbsp;<\/strong>y el&nbsp;<strong>tercer ciclo&nbsp;<\/strong>por&nbsp;<strong>5\u00ba y 6\u00ba.<\/strong><\/p>\n<p>Dado su car\u00e1cter obligatorio, deben incorporarse a esta etapa todas las ni\u00f1as y los ni\u00f1os en el a\u00f1o natural que cumplan los 6 a\u00f1os, independientemente de si han realizado o no la&nbsp;Educaci\u00f3n Infantil.&nbsp;<\/p>\n<p>La&nbsp;<strong>finalidad<\/strong>&nbsp;de la Educaci\u00f3n Primaria es facilitar el aprendizaje de la&nbsp;<strong>expresi\u00f3n y comprensi\u00f3n oral y escrita<\/strong>, de la&nbsp;<strong>lectura&nbsp;<\/strong>y<strong>&nbsp;<\/strong>del&nbsp;<strong>c\u00e1lculo<\/strong>; la adquisici\u00f3n de&nbsp;<strong>habilidades l\u00f3gico-matem\u00e1ticas&nbsp;<\/strong>y&nbsp;de nociones b\u00e1sicas de la&nbsp;<strong>cultura<\/strong>;&nbsp;fomentar&nbsp;<strong>h\u00e1bitos de convivencia<\/strong>, y&nbsp;<strong>h\u00e1bitos de estudio y de trabajo<\/strong>, y promover la&nbsp;<strong>afectividad<\/strong>, la<strong>&nbsp;creatividad&nbsp;<\/strong>y&nbsp;el sentido art\u00edstico.&nbsp;<\/p>\n<p>Estas ense\u00f1anzas tratan&nbsp;de garantizar al alumnado una&nbsp;<strong>formaci\u00f3n integral<\/strong>&nbsp;que repercuta positivamente en el&nbsp;<strong>desarrollo de su personalidad<\/strong>&nbsp;y le permita<strong>&nbsp;afrontar con \u00e9xito<\/strong>&nbsp;la&nbsp;Educaci\u00f3n Secundaria Obligatoria (ESO).<\/p>\n<p>Los contenidos de las \u00e1reas se movilizan desde una&nbsp;<strong>perspectiva globalizadora&nbsp;<\/strong>y los docentes adaptan su pr\u00e1ctica al ritmo de aprendizaje y trabajo de los ni\u00f1os y ni\u00f1as. Para garantizar esta&nbsp;<strong>personalizaci\u00f3n del aprendizaje<\/strong>, el profesorado integra en sus programaciones de aula los principios del&nbsp;Dise\u00f1o Universal para el Aprendizaje o DUA.<\/p>\n<p>Entre los&nbsp;<strong>objetivos<\/strong>&nbsp;de etapa, la Educaci\u00f3n Primaria contribuye al&nbsp;<strong>fomento de las normas de convivencia<\/strong>, a la adquisici\u00f3n de habilidades para la&nbsp;<strong>resoluci\u00f3n pac\u00edfica de conflictos<\/strong>, la&nbsp;<strong>comprensi\u00f3n y aceptaci\u00f3n de las diferentes culturas<\/strong>, a desarrollar las&nbsp;<strong>competencias tecnol\u00f3gicas<\/strong>, a desarrollar las&nbsp;<strong>capacidades afectivas<\/strong>, y en general, a desarrollar las&nbsp;<strong>competencias matem\u00e1ticas<\/strong>&nbsp;y a conocer las cuestiones fundamentales de las \u00e1reas de estudio.<\/p>\n<p>Como&nbsp;<strong>principios pedag\u00f3gicos<\/strong>&nbsp;se buscan garantizar la&nbsp;<strong>educaci\u00f3n inclusiva<\/strong>, la&nbsp;<strong>atenci\u00f3n personalizada&nbsp;<\/strong>y&nbsp;la&nbsp;<strong>prevenci\u00f3n de dificultades de aprendizaje<\/strong>,<strong>&nbsp;<\/strong>y la expresi\u00f3n y la comprensi\u00f3n oral y escrita, la comunicaci\u00f3n audiovisual, las&nbsp;<strong>competencias digitales,<\/strong>&nbsp;la creatividad, el&nbsp;<strong>emprendimiento<\/strong>&nbsp;o el&nbsp;<strong>esp\u00edritu cient\u00edfico se trabajan de forma&nbsp;<\/strong><strong>transversal en todas las \u00e1reas.<\/strong><\/p>\n<p>Asimismo, se promueven desde todas las \u00e1reas la&nbsp;<strong>igualdad entre hombres y mujeres<\/strong>, la&nbsp;<strong>educaci\u00f3n para el consumo responsable<\/strong>&nbsp;y el desarrollo sostenible, la&nbsp;<strong>educaci\u00f3n para la salud<\/strong>&nbsp;y la&nbsp;<strong>educaci\u00f3n para la paz<\/strong>.<\/p>\n<p>Se potencian la&nbsp;<strong>autonom\u00eda<\/strong>, la&nbsp;<strong>reflexi\u00f3n,<\/strong>&nbsp;el&nbsp;<strong>h\u00e1bito y dominio de la lectura<\/strong>, y el aprendizaje de las&nbsp;<strong>lenguas extranjeras<\/strong>&nbsp;y de las&nbsp;<strong>lenguas cooficiales<\/strong>,<strong>&nbsp;<\/strong>y se presta especial atenci\u00f3n a la&nbsp;<strong>acci\u00f3n tutorial<\/strong>, a la&nbsp;<strong>educaci\u00f3n emocional y en valores<\/strong>&nbsp;y a la&nbsp;<strong>orientaci\u00f3n educativa<\/strong>.<\/p>\n<p>Por \u00faltimo, toda la intervenci\u00f3n educativa se dirige a promover en el alumnado la adquisici\u00f3n de los&nbsp;<strong>objetivos&nbsp;<\/strong>de etapa y de las&nbsp;<strong>competencias clave&nbsp;<\/strong>en las que se fundamenta el&nbsp;<strong>aprendizaje competencial<\/strong>:&nbsp;imprescindible para la resoluci\u00f3n de problemas reales&nbsp;en un mundo cambiante y cada vez m\u00e1s competitivo. Aprendizajes&nbsp;<strong>\u00fatiles&nbsp;<\/strong>para la vida que ayudan al alumnado a su pleno desarrollo individual, social y profesional.<\/p>\n<p>Las&nbsp;<strong>competencias clave<\/strong>&nbsp;son:<\/p>\n<ul>\n<li>Competencia en comunicaci\u00f3n ling\u00fc\u00edstica<\/li>\n<li>Competencia pluriling\u00fce<\/li>\n<li>Competencia matem\u00e1tica y en ciencia, tecnolog\u00eda e ingenier\u00eda<\/li>\n<li>Competencia digital<\/li>\n<li>Competencia personal, social y de aprender a aprender<\/li>\n<li>Competencia ciudadana<\/li>\n<li>Competencia emprendedora<\/li>\n<li>Competencia en conciencia y expresi\u00f3n culturales<\/li>\n<\/ul>\n<p>Estas competencias, que comienzan a trabajarse desde la Educaci\u00f3n Infantil y contin\u00faan potenci\u00e1ndose en la Educaci\u00f3n Primaria, ESO y Bachillerato seg\u00fan las directrices de la Uni\u00f3n Europea, se concretan en las&nbsp;<strong>competencias espec\u00edficas&nbsp;<\/strong>y en los<strong>&nbsp;saberes&nbsp;<\/strong><strong>&nbsp;b\u00e1sicos<\/strong>&nbsp;(contenidos) por \u00e1rea y ciclo&nbsp;que sirven al profesorado para dise\u00f1ar&nbsp;<strong>situaciones de<\/strong><strong>&nbsp;aprendizaje&nbsp;<\/strong>motivadoras, atractivas, basadas en experiencias cercanas a los estudiantes y adaptadas a su ritmo y nivel evolutivo.<\/p>\n<p>El primer ciclo de educaci\u00f3n primaria comprender\u00eda desde los 6 hasta los ocho a\u00f1os. Normalmente y salvo excepciones puntuales el maestro\/a promocionar\u00e1 con el alumnado de un ciclo durante los dos a\u00f1os que tiene de duraci\u00f3n el mismo.<\/p>\n<p>Las \u00e1reas que actualmente se trabajan en primer ciclo son:<\/p>\n<ul>\n<li>Conocimiento del Medio Natural, Social y Cultural , actualmente en los cursos pares este \u00e1rea se encuentra dividida en dos \u00e1reas: Conocimiento del medio Natural y Conocimiento del medio Social<\/li>\n<li>Educaci\u00f3n Art\u00edstica: Este \u00e1rea se encuentra a su vez dividida en Educaci\u00f3n Musical y la educaci\u00f3n Art\u00edstica<\/li>\n<li>Educaci\u00f3n F\u00edsica<\/li>\n<li>Lengua Castellana y Literatura<\/li>\n<li>Lengua Extranjera<\/li>\n<li>Matem\u00e1ticas<\/li>\n<li>Religi\u00f3n (de manera voluntaria) o en su caso Educaci\u00f3n en Valores.<\/li>\n<\/ul>\n<p>[\/et_pb_text][\/et_pb_column][\/et_pb_row][\/et_pb_section]<\/p>\n","protected":false},"excerpt":{"rendered":"<p>1\u00ba Ciclo de Educaci\u00f3n Primaria La&nbsp;Educaci\u00f3n Primaria&nbsp;es la primera etapa&nbsp;obligatoria&nbsp;y gratuita&nbsp;del&nbsp;sistema educativo. Se&nbsp;organiza&nbsp;en tres ciclos&nbsp;y se&nbsp;extiende a la largo de&nbsp;seis cursos acad\u00e9micos, normalmente&nbsp;entre los 6 y los 12 a\u00f1os&nbsp;de edad. El&nbsp;primer ciclo&nbsp;est\u00e1&nbsp;formado por los&nbsp;cursos&nbsp;1\u00ba y 2\u00ba;&nbsp;el&nbsp;segundo ciclo&nbsp;por&nbsp;3\u00ba y 4\u00ba;&nbsp;y el&nbsp;tercer ciclo&nbsp;por&nbsp;5\u00ba y 6\u00ba. Dado su car\u00e1cter obligatorio, deben incorporarse a esta etapa todas las ni\u00f1as [&hellip;]<\/p>\n","protected":false},"author":7051,"featured_media":0,"parent":0,"menu_order":0,"comment_status":"closed","ping_status":"closed","template":"","meta":{"_et_pb_use_builder":"on","_et_pb_old_content":"","_et_gb_content_width":"","ngg_post_thumbnail":0,"footnotes":""},"aioseo_notices":[],"_links":{"self":[{"href":"https:\/\/blogsaverroes.juntadeandalucia.es\/ceipveintiochodefebrero\/wp-json\/wp\/v2\/pages\/824"}],"collection":[{"href":"https:\/\/blogsaverroes.juntadeandalucia.es\/ceipveintiochodefebrero\/wp-json\/wp\/v2\/pages"}],"about":[{"href":"https:\/\/blogsaverroes.juntadeandalucia.es\/ceipveintiochodefebrero\/wp-json\/wp\/v2\/types\/page"}],"author":[{"embeddable":true,"href":"https:\/\/blogsaverroes.juntadeandalucia.es\/ceipveintiochodefebrero\/wp-json\/wp\/v2\/users\/7051"}],"replies":[{"embeddable":true,"href":"https:\/\/blogsaverroes.juntadeandalucia.es\/ceipveintiochodefebrero\/wp-json\/wp\/v2\/comments?post=824"}],"version-history":[{"count":6,"href":"https:\/\/blogsaverroes.juntadeandalucia.es\/ceipveintiochodefebrero\/wp-json\/wp\/v2\/pages\/824\/revisions"}],"predecessor-version":[{"id":1515,"href":"https:\/\/blogsaverroes.juntadeandalucia.es\/ceipveintiochodefebrero\/wp-json\/wp\/v2\/pages\/824\/revisions\/1515"}],"wp:attachment":[{"href":"https:\/\/blogsaverroes.juntadeandalucia.es\/ceipveintiochodefebrero\/wp-json\/wp\/v2\/media?parent=824"}],"curies":[{"name":"wp","href":"https:\/\/api.w.org\/{rel}","templated":true}]}}