{"id":2339,"date":"2018-01-18T17:31:36","date_gmt":"2018-01-18T17:31:36","guid":{"rendered":"https:\/\/blogsaverroes.juntadeandalucia.es\/ceipvelada\/?page_id=2339"},"modified":"2025-11-07T09:36:33","modified_gmt":"2025-11-07T09:36:33","slug":"bienvenido-al-ceip-velada","status":"publish","type":"page","link":"https:\/\/blogsaverroes.juntadeandalucia.es\/ceipvelada\/","title":{"rendered":"INICIO"},"content":{"rendered":"<p style=\"text-align: justify\">\n<img loading=\"lazy\" decoding=\"async\" class=\"aligncenter wp-image-2262 \" src=\"https:\/\/blogsaverroes.juntadeandalucia.es\/ceipvelada\/files\/2018\/01\/cropped-ceip-velada-e1516294641172-300x224.jpg\" alt=\"\" width=\"736\" height=\"549\">El colegio se encuentra ubicado en el barrio denominado \u201cLa Velada\u201d. La dotaci\u00f3n de servicios que dispone nuestra barriada puede ser considerada como \u00f3ptima si la comparamos con otras de la ciudad, ya que posee parque<br \/>\n&nbsp;\u00a1infantil, Centro de Salud, banco, Teatro, bares, cafeter\u00edas, Asociaci\u00f3n de vecinos, iglesia con su respectiva comunidad&nbsp; parroquial, gimnasios privados, academia de idiomas, ..tiendas varias, y en sus cercan\u00edas nos encontramos con varios centros educativos de diferentes niveles; adem\u00e1s se encuentra ubicada en lo que se puede considerar como el centro de la Ciudad.<\/p>\n<p style=\"text-align: justify\">La participaci\u00f3n de las familias en el Consejo Escolar y en el AMPA es buena. Desde las tutor\u00edas se tiene tambi\u00e9n establecida la fluidez de relaci\u00f3n con las familias, no s\u00f3lo para mantener informaci\u00f3n sobre el desarrollo del proceso de ense\u00f1anza-aprendizaje del alumnado, sino para establecer estrategias educativas comunes en la escuela y la casa.<\/p>\n<p style=\"text-align: justify\">Centro de una sola l\u00ednea que cuenta actualmente con una \u201cbarriga\u201d en primaria,ya que en el Curso 2019\/20 se cre\u00f3 una unidad m\u00e1s de Infantil 3 a\u00f1os por necesidades de escolarizaci\u00f3n y por demanda del centro.<br \/>\nRatio: con car\u00e1cter general 1\/25<br \/>\nEl conocimiento que tenemos del alumnado de este Centro nos permite afirmar que, en su mayor\u00eda, debido a su ambiente social y a sus capacidades nos posibilita realizar un trabajo satisfactorio en cuanto a alcanzar los objetivos que nos propongamos y a la adquisici\u00f3n de las competencias claves.<\/p>\n<p style=\"text-align: justify\"><strong>Servicios que oferta:<\/strong><\/p>\n<ul style=\"text-align: left\">\n<li>Aula Matinal<\/li>\n<li>Comedor<\/li>\n<li>Actividades extrescolares: Dibujo, Ingl\u00e9s, F\u00fatbol y Gimnasia r\u00edtmica<\/li>\n<\/ul>\n<p style=\"text-align: left\"><strong>Planes y programas que desarrolla:<\/strong><\/p>\n<table class=\" alignleft\" style=\"width: 373px\">\n<tbody>\n<tr>\n<td style=\"width: 373px\" width=\"190\"><span style=\"color: #000080\"><a style=\"color: #000080\" href=\"https:\/\/www.juntadeandalucia.es\/educacion\/portals\/web\/igualdad\/plan-igualdad\">Igualdad- Coeducaci\u00f3n<\/a><\/span><\/td>\n<\/tr>\n<tr>\n<td style=\"width: 373px\" width=\"190\"><span style=\"color: #000080\"><a style=\"color: #000080\" href=\"https:\/\/www.juntadeandalucia.es\/educacion\/portals\/web\/plurilinguismo\">Biling\u00fcismo<\/a><\/span><\/td>\n<\/tr>\n<tr>\n<td style=\"width: 373px\" width=\"190\"><span style=\"color: #000080\"><a style=\"color: #000080\" href=\"https:\/\/www.juntadeandalucia.es\/educacion\/portals\/web\/transformacion-digital-educativa\">Plan de actualizaci\u00f3n digital<\/a><\/span><\/td>\n<\/tr>\n<tr>\n<td style=\"width: 373px\" width=\"190\"><span style=\"color: #000080\"><a style=\"color: #000080\" href=\"https:\/\/www.juntadeandalucia.es\/educacion\/portals\/web\/ced\/plan-apertura\">Plan de Apertura\/<\/a><\/span><\/p>\n<p><span style=\"color: #000080\"><a style=\"color: #000080\" href=\"https:\/\/www.juntadeandalucia.es\/educacion\/portals\/web\/ced\/plan-apertura\">Apoyo a la Familia<\/a><\/span><\/td>\n<\/tr>\n<tr>\n<td style=\"width: 373px\" width=\"190\"><span style=\"color: #000080\"><a style=\"color: #000080\" href=\"https:\/\/www.juntadeandalucia.es\/educacion\/portals\/web\/lecturas-bibliotecas-escolares\/organizacion-y-funcionamiento-de-las-bibliotecas-escolares\">Plan de Biblioteca<\/a><\/span><\/td>\n<\/tr>\n<tr>\n<td style=\"width: 373px\" width=\"190\"><span style=\"color: #000080\"><a style=\"color: #000080\" href=\"https:\/\/www.juntadeandalucia.es\/organismos\/transparencia\/planificacion-evaluacion-estadistica\/planes\/detalle\/11684.html\">Plan de Salud laboral y PRL<\/a><\/span><\/td>\n<\/tr>\n<tr>\n<td style=\"width: 373px\" width=\"190\"><span style=\"color: #000080\"><a style=\"color: #000080\" href=\"https:\/\/blogsaverroes.juntadeandalucia.es\/ceipvelada\/files\/2022\/10\/plan-de-formaci%C3%B3n-de-practicum-22-23.pdf\">Plan de formaci\u00f3n de Practicum<\/a><\/span><\/td>\n<\/tr>\n<tr>\n<td style=\"width: 373px\" width=\"190\"><span style=\"color: #000080\"><a style=\"color: #000080\" href=\"https:\/\/www.juntadeandalucia.es\/educacion\/portals\/web\/convivencia-escolar\/plan-de-convivencia\">Convivencia Escolar<\/a><\/span><\/p>\n<p><span style=\"color: #000080\">Bienestar Emocional<\/span><\/td>\n<\/tr>\n<tr>\n<td style=\"width: 373px\" width=\"190\"><span style=\"color: #000080\"><a style=\"color: #000080\" href=\"https:\/\/www.juntadeandalucia.es\/educacion\/portals\/web\/igualdad\/actuaciones\/pacto-de-estado-contra-violencia-de-genero\">Prevenci\u00f3n contra la violencia de g\u00e9nero&nbsp;<\/a><\/span><\/td>\n<\/tr>\n<tr>\n<td style=\"width: 373px\" width=\"190\"><span style=\"color: #000080\"><a style=\"color: #000080\" href=\"https:\/\/www.juntadeandalucia.es\/educacion\/portals\/web\/convivencia-escolar\/red-escuela-espacio-de-paz\">Escuelas Espacios de pa<\/a><a style=\"color: #000080\" href=\"https:\/\/www.juntadeandalucia.es\/educacion\/portals\/web\/convivencia-escolar\/red-escuela-espacio-de-paz\">z<\/a><\/span><\/p>\n<p><span style=\"color: #000080\">Practicum grado de maestro<\/span><\/td>\n<\/tr>\n<tr>\n<td style=\"width: 373px\" width=\"190\"><strong>Planes y Programas 25\/26<\/strong><\/td>\n<\/tr>\n<tr>\n<td style=\"width: 373px\" width=\"190\"><span style=\"color: #000080\"><a style=\"color: #000080\" href=\"https:\/\/www.juntadeandalucia.es\/educacion\/portals\/web\/habitos-vida-saludable\/creciendo-en-salud\">H\u00e1bitos de vida saludable<\/a><\/span><\/td>\n<\/tr>\n<tr class=\"menuContextual snc-row-0 row-hover\">\n<td class=\"enlaceTabla text-left snc-col-0 cuerpo1 celdaConEnlaces\" style=\"width: 373px\">\n<div class=\"d-block\"><span class=\"texto-SNC \" style=\"color: #000080\">Pacto&nbsp;de&nbsp;Estado:&nbsp;Prevenci\u00f3n&nbsp;de&nbsp;la&nbsp;Violencia<br \/>\nde&nbsp;G\u00e9nero&nbsp;2025<\/span><\/div>\n<\/td>\n<\/tr>\n<tr class=\"menuContextual snc-row-1\">\n<td class=\"enlaceTabla text-left snc-col-0 cuerpo2 celdaConEnlaces\" style=\"width: 373px\">\n<div class=\"d-block\"><span class=\"texto-SNC \" style=\"color: #000080\">Programa&nbsp;Escolar&nbsp;de&nbsp;Consumo&nbsp;de&nbsp;Frutas,&nbsp;Hortalizas<br \/>\ny&nbsp;Leche&nbsp;2025<\/span><\/div>\n<div><span style=\"color: #000080\">COMUNICA<\/span><\/div>\n<\/td>\n<\/tr>\n<\/tbody>\n<\/table>\n","protected":false},"excerpt":{"rendered":"<p>El colegio se encuentra ubicado en el barrio denominado \u201cLa Velada\u201d. La dotaci\u00f3n de servicios que dispone nuestra barriada puede ser considerada como \u00f3ptima si&hellip;<\/p>\n","protected":false},"author":5297,"featured_media":0,"parent":871,"menu_order":0,"comment_status":"closed","ping_status":"closed","template":"","meta":{"ngg_post_thumbnail":0,"footnotes":"","_mc_calendar":[]},"aioseo_notices":[],"_links":{"self":[{"href":"https:\/\/blogsaverroes.juntadeandalucia.es\/ceipvelada\/wp-json\/wp\/v2\/pages\/2339"}],"collection":[{"href":"https:\/\/blogsaverroes.juntadeandalucia.es\/ceipvelada\/wp-json\/wp\/v2\/pages"}],"about":[{"href":"https:\/\/blogsaverroes.juntadeandalucia.es\/ceipvelada\/wp-json\/wp\/v2\/types\/page"}],"author":[{"embeddable":true,"href":"https:\/\/blogsaverroes.juntadeandalucia.es\/ceipvelada\/wp-json\/wp\/v2\/users\/5297"}],"replies":[{"embeddable":true,"href":"https:\/\/blogsaverroes.juntadeandalucia.es\/ceipvelada\/wp-json\/wp\/v2\/comments?post=2339"}],"version-history":[{"count":179,"href":"https:\/\/blogsaverroes.juntadeandalucia.es\/ceipvelada\/wp-json\/wp\/v2\/pages\/2339\/revisions"}],"predecessor-version":[{"id":4092,"href":"https:\/\/blogsaverroes.juntadeandalucia.es\/ceipvelada\/wp-json\/wp\/v2\/pages\/2339\/revisions\/4092"}],"up":[{"embeddable":true,"href":"https:\/\/blogsaverroes.juntadeandalucia.es\/ceipvelada\/wp-json\/wp\/v2\/pages\/871"}],"wp:attachment":[{"href":"https:\/\/blogsaverroes.juntadeandalucia.es\/ceipvelada\/wp-json\/wp\/v2\/media?parent=2339"}],"curies":[{"name":"wp","href":"https:\/\/api.w.org\/{rel}","templated":true}]}}