{"id":35,"date":"2015-03-13T08:21:43","date_gmt":"2015-03-13T08:21:43","guid":{"rendered":"http:\/\/blogsaverroes.juntadeandalucia.es\/pre\/ceip\/?page_id=35"},"modified":"2025-11-05T09:17:00","modified_gmt":"2025-11-05T09:17:00","slug":"el-centro-2","status":"publish","type":"page","link":"https:\/\/blogsaverroes.juntadeandalucia.es\/ceipvelada\/el-centro-2\/","title":{"rendered":"Datos del centro"},"content":{"rendered":"<p><a href=\"https:\/\/blogsaverroes.juntadeandalucia.es\/ceipvelada\/files\/2018\/01\/clip_image002.jpg\"><img loading=\"lazy\" decoding=\"async\" class=\"alignnone size-medium wp-image-2264\" src=\"https:\/\/blogsaverroes.juntadeandalucia.es\/ceipvelada\/files\/2018\/01\/clip_image002-300x225.jpg\" alt=\"\" width=\"300\" height=\"225\" srcset=\"https:\/\/blogsaverroes.juntadeandalucia.es\/ceipvelada\/files\/2018\/01\/clip_image002-300x225.jpg 300w, https:\/\/blogsaverroes.juntadeandalucia.es\/ceipvelada\/files\/2018\/01\/clip_image002-24x18.jpg 24w, https:\/\/blogsaverroes.juntadeandalucia.es\/ceipvelada\/files\/2018\/01\/clip_image002-36x27.jpg 36w, https:\/\/blogsaverroes.juntadeandalucia.es\/ceipvelada\/files\/2018\/01\/clip_image002-48x36.jpg 48w, https:\/\/blogsaverroes.juntadeandalucia.es\/ceipvelada\/files\/2018\/01\/clip_image002.jpg 384w\" sizes=\"(max-width: 300px) 100vw, 300px\" \/><\/a><\/p>\n<h4><strong>Datos de contacto<\/strong><\/h4>\n<p>Direcci\u00f3n postal: Paseo Velada s\/n 11300 La L\u00ednea<\/p>\n<p>Tel\u00e9fonos: 671 533 096<\/p>\n<p>&nbsp; &nbsp; &nbsp; &nbsp; &nbsp; &nbsp; &nbsp; &nbsp; &nbsp; &nbsp;671 566 234<\/p>\n<p>Correo electr\u00f3nico: 11003710.edu@juntadeandalucia.es<\/p>\n<h1>TUTOR\u00cdAS:<\/h1>\n<p><strong>Directorio del Centro<\/strong><\/p>\n<table style=\"width: 68.3509%\" width=\"642\">\n<tbody>\n<tr>\n<td style=\"width: 22.4806%\" width=\"147\">&nbsp;<\/td>\n<td style=\"width: 50.2326%\" width=\"331\"><strong>Cursos<\/strong><\/td>\n<td style=\"width: 25.7364%\" width=\"165\"><strong>Tutor\/a<\/strong><\/td>\n<\/tr>\n<tr>\n<td style=\"width: 22.4806%\" width=\"147\">&nbsp;<\/td>\n<td style=\"width: 50.2326%\" width=\"331\">INF 3<\/td>\n<td style=\"width: 25.7364%\" width=\"165\">Macarena Ferrer<\/td>\n<\/tr>\n<tr>\n<td style=\"width: 22.4806%\" width=\"147\">&nbsp;<\/td>\n<td style=\"width: 50.2326%\" width=\"331\">INF 4<\/td>\n<td style=\"width: 25.7364%\" width=\"165\">Mercedes Andrade\/Laura Bautista<\/td>\n<\/tr>\n<tr>\n<td style=\"width: 22.4806%\" width=\"147\">&nbsp;<\/td>\n<td style=\"width: 50.2326%\" width=\"331\">INF 5&nbsp;<\/td>\n<td style=\"width: 25.7364%\" width=\"165\">Carmen Rufino<\/td>\n<\/tr>\n<tr>\n<td style=\"width: 22.4806%\" width=\"147\">&nbsp;<\/td>\n<td style=\"width: 50.2326%\" width=\"331\">1\u00ba&nbsp;<\/td>\n<td style=\"width: 25.7364%\" width=\"165\">Jos\u00e9 Manuel Luque<\/td>\n<\/tr>\n<tr>\n<td style=\"width: 22.4806%\" width=\"147\">&nbsp;<\/td>\n<td style=\"width: 50.2326%\" width=\"331\">2\u00ba&nbsp;<\/td>\n<td style=\"width: 25.7364%\" width=\"165\">Trinidad Ram\u00f3n<\/td>\n<\/tr>\n<tr>\n<td style=\"width: 22.4806%\" width=\"147\">&nbsp;<\/td>\n<td style=\"width: 50.2326%\" width=\"331\">3\u00ba&nbsp;<\/td>\n<td style=\"width: 25.7364%\" width=\"165\">Rosa Bel\u00e9n Mart\u00edn<\/td>\n<\/tr>\n<tr>\n<td style=\"width: 22.4806%\" width=\"147\">&nbsp;<\/td>\n<td style=\"width: 50.2326%\" width=\"331\">4\u00ba A<\/td>\n<td style=\"width: 25.7364%\" width=\"165\">Tania Ponce<\/td>\n<\/tr>\n<tr>\n<td style=\"width: 22.4806%\" width=\"147\">&nbsp;<\/td>\n<td style=\"width: 50.2326%\" width=\"331\">4\u00ba B<\/td>\n<td style=\"width: 25.7364%\" width=\"165\">Julia Ladebauche<\/td>\n<\/tr>\n<tr>\n<td style=\"width: 22.4806%\" width=\"147\">&nbsp;<\/td>\n<td style=\"width: 50.2326%\" width=\"331\">5\u00ba P.<\/td>\n<td style=\"width: 25.7364%\" width=\"165\">Daniel San Mart\u00edn<\/td>\n<\/tr>\n<tr>\n<td style=\"width: 22.4806%\" width=\"147\">&nbsp;<\/td>\n<td style=\"width: 50.2326%\" width=\"331\">6\u00baP<\/td>\n<td style=\"width: 25.7364%\" width=\"165\">Mar\u00eda Serrano<\/td>\n<\/tr>\n<tr>\n<td style=\"width: 22.4806%\" width=\"147\">&nbsp;<\/td>\n<td style=\"width: 50.2326%\" width=\"331\">&nbsp;<\/td>\n<td style=\"width: 25.7364%\" width=\"165\">&nbsp;<\/td>\n<\/tr>\n<\/tbody>\n<\/table>\n<p><strong>ESPECIALISTAS:<\/strong><\/p>\n<p><strong>M\u00fasica:<\/strong>Jos\u00e9 Manuel Luque<\/p>\n<p><strong>Fr\u00e1nces: <\/strong>Trinidad Ram\u00f3n<\/p>\n<p><strong>Profesora de AL<\/strong>: Cecilia Ru\u00edz<\/p>\n<p><strong>Profesora de PT: <\/strong>M\u00aa Jos\u00e9 V\u00e1zque<strong>z<\/strong><\/p>\n<p><strong>Educaci\u00f3n F\u00edsica: <\/strong>Azahara Gil<\/p>\n<p><strong>Religi\u00f3n: <\/strong>M\u00aa Jos\u00e9 Gonz\u00e1lez<\/p>\n<p><strong>Programa de refuerzo<\/strong>: Tania Ponce<\/p>\n<p>&nbsp; &nbsp; &nbsp; &nbsp; &nbsp; &nbsp; &nbsp; &nbsp; &nbsp; &nbsp; &nbsp; &nbsp; &nbsp; &nbsp; &nbsp; &nbsp; &nbsp; &nbsp; &nbsp; &nbsp; &nbsp; &nbsp; &nbsp; &nbsp; &nbsp; Rosa Bel\u00e9n Mart\u00edn<\/p>\n<p><strong>Especialistas de Ingl\u00e9s:<\/strong>&nbsp;<\/p>\n<p>Julia Ladebauche<\/p>\n<p>Daniel San Mart\u00edn<\/p>\n<p><strong>Educaci\u00f3n Primaria-Biling\u00fce Ingl\u00e9s: <\/strong><\/p>\n<p>Ximena Linaje<\/p>\n<p>Julia Ladebauche<\/p>\n<p>Noelia T\u00e9llez<\/p>\n<h1><a href=\"https:\/\/blogsaverroes.juntadeandalucia.es\/ceipvelada\/files\/2022\/12\/Consejos-escolares.pdf\">Consejo Escolar<\/a><\/h1>\n<h2>MIEMBROS:<\/h2>\n<p><b>Presidenta:<\/b><span style=\"font-weight: 400\">Rosa MONTERO JIM\u00c9NEZ.<\/span><\/p>\n<p><b>Jefa de Estudios: <\/b><span style=\"font-weight: 400\">Inmaculada FERN\u00c1NDEZ TELLEZ.<\/span><\/p>\n<p><b>Secretaria: <\/b><span style=\"font-weight: 400\">M\u00aa Jos\u00e9 V\u00c1ZQUEZ NAVAS<\/span><\/p>\n<p><b>Profesoras:<\/b><\/p>\n<p>Rosa Bel\u00e9n MART\u00cdN L\u00d3PEZ<\/p>\n<p><span style=\"font-weight: 400\">M\u00aa J. GONZ\u00c1LEZ GARC\u00cdA.<\/span><\/p>\n<p><span style=\"font-weight: 400\">Tania PONCE GONZ\u00c1LEZ.<\/span><\/p>\n<p>Estefania ARAGON\u00c9S DE LA ROSA<\/p>\n<p><b>Padres\/Madres:<\/b><\/p>\n<p><span style=\"font-weight: 400\">Ana M\u00aa TEJERO V\u00c1ZQUEZ<\/span><\/p>\n<p><span style=\"font-weight: 400\">Roc\u00edo VEGAZO CRUZ<\/span><\/p>\n<p><span style=\"font-weight: 400\">Zaida CAMINERO <\/span><span lang=\"ES-TRAD\">RODR\u00cdGUEZ BARBERO<\/span><\/p>\n<p><span style=\"font-weight: 400\">Laura SARRIAS \u00c1LVAREZ DEL VAYO.<\/span><\/p>\n<p>Jose Antonio DUARTE SASTRE<\/p>\n<p>&nbsp;Nazaret LETR\u00c1N&nbsp; VALMASEDA<\/p>\n<p><b>Representante del Ayuntamiento:<\/b><\/p>\n<p><span style=\"font-weight: 400\">Juan Antonio Valle Lima<\/span><\/p>\n<h2>COMPETENCIAS<\/h2>\n<p><b><\/b><span style=\"font-weight: 400\">a) Aprobar y evaluar los proyectos y las normas a los que se refiere el cap\u00edtulo II del t\u00edtulo V de la presente Ley.<\/span><\/p>\n<p><span style=\"font-weight: 400\">b) Aprobar y evaluar la programaci\u00f3n general anual del centro, sin perjuicio de las competencias del Claustro del profesorado en relaci\u00f3n con la planificaci\u00f3n y organizaci\u00f3n docente.<\/span><\/p>\n<p><b>c) <\/b><span style=\"font-weight: 400\">Conocer las candidaturas a la direcci\u00f3n y los proyectos de direcci\u00f3n presentados por los candidatos.<\/span><\/p>\n<p><span style=\"font-weight: 400\">d) Participar en la selecci\u00f3n del director o directora del centro en los t\u00e9rminos que la presente Ley establece. Ser informado del nombramiento y cese de los dem\u00e1s miembros del equipo directivo. En su caso, previo acuerdo de sus miembros, adoptado por mayor\u00eda de dos tercios, proponer la revocaci\u00f3n del nombramiento del director o directora.<\/span><\/p>\n<p><span style=\"font-weight: 400\">e)<\/span> <span style=\"font-weight: 400\">Decidir sobre la admisi\u00f3n del alumnado con sujeci\u00f3n a lo establecido en esta Ley y disposiciones que la desarrollen.<\/span><\/p>\n<p><span style=\"font-weight: 400\">f)<\/span> <span style=\"font-weight: 400\">Impulsar la adopci\u00f3n y seguimiento de medidas educativas que fomenten el reconocimiento y protecci\u00f3n de los derechos de la infancia.<\/span><\/p>\n<p><span style=\"font-weight: 400\">g) Proponer medidas e iniciativas que favorezcan los estilos de vida saludable, la convivencia en el centro, la igualdad efectiva de mujeres y hombres, la no discriminaci\u00f3n, la prevenci\u00f3n del acoso escolar y de la violencia de g\u00e9nero y la resoluci\u00f3n pac\u00edfica de conflictos en todos los \u00e1mbitos de la vida personal, familiar y social.<\/span><\/p>\n<p><span style=\"font-weight: 400\">h)<\/span> <span style=\"font-weight: 400\">Conocer las conductas contrarias a la convivencia y la aplicaci\u00f3n de las medidas educativas, de mediaci\u00f3n y correctoras velando por que se ajusten a la normativa vigente. Cuando las medidas correctoras adoptadas por el director o directora correspondan a conductas del alumnado que perjudiquen gravemente la convivencia del centro, el Consejo Escolar, a instancia de padres, madres o tutores legales o, en su caso, del alumnado, podr\u00e1 revisar la decisi\u00f3n adoptada y proponer, en su caso, las medidas oportunas.<\/span><\/p>\n<p><span style=\"font-weight: 400\">i) Promover progresivamente la conservaci\u00f3n y renovaci\u00f3n de las instalaciones y equipo escolar para la mejora de la calidad y la sostenibilidad y aprobar la obtenci\u00f3n de recursos complementarios de acuerdo con lo establecido en el art\u00edculo 122.3.<\/span><\/p>\n<p><span style=\"font-weight: 400\">j) Fijar las directrices para la colaboraci\u00f3n, con fines educativos y culturales, con las Administraciones locales y con otros centros, entidades y organismos.<\/span><\/p>\n<p><span style=\"font-weight: 400\">k) Analizar y valorar el funcionamiento general del centro, la evoluci\u00f3n del rendimiento escolar y los resultados de las evaluaciones internas y externas en las que participe el centro.<\/span><\/p>\n<p><span style=\"font-weight: 400\">l) Elaborar propuestas e informes, a iniciativa propia o a petici\u00f3n de la Administraci\u00f3n competente, sobre el funcionamiento del centro y la mejora de la calidad de la gesti\u00f3n, as\u00ed como sobre aquellos otros aspectos relacionados con la calidad de la misma.<\/span><\/p>\n<p><span style=\"font-weight: 400\">m) Aprobar el proyecto de presupuesto del centro.<\/span><\/p>\n<p><span style=\"font-weight: 400\">n) Cualesquiera otras que le sean atribuidas por la Administraci\u00f3n educativa.<\/span><\/p>\n<h1><strong>Horarios:&nbsp;<\/strong><\/h1>\n<table width=\"640\">\n<tbody>\n<tr>\n<td width=\"48\"><strong>&nbsp;<\/strong><\/td>\n<td width=\"136\"><strong>&nbsp;<\/strong><\/td>\n<td width=\"120\">LUNES<\/td>\n<td width=\"91\">MARTES<\/td>\n<td width=\"94\">MI\u00c9RCOLES<\/td>\n<td width=\"82\">JUEVES<\/td>\n<td width=\"69\">VIERNES<\/td>\n<\/tr>\n<tr>\n<td rowspan=\"5\" width=\"48\"><strong>&nbsp;<\/strong><\/p>\n<p><strong>&nbsp;<\/strong><\/p>\n<p><strong>&nbsp;<\/strong><\/p>\n<p><strong>&nbsp;&nbsp;&nbsp;&nbsp;&nbsp;&nbsp;&nbsp;&nbsp;&nbsp; Horario<\/strong><\/p>\n<p><strong>&nbsp;&nbsp;&nbsp;&nbsp;&nbsp;&nbsp;&nbsp;&nbsp;&nbsp;&nbsp; lectivo<\/strong><\/td>\n<td width=\"136\"><strong>&nbsp;<\/strong><\/p>\n<p><strong>Alumnos<\/strong><\/p>\n<p><strong>&nbsp;<\/strong><\/td>\n<td width=\"120\">&nbsp;<\/p>\n<p>De 9\u00b400 a 14\u00b400<\/td>\n<td width=\"91\">&nbsp;<\/p>\n<p>De 9\u00b400 a 14\u00b400<\/td>\n<td width=\"94\">&nbsp;<\/p>\n<p>De 9\u00b400 a 14\u00b400<\/td>\n<td width=\"82\">&nbsp;<\/p>\n<p>De 9\u00b400 a 14\u00b400<\/td>\n<td width=\"69\">&nbsp;<\/p>\n<p>De 9\u00b400<\/p>\n<p>a 14\u00b400<\/td>\n<\/tr>\n<tr>\n<td width=\"136\"><strong>&nbsp;<\/strong><\/p>\n<p><strong>Secretaria<\/strong><\/p>\n<p><strong>&nbsp;<\/strong><\/td>\n<td width=\"120\">11:00 a 12:00h<\/td>\n<td width=\"91\">11:00 a 12:00h<\/td>\n<td width=\"94\">11:00 a 12:00h<\/td>\n<td width=\"82\">11:00 a 12:00h<\/td>\n<td width=\"69\">11:00 a 12:00h<\/td>\n<\/tr>\n<tr>\n<td width=\"136\"><strong>Secretaria<\/strong><\/p>\n<p><strong>(Atenci\u00f3n a familias)<\/strong><\/p>\n<p><strong>&nbsp;<\/strong><\/td>\n<td width=\"120\">&nbsp;<\/td>\n<td width=\"91\">De 9:00 a 14:00<\/td>\n<td width=\"94\">&nbsp;<\/td>\n<td width=\"82\">De 9:00 a 14:00<\/td>\n<td width=\"69\">&nbsp;<\/td>\n<\/tr>\n<tr>\n<td width=\"136\"><strong>Direcci\u00f3n<\/strong><\/p>\n<p><strong>( Atenci\u00f3n a familias)<\/strong><\/td>\n<td width=\"120\">&nbsp;<\/td>\n<td width=\"91\">&nbsp;<\/td>\n<td width=\"94\">&nbsp;<\/td>\n<td width=\"82\">&nbsp;<\/td>\n<td width=\"69\">&nbsp;<\/td>\n<\/tr>\n<tr>\n<td width=\"136\"><strong>Jefatura<\/strong><\/p>\n<p><strong>( Atenci\u00f3n a familias)<\/strong><\/td>\n<td width=\"120\">&nbsp;<\/td>\n<td width=\"91\">&nbsp;<\/td>\n<td width=\"94\">&nbsp;<\/td>\n<td width=\"82\">&nbsp;<\/td>\n<td width=\"69\">&nbsp;<\/td>\n<\/tr>\n<tr>\n<td rowspan=\"6\" width=\"48\"><strong>&nbsp;<\/strong><\/p>\n<p><strong>&nbsp;<\/strong><\/p>\n<p><strong>&nbsp;<\/strong><\/p>\n<p><strong>&nbsp;&nbsp;&nbsp;&nbsp;&nbsp;&nbsp;&nbsp;&nbsp;&nbsp;&nbsp;&nbsp;&nbsp; Horario<\/strong><\/p>\n<p><strong>&nbsp;<\/strong><\/p>\n<p><strong>&nbsp;&nbsp;&nbsp;&nbsp;&nbsp;&nbsp;&nbsp;&nbsp;&nbsp;&nbsp;&nbsp;&nbsp;&nbsp;&nbsp;&nbsp;&nbsp; no <\/strong><\/p>\n<p><strong>&nbsp;<\/strong><\/p>\n<p><strong>&nbsp;&nbsp;&nbsp;&nbsp;&nbsp;&nbsp;&nbsp;&nbsp;&nbsp;&nbsp;&nbsp;&nbsp; lectivo<\/strong><\/p>\n<p><strong>&nbsp;<\/strong><\/p>\n<p><strong>&nbsp;<\/strong><\/p>\n<p><strong>&nbsp;<\/strong><\/p>\n<p><strong>&nbsp;<\/strong><\/p>\n<p><strong><u>&nbsp;<\/u><\/strong><\/p>\n<p><strong><u>&nbsp;<\/u><\/strong><\/td>\n<td rowspan=\"4\" width=\"136\"><strong>&nbsp;<\/strong><\/p>\n<p><strong>&nbsp;<\/strong><\/p>\n<p><strong>&nbsp;<\/strong><\/p>\n<p><strong>&nbsp;<\/strong><\/p>\n<p><strong>&nbsp;<\/strong><\/p>\n<p><strong>Docentes<\/strong><\/td>\n<td width=\"120\">De 16,00 a 17\u00b400<\/p>\n<p><strong>Equipos docentes<\/strong> (mensual)<\/p>\n<p><strong>Equipos de orientaci\u00f3n<\/strong>(trimestral)<\/p>\n<p><strong>Equipos de Ciclo <\/strong>(mensual)<\/p>\n<p><strong>ETCP<\/strong><\/td>\n<td rowspan=\"3\" width=\"91\">&nbsp;<\/td>\n<td rowspan=\"3\" width=\"94\"><strong><u>&nbsp;<\/u><\/strong><\/td>\n<td rowspan=\"3\" width=\"82\"><strong>&nbsp;<\/strong><\/td>\n<td rowspan=\"3\" width=\"69\"><strong><u>&nbsp;<\/u><\/strong><\/td>\n<\/tr>\n<tr>\n<td width=\"120\"><strong>De 16,00 a 17\u00b400<\/strong><\/p>\n<p><strong>Claustros o Consejos Escolares (<\/strong>mensual)<\/td>\n<\/tr>\n<tr>\n<td width=\"120\"><strong>De 18`00 a 19`00<\/strong><\/p>\n<p><strong>Atenci\u00f3n a las familias<\/strong><\/td>\n<\/tr>\n<tr>\n<td colspan=\"5\" width=\"456\"><strong>M\u00e1s dos horas semanales de car\u00e1cter regular <\/strong><\/p>\n<p><strong>DE LUNES A JUEVES DE 8:30 A 9:00<\/strong><\/td>\n<\/tr>\n<tr>\n<td rowspan=\"3\" width=\"136\"><strong>&nbsp;<\/strong><\/p>\n<p><strong>&nbsp;<\/strong><\/p>\n<p><strong>&nbsp;<\/strong><\/p>\n<p><strong>Alumnos<\/strong><\/td>\n<td width=\"120\"><strong>Aula matinal<\/strong><\/td>\n<td width=\"91\">De 7\u00b430 a 9\u00b400<\/td>\n<td width=\"94\">De 7\u00b430 a 9\u00b400<\/td>\n<td width=\"82\">De 7\u00b430 a 9\u00b400<\/td>\n<td width=\"69\">De 7\u00b430 a 9\u00b400<\/td>\n<\/tr>\n<tr>\n<td width=\"120\"><strong>&nbsp;<\/strong><\/p>\n<p><strong>Comedor<\/strong><\/td>\n<td width=\"91\">De<\/p>\n<p>14\u00b400 a 16\u00b400 h.<\/td>\n<td width=\"94\">De<\/p>\n<p>14\u00b400 a 16\u00b400 h.<\/td>\n<td width=\"82\">De<\/p>\n<p>14\u00b400 a 16\u00b400 h.<\/td>\n<td width=\"69\">De<\/p>\n<p>14\u00b400 a 16\u00b400 h.<\/p>\n<p>De<\/p>\n<p>14\u00b400 a 16\u00b400 h.<\/td>\n<\/tr>\n<tr>\n<td width=\"48\"><strong>&nbsp;<\/strong><\/td>\n<td width=\"120\"><strong>Actividades extraescolares<\/strong><\/td>\n<td width=\"91\">De 16\u00b400 a 18\u00b400 h.<\/td>\n<td width=\"94\">De 16\u00b400 a 17\u00b400 h.<\/td>\n<td width=\"82\">De 16\u00b400 a 18\u00b400 h.<\/td>\n<td width=\"69\">&nbsp;<\/td>\n<\/tr>\n<\/tbody>\n<\/table>\n<h4><strong>Oferta educativa<\/strong><\/h4>\n<table class=\"t0\" style=\"width: 84.6332%\">\n<tbody>\n<tr>\n<th style=\"width: 40.8967%\">ETAPAS Y\/O NIVELES EDUCATIVOS<\/th>\n<th style=\"width: 58.0163%\">\u00c1REAS DE CLASIFICACI\u00d3N<\/th>\n<\/tr>\n<tr>\n<td class=\"tp\" style=\"width: 40.8967%\">Educaci\u00f3n Infantil Segundo Ciclo (3-6 a\u00f1os)<\/td>\n<td class=\"tq\" style=\"width: 58.0163%\">1 l\u00ednea de Educaci\u00f3n Infantil Segundo Ciclo ( 3, 4 y 5 a\u00f1os<a href=\"http:\/\/www.educateca.com\/areas\/educacion_infantil_segundo_ciclo.asp\">)<\/a><\/td>\n<\/tr>\n<tr>\n<td class=\"tp\" style=\"width: 40.8967%\">Educaci\u00f3n Primaria<\/p>\n<p>Aula de Apoyo a la integraci\u00f3n<\/p>\n<p>Aula de Audici\u00f3n y Lenguale<\/td>\n<td class=\"tq\" style=\"width: 58.0163%\">1 l\u00ednea de Educaci\u00f3n Primaria ( De 1\u00ba a 6\u00ba de Primaria)<\/p>\n<p>1 unidad<\/p>\n<p>1 unidad<\/td>\n<\/tr>\n<\/tbody>\n<\/table>\n<h4><strong>&nbsp; &nbsp; &nbsp; &nbsp; &nbsp; &nbsp;SERVICIOS<\/strong><\/h4>\n<ul style=\"list-style-type: square\">\n<li><b>Aula matinal: <\/b>Horario de 7:30 a 9:00h.&nbsp; &nbsp; &nbsp; &nbsp; &nbsp; &nbsp; &nbsp; &nbsp; &nbsp; &nbsp; &nbsp; &nbsp; &nbsp; &nbsp; &nbsp; &nbsp; &nbsp; &nbsp; &nbsp; &nbsp; &nbsp; &nbsp;<\/li>\n<\/ul>\n<p>Es un servicio que el centro ofrece a todo el alumnado con objeto de ayudar a las familias cuyo horario laboral coincide con el de su hijo\/a. Dentro de \u00e9sta los ni\u00f1os\/as est\u00e1n al cargo de dos monitoras que complementan la labor educativa antes de la jornada escolar. Empresa que gestiona el servicio Rube Servicios Pedag\u00f3gicos SL.&nbsp; &nbsp; &nbsp; &nbsp; &nbsp; &nbsp; &nbsp; &nbsp; &nbsp; &nbsp; &nbsp; &nbsp; &nbsp; &nbsp; &nbsp; &nbsp; &nbsp; &nbsp; &nbsp; &nbsp; &nbsp; &nbsp; &nbsp; &nbsp; &nbsp; &nbsp; &nbsp;<\/p>\n<p><a href=\"http:\/\/www.rubesp.com\/servicios-pedagogicos\/\">http:\/\/www.rubesp.com\/servicios-pedagogicos\/&nbsp;<\/a><\/p>\n<ul style=\"list-style-type: square\">\n<li><b>Comedor:&nbsp; <\/b>Horario de 14:00 a 16:00h.&nbsp;\n<div id=\"contenidoSinImagen\">\n<p>Los comedores escolares son un servicio complementario que resulta de gran utilidad a padres y madres para ayudarles a&nbsp;conciliar la vida laboral y familiar. Tienen una duraci\u00f3n de hasta dos horas desde que acaba la jornada escolar de la ma\u00f1ana (de 14.00 a 16.00 horas).<\/p>\n<p><a href=\"https:\/\/www.mediterranea-group.com\/\">https:\/\/www.mediterranea-group.com\/<\/a><\/p>\n<p><strong>Talleres:<\/strong><\/p>\n<ul style=\"list-style-type: square\">\n<li>Empresa que gestiona el servicio Rube Servicios Pedag\u00f3gicos SL.&nbsp; &nbsp; &nbsp; &nbsp; &nbsp; &nbsp; &nbsp; &nbsp; &nbsp; &nbsp; &nbsp; &nbsp; &nbsp; &nbsp; &nbsp; &nbsp; &nbsp; &nbsp; &nbsp; &nbsp; &nbsp; &nbsp; &nbsp; &nbsp; &nbsp; &nbsp; &nbsp; <a href=\"http:\/\/www.rubesp.com\/servicios-pedagogicos\/\">http:\/\/www.rubesp.com\/servicios-pedagogicos\/&nbsp;<\/a><\/li>\n<\/ul>\n<p style=\"text-align: center\"><strong>CEIP VELADA horario extraescolares<\/strong><\/p>\n<p><a href=\"https:\/\/blogsaverroes.juntadeandalucia.es\/ceipvelada\/files\/2025\/11\/Horario-Escolar-ACTIVIDADES-EXTRAESCOLARES.pdf\">Horario Escolar ACTIVIDADES EXTRAESCOLARES<\/a><\/p>\n<\/div>\n<div id=\"contenido\">&nbsp;<\/div>\n<\/li>\n<\/ul>\n<p>&nbsp;<\/p>\n","protected":false},"excerpt":{"rendered":"<p>Datos de contacto Direcci\u00f3n postal: Paseo Velada s\/n 11300 La L\u00ednea Tel\u00e9fonos: 671 533 096 &nbsp; &nbsp; &nbsp; &nbsp; &nbsp; &nbsp; &nbsp; &nbsp; &nbsp; &nbsp;671&hellip;<\/p>\n","protected":false},"author":1,"featured_media":0,"parent":0,"menu_order":0,"comment_status":"closed","ping_status":"open","template":"","meta":{"ngg_post_thumbnail":0,"footnotes":"","_mc_calendar":[]},"aioseo_notices":[],"_links":{"self":[{"href":"https:\/\/blogsaverroes.juntadeandalucia.es\/ceipvelada\/wp-json\/wp\/v2\/pages\/35"}],"collection":[{"href":"https:\/\/blogsaverroes.juntadeandalucia.es\/ceipvelada\/wp-json\/wp\/v2\/pages"}],"about":[{"href":"https:\/\/blogsaverroes.juntadeandalucia.es\/ceipvelada\/wp-json\/wp\/v2\/types\/page"}],"author":[{"embeddable":true,"href":"https:\/\/blogsaverroes.juntadeandalucia.es\/ceipvelada\/wp-json\/wp\/v2\/users\/1"}],"replies":[{"embeddable":true,"href":"https:\/\/blogsaverroes.juntadeandalucia.es\/ceipvelada\/wp-json\/wp\/v2\/comments?post=35"}],"version-history":[{"count":32,"href":"https:\/\/blogsaverroes.juntadeandalucia.es\/ceipvelada\/wp-json\/wp\/v2\/pages\/35\/revisions"}],"predecessor-version":[{"id":3857,"href":"https:\/\/blogsaverroes.juntadeandalucia.es\/ceipvelada\/wp-json\/wp\/v2\/pages\/35\/revisions\/3857"}],"wp:attachment":[{"href":"https:\/\/blogsaverroes.juntadeandalucia.es\/ceipvelada\/wp-json\/wp\/v2\/media?parent=35"}],"curies":[{"name":"wp","href":"https:\/\/api.w.org\/{rel}","templated":true}]}}