{"id":4117,"date":"2025-11-04T11:58:47","date_gmt":"2025-11-04T11:58:47","guid":{"rendered":"https:\/\/blogsaverroes.juntadeandalucia.es\/ceipvelada\/?page_id=4117"},"modified":"2026-01-28T10:16:01","modified_gmt":"2026-01-28T10:16:01","slug":"planes-y-programas","status":"publish","type":"page","link":"https:\/\/blogsaverroes.juntadeandalucia.es\/ceipvelada\/planes-y-programas\/","title":{"rendered":"Planes y programas"},"content":{"rendered":"<h3><strong>Planes y programas que se desarrollar\u00e1n en el Curso 2025\/26:<\/strong><\/h3>\n<table class=\" alignleft\" style=\"width: 373px\">\n<tbody>\n<tr>\n<td style=\"width: 373px\" width=\"190\"><span style=\"color: #000080\"><a style=\"color: #000080\" href=\"https:\/\/www.juntadeandalucia.es\/educacion\/portals\/web\/igualdad\/plan-igualdad\">Igualdad- Coeducaci\u00f3n<\/a><\/span><\/td>\n<\/tr>\n<tr>\n<td style=\"width: 373px\" width=\"190\"><span style=\"color: #000080\"><a style=\"color: #000080\" href=\"https:\/\/www.juntadeandalucia.es\/educacion\/portals\/web\/plurilinguismo\">Biling\u00fcismo<\/a><\/span><\/p>\n<p><a href=\"http:\/\/anpeandalucia.es\/notices\/198961\/Programa-de-Competencia-Comunicativa-en-Ense%C3%B1anza-Biling%C3%BCe-instrucciones-sobre-organizaci%C3%B3n-y-funcionamiento\">Programa de Competencia Comunicativa en Ense\u00f1anza Biling\u00fce<\/a><\/td>\n<\/tr>\n<tr>\n<td style=\"width: 373px\" width=\"190\"><span style=\"color: #000080\"><a style=\"color: #000080\" href=\"https:\/\/www.juntadeandalucia.es\/educacion\/portals\/web\/transformacion-digital-educativa\">Plan de actualizaci\u00f3n digital<\/a><\/span><\/p>\n<p><a href=\"https:\/\/www.juntadeandalucia.es\/educacion\/eaprendizaje\/impulsocd\/\">Proyecto STEAM 4.0<\/a><\/td>\n<\/tr>\n<tr>\n<td style=\"width: 373px\" width=\"190\"><span style=\"color: #000080\"><a style=\"color: #000080\" href=\"https:\/\/www.juntadeandalucia.es\/educacion\/portals\/web\/ced\/plan-apertura\">Plan de Apertura\/<\/a><\/span><\/p>\n<p><span style=\"color: #000080\"><a style=\"color: #000080\" href=\"https:\/\/www.juntadeandalucia.es\/educacion\/portals\/web\/ced\/plan-apertura\">Apoyo a la Familia<\/a><\/span><\/td>\n<\/tr>\n<tr>\n<td style=\"width: 373px\" width=\"190\"><span style=\"color: #000080\"><a style=\"color: #000080\" href=\"https:\/\/www.juntadeandalucia.es\/educacion\/portals\/web\/lecturas-bibliotecas-escolares\/organizacion-y-funcionamiento-de-las-bibliotecas-escolares\">Plan de Biblioteca<\/a><\/span><\/td>\n<\/tr>\n<tr>\n<td style=\"width: 373px\" width=\"190\"><span style=\"color: #000080\"><a style=\"color: #000080\" href=\"https:\/\/www.juntadeandalucia.es\/organismos\/transparencia\/planificacion-evaluacion-estadistica\/planes\/detalle\/11684.html\">Plan de Salud laboral y PRL<\/a><\/span><\/td>\n<\/tr>\n<tr>\n<td style=\"width: 373px\" width=\"190\"><span style=\"color: #000080\"><a style=\"color: #000080\" href=\"https:\/\/blogsaverroes.juntadeandalucia.es\/ceipvelada\/files\/2022\/10\/plan-de-formaci%C3%B3n-de-practicum-22-23.pdf\">Plan de formaci\u00f3n de Practicum<\/a><\/span><\/td>\n<\/tr>\n<tr>\n<td style=\"width: 373px\" width=\"190\"><span style=\"color: #000080\"><a style=\"color: #000080\" href=\"https:\/\/www.juntadeandalucia.es\/educacion\/portals\/web\/convivencia-escolar\/plan-de-convivencia\">Convivencia Escolar<\/a><\/span><\/p>\n<p><span style=\"color: #000080\">Bienestar Emocional<\/span><\/td>\n<\/tr>\n<tr>\n<td style=\"width: 373px\" width=\"190\"><span style=\"color: #000080\"><a style=\"color: #000080\" href=\"https:\/\/www.juntadeandalucia.es\/educacion\/portals\/web\/igualdad\/actuaciones\/pacto-de-estado-contra-violencia-de-genero\">Prevenci\u00f3n contra la violencia de g\u00e9nero&nbsp;<\/a><\/span><\/td>\n<\/tr>\n<tr>\n<td style=\"width: 373px\" width=\"190\"><span style=\"color: #000080\"><a style=\"color: #000080\" href=\"https:\/\/www.juntadeandalucia.es\/educacion\/portals\/web\/convivencia-escolar\/red-escuela-espacio-de-paz\">Escuelas Espacios de pa<\/a><a style=\"color: #000080\" href=\"https:\/\/www.juntadeandalucia.es\/educacion\/portals\/web\/convivencia-escolar\/red-escuela-espacio-de-paz\">z<\/a><\/span><\/p>\n<p><span style=\"color: #000080\">Practicum grado de maestro<\/span><\/td>\n<\/tr>\n<tr>\n<td style=\"width: 373px\" width=\"190\"><strong>Planes y Programas 25\/26<\/strong><\/td>\n<\/tr>\n<tr>\n<td style=\"width: 373px\" width=\"190\"><span style=\"color: #000080\"><a style=\"color: #000080\" href=\"https:\/\/www.juntadeandalucia.es\/educacion\/portals\/web\/habitos-vida-saludable\/creciendo-en-salud\">H\u00e1bitos de vida saludable<\/a><\/span><\/td>\n<\/tr>\n<tr class=\"menuContextual snc-row-0 row-hover\">\n<td class=\"enlaceTabla text-left snc-col-0 cuerpo1 celdaConEnlaces\" style=\"width: 373px\">\n<div class=\"d-block\"><span class=\"texto-SNC \" style=\"color: #000080\">Pacto&nbsp;de&nbsp;Estado:&nbsp;Prevenci\u00f3n&nbsp;de&nbsp;la&nbsp;Violencia<br \/>\nde&nbsp;G\u00e9nero&nbsp;2025<\/span><\/div>\n<\/td>\n<\/tr>\n<tr class=\"menuContextual snc-row-1\">\n<td class=\"enlaceTabla text-left snc-col-0 cuerpo2 celdaConEnlaces\" style=\"width: 373px\">\n<div class=\"d-block\"><span class=\"texto-SNC \" style=\"color: #000080\">Programa&nbsp;Escolar&nbsp;de&nbsp;Consumo&nbsp;de&nbsp;Frutas,&nbsp;Hortalizas<br \/>\ny&nbsp;Leche&nbsp;2025<\/span><\/div>\n<div>&nbsp;<\/div>\n<div><span style=\"color: #000080\">COMUNICA<\/span><\/div>\n<\/td>\n<\/tr>\n<\/tbody>\n<\/table>\n<p>&nbsp;<\/p>\n<p>&nbsp;<\/p>\n<p>&nbsp;<\/p>\n<p>&nbsp;<\/p>\n<p>&nbsp;<\/p>\n<p>&nbsp;<\/p>\n<p>&nbsp;<\/p>\n<p>&nbsp;<\/p>\n<p>&nbsp;<\/p>\n<p>&nbsp;<\/p>\n<p>&nbsp;<\/p>\n<p>&nbsp;<\/p>\n<p>&nbsp;<\/p>\n<p>&nbsp;<\/p>\n<p>&nbsp;<\/p>\n<p>&nbsp;<\/p>\n<p>&nbsp;<\/p>\n<p>&nbsp;<\/p>\n<p>&nbsp;<\/p>\n<h3>&nbsp;<\/h3>\n<h3>&nbsp;<\/h3>\n<h3>&nbsp;<\/h3>\n<h3>&nbsp;<\/h3>\n<h3>COMUNICA<\/h3>\n<p><img loading=\"lazy\" decoding=\"async\" class=\"alignleft wp-image-4174 size-full\" src=\"https:\/\/blogsaverroes.juntadeandalucia.es\/ceipvelada\/files\/2025\/11\/PROGRAMA-COMUNICA-.jpg\" alt=\"\" width=\"2480\" height=\"3508\" srcset=\"https:\/\/blogsaverroes.juntadeandalucia.es\/ceipvelada\/files\/2025\/11\/PROGRAMA-COMUNICA-.jpg 2480w, https:\/\/blogsaverroes.juntadeandalucia.es\/ceipvelada\/files\/2025\/11\/PROGRAMA-COMUNICA--212x300.jpg 212w, https:\/\/blogsaverroes.juntadeandalucia.es\/ceipvelada\/files\/2025\/11\/PROGRAMA-COMUNICA--724x1024.jpg 724w, https:\/\/blogsaverroes.juntadeandalucia.es\/ceipvelada\/files\/2025\/11\/PROGRAMA-COMUNICA--768x1086.jpg 768w, https:\/\/blogsaverroes.juntadeandalucia.es\/ceipvelada\/files\/2025\/11\/PROGRAMA-COMUNICA--1086x1536.jpg 1086w, https:\/\/blogsaverroes.juntadeandalucia.es\/ceipvelada\/files\/2025\/11\/PROGRAMA-COMUNICA--1448x2048.jpg 1448w\" sizes=\"(max-width: 2480px) 100vw, 2480px\" \/><\/p>\n<p>&nbsp;<\/p>\n<p>&nbsp;<\/p>\n<p>&nbsp;<\/p>\n<p>&nbsp;<\/p>\n<p>&nbsp;<\/p>\n<p>&nbsp;<\/p>\n<p>&nbsp;<\/p>\n<p>&nbsp;<\/p>\n<h3>H\u00c1BITOS SALUDABLES<\/h3>\n<p><img loading=\"lazy\" decoding=\"async\" class=\"alignleft wp-image-4175 size-full\" src=\"https:\/\/blogsaverroes.juntadeandalucia.es\/ceipvelada\/files\/2025\/11\/PROGRAMA-HABITOS-SALUDABLES-.jpg\" alt=\"\" width=\"1241\" height=\"1754\" srcset=\"https:\/\/blogsaverroes.juntadeandalucia.es\/ceipvelada\/files\/2025\/11\/PROGRAMA-HABITOS-SALUDABLES-.jpg 1132w, https:\/\/blogsaverroes.juntadeandalucia.es\/ceipvelada\/files\/2025\/11\/PROGRAMA-HABITOS-SALUDABLES--212x300.jpg 212w, https:\/\/blogsaverroes.juntadeandalucia.es\/ceipvelada\/files\/2025\/11\/PROGRAMA-HABITOS-SALUDABLES--725x1024.jpg 725w, https:\/\/blogsaverroes.juntadeandalucia.es\/ceipvelada\/files\/2025\/11\/PROGRAMA-HABITOS-SALUDABLES--768x1085.jpg 768w, https:\/\/blogsaverroes.juntadeandalucia.es\/ceipvelada\/files\/2025\/11\/PROGRAMA-HABITOS-SALUDABLES--1087x1536.jpg 1087w\" sizes=\"(max-width: 1241px) 100vw, 1241px\" \/><\/p>\n<p>&nbsp;<\/p>\n<p>&nbsp;<\/p>\n<p>&nbsp;<\/p>\n<p>&nbsp;<\/p>\n<p>&nbsp;<\/p>\n<p>&nbsp;<\/p>\n<h3>Actividades complementarias y efem\u00e9rides mes de Noviembre y Diciembre y su relaci\u00f3n con los diferentes planes y programas.<\/h3>\n<p><span style=\"color: #ff0000\"><strong>Pinchar enlace<\/strong><\/span>: <a href=\"https:\/\/blogsaverroes.juntadeandalucia.es\/ceipvelada\/files\/2025\/11\/planes-y-programas-2025-2026.pdf\">Planes y programas 2025-2026<\/a><\/p>\n<h4>Actividades complementarias y efem\u00e9rides mes de enero &#8211; febrero<\/h4>\n<p>Pinchar enlaces:&nbsp;<\/p>\n<ul>\n<li><a href=\"https:\/\/blogsaverroes.juntadeandalucia.es\/ceipvelada\/files\/2026\/01\/Actividades-complementarias-mes-de-enero-y-febrero.pdf\">Actividades complementarias mes de enero y febrero<\/a><\/li>\n<li><a href=\"https:\/\/blogsaverroes.juntadeandalucia.es\/ceipvelada\/files\/2026\/01\/CELEBRACION-DE-CARNAVAL.pdf\">Planificaci\u00f3n Carnaval<\/a><\/li>\n<\/ul>\n","protected":false},"excerpt":{"rendered":"<p>Planes y programas que se desarrollar\u00e1n en el Curso 2025\/26: Igualdad- Coeducaci\u00f3n Biling\u00fcismo Programa de Competencia Comunicativa en Ense\u00f1anza Biling\u00fce Plan de actualizaci\u00f3n digital Proyecto&hellip;<\/p>\n","protected":false},"author":5297,"featured_media":0,"parent":0,"menu_order":0,"comment_status":"closed","ping_status":"closed","template":"","meta":{"ngg_post_thumbnail":0,"footnotes":"","_mc_calendar":[]},"aioseo_notices":[],"_links":{"self":[{"href":"https:\/\/blogsaverroes.juntadeandalucia.es\/ceipvelada\/wp-json\/wp\/v2\/pages\/4117"}],"collection":[{"href":"https:\/\/blogsaverroes.juntadeandalucia.es\/ceipvelada\/wp-json\/wp\/v2\/pages"}],"about":[{"href":"https:\/\/blogsaverroes.juntadeandalucia.es\/ceipvelada\/wp-json\/wp\/v2\/types\/page"}],"author":[{"embeddable":true,"href":"https:\/\/blogsaverroes.juntadeandalucia.es\/ceipvelada\/wp-json\/wp\/v2\/users\/5297"}],"replies":[{"embeddable":true,"href":"https:\/\/blogsaverroes.juntadeandalucia.es\/ceipvelada\/wp-json\/wp\/v2\/comments?post=4117"}],"version-history":[{"count":8,"href":"https:\/\/blogsaverroes.juntadeandalucia.es\/ceipvelada\/wp-json\/wp\/v2\/pages\/4117\/revisions"}],"predecessor-version":[{"id":4260,"href":"https:\/\/blogsaverroes.juntadeandalucia.es\/ceipvelada\/wp-json\/wp\/v2\/pages\/4117\/revisions\/4260"}],"wp:attachment":[{"href":"https:\/\/blogsaverroes.juntadeandalucia.es\/ceipvelada\/wp-json\/wp\/v2\/media?parent=4117"}],"curies":[{"name":"wp","href":"https:\/\/api.w.org\/{rel}","templated":true}]}}