{"id":869,"date":"2015-03-16T07:03:52","date_gmt":"2015-03-16T07:03:52","guid":{"rendered":"http:\/\/blogsaverroes.juntadeandalucia.es\/pre\/ceip\/?page_id=84"},"modified":"2025-11-05T12:22:22","modified_gmt":"2025-11-05T12:22:22","slug":"calendario-escolar","status":"publish","type":"page","link":"https:\/\/blogsaverroes.juntadeandalucia.es\/ceipvelada\/calendario-escolar\/","title":{"rendered":"Calendario escolar"},"content":{"rendered":"<p style=\"text-align: left\"><a href=\"https:\/\/www.juntadeandalucia.es\/educacion\/portales\/web\/educacion\/w\/calendario-escolar-para-el-proximo-curso-2025-2026?redirect=%2Feducacion%2Fportales%2Fweb%2Feducacion%2Fcadiz\">Resoluci\u00f3n de la Delegaci\u00f3n Territorial de Desarrollo Educativo y Formaci\u00f3n Profesional y de Universidad, Investigaci\u00f3n e Innovaci\u00f3n en C\u00e1diz, por la que se aprueba el Calendario y la Jornada Escolar en los centros docentes, a excepci\u00f3n de los universitarios, para el curso acad\u00e9mico 2025\/2026<\/a><\/p>\n<p><strong>Otros d\u00edas no lectivos a nivel local:<\/strong> 26 de Febrero, 2 de Marzo y 4 de Mayo<\/p>\n<p><img loading=\"lazy\" decoding=\"async\" class=\"alignleft wp-image-4096 size-full\" src=\"https:\/\/blogsaverroes.juntadeandalucia.es\/ceipvelada\/files\/2025\/10\/calendario-escolar-2025-2026-andalucia-provincias.jpg\" alt=\"\" width=\"1200\" height=\"675\" data-wp-editing=\"1\" srcset=\"https:\/\/blogsaverroes.juntadeandalucia.es\/ceipvelada\/files\/2025\/10\/calendario-escolar-2025-2026-andalucia-provincias.jpg 1200w, https:\/\/blogsaverroes.juntadeandalucia.es\/ceipvelada\/files\/2025\/10\/calendario-escolar-2025-2026-andalucia-provincias-300x169.jpg 300w, https:\/\/blogsaverroes.juntadeandalucia.es\/ceipvelada\/files\/2025\/10\/calendario-escolar-2025-2026-andalucia-provincias-1024x576.jpg 1024w, https:\/\/blogsaverroes.juntadeandalucia.es\/ceipvelada\/files\/2025\/10\/calendario-escolar-2025-2026-andalucia-provincias-768x432.jpg 768w\" sizes=\"(max-width: 1200px) 100vw, 1200px\" \/><\/p>\n","protected":false},"excerpt":{"rendered":"<p>Resoluci\u00f3n de la Delegaci\u00f3n Territorial de Desarrollo Educativo y Formaci\u00f3n Profesional y de Universidad, Investigaci\u00f3n e Innovaci\u00f3n en C\u00e1diz, por la que se aprueba el&hellip;<\/p>\n","protected":false},"author":1,"featured_media":0,"parent":0,"menu_order":0,"comment_status":"closed","ping_status":"open","template":"","meta":{"ngg_post_thumbnail":0,"footnotes":"","_mc_calendar":{"weekends":"true","shortcode":"[my_calendar weekends=&quot;true&quot;]","append":""}},"aioseo_notices":[],"_links":{"self":[{"href":"https:\/\/blogsaverroes.juntadeandalucia.es\/ceipvelada\/wp-json\/wp\/v2\/pages\/869"}],"collection":[{"href":"https:\/\/blogsaverroes.juntadeandalucia.es\/ceipvelada\/wp-json\/wp\/v2\/pages"}],"about":[{"href":"https:\/\/blogsaverroes.juntadeandalucia.es\/ceipvelada\/wp-json\/wp\/v2\/types\/page"}],"author":[{"embeddable":true,"href":"https:\/\/blogsaverroes.juntadeandalucia.es\/ceipvelada\/wp-json\/wp\/v2\/users\/1"}],"replies":[{"embeddable":true,"href":"https:\/\/blogsaverroes.juntadeandalucia.es\/ceipvelada\/wp-json\/wp\/v2\/comments?post=869"}],"version-history":[{"count":22,"href":"https:\/\/blogsaverroes.juntadeandalucia.es\/ceipvelada\/wp-json\/wp\/v2\/pages\/869\/revisions"}],"predecessor-version":[{"id":4161,"href":"https:\/\/blogsaverroes.juntadeandalucia.es\/ceipvelada\/wp-json\/wp\/v2\/pages\/869\/revisions\/4161"}],"wp:attachment":[{"href":"https:\/\/blogsaverroes.juntadeandalucia.es\/ceipvelada\/wp-json\/wp\/v2\/media?parent=869"}],"curies":[{"name":"wp","href":"https:\/\/api.w.org\/{rel}","templated":true}]}}