{"id":113,"date":"2015-03-16T08:06:00","date_gmt":"2015-03-16T08:06:00","guid":{"rendered":"http:\/\/blogsaverroes.juntadeandalucia.es\/pre\/ceip\/?page_id=113"},"modified":"2019-05-20T13:55:41","modified_gmt":"2019-05-20T12:55:41","slug":"biblioteca","status":"publish","type":"page","link":"https:\/\/blogsaverroes.juntadeandalucia.es\/ceipvicentealeixandre\/planes-y-proyectos\/biblioteca\/","title":{"rendered":"Biblioteca"},"content":{"rendered":"<p><a href=\"http:\/\/elgusanillodelalectura.blogspot.com\/\"><img decoding=\"async\" class=\"wp-image-2216 size-thumbnail\" title=\"El gusanillo de la lectura\" src=\"https:\/\/blogsaverroes.juntadeandalucia.es\/ceipvicentealeixandre\/files\/2016\/04\/gusanillo-de-la-lectura-150x150.jpeg\" alt=\"\" width=\"150\" height=\"150\" srcset=\"https:\/\/blogsaverroes.juntadeandalucia.es\/ceipvicentealeixandre\/files\/2016\/04\/gusanillo-de-la-lectura-150x150.jpeg 150w, https:\/\/blogsaverroes.juntadeandalucia.es\/ceipvicentealeixandre\/files\/2016\/04\/gusanillo-de-la-lectura-100x100.jpeg 100w, https:\/\/blogsaverroes.juntadeandalucia.es\/ceipvicentealeixandre\/files\/2016\/04\/gusanillo-de-la-lectura-268x268.jpeg 268w\" sizes=\"(max-width: 150px) 100vw, 150px\" \/><\/a><\/p>\n<p><a href=\"http:\/\/elgusanillodelalectura.blogspot.com\/\"><strong>\u00abEl gusanillo de la lectura\u00bb<\/strong><\/a> es el nombre de nuestra biblioteca escolar. En ella podr\u00e1s encontrar una gran variedad de recursos que te ayudar\u00e1n en tu desarrollo acad\u00e9mico y personal.<\/p>\n<p>El horario de apertura es de <strong>9:00 a 14:00 horas.<\/strong><\/p>\n<p>&nbsp;<\/p>\n<div class=\"embed-container\"><iframe title=\"Bibliotecas escolares de Andaluc\u00eda al servicio de la comunidad educativa\" width=\"555\" height=\"312\" src=\"https:\/\/www.youtube.com\/embed\/N_rrGePF_zM?feature=oembed\" frameborder=\"0\" allow=\"accelerometer; autoplay; clipboard-write; encrypted-media; gyroscope; picture-in-picture; web-share\" referrerpolicy=\"strict-origin-when-cross-origin\" allowfullscreen><\/iframe><\/div>\n<p>Informaci\u00f3n sobre su uso, horarios, prestamos, etc&#8230;<\/p>\n<p><a title=\"Bibliotecas escolares\" href=\"http:\/\/www.juntadeandalucia.es\/educacion\/webportal\/web\/lecturas-y-bibliotecas-escolares\/bibliotecas-escolares\" target=\"_blank\" rel=\"noopener\">Enlace al portal sobre las Bibliotecas Escolares.<\/a><\/p>\n","protected":false},"excerpt":{"rendered":"<p>\u00abEl gusanillo de la lectura\u00bb es el nombre de nuestra biblioteca escolar. En ella podr\u00e1s encontrar una gran variedad de recursos que te ayudar\u00e1n en tu desarrollo acad\u00e9mico y personal. El horario de apertura es de 9:00 a 14:00 horas. &nbsp; Informaci\u00f3n sobre su uso, horarios, prestamos, etc&#8230; Enlace al portal sobre las Bibliotecas Escolares.<\/p>\n","protected":false},"author":1,"featured_media":0,"parent":44,"menu_order":0,"comment_status":"closed","ping_status":"open","template":"","meta":{"ngg_post_thumbnail":0,"footnotes":"","_mc_calendar":[]},"aioseo_notices":[],"_links":{"self":[{"href":"https:\/\/blogsaverroes.juntadeandalucia.es\/ceipvicentealeixandre\/wp-json\/wp\/v2\/pages\/113"}],"collection":[{"href":"https:\/\/blogsaverroes.juntadeandalucia.es\/ceipvicentealeixandre\/wp-json\/wp\/v2\/pages"}],"about":[{"href":"https:\/\/blogsaverroes.juntadeandalucia.es\/ceipvicentealeixandre\/wp-json\/wp\/v2\/types\/page"}],"author":[{"embeddable":true,"href":"https:\/\/blogsaverroes.juntadeandalucia.es\/ceipvicentealeixandre\/wp-json\/wp\/v2\/users\/1"}],"replies":[{"embeddable":true,"href":"https:\/\/blogsaverroes.juntadeandalucia.es\/ceipvicentealeixandre\/wp-json\/wp\/v2\/comments?post=113"}],"version-history":[{"count":9,"href":"https:\/\/blogsaverroes.juntadeandalucia.es\/ceipvicentealeixandre\/wp-json\/wp\/v2\/pages\/113\/revisions"}],"predecessor-version":[{"id":2450,"href":"https:\/\/blogsaverroes.juntadeandalucia.es\/ceipvicentealeixandre\/wp-json\/wp\/v2\/pages\/113\/revisions\/2450"}],"up":[{"embeddable":true,"href":"https:\/\/blogsaverroes.juntadeandalucia.es\/ceipvicentealeixandre\/wp-json\/wp\/v2\/pages\/44"}],"wp:attachment":[{"href":"https:\/\/blogsaverroes.juntadeandalucia.es\/ceipvicentealeixandre\/wp-json\/wp\/v2\/media?parent=113"}],"curies":[{"name":"wp","href":"https:\/\/api.w.org\/{rel}","templated":true}]}}