{"id":141,"date":"2023-02-20T07:13:24","date_gmt":"2023-02-20T06:13:24","guid":{"rendered":"http:\/\/blogsaverroes.juntadeandalucia.es\/pre\/ceip\/?page_id=141"},"modified":"2023-02-21T10:13:31","modified_gmt":"2023-02-21T09:13:31","slug":"escolarizacion","status":"publish","type":"page","link":"https:\/\/blogsaverroes.juntadeandalucia.es\/ceipvicentealeixandre\/escolarizacion\/","title":{"rendered":"Escolarizaci\u00f3n"},"content":{"rendered":"<p style=\"text-align: center\"><a href=\"https:\/\/portals.ced.junta-andalucia.es\/educacion\/portals\/web\/escolarizacion\/inicio\"><img fetchpriority=\"high\" decoding=\"async\" class=\"alignnone size-medium wp-image-3380\" src=\"https:\/\/blogsaverroes.juntadeandalucia.es\/ceipvicentealeixandre\/files\/2022\/02\/Escolarizacion2021b-300x300.jpg\" alt=\"\" width=\"300\" height=\"300\" srcset=\"https:\/\/blogsaverroes.juntadeandalucia.es\/ceipvicentealeixandre\/files\/2022\/02\/Escolarizacion2021b-300x300.jpg 300w, https:\/\/blogsaverroes.juntadeandalucia.es\/ceipvicentealeixandre\/files\/2022\/02\/Escolarizacion2021b-1024x1024.jpg 1024w, https:\/\/blogsaverroes.juntadeandalucia.es\/ceipvicentealeixandre\/files\/2022\/02\/Escolarizacion2021b-150x150.jpg 150w, https:\/\/blogsaverroes.juntadeandalucia.es\/ceipvicentealeixandre\/files\/2022\/02\/Escolarizacion2021b-768x768.jpg 768w, https:\/\/blogsaverroes.juntadeandalucia.es\/ceipvicentealeixandre\/files\/2022\/02\/Escolarizacion2021b-700x700.jpg 700w, https:\/\/blogsaverroes.juntadeandalucia.es\/ceipvicentealeixandre\/files\/2022\/02\/Escolarizacion2021b-332x332.jpg 332w, https:\/\/blogsaverroes.juntadeandalucia.es\/ceipvicentealeixandre\/files\/2022\/02\/Escolarizacion2021b-432x432.jpg 432w, https:\/\/blogsaverroes.juntadeandalucia.es\/ceipvicentealeixandre\/files\/2022\/02\/Escolarizacion2021b-268x268.jpg 268w, https:\/\/blogsaverroes.juntadeandalucia.es\/ceipvicentealeixandre\/files\/2022\/02\/Escolarizacion2021b.jpg 1201w\" sizes=\"(max-width: 300px) 100vw, 300px\" \/><\/a><\/p>\n<p style=\"text-align: center\"><strong><span style=\"color: #0000ff\"><a style=\"color: #0000ff\" href=\"https:\/\/portals.ced.junta-andalucia.es\/educacion\/portals\/web\/escolarizacion\/inicio\">PROCESO DE ESCOLARIZACI\u00d3N 2023\/2024 <\/a>&nbsp;<\/span><\/strong><\/p>\n<p style=\"text-align: justify\">En esta secci\u00f3n puede obtener toda la informaci\u00f3n&nbsp; de utilidad para las familias a la hora de de iniciar el proceso de escolarizaci\u00f3n: plazos, documentos, normativa, enlaces, etc.<\/p>\n<p style=\"text-align: center\"><a href=\"https:\/\/blogsaverroes.juntadeandalucia.es\/ceipvicentealeixandre\/files\/2023\/02\/cartel-escolarizaci\u00f3n-2023-2024.jpg\"><img decoding=\"async\" class=\"alignnone size-medium wp-image-3584\" src=\"https:\/\/blogsaverroes.juntadeandalucia.es\/ceipvicentealeixandre\/files\/2023\/02\/cartel-escolarizaci\u00f3n-2023-2024-212x300.jpg\" alt=\"\" width=\"212\" height=\"300\" srcset=\"https:\/\/blogsaverroes.juntadeandalucia.es\/ceipvicentealeixandre\/files\/2023\/02\/cartel-escolarizaci\u00f3n-2023-2024-212x300.jpg 212w, https:\/\/blogsaverroes.juntadeandalucia.es\/ceipvicentealeixandre\/files\/2023\/02\/cartel-escolarizaci\u00f3n-2023-2024-724x1024.jpg 724w, https:\/\/blogsaverroes.juntadeandalucia.es\/ceipvicentealeixandre\/files\/2023\/02\/cartel-escolarizaci\u00f3n-2023-2024-768x1086.jpg 768w, https:\/\/blogsaverroes.juntadeandalucia.es\/ceipvicentealeixandre\/files\/2023\/02\/cartel-escolarizaci\u00f3n-2023-2024-1086x1536.jpg 1086w, https:\/\/blogsaverroes.juntadeandalucia.es\/ceipvicentealeixandre\/files\/2023\/02\/cartel-escolarizaci\u00f3n-2023-2024-700x990.jpg 700w, https:\/\/blogsaverroes.juntadeandalucia.es\/ceipvicentealeixandre\/files\/2023\/02\/cartel-escolarizaci\u00f3n-2023-2024-332x470.jpg 332w, https:\/\/blogsaverroes.juntadeandalucia.es\/ceipvicentealeixandre\/files\/2023\/02\/cartel-escolarizaci\u00f3n-2023-2024.jpg 1131w\" sizes=\"(max-width: 212px) 100vw, 212px\" \/><\/a><\/p>\n<p style=\"text-align: center\">&nbsp;<\/p>\n<p><strong><span style=\"color: #0000ff\"><a style=\"color: #0000ff\" href=\"https:\/\/drive.google.com\/file\/d\/1Y8jEZ1cO1mowulVutfl3vX_uO7UJ_oy1\/view?usp=sharing\">Carta de bienvenida a las familias.<\/a><\/span><\/strong><\/p>\n<p><strong><span style=\"color: #0000ff\"><a style=\"color: #0000ff\" href=\"https:\/\/drive.google.com\/file\/d\/1_l6xbP-sEcDIKbFzyvubiE-C5xq0AFn0\/view?usp=share_link\">Carta a los directores de las Escuelas Infantiles.<\/a><\/span><\/strong><\/p>\n<h4 style=\"text-align: justify\"><span style=\"color: #008000\"><em><strong><span style=\"color: #008000\">Jornadas de puertas abiertas para las familias el lunes, 6 de marzo de 2023, a las 16:30h<\/span>.<\/strong><\/em><\/span><\/h4>\n<div style=\"width: 100%\">\n<div style=\"padding-bottom: 47.23%;padding-top: 0px;height: 0px;text-align: justify\">En la siguiente presentaci\u00f3n encontrar\u00e1 toda la informaci\u00f3n necesaria para&nbsp; solicitar plaza para su hijo\/a que se incorpora por primera vez al Centro educativo.<\/div>\n<div style=\"padding-bottom: 47.23%;padding-top: 0px;height: 0px;text-align: justify\"><iframe src=\"https:\/\/view.genial.ly\/5ebcfe17e87b0e0d2560a9e5\" width=\"1050px\" height=\"510px\" frameborder=\"0\" scrolling=\"yes\"><span data-mce-type=\"bookmark\" style=\"width: 0px;overflow: hidden;line-height: 0\" class=\"mce_SELRES_start\">\ufeff<\/span><\/iframe><\/div>\n<\/div>\n<p>El <strong>lunes, 18 de mayo, se reanuda el proceso de admisi\u00f3n del alumnado en los Centros P\u00fablicos y Privados Concertados para cursar las ense\u00f1anzas de 2\u00ba Ciclo de Educaci\u00f3n Infantil, Educaci\u00f3n Primaria, Educaci\u00f3n Especial, Educaci\u00f3n Secundaria y Bachillerato.<\/strong><\/p>\n<p>En este proceso tienen que participar todo el alumnado que se incorpora por primera vez al sistema educativo (Infantil de 3 a\u00f1os) o aquellos otros que van a cambiar de Centro.<\/p>\n<p>La elecci\u00f3n de Centro es muy importante ya que confi\u00e1is, en \u00e9l, la educaci\u00f3n y el desarrollo de vuestros hijos e hijas.<\/p>\n<p>Para facilitar el proceso, la Consejer\u00eda de Educaci\u00f3n y Deporte ha creado un portal, en el cual, puede acceder y disponer de toda la informaci\u00f3n.<\/p>\n<p style=\"text-align: justify\"><strong><a title=\"Portal escolarizaci\u00f3n\" href=\"http:\/\/www.juntadeandalucia.es\/educacion\/portals\/web\/escolarizacion\" target=\"_blank\" rel=\"noopener noreferrer\">Pinche en la imagen o en este enlace para ir al PORTAL DE ESCOLARIZACI\u00d3N DE LA JUNTA DE ANDALUC\u00cdA.&nbsp;<\/a><\/strong><\/p>\n<p><a href=\"https:\/\/www.juntadeandalucia.es\/educacion\/secretariavirtual\/accesoTramite\/462\/\"><strong><span style=\"color: #0000ff\">Secretar\u00eda virtual<\/span><\/strong>.<\/a> Puede realizar todos los tr\u00e1mites. <a href=\"https:\/\/www.juntadeandalucia.es\/educacion\/secretariavirtual\/accesoTramite\/462\/\"><img decoding=\"async\" class=\"alignnone size-medium wp-image-2946\" src=\"https:\/\/blogsaverroes.juntadeandalucia.es\/ceipvicentealeixandre\/files\/2021\/03\/Secretar\u00eda-Virtual-de-los-Centros-Educativos-300x68.png\" alt=\"\" width=\"300\" height=\"68\" srcset=\"https:\/\/blogsaverroes.juntadeandalucia.es\/ceipvicentealeixandre\/files\/2021\/03\/Secretar\u00eda-Virtual-de-los-Centros-Educativos-300x68.png 300w, https:\/\/blogsaverroes.juntadeandalucia.es\/ceipvicentealeixandre\/files\/2021\/03\/Secretar\u00eda-Virtual-de-los-Centros-Educativos-332x75.png 332w, https:\/\/blogsaverroes.juntadeandalucia.es\/ceipvicentealeixandre\/files\/2021\/03\/Secretar\u00eda-Virtual-de-los-Centros-Educativos.png 625w\" sizes=\"(max-width: 300px) 100vw, 300px\" \/><\/a><\/p>\n<p><strong><span style=\"color: #0000ff\"><a style=\"color: #0000ff\" href=\"https:\/\/drive.google.com\/file\/d\/1uymvGY1BTIV3C_KRM8yZw3339CVRRveY\/view?usp=sharing\">Autorizaci\u00f3n oferta educativa.<\/a><\/span><\/strong><\/p>\n<p><span style=\"color: #0000ff\"><strong><a style=\"color: #0000ff\" href=\"https:\/\/www.juntadeandalucia.es\/educacion\/portals\/web\/escolarizacion\/infantil-a-bachillerato\/impresos\">Impresos<\/a><\/strong><\/span>. Desde aqu\u00ed puede descargarlos.<\/p>\n<p><a href=\"https:\/\/www.juntadeandalucia.es\/educacion\/portals\/web\/escolarizacion\/infantil-a-bachillerato\/impresos\"><img loading=\"lazy\" decoding=\"async\" class=\"alignnone wp-image-2527\" src=\"https:\/\/blogsaverroes.juntadeandalucia.es\/ceipvicentealeixandre\/files\/2019\/08\/images.jpg\" alt=\"\" width=\"135\" height=\"178\" srcset=\"https:\/\/blogsaverroes.juntadeandalucia.es\/ceipvicentealeixandre\/files\/2019\/08\/images-18x24.jpg 18w, https:\/\/blogsaverroes.juntadeandalucia.es\/ceipvicentealeixandre\/files\/2019\/08\/images-27x36.jpg 27w, https:\/\/blogsaverroes.juntadeandalucia.es\/ceipvicentealeixandre\/files\/2019\/08\/images-36x48.jpg 36w\" sizes=\"(max-width: 135px) 100vw, 135px\" \/><\/a><\/p>\n<p><span style=\"color: #0000ff\"><strong><a style=\"color: #0000ff\" href=\"https:\/\/drive.google.com\/file\/d\/1Czc7WEEOm9ZfX-cPpXfICg0vnVWM8oyM\/view?usp=sharing\">Calendario admisi\u00f3n<\/a><\/strong><\/span>. Para hacer el seguimiento de todo el proceso.<\/p>\n<p><a href=\"https:\/\/drive.google.com\/file\/d\/1Czc7WEEOm9ZfX-cPpXfICg0vnVWM8oyM\/view\"><img loading=\"lazy\" decoding=\"async\" class=\"alignnone wp-image-3384\" src=\"https:\/\/blogsaverroes.juntadeandalucia.es\/ceipvicentealeixandre\/files\/2022\/02\/images.png\" alt=\"\" width=\"155\" height=\"155\" srcset=\"https:\/\/blogsaverroes.juntadeandalucia.es\/ceipvicentealeixandre\/files\/2022\/02\/images.png 225w, https:\/\/blogsaverroes.juntadeandalucia.es\/ceipvicentealeixandre\/files\/2022\/02\/images-150x150.png 150w\" sizes=\"(max-width: 155px) 100vw, 155px\" \/><\/a><\/p>\n<p><strong><span style=\"color: #0000ff\"><a style=\"color: #0000ff\" href=\"https:\/\/drive.google.com\/file\/d\/1JvDEAYiE_pwtBMQTRY9pxAT0oeZjhxkW\/view?usp=sharing\">Calendario y baremaci\u00f3n<\/a><\/span><\/strong>. Calendario y criterios de baremaci\u00f3n.<\/p>\n<p><a href=\"https:\/\/drive.google.com\/file\/d\/1uymvGY1BTIV3C_KRM8yZw3339CVRRveY\/view?usp=sharing\"><img loading=\"lazy\" decoding=\"async\" class=\"alignnone wp-image-3395\" src=\"https:\/\/blogsaverroes.juntadeandalucia.es\/ceipvicentealeixandre\/files\/2022\/03\/icono-punteo.png\" alt=\"\" width=\"156\" height=\"156\" srcset=\"https:\/\/blogsaverroes.juntadeandalucia.es\/ceipvicentealeixandre\/files\/2022\/03\/icono-punteo.png 225w, https:\/\/blogsaverroes.juntadeandalucia.es\/ceipvicentealeixandre\/files\/2022\/03\/icono-punteo-150x150.png 150w\" sizes=\"(max-width: 156px) 100vw, 156px\" \/><\/a><\/p>\n<p><strong><span style=\"color: #0000ff\"><a style=\"color: #0000ff\" href=\"https:\/\/drive.google.com\/file\/d\/1beoZeB6JkNZZC7Q9NdFL4iC2th1OELuY\/view?usp=sharing\">Mapa. \u00c1rea de influencia.<\/a><\/span><\/strong><\/p>\n<p><a href=\"https:\/\/drive.google.com\/file\/d\/1beoZeB6JkNZZC7Q9NdFL4iC2th1OELuY\/view?usp=sharing\"><img loading=\"lazy\" decoding=\"async\" class=\"alignnone wp-image-3388\" src=\"https:\/\/blogsaverroes.juntadeandalucia.es\/ceipvicentealeixandre\/files\/2022\/02\/icono-localizaci\u00f3n-300x300.png\" alt=\"\" width=\"141\" height=\"141\" srcset=\"https:\/\/blogsaverroes.juntadeandalucia.es\/ceipvicentealeixandre\/files\/2022\/02\/icono-localizaci\u00f3n-300x300.png 300w, https:\/\/blogsaverroes.juntadeandalucia.es\/ceipvicentealeixandre\/files\/2022\/02\/icono-localizaci\u00f3n-150x150.png 150w, https:\/\/blogsaverroes.juntadeandalucia.es\/ceipvicentealeixandre\/files\/2022\/02\/icono-localizaci\u00f3n-332x332.png 332w, https:\/\/blogsaverroes.juntadeandalucia.es\/ceipvicentealeixandre\/files\/2022\/02\/icono-localizaci\u00f3n-432x432.png 432w, https:\/\/blogsaverroes.juntadeandalucia.es\/ceipvicentealeixandre\/files\/2022\/02\/icono-localizaci\u00f3n-268x268.png 268w, https:\/\/blogsaverroes.juntadeandalucia.es\/ceipvicentealeixandre\/files\/2022\/02\/icono-localizaci\u00f3n.png 512w\" sizes=\"(max-width: 141px) 100vw, 141px\" \/><\/a><\/p>\n<p><strong><span style=\"color: #0000ff\"><a style=\"color: #0000ff\" href=\"https:\/\/drive.google.com\/file\/d\/1unzXSnYjtPqywgRlHt54tzp8kLIIHNvL\/view?usp=sharing\">Callejero.<\/a><\/span><\/strong><\/p>\n<p>&nbsp;<\/p>\n<p>&nbsp;<\/p>\n","protected":false},"excerpt":{"rendered":"<p>PROCESO DE ESCOLARIZACI\u00d3N 2023\/2024 &nbsp; En esta secci\u00f3n puede obtener toda la informaci\u00f3n&nbsp; de utilidad para las familias a la hora de de iniciar el proceso de escolarizaci\u00f3n: plazos, documentos, normativa, enlaces, etc. &nbsp; Carta de bienvenida a las familias. Carta a los directores de las Escuelas Infantiles. Jornadas de puertas abiertas para las familias &hellip; <\/p>\n<p><a class=\"more-link btn\" href=\"https:\/\/blogsaverroes.juntadeandalucia.es\/ceipvicentealeixandre\/escolarizacion\/\">Seguir leyendo<\/a><\/p>\n","protected":false},"author":1,"featured_media":0,"parent":0,"menu_order":0,"comment_status":"closed","ping_status":"closed","template":"","meta":{"ngg_post_thumbnail":0,"footnotes":"","_mc_calendar":[]},"aioseo_notices":[],"_links":{"self":[{"href":"https:\/\/blogsaverroes.juntadeandalucia.es\/ceipvicentealeixandre\/wp-json\/wp\/v2\/pages\/141"}],"collection":[{"href":"https:\/\/blogsaverroes.juntadeandalucia.es\/ceipvicentealeixandre\/wp-json\/wp\/v2\/pages"}],"about":[{"href":"https:\/\/blogsaverroes.juntadeandalucia.es\/ceipvicentealeixandre\/wp-json\/wp\/v2\/types\/page"}],"author":[{"embeddable":true,"href":"https:\/\/blogsaverroes.juntadeandalucia.es\/ceipvicentealeixandre\/wp-json\/wp\/v2\/users\/1"}],"replies":[{"embeddable":true,"href":"https:\/\/blogsaverroes.juntadeandalucia.es\/ceipvicentealeixandre\/wp-json\/wp\/v2\/comments?post=141"}],"version-history":[{"count":27,"href":"https:\/\/blogsaverroes.juntadeandalucia.es\/ceipvicentealeixandre\/wp-json\/wp\/v2\/pages\/141\/revisions"}],"predecessor-version":[{"id":2279,"href":"https:\/\/blogsaverroes.juntadeandalucia.es\/ceipvicentealeixandre\/wp-json\/wp\/v2\/pages\/141\/revisions\/2279"}],"wp:attachment":[{"href":"https:\/\/blogsaverroes.juntadeandalucia.es\/ceipvicentealeixandre\/wp-json\/wp\/v2\/media?parent=141"}],"curies":[{"name":"wp","href":"https:\/\/api.w.org\/{rel}","templated":true}]}}