{"id":2076,"date":"2020-11-18T13:29:08","date_gmt":"2020-11-18T12:29:08","guid":{"rendered":"http:\/\/blogsaverroes.juntadeandalucia.es\/ceipvicentealeixandre\/?page_id=2076"},"modified":"2024-10-29T20:04:11","modified_gmt":"2024-10-29T19:04:11","slug":"instalaciones","status":"publish","type":"page","link":"https:\/\/blogsaverroes.juntadeandalucia.es\/ceipvicentealeixandre\/instalaciones\/","title":{"rendered":"Instalaciones"},"content":{"rendered":"<p style=\"text-align: left\">Nuestro Centro cuenta con seis edificios:<br \/>\n&#8211; <em><strong><span style=\"color: #800000\">Edificio de Primaria<\/span><\/strong>. Cuenta con las zonas de administraci\u00f3n, la etapa de Educaci\u00f3n Primaria y el Aula Espec\u00edfica.<\/em><br \/>\n<em>&#8211; <strong><span style=\"color: #800000\">Edificio de Infantil.<\/span><\/strong> En el se encuentra las aulas de Infantil, el aula de los sue\u00f1os, sala de psicomotricidad y la redacci\u00f3n de la revista escolar.<\/em><br \/>\n<em>&#8211; Gimnasio.<\/em><br \/>\n<em>&#8211; Comedor.<\/em><br \/>\n<em>-Biblioteca.<\/em><br \/>\n<em>&#8211; <strong><span style=\"color: #800000\">Edificio de usos m\u00faltiples<\/span><\/strong>. Ubicado el sal\u00f3n de actos, el aula de m\u00fasica y el aula del AMPA.<\/em><br \/>\n<em>&#8211;<strong><span style=\"color: #800000\"> Aulas de atenci\u00f3n a la diversidad:<\/span><\/strong> PT y logopedia.<\/em><br \/>\n<em>&#8211; <strong><span style=\"color: #800000\">Huerto escolar<\/span><\/strong><\/em><br \/>\n<em>&#8211; <strong><span style=\"color: #800000\">&nbsp;Amplios espacios de recreo<\/span><\/strong>.<\/em><\/p>\nngg_shortcode_0_placeholder\n","protected":false},"excerpt":{"rendered":"<p>Nuestro Centro cuenta con seis edificios: &#8211; Edificio de Primaria. Cuenta con las zonas de administraci\u00f3n, la etapa de Educaci\u00f3n Primaria y el Aula Espec\u00edfica. &#8211; Edificio de Infantil. En el se encuentra las aulas de Infantil, el aula de los sue\u00f1os, sala de psicomotricidad y la redacci\u00f3n de la revista escolar. &#8211; Gimnasio. &#8211; &hellip; <\/p>\n<p><a class=\"more-link btn\" href=\"https:\/\/blogsaverroes.juntadeandalucia.es\/ceipvicentealeixandre\/instalaciones\/\">Seguir leyendo<\/a><\/p>\n","protected":false},"author":2262,"featured_media":0,"parent":0,"menu_order":0,"comment_status":"closed","ping_status":"open","template":"","meta":{"ngg_post_thumbnail":0,"footnotes":"","_mc_calendar":[]},"aioseo_notices":[],"_links":{"self":[{"href":"https:\/\/blogsaverroes.juntadeandalucia.es\/ceipvicentealeixandre\/wp-json\/wp\/v2\/pages\/2076"}],"collection":[{"href":"https:\/\/blogsaverroes.juntadeandalucia.es\/ceipvicentealeixandre\/wp-json\/wp\/v2\/pages"}],"about":[{"href":"https:\/\/blogsaverroes.juntadeandalucia.es\/ceipvicentealeixandre\/wp-json\/wp\/v2\/types\/page"}],"author":[{"embeddable":true,"href":"https:\/\/blogsaverroes.juntadeandalucia.es\/ceipvicentealeixandre\/wp-json\/wp\/v2\/users\/2262"}],"replies":[{"embeddable":true,"href":"https:\/\/blogsaverroes.juntadeandalucia.es\/ceipvicentealeixandre\/wp-json\/wp\/v2\/comments?post=2076"}],"version-history":[{"count":15,"href":"https:\/\/blogsaverroes.juntadeandalucia.es\/ceipvicentealeixandre\/wp-json\/wp\/v2\/pages\/2076\/revisions"}],"predecessor-version":[{"id":3939,"href":"https:\/\/blogsaverroes.juntadeandalucia.es\/ceipvicentealeixandre\/wp-json\/wp\/v2\/pages\/2076\/revisions\/3939"}],"wp:attachment":[{"href":"https:\/\/blogsaverroes.juntadeandalucia.es\/ceipvicentealeixandre\/wp-json\/wp\/v2\/media?parent=2076"}],"curies":[{"name":"wp","href":"https:\/\/api.w.org\/{rel}","templated":true}]}}