{"id":2145,"date":"2016-04-18T14:24:18","date_gmt":"2016-04-18T14:24:18","guid":{"rendered":"http:\/\/blogsaverroes.juntadeandalucia.es\/ceipvicentealeixandre\/?page_id=2145"},"modified":"2024-11-11T17:31:32","modified_gmt":"2024-11-11T16:31:32","slug":"contacto","status":"publish","type":"page","link":"https:\/\/blogsaverroes.juntadeandalucia.es\/ceipvicentealeixandre\/contacto\/","title":{"rendered":"Contacto"},"content":{"rendered":"<h2 style=\"text-align: center\">CEIP Vicente Aleixandre (Torre del Mar)<\/h2>\n<table style=\"border-collapse: collapse;width: 100%\">\n<tbody>\n<tr>\n<td style=\"width: 33.6363%;text-align: center\">\n<h3><span style=\"color: #333399\">Direcci\u00f3n:<\/span><\/h3>\n<\/td>\n<td style=\"width: 33.0303%;text-align: center\">\n<h3><span style=\"color: #333399\">Tel\u00e9fono:<\/span><\/h3>\n<\/td>\n<td style=\"width: 33.3333%;text-align: center\">\n<h3><span style=\"color: #333399\">Email:<\/span><\/h3>\n<\/td>\n<\/tr>\n<tr>\n<td style=\"width: 33.6363%;text-align: center\">Plaza Rodr\u00edguez Acosta, 2<br \/>\n29740 Torre del Mar (M\u00e1laga)<\/td>\n<td style=\"width: 33.0303%;text-align: center\">951 28 99 64<\/td>\n<td style=\"width: 33.3333%;text-align: center\">29009387@g.educaand.es<\/td>\n<\/tr>\n<\/tbody>\n<\/table>\n<p style=\"text-align: center\"><iframe src=\"https:\/\/www.google.com\/maps\/embed?pb=!1m18!1m12!1m3!1d6394.132881121687!2d-4.097186824966896!3d36.744976270811925!2m3!1f0!2f0!3f0!3m2!1i1024!2i768!4f13.1!3m3!1m2!1s0xd7247a35c0969a5%3A0xfe5337c499a4a1c8!2sCEIP%20Vicente%20Aleixandre!5e0!3m2!1ses!2ses!4v1730742320176!5m2!1ses!2ses\" width=\"600\" height=\"450\"><\/iframe>&nbsp;<\/p>\n<table style=\"border-collapse: collapse;width: 100%\">\n<tbody>\n<tr>\n<td style=\"width: 50%;vertical-align: middle\">\n<h3><span style=\"color: #333399\">Horario de secretar\u00eda:<\/span><\/h3>\n<ul>\n<li>Lunes, mi\u00e9rcoles y viernes de 9:00 h. a 10:00 h.<\/li>\n<li>Martes y jueves de 10:00 h. a 11:00h.<\/li>\n<\/ul>\n<\/td>\n<td style=\"width: 50%\">\n<h3><span style=\"color: #333399\">Formulario de contacto:<\/span><\/h3>\n<p>Si desea contactar con nosotros, rellene el siguiente cuestionario. Intentaremos contestarle a la mayor brevedad posible.<\/td>\n<\/tr>\n<\/tbody>\n<\/table>\n<table style=\"border-collapse: collapse;width: 100%\">\n<tbody>\n<tr>\n<td style=\"width: 100%\">\n<h3><span style=\"color: #333399\">\n<div class=\"wpcf7 no-js\" id=\"wpcf7-f4143-o1\" lang=\"es-ES\" dir=\"ltr\">\n<div class=\"screen-reader-response\"><p role=\"status\" aria-live=\"polite\" aria-atomic=\"true\"><\/p> <ul><\/ul><\/div>\n<form action=\"\/ceipvicentealeixandre\/wp-json\/wp\/v2\/pages\/2145#wpcf7-f4143-o1\" method=\"post\" class=\"wpcf7-form init\" aria-label=\"Formulario de contacto\" novalidate=\"novalidate\" data-status=\"init\">\n<div style=\"display: none;\">\n<input type=\"hidden\" name=\"_wpcf7\" value=\"4143\" \/>\n<input type=\"hidden\" name=\"_wpcf7_version\" value=\"5.9.8\" \/>\n<input type=\"hidden\" name=\"_wpcf7_locale\" value=\"es_ES\" \/>\n<input type=\"hidden\" name=\"_wpcf7_unit_tag\" value=\"wpcf7-f4143-o1\" \/>\n<input type=\"hidden\" name=\"_wpcf7_container_post\" value=\"0\" \/>\n<input type=\"hidden\" name=\"_wpcf7_posted_data_hash\" value=\"\" \/>\n<\/div>\n<p><label> Tu nombre<br \/>\n<span class=\"wpcf7-form-control-wrap\" data-name=\"your-name\"><input size=\"40\" maxlength=\"400\" class=\"wpcf7-form-control wpcf7-text wpcf7-validates-as-required\" autocomplete=\"name\" aria-required=\"true\" aria-invalid=\"false\" value=\"\" type=\"text\" name=\"your-name\" \/><\/span> <\/label>\n<\/p>\n<p><label> Tu correo electr\u00f3nico<br \/>\n<span class=\"wpcf7-form-control-wrap\" data-name=\"your-email\"><input size=\"40\" maxlength=\"400\" class=\"wpcf7-form-control wpcf7-email wpcf7-validates-as-required wpcf7-text wpcf7-validates-as-email\" autocomplete=\"email\" aria-required=\"true\" aria-invalid=\"false\" value=\"\" type=\"email\" name=\"your-email\" \/><\/span> <\/label>\n<\/p>\n<p><label> Asunto<br \/>\n<span class=\"wpcf7-form-control-wrap\" data-name=\"your-subject\"><input size=\"40\" maxlength=\"400\" class=\"wpcf7-form-control wpcf7-text wpcf7-validates-as-required\" aria-required=\"true\" aria-invalid=\"false\" value=\"\" type=\"text\" name=\"your-subject\" \/><\/span> <\/label>\n<\/p>\n<p><label> Tu mensaje<br \/>\n<span class=\"wpcf7-form-control-wrap\" data-name=\"your-message\"><textarea cols=\"40\" rows=\"10\" maxlength=\"2000\" class=\"wpcf7-form-control wpcf7-textarea\" aria-invalid=\"false\" name=\"your-message\"><\/textarea><\/span> <\/label>\n<\/p>\n<p><input class=\"wpcf7-form-control wpcf7-submit has-spinner\" type=\"submit\" value=\"Enviar\" \/>\n<\/p><div class=\"wpcf7-response-output\" aria-hidden=\"true\"><\/div>\n<\/form>\n<\/div>\n<\/span><\/h3>\n<\/td>\n<\/tr>\n<\/tbody>\n<\/table>\n<p style=\"text-align: center\">&nbsp;<\/p>\n","protected":false},"excerpt":{"rendered":"<p>CEIP Vicente Aleixandre (Torre del Mar) Direcci\u00f3n: Tel\u00e9fono: Email: Plaza Rodr\u00edguez Acosta, 2 29740 Torre del Mar (M\u00e1laga) 951 28 99 64 29009387@g.educaand.es &nbsp; Horario de secretar\u00eda: Lunes, mi\u00e9rcoles y viernes de 9:00 h. a 10:00 h. Martes y jueves de 10:00 h. a 11:00h. Formulario de contacto: Si desea contactar con nosotros, rellene el &hellip; <\/p>\n<p><a class=\"more-link btn\" href=\"https:\/\/blogsaverroes.juntadeandalucia.es\/ceipvicentealeixandre\/contacto\/\">Seguir leyendo<\/a><\/p>\n","protected":false},"author":2262,"featured_media":0,"parent":0,"menu_order":0,"comment_status":"closed","ping_status":"closed","template":"","meta":{"ngg_post_thumbnail":0,"footnotes":"","_mc_calendar":[]},"aioseo_notices":[],"_links":{"self":[{"href":"https:\/\/blogsaverroes.juntadeandalucia.es\/ceipvicentealeixandre\/wp-json\/wp\/v2\/pages\/2145"}],"collection":[{"href":"https:\/\/blogsaverroes.juntadeandalucia.es\/ceipvicentealeixandre\/wp-json\/wp\/v2\/pages"}],"about":[{"href":"https:\/\/blogsaverroes.juntadeandalucia.es\/ceipvicentealeixandre\/wp-json\/wp\/v2\/types\/page"}],"author":[{"embeddable":true,"href":"https:\/\/blogsaverroes.juntadeandalucia.es\/ceipvicentealeixandre\/wp-json\/wp\/v2\/users\/2262"}],"replies":[{"embeddable":true,"href":"https:\/\/blogsaverroes.juntadeandalucia.es\/ceipvicentealeixandre\/wp-json\/wp\/v2\/comments?post=2145"}],"version-history":[{"count":11,"href":"https:\/\/blogsaverroes.juntadeandalucia.es\/ceipvicentealeixandre\/wp-json\/wp\/v2\/pages\/2145\/revisions"}],"predecessor-version":[{"id":4155,"href":"https:\/\/blogsaverroes.juntadeandalucia.es\/ceipvicentealeixandre\/wp-json\/wp\/v2\/pages\/2145\/revisions\/4155"}],"wp:attachment":[{"href":"https:\/\/blogsaverroes.juntadeandalucia.es\/ceipvicentealeixandre\/wp-json\/wp\/v2\/media?parent=2145"}],"curies":[{"name":"wp","href":"https:\/\/api.w.org\/{rel}","templated":true}]}}