{"id":2236,"date":"2021-09-13T16:26:41","date_gmt":"2021-09-13T15:26:41","guid":{"rendered":"http:\/\/blogsaverroes.juntadeandalucia.es\/ceipvicentealeixandre\/?page_id=2236"},"modified":"2024-11-15T13:23:26","modified_gmt":"2024-11-15T12:23:26","slug":"comedor","status":"publish","type":"page","link":"https:\/\/blogsaverroes.juntadeandalucia.es\/ceipvicentealeixandre\/oferta-educativa\/comedor\/","title":{"rendered":"Comedor"},"content":{"rendered":"<p style=\"text-align: center\"><a href=\"https:\/\/blogsaverroes.juntadeandalucia.es\/ceipvicentealeixandre\/files\/2014\/12\/comida.jpg\"><img fetchpriority=\"high\" decoding=\"async\" class=\"alignnone size-medium wp-image-538\" src=\"https:\/\/blogsaverroes.juntadeandalucia.es\/ceipvicentealeixandre\/files\/2014\/12\/comida-300x173.jpg\" alt=\"\" width=\"300\" height=\"173\" srcset=\"https:\/\/blogsaverroes.juntadeandalucia.es\/ceipvicentealeixandre\/files\/2014\/12\/comida-300x173.jpg 300w, https:\/\/blogsaverroes.juntadeandalucia.es\/ceipvicentealeixandre\/files\/2014\/12\/comida.jpg 709w\" sizes=\"(max-width: 300px) 100vw, 300px\" \/><\/a><\/p>\n<p>Los comedores escolares son un servicio complementario que resulta de gran utilidad a padres y madres para ayudarles a&nbsp;<strong>conciliar la vida laboral y familiar<\/strong>. Tienen una duraci\u00f3n de hasta dos horas desde que acaba la jornada escolar de la ma\u00f1ana: <strong>de 14.00 a 16.00 h.<\/strong><\/p>\n<p>Los comedores son adem\u00e1s una pieza importante&nbsp;en todas las medidas dirigidas a <strong>mejorar los h\u00e1bitos alimenticios<\/strong> de los ni\u00f1os y ni\u00f1as y <strong>prevenir<\/strong> problemas de salud como la obesidad.<\/p>\n<p>Nuestro comedor escolar tiene una capacidad de <strong>200 plazas, <\/strong>con un precio de 5,54 el men\u00fa por d\u00eda. La empresa suministradora del servicio es MEDITERR\u00c1NEA CATERING.<\/p>\n<p style=\"text-align: center\"><span style=\"color: #ff0000\"><strong>EL SERVICIO SE INICIA EL D\u00cdA 10 DE SEPTIEMBRE DE 2024<\/strong><\/span><\/p>\n<p><a href=\"https:\/\/www.mediterranea-group.com\/areas-de-negocio\/educacion\/\"><img decoding=\"async\" class=\"size-medium wp-image-2870 aligncenter\" src=\"https:\/\/blogsaverroes.juntadeandalucia.es\/ceipvicentealeixandre\/files\/2020\/11\/MEDITERR\u00c1NEA-CATERING-300x99.jpg\" alt=\"\" width=\"300\" height=\"99\" srcset=\"https:\/\/blogsaverroes.juntadeandalucia.es\/ceipvicentealeixandre\/files\/2020\/11\/MEDITERR\u00c1NEA-CATERING-300x99.jpg 300w, https:\/\/blogsaverroes.juntadeandalucia.es\/ceipvicentealeixandre\/files\/2020\/11\/MEDITERR\u00c1NEA-CATERING-332x110.jpg 332w, https:\/\/blogsaverroes.juntadeandalucia.es\/ceipvicentealeixandre\/files\/2020\/11\/MEDITERR\u00c1NEA-CATERING-24x8.jpg 24w, https:\/\/blogsaverroes.juntadeandalucia.es\/ceipvicentealeixandre\/files\/2020\/11\/MEDITERR\u00c1NEA-CATERING-36x12.jpg 36w, https:\/\/blogsaverroes.juntadeandalucia.es\/ceipvicentealeixandre\/files\/2020\/11\/MEDITERR\u00c1NEA-CATERING-48x16.jpg 48w, https:\/\/blogsaverroes.juntadeandalucia.es\/ceipvicentealeixandre\/files\/2020\/11\/MEDITERR\u00c1NEA-CATERING.jpg 390w\" sizes=\"(max-width: 300px) 100vw, 300px\" \/><\/a><\/p>\n<p><strong><a href=\"https:\/\/www.mediterranea-group.com\/areas-de-negocio\/educacion\/\"><span style=\"text-decoration: underline;color: #0000ff\">Pinche&nbsp; en la imagen y&nbsp; en el enlace<\/span><\/a><\/strong> y podr\u00e1 acceder a su web. En ella, hay una zona espec\u00edfica para padres y madres y podr\u00e1 descargar el men\u00fa. <strong><span style=\"color: #0000ff\"><a style=\"color: #0000ff\" href=\"http:\/\/andalucia.mediterranea-group.com\/padres\/\">Zona para las madres y padres.<\/a><\/span><\/strong><\/p>\n<p><strong><span style=\"text-decoration: underline\">MEN\u00da ESCOLAR. <\/span><\/strong><\/p>\n<p>Con el fin de mejorar y simplificar el servicio de informaci\u00f3n de los men\u00fas, se ha decidido habilitar un enlace para que los usuarios puedan visualizar el men\u00fa todos los meses. Os recordamos que las incidencias de recibos \/notificaciones de faltas se gestionan a trav\u00e9s del mail: <a href=\"mailto:administracion.andalucia@mediterranea-group.com\">administracion.andalucia@mediterranea-group.com<\/a><\/p>\n<p>Los mails de notificaci\u00f3n de falta no se contestan, se env\u00eda una respuesta autom\u00e1tica <strong><span style=\"text-decoration: underline\">para confirmar que el mail se ha recibido.<\/span><\/strong><\/p>\n<p><strong><span style=\"text-decoration: underline\">El enlace en el que se encuentra nuestro men\u00fa es el siguiente:<\/span><\/strong> <a href=\"https:\/\/drive.google.com\/drive\/folders\/1VNpqga1P2BNBV9bo-gmsQkCUE4fF7kXj?usp=sharing\" target=\"_blank\" rel=\"noopener\">Aqu\u00ed.<\/a><\/p>\n<p><span style=\"text-decoration: underline\"><strong>DOCUMENTACI\u00d3N<\/strong><\/span><\/p>\n<p>Documentaci\u00f3n necesaria para solicitar el servicio:<\/p>\n<p><a href=\"https:\/\/drive.google.com\/file\/d\/15jZ8-Ii2j8ndmPPO9PW4-PbDif2bB7tM\/view?usp=sharing\"><strong>ANEXO II<\/strong>.<\/a> Solicitud de Aula Matinal, Comedor Escolar y Actividades Extraescolares.<\/p>\n<p><a href=\"https:\/\/drive.google.com\/file\/d\/1TMWxJqs_vpJuL6_hVIjVLoxmgCaMMvpH\/view?usp=sharing\"><strong>ANEXO V<\/strong>.<\/a> Solicitud de bonificaci\u00f3n.<\/p>\n<p>&nbsp;<\/p>\n","protected":false},"excerpt":{"rendered":"<p>Los comedores escolares son un servicio complementario que resulta de gran utilidad a padres y madres para ayudarles a&nbsp;conciliar la vida laboral y familiar. Tienen una duraci\u00f3n de hasta dos horas desde que acaba la jornada escolar de la ma\u00f1ana: de 14.00 a 16.00 h. Los comedores son adem\u00e1s una pieza importante&nbsp;en todas las medidas &hellip; <\/p>\n<p><a class=\"more-link btn\" href=\"https:\/\/blogsaverroes.juntadeandalucia.es\/ceipvicentealeixandre\/oferta-educativa\/comedor\/\">Seguir leyendo<\/a><\/p>\n","protected":false},"author":2262,"featured_media":0,"parent":3069,"menu_order":0,"comment_status":"closed","ping_status":"closed","template":"","meta":{"ngg_post_thumbnail":0,"footnotes":"","_mc_calendar":[]},"aioseo_notices":[],"_links":{"self":[{"href":"https:\/\/blogsaverroes.juntadeandalucia.es\/ceipvicentealeixandre\/wp-json\/wp\/v2\/pages\/2236"}],"collection":[{"href":"https:\/\/blogsaverroes.juntadeandalucia.es\/ceipvicentealeixandre\/wp-json\/wp\/v2\/pages"}],"about":[{"href":"https:\/\/blogsaverroes.juntadeandalucia.es\/ceipvicentealeixandre\/wp-json\/wp\/v2\/types\/page"}],"author":[{"embeddable":true,"href":"https:\/\/blogsaverroes.juntadeandalucia.es\/ceipvicentealeixandre\/wp-json\/wp\/v2\/users\/2262"}],"replies":[{"embeddable":true,"href":"https:\/\/blogsaverroes.juntadeandalucia.es\/ceipvicentealeixandre\/wp-json\/wp\/v2\/comments?post=2236"}],"version-history":[{"count":24,"href":"https:\/\/blogsaverroes.juntadeandalucia.es\/ceipvicentealeixandre\/wp-json\/wp\/v2\/pages\/2236\/revisions"}],"predecessor-version":[{"id":4212,"href":"https:\/\/blogsaverroes.juntadeandalucia.es\/ceipvicentealeixandre\/wp-json\/wp\/v2\/pages\/2236\/revisions\/4212"}],"up":[{"embeddable":true,"href":"https:\/\/blogsaverroes.juntadeandalucia.es\/ceipvicentealeixandre\/wp-json\/wp\/v2\/pages\/3069"}],"wp:attachment":[{"href":"https:\/\/blogsaverroes.juntadeandalucia.es\/ceipvicentealeixandre\/wp-json\/wp\/v2\/media?parent=2236"}],"curies":[{"name":"wp","href":"https:\/\/api.w.org\/{rel}","templated":true}]}}