{"id":2631,"date":"2020-03-06T19:56:33","date_gmt":"2020-03-06T18:56:33","guid":{"rendered":"https:\/\/blogsaverroes.juntadeandalucia.es\/ceipvicentealeixandre\/?page_id=2631"},"modified":"2021-02-22T12:07:37","modified_gmt":"2021-02-22T11:07:37","slug":"revista-escolar","status":"publish","type":"page","link":"https:\/\/blogsaverroes.juntadeandalucia.es\/ceipvicentealeixandre\/revista-escolar\/","title":{"rendered":"Revista Escolar"},"content":{"rendered":"<p style=\"text-align: center\"><a href=\"http:\/\/elgusanillodelalectura.blogspot.com\/p\/revista.html\"><img decoding=\"async\" class=\"alignnone size-full wp-image-2633\" src=\"https:\/\/blogsaverroes.juntadeandalucia.es\/ceipvicentealeixandre\/files\/2020\/03\/UN-COLE-DE-CINE-PORTADA.jpeg\" alt=\"\" width=\"136\" height=\"200\" srcset=\"https:\/\/blogsaverroes.juntadeandalucia.es\/ceipvicentealeixandre\/files\/2020\/03\/UN-COLE-DE-CINE-PORTADA.jpeg 136w, https:\/\/blogsaverroes.juntadeandalucia.es\/ceipvicentealeixandre\/files\/2020\/03\/UN-COLE-DE-CINE-PORTADA-16x24.jpeg 16w, https:\/\/blogsaverroes.juntadeandalucia.es\/ceipvicentealeixandre\/files\/2020\/03\/UN-COLE-DE-CINE-PORTADA-24x36.jpeg 24w, https:\/\/blogsaverroes.juntadeandalucia.es\/ceipvicentealeixandre\/files\/2020\/03\/UN-COLE-DE-CINE-PORTADA-33x48.jpeg 33w\" sizes=\"(max-width: 136px) 100vw, 136px\" \/><\/a><\/p>\n<p><a href=\"http:\/\/elgusanillodelalectura.blogspot.com\/p\/revista.html\"><span style=\"color: #008000\"><em><strong>\u00abVicente Sorprendente\u00bb<\/strong><\/em> <\/span><\/a>es el nombre de nuestra revista escolar.<\/p>\n<p>El equipo de trabajo est\u00e1 compuesto por alumnado de 2\u00ba a 6\u00ba de Primaria. La coordinaci\u00f3n y maquetaci\u00f3n est\u00e1 formada por un equipo de tres docentes y, el consejo de redacci\u00f3n, es el claustros de maestros y maestros.<\/p>\n<p>Nuestra revista presenta el formato digital y en papel.&nbsp;<\/p>\n<p>Se publican dos n\u00fameros al a\u00f1o.<\/p>\n<p>Os invitamos a descubrirla, disfrutarla y conocernos.<\/p>\n<p><a href=\"https:\/\/es.slideshare.net\/elgusanillodelalectura\/n-12-nuestro-huerto-escolar\">N\u00ba 12 Nuestro huerto escolar.<\/a><\/p>\n<p><a href=\"https:\/\/es.slideshare.net\/elgusanillodelalectura\/n-12-nuestro-huerto-escolar\"><img fetchpriority=\"high\" decoding=\"async\" class=\"alignnone size-medium wp-image-2937\" src=\"https:\/\/blogsaverroes.juntadeandalucia.es\/ceipvicentealeixandre\/files\/2021\/02\/Nuestro-huerto-escolar-n-12-216x300.jpeg\" alt=\"\" width=\"216\" height=\"300\" srcset=\"https:\/\/blogsaverroes.juntadeandalucia.es\/ceipvicentealeixandre\/files\/2021\/02\/Nuestro-huerto-escolar-n-12-216x300.jpeg 216w, https:\/\/blogsaverroes.juntadeandalucia.es\/ceipvicentealeixandre\/files\/2021\/02\/Nuestro-huerto-escolar-n-12-736x1024.jpeg 736w, https:\/\/blogsaverroes.juntadeandalucia.es\/ceipvicentealeixandre\/files\/2021\/02\/Nuestro-huerto-escolar-n-12-768x1068.jpeg 768w, https:\/\/blogsaverroes.juntadeandalucia.es\/ceipvicentealeixandre\/files\/2021\/02\/Nuestro-huerto-escolar-n-12-1104x1536.jpeg 1104w, https:\/\/blogsaverroes.juntadeandalucia.es\/ceipvicentealeixandre\/files\/2021\/02\/Nuestro-huerto-escolar-n-12-1472x2048.jpeg 1472w, https:\/\/blogsaverroes.juntadeandalucia.es\/ceipvicentealeixandre\/files\/2021\/02\/Nuestro-huerto-escolar-n-12-700x974.jpeg 700w, https:\/\/blogsaverroes.juntadeandalucia.es\/ceipvicentealeixandre\/files\/2021\/02\/Nuestro-huerto-escolar-n-12-332x462.jpeg 332w, https:\/\/blogsaverroes.juntadeandalucia.es\/ceipvicentealeixandre\/files\/2021\/02\/Nuestro-huerto-escolar-n-12.jpeg 1150w\" sizes=\"(max-width: 216px) 100vw, 216px\" \/><\/a><\/p>\n<p>&nbsp;<\/p>\n<p>&nbsp;<\/p>\n","protected":false},"excerpt":{"rendered":"<p>\u00abVicente Sorprendente\u00bb es el nombre de nuestra revista escolar. El equipo de trabajo est\u00e1 compuesto por alumnado de 2\u00ba a 6\u00ba de Primaria. La coordinaci\u00f3n y maquetaci\u00f3n est\u00e1 formada por un equipo de tres docentes y, el consejo de redacci\u00f3n, es el claustros de maestros y maestros. Nuestra revista presenta el formato digital y en &hellip; <\/p>\n<p><a class=\"more-link btn\" href=\"https:\/\/blogsaverroes.juntadeandalucia.es\/ceipvicentealeixandre\/revista-escolar\/\">Seguir leyendo<\/a><\/p>\n","protected":false},"author":2262,"featured_media":0,"parent":0,"menu_order":0,"comment_status":"closed","ping_status":"closed","template":"","meta":{"ngg_post_thumbnail":0,"footnotes":"","_mc_calendar":[]},"aioseo_notices":[],"_links":{"self":[{"href":"https:\/\/blogsaverroes.juntadeandalucia.es\/ceipvicentealeixandre\/wp-json\/wp\/v2\/pages\/2631"}],"collection":[{"href":"https:\/\/blogsaverroes.juntadeandalucia.es\/ceipvicentealeixandre\/wp-json\/wp\/v2\/pages"}],"about":[{"href":"https:\/\/blogsaverroes.juntadeandalucia.es\/ceipvicentealeixandre\/wp-json\/wp\/v2\/types\/page"}],"author":[{"embeddable":true,"href":"https:\/\/blogsaverroes.juntadeandalucia.es\/ceipvicentealeixandre\/wp-json\/wp\/v2\/users\/2262"}],"replies":[{"embeddable":true,"href":"https:\/\/blogsaverroes.juntadeandalucia.es\/ceipvicentealeixandre\/wp-json\/wp\/v2\/comments?post=2631"}],"version-history":[{"count":5,"href":"https:\/\/blogsaverroes.juntadeandalucia.es\/ceipvicentealeixandre\/wp-json\/wp\/v2\/pages\/2631\/revisions"}],"predecessor-version":[{"id":2938,"href":"https:\/\/blogsaverroes.juntadeandalucia.es\/ceipvicentealeixandre\/wp-json\/wp\/v2\/pages\/2631\/revisions\/2938"}],"wp:attachment":[{"href":"https:\/\/blogsaverroes.juntadeandalucia.es\/ceipvicentealeixandre\/wp-json\/wp\/v2\/media?parent=2631"}],"curies":[{"name":"wp","href":"https:\/\/api.w.org\/{rel}","templated":true}]}}