{"id":2659,"date":"2020-03-17T20:49:35","date_gmt":"2020-03-17T19:49:35","guid":{"rendered":"https:\/\/blogsaverroes.juntadeandalucia.es\/ceipvicentealeixandre\/?page_id=2659"},"modified":"2020-03-27T12:18:11","modified_gmt":"2020-03-27T11:18:11","slug":"quedateencasa","status":"publish","type":"page","link":"https:\/\/blogsaverroes.juntadeandalucia.es\/ceipvicentealeixandre\/quedateencasa\/","title":{"rendered":"Qu\u00e9dateEnCasa"},"content":{"rendered":"<p><a href=\"https:\/\/blogsaverroes.juntadeandalucia.es\/ceipvicentealeixandre\/files\/2020\/03\/nosotros-nos-quedamos-en-casa.png\"><img fetchpriority=\"high\" decoding=\"async\" class=\"size-medium wp-image-2669 aligncenter\" src=\"https:\/\/blogsaverroes.juntadeandalucia.es\/ceipvicentealeixandre\/files\/2020\/03\/nosotros-nos-quedamos-en-casa-300x213.png\" alt=\"\" width=\"300\" height=\"213\" srcset=\"https:\/\/blogsaverroes.juntadeandalucia.es\/ceipvicentealeixandre\/files\/2020\/03\/nosotros-nos-quedamos-en-casa-300x213.png 300w, https:\/\/blogsaverroes.juntadeandalucia.es\/ceipvicentealeixandre\/files\/2020\/03\/nosotros-nos-quedamos-en-casa-768x545.png 768w, https:\/\/blogsaverroes.juntadeandalucia.es\/ceipvicentealeixandre\/files\/2020\/03\/nosotros-nos-quedamos-en-casa-1024x727.png 1024w, https:\/\/blogsaverroes.juntadeandalucia.es\/ceipvicentealeixandre\/files\/2020\/03\/nosotros-nos-quedamos-en-casa-700x497.png 700w, https:\/\/blogsaverroes.juntadeandalucia.es\/ceipvicentealeixandre\/files\/2020\/03\/nosotros-nos-quedamos-en-casa-332x236.png 332w, https:\/\/blogsaverroes.juntadeandalucia.es\/ceipvicentealeixandre\/files\/2020\/03\/nosotros-nos-quedamos-en-casa-24x17.png 24w, https:\/\/blogsaverroes.juntadeandalucia.es\/ceipvicentealeixandre\/files\/2020\/03\/nosotros-nos-quedamos-en-casa-36x26.png 36w, https:\/\/blogsaverroes.juntadeandalucia.es\/ceipvicentealeixandre\/files\/2020\/03\/nosotros-nos-quedamos-en-casa-48x34.png 48w, https:\/\/blogsaverroes.juntadeandalucia.es\/ceipvicentealeixandre\/files\/2020\/03\/nosotros-nos-quedamos-en-casa.png 1600w\" sizes=\"(max-width: 300px) 100vw, 300px\" \/><\/a><\/p>\n<p>Desde el colegio queremos contribuir a que nuestra estancia en casa sea lo m\u00e1s amena posible. Para ello, os dejamos:<\/p>\n<p><strong>1.- Consejos para prevenir la pandemia<\/strong>. <em><strong>\u00abEs tu momento, es nuestro momento\u00bb<\/strong><\/em><\/p>\n<p style=\"text-align: center\"><a href=\"https:\/\/blogsaverroes.juntadeandalucia.es\/ceipvicentealeixandre\/files\/2020\/03\/images-1.jpg\"><img decoding=\"async\" class=\"alignnone size-full wp-image-2662\" src=\"https:\/\/blogsaverroes.juntadeandalucia.es\/ceipvicentealeixandre\/files\/2020\/03\/images-1.jpg\" alt=\"\" width=\"272\" height=\"185\" srcset=\"https:\/\/blogsaverroes.juntadeandalucia.es\/ceipvicentealeixandre\/files\/2020\/03\/images-1.jpg 272w, https:\/\/blogsaverroes.juntadeandalucia.es\/ceipvicentealeixandre\/files\/2020\/03\/images-1-24x16.jpg 24w, https:\/\/blogsaverroes.juntadeandalucia.es\/ceipvicentealeixandre\/files\/2020\/03\/images-1-36x24.jpg 36w, https:\/\/blogsaverroes.juntadeandalucia.es\/ceipvicentealeixandre\/files\/2020\/03\/images-1-48x33.jpg 48w\" sizes=\"(max-width: 272px) 100vw, 272px\" \/><\/a><\/p>\n<p>Es importante conocer cu\u00e1les son las medidas preventivas que tenemos que aplicar ante el coronavirues. Desde la Delegaci\u00f3n de Educaci\u00f3n nos han enviado la siguiente informaci\u00f3n.&nbsp;<\/p>\n<ul style=\"list-style-type: square\">\n<li><strong><a href=\"https:\/\/drive.google.com\/open?id=1AFoFsZk-fhNjdIpaRB2naFHazrLGw3Y6\">INFOGRAF\u00cdA: MANOS PARA LA POBLACI\u00d3N INFANTIL.<\/a><\/strong><\/li>\n<li><strong><a href=\"https:\/\/drive.google.com\/open?id=15IKGxK9wJvK0wy1dmx5LQ-d41i9-EFSq\">P\u00d3STER: \u00bfQU\u00c9 LE DIGO A LOS NI\u00d1OS Y NI\u00d1AS SOBRE EL CORONAVIRUS?<\/a><\/strong><\/li>\n<li><strong><a href=\"https:\/\/drive.google.com\/open?id=1Z75SyXv4CbCgfVgHeJpTN2LR5piftkeZ\">CARTEL: AS\u00cd ME LAVO LAS MANOS.<\/a><\/strong><\/li>\n<li><strong><a href=\"https:\/\/drive.google.com\/file\/d\/1I-JWZX2OfcPENtAtwzVo4hIz_g4Y2H7H\/view\">CUADERNO: QU\u00c9 DEBEMOS SABER SOBRE EL CORONAVIRUS<\/a><\/strong><\/li>\n<\/ul>\n<p style=\"text-align: center\"><em><strong>ES IMPORTANTE COMUNICAR AL CENTRO EDUCATIVO SI TU HIJO O HIJA PRESENTA ALGUNOS S\u00cdNTOMAS<\/strong><\/em><\/p>\n<p style=\"text-align: left\"><strong>2.- Recursos educativos<\/strong> para complementar, de manera l\u00fadica y amena, las tareas escolares. Pincha en la imagen y accede a la<strong><a href=\"http:\/\/elgusanillodelalectura.blogspot.com\/2020\/03\/quedateencasa.html\"> biblioteca escolar<\/a><\/strong>.<\/p>\n<p style=\"text-align: left\"><a href=\"http:\/\/elgusanillodelalectura.blogspot.com\/2020\/03\/quedateencasa.html\"><img decoding=\"async\" class=\"size-full wp-image-2661 aligncenter\" src=\"https:\/\/blogsaverroes.juntadeandalucia.es\/ceipvicentealeixandre\/files\/2020\/03\/descarga-2.jpg\" alt=\"\" width=\"286\" height=\"176\" srcset=\"https:\/\/blogsaverroes.juntadeandalucia.es\/ceipvicentealeixandre\/files\/2020\/03\/descarga-2.jpg 286w, https:\/\/blogsaverroes.juntadeandalucia.es\/ceipvicentealeixandre\/files\/2020\/03\/descarga-2-268x164.jpg 268w, https:\/\/blogsaverroes.juntadeandalucia.es\/ceipvicentealeixandre\/files\/2020\/03\/descarga-2-24x15.jpg 24w, https:\/\/blogsaverroes.juntadeandalucia.es\/ceipvicentealeixandre\/files\/2020\/03\/descarga-2-36x22.jpg 36w, https:\/\/blogsaverroes.juntadeandalucia.es\/ceipvicentealeixandre\/files\/2020\/03\/descarga-2-48x30.jpg 48w\" sizes=\"(max-width: 286px) 100vw, 286px\" \/><\/a><\/p>\n<p>&nbsp;<\/p>\n<p>&nbsp;<\/p>\n<p style=\"text-align: center\">&nbsp;<\/p>\n","protected":false},"excerpt":{"rendered":"<p>Desde el colegio queremos contribuir a que nuestra estancia en casa sea lo m\u00e1s amena posible. Para ello, os dejamos: 1.- Consejos para prevenir la pandemia. \u00abEs tu momento, es nuestro momento\u00bb Es importante conocer cu\u00e1les son las medidas preventivas que tenemos que aplicar ante el coronavirues. Desde la Delegaci\u00f3n de Educaci\u00f3n nos han enviado &hellip; <\/p>\n<p><a class=\"more-link btn\" href=\"https:\/\/blogsaverroes.juntadeandalucia.es\/ceipvicentealeixandre\/quedateencasa\/\">Seguir leyendo<\/a><\/p>\n","protected":false},"author":2262,"featured_media":0,"parent":0,"menu_order":0,"comment_status":"closed","ping_status":"closed","template":"","meta":{"ngg_post_thumbnail":0,"footnotes":"","_mc_calendar":[]},"aioseo_notices":[],"_links":{"self":[{"href":"https:\/\/blogsaverroes.juntadeandalucia.es\/ceipvicentealeixandre\/wp-json\/wp\/v2\/pages\/2659"}],"collection":[{"href":"https:\/\/blogsaverroes.juntadeandalucia.es\/ceipvicentealeixandre\/wp-json\/wp\/v2\/pages"}],"about":[{"href":"https:\/\/blogsaverroes.juntadeandalucia.es\/ceipvicentealeixandre\/wp-json\/wp\/v2\/types\/page"}],"author":[{"embeddable":true,"href":"https:\/\/blogsaverroes.juntadeandalucia.es\/ceipvicentealeixandre\/wp-json\/wp\/v2\/users\/2262"}],"replies":[{"embeddable":true,"href":"https:\/\/blogsaverroes.juntadeandalucia.es\/ceipvicentealeixandre\/wp-json\/wp\/v2\/comments?post=2659"}],"version-history":[{"count":8,"href":"https:\/\/blogsaverroes.juntadeandalucia.es\/ceipvicentealeixandre\/wp-json\/wp\/v2\/pages\/2659\/revisions"}],"predecessor-version":[{"id":2712,"href":"https:\/\/blogsaverroes.juntadeandalucia.es\/ceipvicentealeixandre\/wp-json\/wp\/v2\/pages\/2659\/revisions\/2712"}],"wp:attachment":[{"href":"https:\/\/blogsaverroes.juntadeandalucia.es\/ceipvicentealeixandre\/wp-json\/wp\/v2\/media?parent=2659"}],"curies":[{"name":"wp","href":"https:\/\/api.w.org\/{rel}","templated":true}]}}