{"id":2694,"date":"2021-06-01T10:46:33","date_gmt":"2021-06-01T09:46:33","guid":{"rendered":"https:\/\/blogsaverroes.juntadeandalucia.es\/ceipvicentealeixandre\/?page_id=2694"},"modified":"2021-06-01T18:03:13","modified_gmt":"2021-06-01T17:03:13","slug":"familias","status":"publish","type":"page","link":"https:\/\/blogsaverroes.juntadeandalucia.es\/ceipvicentealeixandre\/familias\/","title":{"rendered":"Familias"},"content":{"rendered":"<p style=\"text-align: center\"><a href=\"https:\/\/blogsaverroes.juntadeandalucia.es\/ceipvicentealeixandre\/files\/2019\/09\/images.jpg\"><img fetchpriority=\"high\" decoding=\"async\" class=\"alignnone size-full wp-image-2552\" src=\"https:\/\/blogsaverroes.juntadeandalucia.es\/ceipvicentealeixandre\/files\/2019\/09\/images.jpg\" alt=\"\" width=\"276\" height=\"183\" srcset=\"https:\/\/blogsaverroes.juntadeandalucia.es\/ceipvicentealeixandre\/files\/2019\/09\/images.jpg 276w, https:\/\/blogsaverroes.juntadeandalucia.es\/ceipvicentealeixandre\/files\/2019\/09\/images-24x16.jpg 24w, https:\/\/blogsaverroes.juntadeandalucia.es\/ceipvicentealeixandre\/files\/2019\/09\/images-36x24.jpg 36w, https:\/\/blogsaverroes.juntadeandalucia.es\/ceipvicentealeixandre\/files\/2019\/09\/images-48x32.jpg 48w\" sizes=\"(max-width: 276px) 100vw, 276px\" \/><\/a><\/p>\n<p>En esta p\u00e1gina encontrar\u00e1 toda la informaci\u00f3n de inter\u00e9s para las familias.<\/p>\n<p>Contar con una Asociaci\u00f3n de Padres y Madres es muy importante para nuestro Centro ya que la educaci\u00f3n es una tarea compartida.<\/p>\n<p>Nuestra <span style=\"color: #800080\"><strong>AMPA \u00abCerro del \u00c1guila\u00bb<\/strong> <\/span>est\u00e1 realizando un trabajo excepcional. Desde aqu\u00ed, os invitamos a que la conozc\u00e1is y os hag\u00e1is socios.<\/p>\n<p style=\"text-align: center\"><a href=\"https:\/\/blogsaverroes.juntadeandalucia.es\/ceipvicentealeixandre\/files\/2021\/06\/CARTEL-AMPA.jpg\"><img decoding=\"async\" class=\"alignnone size-medium wp-image-3063\" src=\"https:\/\/blogsaverroes.juntadeandalucia.es\/ceipvicentealeixandre\/files\/2021\/06\/CARTEL-AMPA-300x208.jpg\" alt=\"\" width=\"300\" height=\"208\" srcset=\"https:\/\/blogsaverroes.juntadeandalucia.es\/ceipvicentealeixandre\/files\/2021\/06\/CARTEL-AMPA-300x208.jpg 300w, https:\/\/blogsaverroes.juntadeandalucia.es\/ceipvicentealeixandre\/files\/2021\/06\/CARTEL-AMPA-1024x708.jpg 1024w, https:\/\/blogsaverroes.juntadeandalucia.es\/ceipvicentealeixandre\/files\/2021\/06\/CARTEL-AMPA-768x531.jpg 768w, https:\/\/blogsaverroes.juntadeandalucia.es\/ceipvicentealeixandre\/files\/2021\/06\/CARTEL-AMPA-700x484.jpg 700w, https:\/\/blogsaverroes.juntadeandalucia.es\/ceipvicentealeixandre\/files\/2021\/06\/CARTEL-AMPA-332x230.jpg 332w, https:\/\/blogsaverroes.juntadeandalucia.es\/ceipvicentealeixandre\/files\/2021\/06\/CARTEL-AMPA.jpg 1080w\" sizes=\"(max-width: 300px) 100vw, 300px\" \/><\/a><\/p>\n<p>Os dejamos el <a href=\"https:\/\/drive.google.com\/file\/d\/1KSo4mN3il2jziNuleBR67Mj0Ov2ZLEUL\/view?usp=sharing\">formulario de inscripci\u00f3n de socios.<\/a><\/p>\n<p style=\"text-align: center\"><a href=\"https:\/\/drive.google.com\/file\/d\/1KSo4mN3il2jziNuleBR67Mj0Ov2ZLEUL\/view?usp=sharing\"><img decoding=\"async\" class=\"alignnone size-full wp-image-2527\" src=\"https:\/\/blogsaverroes.juntadeandalucia.es\/ceipvicentealeixandre\/files\/2019\/08\/images.jpg\" alt=\"\" width=\"194\" height=\"259\" srcset=\"https:\/\/blogsaverroes.juntadeandalucia.es\/ceipvicentealeixandre\/files\/2019\/08\/images.jpg 194w, https:\/\/blogsaverroes.juntadeandalucia.es\/ceipvicentealeixandre\/files\/2019\/08\/images-18x24.jpg 18w, https:\/\/blogsaverroes.juntadeandalucia.es\/ceipvicentealeixandre\/files\/2019\/08\/images-27x36.jpg 27w, https:\/\/blogsaverroes.juntadeandalucia.es\/ceipvicentealeixandre\/files\/2019\/08\/images-36x48.jpg 36w\" sizes=\"(max-width: 194px) 100vw, 194px\" \/><\/a><\/p>\n","protected":false},"excerpt":{"rendered":"<p>En esta p\u00e1gina encontrar\u00e1 toda la informaci\u00f3n de inter\u00e9s para las familias. Contar con una Asociaci\u00f3n de Padres y Madres es muy importante para nuestro Centro ya que la educaci\u00f3n es una tarea compartida. Nuestra AMPA \u00abCerro del \u00c1guila\u00bb est\u00e1 realizando un trabajo excepcional. Desde aqu\u00ed, os invitamos a que la conozc\u00e1is y os hag\u00e1is &hellip; <\/p>\n<p><a class=\"more-link btn\" href=\"https:\/\/blogsaverroes.juntadeandalucia.es\/ceipvicentealeixandre\/familias\/\">Seguir leyendo<\/a><\/p>\n","protected":false},"author":2262,"featured_media":0,"parent":0,"menu_order":0,"comment_status":"closed","ping_status":"closed","template":"","meta":{"ngg_post_thumbnail":0,"footnotes":"","_mc_calendar":[]},"aioseo_notices":[],"_links":{"self":[{"href":"https:\/\/blogsaverroes.juntadeandalucia.es\/ceipvicentealeixandre\/wp-json\/wp\/v2\/pages\/2694"}],"collection":[{"href":"https:\/\/blogsaverroes.juntadeandalucia.es\/ceipvicentealeixandre\/wp-json\/wp\/v2\/pages"}],"about":[{"href":"https:\/\/blogsaverroes.juntadeandalucia.es\/ceipvicentealeixandre\/wp-json\/wp\/v2\/types\/page"}],"author":[{"embeddable":true,"href":"https:\/\/blogsaverroes.juntadeandalucia.es\/ceipvicentealeixandre\/wp-json\/wp\/v2\/users\/2262"}],"replies":[{"embeddable":true,"href":"https:\/\/blogsaverroes.juntadeandalucia.es\/ceipvicentealeixandre\/wp-json\/wp\/v2\/comments?post=2694"}],"version-history":[{"count":3,"href":"https:\/\/blogsaverroes.juntadeandalucia.es\/ceipvicentealeixandre\/wp-json\/wp\/v2\/pages\/2694\/revisions"}],"predecessor-version":[{"id":3066,"href":"https:\/\/blogsaverroes.juntadeandalucia.es\/ceipvicentealeixandre\/wp-json\/wp\/v2\/pages\/2694\/revisions\/3066"}],"wp:attachment":[{"href":"https:\/\/blogsaverroes.juntadeandalucia.es\/ceipvicentealeixandre\/wp-json\/wp\/v2\/media?parent=2694"}],"curies":[{"name":"wp","href":"https:\/\/api.w.org\/{rel}","templated":true}]}}