{"id":2823,"date":"2020-07-17T10:50:38","date_gmt":"2020-07-17T09:50:38","guid":{"rendered":"https:\/\/blogsaverroes.juntadeandalucia.es\/ceipvicentealeixandre\/?page_id=2823"},"modified":"2020-07-17T10:50:38","modified_gmt":"2020-07-17T09:50:38","slug":"mision-vision-y-valores","status":"publish","type":"page","link":"https:\/\/blogsaverroes.juntadeandalucia.es\/ceipvicentealeixandre\/mision-vision-y-valores\/","title":{"rendered":"Misi\u00f3n, Visi\u00f3n y Valores"},"content":{"rendered":"<h1><span style=\"color: #0000ff\">MISI\u00d3N<\/span><\/h1>\n<p style=\"text-align: justify\">Preparar a nuestro alumnado de forma integral para consolidar comportamientos \u00e9ticos, responsables y solidarios; crear un esp\u00edritu cr\u00edtico; una buena autoestima y confianza en sus posibilidades y capacidades; respeto &nbsp;y cuidado por el entorno fortaleciendo h\u00e1bitos de vida saludables y que se integren en la sociedad de forma plena y segura.<\/p>\n<h1><span style=\"color: #0000ff\">VISI\u00d3N<\/span><\/h1>\n<p style=\"text-align: justify\">Ser un Centro educativo &nbsp;de formaci\u00f3n de referencia para el alumnado, las familias y el entorno. Impulsando las &nbsp;relaciones con otros Centros, desarrollando proyectos de investigaci\u00f3n innovadores y colaborativos. Ser un Centro donde se respeten las normas de convivencia como base para una educaci\u00f3n eficaz y de calidad.<\/p>\n<h1><span style=\"color: #0000ff\">VALORES<\/span><\/h1>\n<p>Tenemos que impulsar aquellos valores que se adquieren y se refuerzan en nuestros c\u00edrculos de influencia; por tanto, trabajaremos en el marco de nuestras posibilidades de actuaci\u00f3n propia.<\/p>\n<ul>\n<li style=\"text-align: justify\"><strong>Hacer bien y cada vez mejor las cosas<\/strong>.- Identificamos la calidad con el trabajo bien hecho y la mejora continua tanto a nivel personal como a nivel colectivo e institucional.<\/li>\n<li style=\"text-align: justify\"><strong>Actitud proactiva y mejora personal.- <\/strong>Autoestima, autocontrol, coherencia, autonom\u00eda y esfuerzo.<\/li>\n<li style=\"text-align: justify\"><strong>Reconocimiento y asunci\u00f3n de responsabilidades<\/strong>.- Confiaremos en los sujetos, d\u00e1ndoles oportunidades para que puedan asumir responsabilidades y tendremos un reconocimiento ante el trabajo bien hecho.<\/li>\n<li style=\"text-align: justify\"><strong>Planificaci\u00f3n y finalidad<\/strong>.- Actuaremos siempre con un prop\u00f3sito en nuestro Centro, en los equipos y en las reuniones y trabajaremos con un plan y un objetivo a alcanzar.<\/li>\n<li style=\"text-align: justify\"><strong>Trabajo en equipo y colaborativo<\/strong>.- Trabajaremos con metodolog\u00eda y disciplina&nbsp; procurando la m\u00e1xima participaci\u00f3n, contribuci\u00f3n, eficacia, satisfacci\u00f3n y rendimiento en nuestro trabajo.<\/li>\n<li style=\"text-align: justify\"><strong>Cultura de evidencia:<\/strong> datos y gesti\u00f3n visual.- Trabajaremos con indicadores, nos basaremos en evidencias y optaremos por utilizar herramientas que faciliten la gesti\u00f3n visual y la gesti\u00f3n en base a datos.<\/li>\n<li style=\"text-align: justify\"><strong>Escuchar la voz de los alumnos y grupos de inter\u00e9s<\/strong>.- Queremos a\u00f1adir valor a los destinatarios de nuestro trabajo. Para mejorar nuestros procesos de trabajo consideraremos sus opiniones, ideas&nbsp; y expectativas.<\/li>\n<li style=\"text-align: justify\"><strong>Participaci\u00f3n y respeto<\/strong>.- Procuraremos crear un clima de participaci\u00f3n en el Centro&nbsp; bas\u00e1ndonos en el respeto a las ideas, buscando las causas de los problemas y dando soluciones eficaces y creativas.<\/li>\n<li style=\"text-align: justify\"><strong>Orden y limpieza<\/strong>.- Valoraremos la importancia del orden y la limpieza en todas las instalaciones del Centro, as\u00ed como la seriedad y el compromiso en la asunci\u00f3n de tareas. Valoramos el cumplimiento de las normas establecidas reforzando la disciplina y la puntualidad.<\/li>\n<li style=\"text-align: justify\"><strong>Escuchar y comunicar<\/strong>.- Procuraremos escuchar de forma activa y mejorar la comunicaci\u00f3n en nuestro Centro para que sea sentido como algo propio por todos y en el que se proporciona la informaci\u00f3n necesaria de forma clara y&nbsp; &nbsp;precisa.<\/li>\n<\/ul>\n<p>Las estrategias a utilizar para conseguirlo son:<\/p>\n<ul style=\"list-style-type: square\">\n<li style=\"text-align: justify\">Crearemos las condiciones necesarias para que el alumnado, el profesorado y el personal de administraci\u00f3n y servicios se encuentren satisfechos en el Centro, fomentando el trabajo en equipo, estimul\u00e1ndolos para que sean competentes y se involucren en la actividad diaria.<\/li>\n<li style=\"text-align: justify\">Atenderemos las necesidades y expectativas del alumnado, familias mediante una comunicaci\u00f3n constante y un trato personal, respondiendo con un servicio \u00e1gil, flexible y de calidad.<\/li>\n<li style=\"text-align: justify\">Desarrollaremos un Centro bien dotado en instalaciones y equipamientos actualizados tecnol\u00f3gicamente, abierto a las innovaciones educativas y que aplique la mejora continua.<\/li>\n<li style=\"text-align: justify\">Ofreceremos informaci\u00f3n transparente y objetiva de la gesti\u00f3n interna.<\/li>\n<li style=\"text-align: justify\">Daremos un servicio de orientaci\u00f3n pedag\u00f3gica al alumnado y sus familias sobre la evoluci\u00f3n personal y acad\u00e9mica.<\/li>\n<li style=\"text-align: justify\">Para mejorar nuestra pr\u00e1ctica y la calidad de la formaci\u00f3n que ofrecemos debemos reforzar, como punto fuerte, el preguntarnos constantemente qu\u00e9 cosas deben mejorar y c\u00f3mo podemos hacerlo.<\/li>\n<\/ul>\n<p>&nbsp;<\/p>\n","protected":false},"excerpt":{"rendered":"<p>MISI\u00d3N Preparar a nuestro alumnado de forma integral para consolidar comportamientos \u00e9ticos, responsables y solidarios; crear un esp\u00edritu cr\u00edtico; una buena autoestima y confianza en sus posibilidades y capacidades; respeto &nbsp;y cuidado por el entorno fortaleciendo h\u00e1bitos de vida saludables y que se integren en la sociedad de forma plena y segura. VISI\u00d3N Ser un &hellip; <\/p>\n<p><a class=\"more-link btn\" href=\"https:\/\/blogsaverroes.juntadeandalucia.es\/ceipvicentealeixandre\/mision-vision-y-valores\/\">Seguir leyendo<\/a><\/p>\n","protected":false},"author":2262,"featured_media":0,"parent":0,"menu_order":0,"comment_status":"closed","ping_status":"closed","template":"","meta":{"ngg_post_thumbnail":0,"footnotes":"","_mc_calendar":[]},"aioseo_notices":[],"_links":{"self":[{"href":"https:\/\/blogsaverroes.juntadeandalucia.es\/ceipvicentealeixandre\/wp-json\/wp\/v2\/pages\/2823"}],"collection":[{"href":"https:\/\/blogsaverroes.juntadeandalucia.es\/ceipvicentealeixandre\/wp-json\/wp\/v2\/pages"}],"about":[{"href":"https:\/\/blogsaverroes.juntadeandalucia.es\/ceipvicentealeixandre\/wp-json\/wp\/v2\/types\/page"}],"author":[{"embeddable":true,"href":"https:\/\/blogsaverroes.juntadeandalucia.es\/ceipvicentealeixandre\/wp-json\/wp\/v2\/users\/2262"}],"replies":[{"embeddable":true,"href":"https:\/\/blogsaverroes.juntadeandalucia.es\/ceipvicentealeixandre\/wp-json\/wp\/v2\/comments?post=2823"}],"version-history":[{"count":1,"href":"https:\/\/blogsaverroes.juntadeandalucia.es\/ceipvicentealeixandre\/wp-json\/wp\/v2\/pages\/2823\/revisions"}],"predecessor-version":[{"id":2824,"href":"https:\/\/blogsaverroes.juntadeandalucia.es\/ceipvicentealeixandre\/wp-json\/wp\/v2\/pages\/2823\/revisions\/2824"}],"wp:attachment":[{"href":"https:\/\/blogsaverroes.juntadeandalucia.es\/ceipvicentealeixandre\/wp-json\/wp\/v2\/media?parent=2823"}],"curies":[{"name":"wp","href":"https:\/\/api.w.org\/{rel}","templated":true}]}}