{"id":2987,"date":"2021-03-30T13:02:35","date_gmt":"2021-03-30T12:02:35","guid":{"rendered":"https:\/\/blogsaverroes.juntadeandalucia.es\/ceipvicentealeixandre\/?page_id=2987"},"modified":"2021-03-30T13:03:20","modified_gmt":"2021-03-30T12:03:20","slug":"escuela-espacio-de-paz","status":"publish","type":"page","link":"https:\/\/blogsaverroes.juntadeandalucia.es\/ceipvicentealeixandre\/escuela-espacio-de-paz\/","title":{"rendered":"Escuela: Espacio de Paz"},"content":{"rendered":"<p style=\"text-align: center\" align=\"JUSTIFY\"><a href=\"https:\/\/blogsaverroes.juntadeandalucia.es\/educacionenvaloresdelegacionmalaga\/red-andaluza-escuela-espacio-de-paz\/\"><img fetchpriority=\"high\" decoding=\"async\" class=\"alignnone size-full wp-image-2607\" src=\"https:\/\/blogsaverroes.juntadeandalucia.es\/ceipvicentealeixandre\/files\/2019\/11\/escuela-espacio-de-paz.png\" alt=\"\" width=\"265\" height=\"190\" srcset=\"https:\/\/blogsaverroes.juntadeandalucia.es\/ceipvicentealeixandre\/files\/2019\/11\/escuela-espacio-de-paz.png 265w, https:\/\/blogsaverroes.juntadeandalucia.es\/ceipvicentealeixandre\/files\/2019\/11\/escuela-espacio-de-paz-24x17.png 24w, https:\/\/blogsaverroes.juntadeandalucia.es\/ceipvicentealeixandre\/files\/2019\/11\/escuela-espacio-de-paz-36x26.png 36w, https:\/\/blogsaverroes.juntadeandalucia.es\/ceipvicentealeixandre\/files\/2019\/11\/escuela-espacio-de-paz-48x34.png 48w\" sizes=\"(max-width: 265px) 100vw, 265px\" \/><\/a><\/p>\n<p align=\"JUSTIFY\"><em><strong>\u201cEscuela Espacio de Paz\u201d&nbsp;<\/strong>nace con la intenci\u00f3n de conectar a aquellos centros que desarrollan un trabajo encaminado hacia la promoci\u00f3n de la cultura de paz y la convivencia dentro del entorno escolar. Los comienzos de este programa educativo se remontan al curso 2002-2003 pero como todo proceso vivo, las situaciones evolucionan, las circunstancias cambian y dan paso a nuevos momentos, as\u00ed en el curso 2006-2007, con el DECRETO 19\/2007, de 23 de enero, se adoptan medidas para que la Promoci\u00f3n de la Cultura de Paz y la Mejora de la Convivencia en los Centros Educativos se generalicen y hagan obligatoria la elaboraci\u00f3n de un Plan de Convivencia que forme parte del Proyecto Educativo del Centro. En este momento desaparece la posibilidad de presentar nuevos proyectos de Escuela Espacio de Paz, pero permit\u00eda cumplimentar proyectos bianuales cuya vigencia finaliz\u00f3 en Junio de 2010. Del mismo modo transform\u00f3 los gabinetes de Paz, en Gabinetes Provinciales para la Convivencia cuya misi\u00f3n, entre otras, es la dinamizaci\u00f3n y el seguimiento de los Planes de Convivencia de los centros, tarea en la que cuentan igualmente con el trabajo de los CEP respecto a la formaci\u00f3n, organizaci\u00f3n de Jornadas, asesoramiento y dinamizaci\u00f3n de los centros.<\/em><\/p>\n<p align=\"JUSTIFY\"><em>Desde el&nbsp;curso 2010-2011, con la&nbsp;<strong><a href=\"http:\/\/juntadeandalucia.es\/boja\/2011\/85\/d1.pdf\">Orden de 11 de abril de 2011, se regula la participaci\u00f3n de los centros docentes en la Red Andaluza \u201cEscuela: Espacio de Paz\u201d<\/a>&nbsp;<\/strong>y el procedimiento para solicitar reconocimiento como Centros Promotores de Convivencia Positiva (Convivencia+), constituyendo una nueva etapa en la profundizaci\u00f3n de los Planes de Convivencia de los centros.<\/em><\/p>\n<h4 align=\"JUSTIFY\">Nuestro Centro, desde sus inicios, est\u00e1 trabajando por crear espacios de di\u00e1logo y encuentro entre todos los sectores educativos. Desde el curso escolar 2013\/2014 hasta la actualidad hemos sido reconocidos como<span style=\"color: #008000\"> <strong>Centro Promotor de la Convivencia +<\/strong><\/span><\/h4>\n","protected":false},"excerpt":{"rendered":"<p>\u201cEscuela Espacio de Paz\u201d&nbsp;nace con la intenci\u00f3n de conectar a aquellos centros que desarrollan un trabajo encaminado hacia la promoci\u00f3n de la cultura de paz y la convivencia dentro del entorno escolar. Los comienzos de este programa educativo se remontan al curso 2002-2003 pero como todo proceso vivo, las situaciones evolucionan, las circunstancias cambian y &hellip; <\/p>\n<p><a class=\"more-link btn\" href=\"https:\/\/blogsaverroes.juntadeandalucia.es\/ceipvicentealeixandre\/escuela-espacio-de-paz\/\">Seguir leyendo<\/a><\/p>\n","protected":false},"author":2262,"featured_media":0,"parent":0,"menu_order":0,"comment_status":"closed","ping_status":"closed","template":"","meta":{"ngg_post_thumbnail":0,"footnotes":"","_mc_calendar":[]},"aioseo_notices":[],"_links":{"self":[{"href":"https:\/\/blogsaverroes.juntadeandalucia.es\/ceipvicentealeixandre\/wp-json\/wp\/v2\/pages\/2987"}],"collection":[{"href":"https:\/\/blogsaverroes.juntadeandalucia.es\/ceipvicentealeixandre\/wp-json\/wp\/v2\/pages"}],"about":[{"href":"https:\/\/blogsaverroes.juntadeandalucia.es\/ceipvicentealeixandre\/wp-json\/wp\/v2\/types\/page"}],"author":[{"embeddable":true,"href":"https:\/\/blogsaverroes.juntadeandalucia.es\/ceipvicentealeixandre\/wp-json\/wp\/v2\/users\/2262"}],"replies":[{"embeddable":true,"href":"https:\/\/blogsaverroes.juntadeandalucia.es\/ceipvicentealeixandre\/wp-json\/wp\/v2\/comments?post=2987"}],"version-history":[{"count":2,"href":"https:\/\/blogsaverroes.juntadeandalucia.es\/ceipvicentealeixandre\/wp-json\/wp\/v2\/pages\/2987\/revisions"}],"predecessor-version":[{"id":2990,"href":"https:\/\/blogsaverroes.juntadeandalucia.es\/ceipvicentealeixandre\/wp-json\/wp\/v2\/pages\/2987\/revisions\/2990"}],"wp:attachment":[{"href":"https:\/\/blogsaverroes.juntadeandalucia.es\/ceipvicentealeixandre\/wp-json\/wp\/v2\/media?parent=2987"}],"curies":[{"name":"wp","href":"https:\/\/api.w.org\/{rel}","templated":true}]}}