{"id":3069,"date":"2022-06-24T18:26:10","date_gmt":"2022-06-24T17:26:10","guid":{"rendered":"https:\/\/blogsaverroes.juntadeandalucia.es\/ceipvicentealeixandre\/?page_id=3069"},"modified":"2022-06-24T08:30:42","modified_gmt":"2022-06-24T07:30:42","slug":"oferta-educativa","status":"publish","type":"page","link":"https:\/\/blogsaverroes.juntadeandalucia.es\/ceipvicentealeixandre\/oferta-educativa\/","title":{"rendered":"Oferta educativa"},"content":{"rendered":"<p style=\"text-align: center\"><a href=\"https:\/\/blogsaverroes.juntadeandalucia.es\/ceipvicentealeixandre\/files\/2015\/03\/aula_matinal.jpg\"><img fetchpriority=\"high\" decoding=\"async\" class=\"alignnone size-medium wp-image-226\" src=\"https:\/\/blogsaverroes.juntadeandalucia.es\/ceipvicentealeixandre\/files\/2015\/03\/aula_matinal-300x185.jpg\" alt=\"\" width=\"300\" height=\"185\" srcset=\"https:\/\/blogsaverroes.juntadeandalucia.es\/ceipvicentealeixandre\/files\/2015\/03\/aula_matinal-300x185.jpg 300w, https:\/\/blogsaverroes.juntadeandalucia.es\/ceipvicentealeixandre\/files\/2015\/03\/aula_matinal.jpg 709w\" sizes=\"(max-width: 300px) 100vw, 300px\" \/><\/a><\/p>\n<p>Nuestro Centro atiende al alumnado de <strong>Infantil y Primaria<\/strong>. La <strong>oferta educativa<\/strong> es la siguiente:<\/p>\n<table style=\"height: 527px;width: 87.5619%;border-collapse: collapse;background-color: #bbf2cd\">\n<tbody>\n<tr style=\"height: 40px\">\n<td style=\"width: 50%;height: 40px\">\n<h5><span style=\"color: #008000\"><em><strong>Etapas<\/strong><\/em><\/span><\/h5>\n<\/td>\n<td style=\"width: 50%;height: 40px\">\n<h5><span style=\"color: #008000\"><em><strong>Niveles<\/strong><\/em><\/span><\/h5>\n<\/td>\n<\/tr>\n<tr style=\"height: 141px\">\n<td style=\"width: 50%;height: 141px\">\n<h5>&nbsp;<\/h5>\n<h5 style=\"text-align: center\"><span style=\"color: #008000\"><strong>INFANTIL<\/strong><\/span><\/h5>\n<\/td>\n<td style=\"width: 50%;height: 141px;text-align: left\">\n<h5><span style=\"color: #008000\"><strong>3 a\u00f1os: grupos A y B<\/strong><\/span><\/h5>\n<h5><span style=\"color: #008000\"><strong>4 a\u00f1os: grupos A y B<\/strong><\/span><\/h5>\n<h5><span style=\"color: #008000\"><strong>5 a\u00f1os: grupos A y B<\/strong><\/span><\/h5>\n<\/td>\n<\/tr>\n<tr style=\"height: 290px\">\n<td style=\"width: 50%;height: 290px\">\n<h5>&nbsp;<\/h5>\n<h5>&nbsp;<\/h5>\n<p>&nbsp;<\/p>\n<h5><span style=\"color: #008000\"><strong>PRIMARIA<\/strong><\/span><\/h5>\n<\/td>\n<td style=\"width: 50%;height: 290px;text-align: left\">\n<h5>&nbsp;<\/h5>\n<h5><span style=\"color: #008000\"><strong>1\u00ba de Primaria: grupos A y B<\/strong><\/span><\/h5>\n<h5><span style=\"color: #008000\"><strong>2\u00ba de Primaria: grupos A, B y C<\/strong><\/span><\/h5>\n<h5><span style=\"color: #008000\"><strong>3\u00ba de Primaria: grupos A, B y C<\/strong><\/span><\/h5>\n<h5><span style=\"color: #008000\"><strong>4\u00ba de Primaria: grupos A, B y C<\/strong><\/span><\/h5>\n<h5><span style=\"color: #008000\"><strong>5\u00ba de Primaria: grupos A, B y C<\/strong><\/span><\/h5>\n<h5><span style=\"color: #008000\"><strong>6\u00ba de Primaria: grupos A, B y C<\/strong><\/span><\/h5>\n<\/td>\n<\/tr>\n<tr style=\"height: 56px\">\n<td style=\"width: 50%;height: 56px\">\n<h5 style=\"text-align: center\"><span style=\"color: #008000\"><strong>AULA ESPEC\u00cdFICA<\/strong><\/span><\/h5>\n<\/td>\n<td style=\"width: 50%;height: 56px\">&nbsp;<\/td>\n<\/tr>\n<\/tbody>\n<\/table>\n","protected":false},"excerpt":{"rendered":"<p>Nuestro Centro atiende al alumnado de Infantil y Primaria. La oferta educativa es la siguiente: Etapas Niveles &nbsp; INFANTIL 3 a\u00f1os: grupos A y B 4 a\u00f1os: grupos A y B 5 a\u00f1os: grupos A y B &nbsp; &nbsp; &nbsp; PRIMARIA &nbsp; 1\u00ba de Primaria: grupos A y B 2\u00ba de Primaria: grupos A, B &hellip; <\/p>\n<p><a class=\"more-link btn\" href=\"https:\/\/blogsaverroes.juntadeandalucia.es\/ceipvicentealeixandre\/oferta-educativa\/\">Seguir leyendo<\/a><\/p>\n","protected":false},"author":2262,"featured_media":0,"parent":0,"menu_order":0,"comment_status":"closed","ping_status":"closed","template":"","meta":{"ngg_post_thumbnail":0,"footnotes":"","_mc_calendar":[]},"aioseo_notices":[],"_links":{"self":[{"href":"https:\/\/blogsaverroes.juntadeandalucia.es\/ceipvicentealeixandre\/wp-json\/wp\/v2\/pages\/3069"}],"collection":[{"href":"https:\/\/blogsaverroes.juntadeandalucia.es\/ceipvicentealeixandre\/wp-json\/wp\/v2\/pages"}],"about":[{"href":"https:\/\/blogsaverroes.juntadeandalucia.es\/ceipvicentealeixandre\/wp-json\/wp\/v2\/types\/page"}],"author":[{"embeddable":true,"href":"https:\/\/blogsaverroes.juntadeandalucia.es\/ceipvicentealeixandre\/wp-json\/wp\/v2\/users\/2262"}],"replies":[{"embeddable":true,"href":"https:\/\/blogsaverroes.juntadeandalucia.es\/ceipvicentealeixandre\/wp-json\/wp\/v2\/comments?post=3069"}],"version-history":[{"count":10,"href":"https:\/\/blogsaverroes.juntadeandalucia.es\/ceipvicentealeixandre\/wp-json\/wp\/v2\/pages\/3069\/revisions"}],"predecessor-version":[{"id":3514,"href":"https:\/\/blogsaverroes.juntadeandalucia.es\/ceipvicentealeixandre\/wp-json\/wp\/v2\/pages\/3069\/revisions\/3514"}],"wp:attachment":[{"href":"https:\/\/blogsaverroes.juntadeandalucia.es\/ceipvicentealeixandre\/wp-json\/wp\/v2\/media?parent=3069"}],"curies":[{"name":"wp","href":"https:\/\/api.w.org\/{rel}","templated":true}]}}