{"id":3113,"date":"2023-09-01T09:00:07","date_gmt":"2023-09-01T08:00:07","guid":{"rendered":"https:\/\/blogsaverroes.juntadeandalucia.es\/ceipvicentealeixandre\/?page_id=3113"},"modified":"2023-09-01T12:18:14","modified_gmt":"2023-09-01T11:18:14","slug":"novedades","status":"publish","type":"page","link":"https:\/\/blogsaverroes.juntadeandalucia.es\/ceipvicentealeixandre\/novedades\/","title":{"rendered":"Novedades"},"content":{"rendered":"<h3><span style=\"color: #800080\"><strong>BONIFICACIONES SERVICIOS COMPLEMENTARIOS: AULA MATINAL, COMEDOR Y ACTIVIDADES EXTRAESCOLARES<\/strong><\/span><\/h3>\n<p style=\"text-align: center\"><a href=\"https:\/\/blogsaverroes.juntadeandalucia.es\/ceipvicentealeixandre\/files\/2023\/09\/Cartel-bonificaciones-curso-2023-2024.jpg\"><img fetchpriority=\"high\" decoding=\"async\" class=\"alignnone size-medium wp-image-3631\" src=\"https:\/\/blogsaverroes.juntadeandalucia.es\/ceipvicentealeixandre\/files\/2023\/09\/Cartel-bonificaciones-curso-2023-2024-212x300.jpg\" alt=\"\" width=\"212\" height=\"300\" srcset=\"https:\/\/blogsaverroes.juntadeandalucia.es\/ceipvicentealeixandre\/files\/2023\/09\/Cartel-bonificaciones-curso-2023-2024-212x300.jpg 212w, https:\/\/blogsaverroes.juntadeandalucia.es\/ceipvicentealeixandre\/files\/2023\/09\/Cartel-bonificaciones-curso-2023-2024-724x1024.jpg 724w, https:\/\/blogsaverroes.juntadeandalucia.es\/ceipvicentealeixandre\/files\/2023\/09\/Cartel-bonificaciones-curso-2023-2024-768x1086.jpg 768w, https:\/\/blogsaverroes.juntadeandalucia.es\/ceipvicentealeixandre\/files\/2023\/09\/Cartel-bonificaciones-curso-2023-2024-1086x1536.jpg 1086w, https:\/\/blogsaverroes.juntadeandalucia.es\/ceipvicentealeixandre\/files\/2023\/09\/Cartel-bonificaciones-curso-2023-2024-1448x2048.jpg 1448w, https:\/\/blogsaverroes.juntadeandalucia.es\/ceipvicentealeixandre\/files\/2023\/09\/Cartel-bonificaciones-curso-2023-2024-700x990.jpg 700w, https:\/\/blogsaverroes.juntadeandalucia.es\/ceipvicentealeixandre\/files\/2023\/09\/Cartel-bonificaciones-curso-2023-2024-332x470.jpg 332w, https:\/\/blogsaverroes.juntadeandalucia.es\/ceipvicentealeixandre\/files\/2023\/09\/Cartel-bonificaciones-curso-2023-2024.jpg 1131w\" sizes=\"(max-width: 212px) 100vw, 212px\" \/><\/a><\/p>\n<p style=\"text-align: justify\">La solicitud de bonificaciones\/gratuidad deber\u00e1 realizarse del&nbsp;<span style=\"text-decoration: underline;color: #ff0000\"><strong>1 al 7 de septiembre de 2023.<\/strong><\/span><\/p>\n<p style=\"text-align: justify\">2) Las solicitudes de bonificaci\u00f3n podr\u00e1n realizarse&nbsp;<a href=\"https:\/\/www.juntadeandalucia.es\/educacion\/secretariavirtual\/\"><strong>telem\u00e1ticamente a trav\u00e9s de la Secretar\u00eda Virtual.<\/strong><\/a><\/p>\n<p style=\"text-align: justify\">Las personas solicitantes dispondr\u00e1n de una consulta tele tramitada personalizada<\/p>\n<p><a href=\"https:\/\/www.juntadeandalucia.es\/educacion\/secretariavirtual\/accesoTramite\/462\/\">ACCESO<\/a><\/p>\n<h3><span style=\"color: #800080\"><strong>MATRICULACI\u00d3N CURSO 2023\/2024<\/strong><\/span><\/h3>\n<p style=\"text-align: center\"><a href=\"https:\/\/blogsaverroes.juntadeandalucia.es\/ceipvicentealeixandre\/files\/2020\/05\/Matriculaci\u00f3n-2023-2024.jpg\"><img decoding=\"async\" class=\"alignnone size-medium wp-image-3596\" src=\"https:\/\/blogsaverroes.juntadeandalucia.es\/ceipvicentealeixandre\/files\/2020\/05\/Matriculaci\u00f3n-2023-2024-212x300.jpg\" alt=\"\" width=\"212\" height=\"300\" srcset=\"https:\/\/blogsaverroes.juntadeandalucia.es\/ceipvicentealeixandre\/files\/2020\/05\/Matriculaci\u00f3n-2023-2024-212x300.jpg 212w, https:\/\/blogsaverroes.juntadeandalucia.es\/ceipvicentealeixandre\/files\/2020\/05\/Matriculaci\u00f3n-2023-2024-724x1024.jpg 724w, https:\/\/blogsaverroes.juntadeandalucia.es\/ceipvicentealeixandre\/files\/2020\/05\/Matriculaci\u00f3n-2023-2024-768x1086.jpg 768w, https:\/\/blogsaverroes.juntadeandalucia.es\/ceipvicentealeixandre\/files\/2020\/05\/Matriculaci\u00f3n-2023-2024-1086x1536.jpg 1086w, https:\/\/blogsaverroes.juntadeandalucia.es\/ceipvicentealeixandre\/files\/2020\/05\/Matriculaci\u00f3n-2023-2024-1448x2048.jpg 1448w, https:\/\/blogsaverroes.juntadeandalucia.es\/ceipvicentealeixandre\/files\/2020\/05\/Matriculaci\u00f3n-2023-2024-700x990.jpg 700w, https:\/\/blogsaverroes.juntadeandalucia.es\/ceipvicentealeixandre\/files\/2020\/05\/Matriculaci\u00f3n-2023-2024-332x470.jpg 332w, https:\/\/blogsaverroes.juntadeandalucia.es\/ceipvicentealeixandre\/files\/2020\/05\/Matriculaci\u00f3n-2023-2024.jpg 1131w\" sizes=\"(max-width: 212px) 100vw, 212px\" \/>&nbsp;&nbsp; <\/a><a href=\"https:\/\/blogsaverroes.juntadeandalucia.es\/ceipvicentealeixandre\/files\/2023\/05\/Actividades-extraescolares-2023-2024.jpeg\"><img decoding=\"async\" class=\"alignnone wp-image-3609\" src=\"https:\/\/blogsaverroes.juntadeandalucia.es\/ceipvicentealeixandre\/files\/2023\/05\/Actividades-extraescolares-2023-2024-300x216.jpeg\" alt=\"\" width=\"350\" height=\"255\"><\/a><\/p>\n<h3><span style=\"color: #0000ff\"><strong>PROTOCOLO DE ACTUACI\u00d3N ANTE OLAS DE CALOR O TEMPERATURAS EXCEPCIONALES<\/strong><\/span><\/h3>\n<p style=\"text-align: center\"><a href=\"https:\/\/drive.google.com\/file\/d\/19iSIGqX0A70ywbS3UlN8esNzAYylrplx\/view?usp=share_link\"><img loading=\"lazy\" decoding=\"async\" class=\"alignnone size-medium wp-image-3598\" src=\"https:\/\/blogsaverroes.juntadeandalucia.es\/ceipvicentealeixandre\/files\/2023\/05\/Protocolo-Actuaci\u00f3n-Ola-de-Calor-219x300.jpeg\" alt=\"\" width=\"219\" height=\"300\" srcset=\"https:\/\/blogsaverroes.juntadeandalucia.es\/ceipvicentealeixandre\/files\/2023\/05\/Protocolo-Actuaci\u00f3n-Ola-de-Calor-219x300.jpeg 219w, https:\/\/blogsaverroes.juntadeandalucia.es\/ceipvicentealeixandre\/files\/2023\/05\/Protocolo-Actuaci\u00f3n-Ola-de-Calor-749x1024.jpeg 749w, https:\/\/blogsaverroes.juntadeandalucia.es\/ceipvicentealeixandre\/files\/2023\/05\/Protocolo-Actuaci\u00f3n-Ola-de-Calor-768x1050.jpeg 768w, https:\/\/blogsaverroes.juntadeandalucia.es\/ceipvicentealeixandre\/files\/2023\/05\/Protocolo-Actuaci\u00f3n-Ola-de-Calor-1123x1536.jpeg 1123w, https:\/\/blogsaverroes.juntadeandalucia.es\/ceipvicentealeixandre\/files\/2023\/05\/Protocolo-Actuaci\u00f3n-Ola-de-Calor-1497x2048.jpeg 1497w, https:\/\/blogsaverroes.juntadeandalucia.es\/ceipvicentealeixandre\/files\/2023\/05\/Protocolo-Actuaci\u00f3n-Ola-de-Calor-700x957.jpeg 700w, https:\/\/blogsaverroes.juntadeandalucia.es\/ceipvicentealeixandre\/files\/2023\/05\/Protocolo-Actuaci\u00f3n-Ola-de-Calor-332x454.jpeg 332w, https:\/\/blogsaverroes.juntadeandalucia.es\/ceipvicentealeixandre\/files\/2023\/05\/Protocolo-Actuaci\u00f3n-Ola-de-Calor.jpeg 1170w\" sizes=\"(max-width: 219px) 100vw, 219px\" \/><\/a><\/p>\n<h3><span style=\"color: #0000ff\"><a style=\"color: #0000ff\" href=\"https:\/\/blogsaverroes.juntadeandalucia.es\/bibliotecapoetajosemarcelo\/2023\/05\/16\/xviii-abril-literario-el-agua-cada-gota-cuenta\/\"><strong>XVIII ABRIL LITERARIO: EL AGUA: CADA GOTA CUENTA<\/strong><\/a><\/span><\/h3>\n<div style=\"width: 100%\">\n<div style=\"padding-bottom: 56.25%;padding-top: 0;height: 0\"><iframe src=\"https:\/\/view.genial.ly\/644c180dfd4e5c0019361666\" width=\"1200px\" height=\"675px\" frameborder=\"0\" scrolling=\"yes\"><\/iframe><\/div>\n<\/div>\n<h3>&nbsp;<\/h3>\n<h3><span style=\"color: #800080\"><strong>ESCOLARIZACI\u00d3N 2023\/2024<\/strong><\/span><\/h3>\n<p><a href=\"https:\/\/blogsaverroes.juntadeandalucia.es\/ceipvicentealeixandre\/escolarizacion\/\"><img loading=\"lazy\" decoding=\"async\" class=\"size-medium wp-image-3584 aligncenter\" src=\"https:\/\/blogsaverroes.juntadeandalucia.es\/ceipvicentealeixandre\/files\/2023\/02\/cartel-escolarizaci\u00f3n-2023-2024-212x300.jpg\" alt=\"\" width=\"212\" height=\"300\" srcset=\"https:\/\/blogsaverroes.juntadeandalucia.es\/ceipvicentealeixandre\/files\/2023\/02\/cartel-escolarizaci\u00f3n-2023-2024-212x300.jpg 212w, https:\/\/blogsaverroes.juntadeandalucia.es\/ceipvicentealeixandre\/files\/2023\/02\/cartel-escolarizaci\u00f3n-2023-2024-724x1024.jpg 724w, https:\/\/blogsaverroes.juntadeandalucia.es\/ceipvicentealeixandre\/files\/2023\/02\/cartel-escolarizaci\u00f3n-2023-2024-768x1086.jpg 768w, https:\/\/blogsaverroes.juntadeandalucia.es\/ceipvicentealeixandre\/files\/2023\/02\/cartel-escolarizaci\u00f3n-2023-2024-1086x1536.jpg 1086w, https:\/\/blogsaverroes.juntadeandalucia.es\/ceipvicentealeixandre\/files\/2023\/02\/cartel-escolarizaci\u00f3n-2023-2024-700x990.jpg 700w, https:\/\/blogsaverroes.juntadeandalucia.es\/ceipvicentealeixandre\/files\/2023\/02\/cartel-escolarizaci\u00f3n-2023-2024-332x470.jpg 332w, https:\/\/blogsaverroes.juntadeandalucia.es\/ceipvicentealeixandre\/files\/2023\/02\/cartel-escolarizaci\u00f3n-2023-2024.jpg 1131w\" sizes=\"(max-width: 212px) 100vw, 212px\" \/><\/a><\/p>\n<h3><span style=\"color: #800080\"><strong>ELECCIONES A CONSEJOS ESCOLARES EN M\u00c1LAGA<\/strong><\/span><\/h3>\n<p style=\"text-align: center\"><a href=\"https:\/\/blogsaverroes.juntadeandalucia.es\/ceipvicentealeixandre\/files\/2021\/10\/CONSEJOS-ESCOLARES.jpg\"><img loading=\"lazy\" decoding=\"async\" class=\"alignnone size-medium wp-image-3237\" src=\"https:\/\/blogsaverroes.juntadeandalucia.es\/ceipvicentealeixandre\/files\/2021\/10\/CONSEJOS-ESCOLARES-300x143.jpg\" alt=\"\" width=\"300\" height=\"143\" srcset=\"https:\/\/blogsaverroes.juntadeandalucia.es\/ceipvicentealeixandre\/files\/2021\/10\/CONSEJOS-ESCOLARES-300x143.jpg 300w, https:\/\/blogsaverroes.juntadeandalucia.es\/ceipvicentealeixandre\/files\/2021\/10\/CONSEJOS-ESCOLARES.jpg 326w\" sizes=\"(max-width: 300px) 100vw, 300px\" \/><\/a><\/p>\n<p>En el primer trimestre del curso 2022\/2023 se van a realizar las elecciones a los Consejos Escolares en M\u00e1laga.<\/p>\n<p><span style=\"color: #0000ff\"><strong><a style=\"color: #0000ff\" href=\"https:\/\/www.juntadeandalucia.es\/educacion\/portals\/web\/ced\/novedades\/-\/contenidos\/detalle\/celebracion-de-elecciones-a-consejos-escolares-y-consejos-de-residencias-escolares-durante-el-primer-trimestre-del-1omwbb3138an2\">Resoluci\u00f3n de 12 de septiembre de 2022.<\/a><\/strong><\/span><\/p>\n<p><span style=\"color: #0000ff\"><strong><a style=\"color: #0000ff\" href=\"https:\/\/drive.google.com\/file\/d\/1XOM2DL-AUzN2HqtAc_72Z8Xdm0pzGkGg\/view?usp=sharing\">Calendario de actuaciones.<\/a><\/strong><\/span><\/p>\n<p><strong>Impresos para solicitar las candidaturas:<\/strong><\/p>\n<ul style=\"list-style-type: square\">\n<li><span style=\"color: #0000ff\"><strong><a style=\"color: #0000ff\" href=\"https:\/\/drive.google.com\/file\/d\/1i45m9boSZaWeaBnv9ZwIpY1dDeZ3Qb2_\/view?usp=sharing\">Sector: padres\/madres<\/a><\/strong><\/span><\/li>\n<li><span style=\"color: #0000ff\"><strong><a style=\"color: #0000ff\" href=\"https:\/\/drive.google.com\/file\/d\/1w-2spw0cEqZ_2ATr6IV4OsElQAjjW3QH\/view?usp=sharing\">Sector: profesorado<\/a><\/strong><\/span><\/li>\n<li><span style=\"color: #0000ff\"><strong><a style=\"color: #0000ff\" href=\"https:\/\/drive.google.com\/file\/d\/1pfIEaN7ZE7xtVHj_TNCafmPR0-hNP7R9\/view?usp=sharing\">Sector: personal de atenci\u00f3n educativa<\/a><\/strong><\/span><\/li>\n<li><span style=\"color: #0000ff\"><strong><a style=\"color: #0000ff\" href=\"https:\/\/drive.google.com\/file\/d\/1Hy78p0sKB_zb1fbMLBNxgpf1dNzZ_Hv0\/view?usp=sharing\">Sector: personal de administraci\u00f3n y servicios<\/a><\/strong><\/span><\/li>\n<\/ul>\n<h4 style=\"text-align: center\"><strong><span style=\"color: #008000\">\u00a1\u00a1TU PARTICIPACI\u00d3N ES MUY IMPORTANTE!!<\/span><\/strong><\/h4>\n<p>&nbsp;<\/p>\n<p style=\"text-align: center\"><a href=\"https:\/\/blogsaverroes.juntadeandalucia.es\/ceipvicentealeixandre\/files\/2015\/03\/autobus.png\"><img loading=\"lazy\" decoding=\"async\" class=\"alignnone size-medium wp-image-564\" src=\"https:\/\/blogsaverroes.juntadeandalucia.es\/ceipvicentealeixandre\/files\/2015\/03\/autobus-300x215.png\" alt=\"\" width=\"300\" height=\"215\" srcset=\"https:\/\/blogsaverroes.juntadeandalucia.es\/ceipvicentealeixandre\/files\/2015\/03\/autobus-300x215.png 300w, https:\/\/blogsaverroes.juntadeandalucia.es\/ceipvicentealeixandre\/files\/2015\/03\/autobus-1024x736.png 1024w, https:\/\/blogsaverroes.juntadeandalucia.es\/ceipvicentealeixandre\/files\/2015\/03\/autobus.png 1280w\" sizes=\"(max-width: 300px) 100vw, 300px\" \/><\/a><\/p>\n<p>En esta p\u00e1gina iremos dando informaci\u00f3n de todas las novedades que sean de inter\u00e9s para la Comunidad Educativa.<\/p>\n<h3><span style=\"color: #800080\"><strong>RECOGIDA DE CHEQUES-LIBROS PARA 1\u00ba Y 2\u00ba DE PRIMARIA<\/strong><\/span><\/h3>\n<p>Recuerde que tiene que <span style=\"color: #800000\"><strong>recoger los cheques libros para el alumnado de 1\u00ba y 2\u00ba de Primaria en el punto de recogida de la Secretar\u00eda Virtual.<\/strong><\/span><\/p>\n<p style=\"text-align: center\"><a href=\"https:\/\/blogsaverroes.juntadeandalucia.es\/ceipvicentealeixandre\/files\/2021\/07\/CHEQUE-LIBRO.jpg\"><img loading=\"lazy\" decoding=\"async\" class=\"alignnone size-full wp-image-3100\" src=\"https:\/\/blogsaverroes.juntadeandalucia.es\/ceipvicentealeixandre\/files\/2021\/07\/CHEQUE-LIBRO.jpg\" alt=\"\" width=\"300\" height=\"168\"><\/a><\/p>\n<h3><span style=\"color: #800080\"><strong>MATRICULACI\u00d3N CURSO 2022\/2023<\/strong><\/span><\/h3>\n<p style=\"text-align: center\">&nbsp;<\/p>\n<h3><span style=\"color: #800080\"><strong>SOLICITUD DE AYUDAS PARA EL ALUMNADO DE NECESIDADES DE APOYO EDUCATIVO<\/strong><\/span><\/h3>\n<p>&nbsp;<\/p>\n<h3><span style=\"color: #800080\"><strong>XVII ABRIL LITERARIO: M\u00c1LAGA, SABOR A TIERRA Y MAR<\/strong><\/span><\/h3>\n<p style=\"text-align: center\">&nbsp;<\/p>\n<h3><span style=\"color: #800080\"><strong>ECOLARIZACI\u00d3N 2022\/2023<\/strong><\/span><\/h3>\n<p style=\"text-align: center\"><a href=\"https:\/\/blogsaverroes.juntadeandalucia.es\/ceipvicentealeixandre\/escolarizacion\/\"><img loading=\"lazy\" decoding=\"async\" class=\"alignnone size-medium wp-image-3381\" src=\"https:\/\/blogsaverroes.juntadeandalucia.es\/ceipvicentealeixandre\/files\/2022\/02\/Escolarizaci\u00f3n-2022-2023-212x300.png\" alt=\"\" width=\"212\" height=\"300\" srcset=\"https:\/\/blogsaverroes.juntadeandalucia.es\/ceipvicentealeixandre\/files\/2022\/02\/Escolarizaci\u00f3n-2022-2023-212x300.png 212w, https:\/\/blogsaverroes.juntadeandalucia.es\/ceipvicentealeixandre\/files\/2022\/02\/Escolarizaci\u00f3n-2022-2023-724x1024.png 724w, https:\/\/blogsaverroes.juntadeandalucia.es\/ceipvicentealeixandre\/files\/2022\/02\/Escolarizaci\u00f3n-2022-2023-768x1086.png 768w, https:\/\/blogsaverroes.juntadeandalucia.es\/ceipvicentealeixandre\/files\/2022\/02\/Escolarizaci\u00f3n-2022-2023-1086x1536.png 1086w, https:\/\/blogsaverroes.juntadeandalucia.es\/ceipvicentealeixandre\/files\/2022\/02\/Escolarizaci\u00f3n-2022-2023-1448x2048.png 1448w, https:\/\/blogsaverroes.juntadeandalucia.es\/ceipvicentealeixandre\/files\/2022\/02\/Escolarizaci\u00f3n-2022-2023-700x990.png 700w, https:\/\/blogsaverroes.juntadeandalucia.es\/ceipvicentealeixandre\/files\/2022\/02\/Escolarizaci\u00f3n-2022-2023-332x470.png 332w, https:\/\/blogsaverroes.juntadeandalucia.es\/ceipvicentealeixandre\/files\/2022\/02\/Escolarizaci\u00f3n-2022-2023.png 1131w\" sizes=\"(max-width: 212px) 100vw, 212px\" \/><\/a><\/p>\n<h3 style=\"text-align: center\"><strong><span style=\"color: #800080\">\u00a1El curso comienza en marzo!<\/span><\/strong><\/h3>\n<p>Desde el 1 al 31 de marzo est\u00e1 abierto el plazo para la reserva de plazas escolares para el curso escolar 2022\/2023.<\/p>\n<p>Pincha en la imagen y accede a toda la informaci\u00f3n que, desde el Centro, facilitamos a todas las familias.&nbsp;<\/p>\n<p>Para realizar la gesti\u00f3n tienen dos v\u00edas:<\/p>\n<ul style=\"list-style-type: square\">\n<li>Desde casa, a trav\u00e9s de la <strong><span style=\"color: #0000ff\"><a style=\"color: #0000ff\" href=\"https:\/\/www.juntadeandalucia.es\/educacion\/secretariavirtual\/accesoTramite\/543\/\">secretar\u00eda virtual de la Consejer\u00eda de Educaci\u00f3n.<\/a><\/span><\/strong><\/li>\n<li>Presencial en el Centro, trav\u00e9s de cita previa: <strong>tel. 951 28 99 64&nbsp; &nbsp;y correo: citaprevia@ceipvicentetorre.com<\/strong><\/li>\n<\/ul>\n<p style=\"text-align: center\"><em><span style=\"color: #008000\"><strong>JORNADAS DE PUERTAS ABIERTAS TODOS LOS LUNES, DE 16:30 A 17:30, PREVIA CITA.<\/strong><\/span><\/em><\/p>\n<p>&nbsp;<\/p>\n<h3><span style=\"color: #800080\"><strong>ELECCIONES EXTRAORDINARIAS A CONSEJOS ESCOLARES EN M\u00c1LAGA<\/strong><\/span><\/h3>\n<p style=\"text-align: center\"><a href=\"https:\/\/blogsaverroes.juntadeandalucia.es\/ceipvicentealeixandre\/files\/2021\/10\/CONSEJOS-ESCOLARES.jpg\"><img loading=\"lazy\" decoding=\"async\" class=\"alignnone size-medium wp-image-3237\" src=\"https:\/\/blogsaverroes.juntadeandalucia.es\/ceipvicentealeixandre\/files\/2021\/10\/CONSEJOS-ESCOLARES-300x143.jpg\" alt=\"\" width=\"300\" height=\"143\" srcset=\"https:\/\/blogsaverroes.juntadeandalucia.es\/ceipvicentealeixandre\/files\/2021\/10\/CONSEJOS-ESCOLARES-300x143.jpg 300w, https:\/\/blogsaverroes.juntadeandalucia.es\/ceipvicentealeixandre\/files\/2021\/10\/CONSEJOS-ESCOLARES.jpg 326w\" sizes=\"(max-width: 300px) 100vw, 300px\" \/><\/a><\/p>\n<p>En el primer trimestre del curso 2021\/2022 se van a realizar las elecciones extraordinarias a los Consejos Escolares en M\u00e1laga.<\/p>\n<p><span style=\"color: #0000ff\"><strong><a style=\"color: #0000ff\" href=\"https:\/\/www.juntadeandalucia.es\/educacion\/portals\/delegate\/content\/82892c72-6c91-483c-830d-0f55be31155c\/RESOLUCI%C3%93N%20CONVOCATORIA%20ELECCIONES%20EXTRAORDINARIAS%20A%20CONSEJOS%20ESCOLARES%20M%C3%81LAGA\">Resoluci\u00f3n de 24 de septiembre de 2021.<\/a><\/strong><\/span><\/p>\n<p><span style=\"color: #0000ff\"><strong><a style=\"color: #0000ff\" href=\"https:\/\/drive.google.com\/file\/d\/1XOM2DL-AUzN2HqtAc_72Z8Xdm0pzGkGg\/view?usp=sharing\">Calendario de actuaciones.<\/a><\/strong><\/span><\/p>\n<p><strong>Impresos para solicitar las candidaturas:<\/strong><\/p>\n<ul style=\"list-style-type: square\">\n<li><span style=\"color: #0000ff\"><strong><a style=\"color: #0000ff\" href=\"https:\/\/drive.google.com\/file\/d\/1i45m9boSZaWeaBnv9ZwIpY1dDeZ3Qb2_\/view?usp=sharing\">Sector: padres\/madres<\/a><\/strong><\/span><\/li>\n<li><span style=\"color: #0000ff\"><strong><a style=\"color: #0000ff\" href=\"https:\/\/drive.google.com\/file\/d\/1w-2spw0cEqZ_2ATr6IV4OsElQAjjW3QH\/view?usp=sharing\">Sector: profesorado<\/a><\/strong><\/span><\/li>\n<li><span style=\"color: #0000ff\"><strong><a style=\"color: #0000ff\" href=\"https:\/\/drive.google.com\/file\/d\/1pfIEaN7ZE7xtVHj_TNCafmPR0-hNP7R9\/view?usp=sharing\">Sector: personal de atenci\u00f3n educativa<\/a><\/strong><\/span><\/li>\n<li><span style=\"color: #0000ff\"><strong><a style=\"color: #0000ff\" href=\"https:\/\/drive.google.com\/file\/d\/1Hy78p0sKB_zb1fbMLBNxgpf1dNzZ_Hv0\/view?usp=sharing\">Sector: personal de administraci\u00f3n y servicios<\/a><\/strong><\/span><\/li>\n<\/ul>\n<h4 style=\"text-align: center\"><strong><span style=\"color: #008000\">\u00a1\u00a1TU PARTICIPACI\u00d3N ES MUY IMPORTANTE!!<\/span><\/strong><\/h4>\n<h3><span style=\"color: #800080\"><strong>CHEQUE-LIBRO<\/strong><\/span><\/h3>\n<p style=\"text-align: center\"><a href=\"https:\/\/blogsaverroes.juntadeandalucia.es\/ceipvicentealeixandre\/files\/2021\/07\/CHEQUE-LIBRO.jpg\"><img loading=\"lazy\" decoding=\"async\" class=\"alignnone size-full wp-image-3100\" src=\"https:\/\/blogsaverroes.juntadeandalucia.es\/ceipvicentealeixandre\/files\/2021\/07\/CHEQUE-LIBRO.jpg\" alt=\"\" width=\"300\" height=\"168\"><\/a><\/p>\n<p>Las familias del alumnado de 1\u00ba y 2\u00ba de Educaci\u00f3n Primaria pueden recoger su<\/p>\n<p><strong><span style=\"color: #0000ff\">cheque-libro<\/span><\/strong> en el punto de recogida de la <span style=\"color: #0000ff\"><strong><a style=\"color: #0000ff\" href=\"https:\/\/www.juntadeandalucia.es\/educacion\/secretariavirtual\/\">Secretar\u00eda Virtual.<\/a><\/strong><\/span><\/p>\n<h3><span style=\"color: #800080\"><strong>BECAS ALUMNADO DE NECESIDADES EDUCATIVAS ESPECIALES<\/strong><\/span><\/h3>\n<p style=\"text-align: center\"><a href=\"https:\/\/blogsaverroes.juntadeandalucia.es\/ceipvicentealeixandre\/files\/2021\/08\/images.jpg\"><img loading=\"lazy\" decoding=\"async\" class=\"alignnone size-medium wp-image-3167\" src=\"https:\/\/blogsaverroes.juntadeandalucia.es\/ceipvicentealeixandre\/files\/2021\/08\/images-300x127.jpg\" alt=\"\" width=\"300\" height=\"127\" srcset=\"https:\/\/blogsaverroes.juntadeandalucia.es\/ceipvicentealeixandre\/files\/2021\/08\/images-300x127.jpg 300w, https:\/\/blogsaverroes.juntadeandalucia.es\/ceipvicentealeixandre\/files\/2021\/08\/images-332x140.jpg 332w, https:\/\/blogsaverroes.juntadeandalucia.es\/ceipvicentealeixandre\/files\/2021\/08\/images.jpg 345w\" sizes=\"(max-width: 300px) 100vw, 300px\" \/><\/a><\/p>\n<p style=\"text-align: justify\">Con fecha 2 de agosto se publica en el BOE el extracto de la Resoluci\u00f3n de 28 de julio de 2021, de la Secretar\u00eda de Estado de Educaci\u00f3n, por la que se convocan ayudas para alumnos con necesidad espec\u00edfica de apoyo educativo para el curso acad\u00e9mico 2021-2022.<\/p>\n<p>La<span style=\"color: #0000ff\"> <strong><a style=\"color: #0000ff\" href=\"https:\/\/www.juntadeandalucia.es\/educacion\/portals\/web\/becas-y-ayudas\/educacion-especial\/impresos\">solicitud<\/a><\/strong> <\/span>puede realizarla a trav\u00e9s de la <strong><span style=\"color: #0000ff\"><a style=\"color: #0000ff\" href=\"https:\/\/sede.educacion.gob.es\/sede\/login\/inicio.jjsp?idConvocatoria=1554\">Sede Electr\u00f3nica del Ministerio de Educaci\u00f3n.<\/a><\/span><\/strong><\/p>\n<p>El plazo de presentaci\u00f3n de solicitudes permancer\u00e1 abierto<strong>&nbsp;desde el d\u00eda 3 de agosto de 2021 hasta el 30 de septiembre de 2021<\/strong>.<\/p>\n","protected":false},"excerpt":{"rendered":"<p>BONIFICACIONES SERVICIOS COMPLEMENTARIOS: AULA MATINAL, COMEDOR Y ACTIVIDADES EXTRAESCOLARES La solicitud de bonificaciones\/gratuidad deber\u00e1 realizarse del&nbsp;1 al 7 de septiembre de 2023. 2) Las solicitudes de bonificaci\u00f3n podr\u00e1n realizarse&nbsp;telem\u00e1ticamente a trav\u00e9s de la Secretar\u00eda Virtual. Las personas solicitantes dispondr\u00e1n de una consulta tele tramitada personalizada ACCESO MATRICULACI\u00d3N CURSO 2023\/2024 &nbsp;&nbsp; PROTOCOLO DE ACTUACI\u00d3N ANTE OLAS &hellip; <\/p>\n<p><a class=\"more-link btn\" href=\"https:\/\/blogsaverroes.juntadeandalucia.es\/ceipvicentealeixandre\/novedades\/\">Seguir leyendo<\/a><\/p>\n","protected":false},"author":2262,"featured_media":0,"parent":0,"menu_order":0,"comment_status":"closed","ping_status":"closed","template":"","meta":{"ngg_post_thumbnail":0,"footnotes":"","_mc_calendar":[]},"aioseo_notices":[],"_links":{"self":[{"href":"https:\/\/blogsaverroes.juntadeandalucia.es\/ceipvicentealeixandre\/wp-json\/wp\/v2\/pages\/3113"}],"collection":[{"href":"https:\/\/blogsaverroes.juntadeandalucia.es\/ceipvicentealeixandre\/wp-json\/wp\/v2\/pages"}],"about":[{"href":"https:\/\/blogsaverroes.juntadeandalucia.es\/ceipvicentealeixandre\/wp-json\/wp\/v2\/types\/page"}],"author":[{"embeddable":true,"href":"https:\/\/blogsaverroes.juntadeandalucia.es\/ceipvicentealeixandre\/wp-json\/wp\/v2\/users\/2262"}],"replies":[{"embeddable":true,"href":"https:\/\/blogsaverroes.juntadeandalucia.es\/ceipvicentealeixandre\/wp-json\/wp\/v2\/comments?post=3113"}],"version-history":[{"count":21,"href":"https:\/\/blogsaverroes.juntadeandalucia.es\/ceipvicentealeixandre\/wp-json\/wp\/v2\/pages\/3113\/revisions"}],"predecessor-version":[{"id":3632,"href":"https:\/\/blogsaverroes.juntadeandalucia.es\/ceipvicentealeixandre\/wp-json\/wp\/v2\/pages\/3113\/revisions\/3632"}],"wp:attachment":[{"href":"https:\/\/blogsaverroes.juntadeandalucia.es\/ceipvicentealeixandre\/wp-json\/wp\/v2\/media?parent=3113"}],"curies":[{"name":"wp","href":"https:\/\/api.w.org\/{rel}","templated":true}]}}