{"id":3211,"date":"2021-09-17T17:00:24","date_gmt":"2021-09-17T16:00:24","guid":{"rendered":"https:\/\/blogsaverroes.juntadeandalucia.es\/ceipvicentealeixandre\/?page_id=3211"},"modified":"2024-10-21T17:03:50","modified_gmt":"2024-10-21T16:03:50","slug":"blog","status":"publish","type":"page","link":"https:\/\/blogsaverroes.juntadeandalucia.es\/ceipvicentealeixandre\/enlaces\/blog\/","title":{"rendered":"BLOG"},"content":{"rendered":"<p style=\"text-align: center\"><a href=\"https:\/\/blogsaverroes.juntadeandalucia.es\/ceipvicentealeixandre\/files\/2021\/09\/blog.jpg\"><img fetchpriority=\"high\" decoding=\"async\" class=\"alignnone size-full wp-image-3210\" src=\"https:\/\/blogsaverroes.juntadeandalucia.es\/ceipvicentealeixandre\/files\/2021\/09\/blog.jpg\" alt=\"\" width=\"259\" height=\"194\"><\/a><\/p>\n<p style=\"text-align: justify\">Esta p\u00e1gina est\u00e1 dedicada a los diferentes blogs y canales que el Centro tiene en funcionamiento.<\/p>\n<p style=\"text-align: justify\">La ense\u00f1anza presencial y telem\u00e1tica tiene que convivir en perfecta armon\u00eda y, nuestro alumnado, los docentes y las familias tenemos&nbsp; que aprender a usar todos los recursos y herramientas digitales.<\/p>\n<p>El aprendizaje est\u00e1 presente en cualquier lugar y a lo largo de toda la vida.<\/p>\n<p>Os animamos a que se utilice como un recurso m\u00e1s para el desarrollo acad\u00e9mico, personal, emocional y social del alumnado.<\/p>\n<p>&nbsp;<\/p>\n","protected":false},"excerpt":{"rendered":"<p>Esta p\u00e1gina est\u00e1 dedicada a los diferentes blogs y canales que el Centro tiene en funcionamiento. La ense\u00f1anza presencial y telem\u00e1tica tiene que convivir en perfecta armon\u00eda y, nuestro alumnado, los docentes y las familias tenemos&nbsp; que aprender a usar todos los recursos y herramientas digitales. El aprendizaje est\u00e1 presente en cualquier lugar y a &hellip; <\/p>\n<p><a class=\"more-link btn\" href=\"https:\/\/blogsaverroes.juntadeandalucia.es\/ceipvicentealeixandre\/enlaces\/blog\/\">Seguir leyendo<\/a><\/p>\n","protected":false},"author":2262,"featured_media":0,"parent":2160,"menu_order":0,"comment_status":"closed","ping_status":"closed","template":"","meta":{"ngg_post_thumbnail":0,"footnotes":"","_mc_calendar":[]},"aioseo_notices":[],"_links":{"self":[{"href":"https:\/\/blogsaverroes.juntadeandalucia.es\/ceipvicentealeixandre\/wp-json\/wp\/v2\/pages\/3211"}],"collection":[{"href":"https:\/\/blogsaverroes.juntadeandalucia.es\/ceipvicentealeixandre\/wp-json\/wp\/v2\/pages"}],"about":[{"href":"https:\/\/blogsaverroes.juntadeandalucia.es\/ceipvicentealeixandre\/wp-json\/wp\/v2\/types\/page"}],"author":[{"embeddable":true,"href":"https:\/\/blogsaverroes.juntadeandalucia.es\/ceipvicentealeixandre\/wp-json\/wp\/v2\/users\/2262"}],"replies":[{"embeddable":true,"href":"https:\/\/blogsaverroes.juntadeandalucia.es\/ceipvicentealeixandre\/wp-json\/wp\/v2\/comments?post=3211"}],"version-history":[{"count":1,"href":"https:\/\/blogsaverroes.juntadeandalucia.es\/ceipvicentealeixandre\/wp-json\/wp\/v2\/pages\/3211\/revisions"}],"predecessor-version":[{"id":3213,"href":"https:\/\/blogsaverroes.juntadeandalucia.es\/ceipvicentealeixandre\/wp-json\/wp\/v2\/pages\/3211\/revisions\/3213"}],"up":[{"embeddable":true,"href":"https:\/\/blogsaverroes.juntadeandalucia.es\/ceipvicentealeixandre\/wp-json\/wp\/v2\/pages\/2160"}],"wp:attachment":[{"href":"https:\/\/blogsaverroes.juntadeandalucia.es\/ceipvicentealeixandre\/wp-json\/wp\/v2\/media?parent=3211"}],"curies":[{"name":"wp","href":"https:\/\/api.w.org\/{rel}","templated":true}]}}