{"id":44,"date":"2021-03-01T08:42:15","date_gmt":"2021-03-01T07:42:15","guid":{"rendered":"http:\/\/blogsaverroes.juntadeandalucia.es\/pre\/ceip\/?page_id=44"},"modified":"2022-11-15T14:48:57","modified_gmt":"2022-11-15T13:48:57","slug":"planes-y-proyectos","status":"publish","type":"page","link":"https:\/\/blogsaverroes.juntadeandalucia.es\/ceipvicentealeixandre\/planes-y-proyectos\/","title":{"rendered":"Proyectos y planes"},"content":{"rendered":"<p><img decoding=\"async\" class=\"size-medium wp-image-1667 aligncenter\" src=\"http:\/\/blogsaverroes.juntadeandalucia.es\/ceipvicentealeixandre\/files\/2015\/03\/planes-300x150.png\" alt=\"planes\" width=\"300\" height=\"150\" srcset=\"https:\/\/blogsaverroes.juntadeandalucia.es\/ceipvicentealeixandre\/files\/2015\/03\/planes-300x150.png 300w, https:\/\/blogsaverroes.juntadeandalucia.es\/ceipvicentealeixandre\/files\/2015\/03\/planes.png 640w\" sizes=\"(max-width: 300px) 100vw, 300px\" \/><\/p>\n<p>Cada centro personaliza y adapta su Proyecto Educativo acogi\u00e9ndose a los diferentes <strong>Proyectos, Programas y Planes <\/strong>&nbsp;promovidos desde la Consejer\u00eda de Educaci\u00f3n, Cultura y Deporte.<\/p>\n<p>Este apartado recogeremos la descripci\u00f3n, finalidades, actividades, coordinador\/a, etc. de estos Planes y Programas desarrollados por el Centro. A continuaci\u00f3n se muestran algunos de ellos.<\/p>\n<ul>\n<li><span style=\"color: #000000\"><a style=\"color: #000000\" href=\"https:\/\/www.juntadeandalucia.es\/educacion\/portals\/delegate\/content\/c8458d47-056d-4d79-a1bc-4d0129f567e2\/II_Plan_maquetado\"><strong>Plan de Igualdad entre Hombres y Mujeres.<\/strong><\/a><\/span><\/li>\n<li><span style=\"color: #0000ff\"><a style=\"color: #0000ff\" href=\"http:\/\/www.iseandalucia.es\/web\/guest\/familias\"><strong><span style=\"color: #0000ff\"><span style=\"color: #000000\">Plan de apoyo a las familias: aula<\/span> <span style=\"color: #000000\">m<\/span><\/span><span style=\"color: #000000\">a<\/span>tinal, comedor y actividades extraescolares.<\/strong><\/a><\/span><\/li>\n<li><span style=\"color: #000000\"><strong><a style=\"color: #000000\" href=\"https:\/\/drive.google.com\/drive\/folders\/1XQ3s3BCl0yfy1KdwvEJ2ihOduzdm16Ny?usp=share_link\">Biblioteca Escolar<\/a>.<\/strong><\/span><\/li>\n<li><span style=\"color: #0000ff\"><strong>Orquestilla.<\/strong><\/span><\/li>\n<li><span style=\"color: #0000ff\"><a style=\"color: #0000ff\" href=\"https:\/\/www.juntadeandalucia.es\/educacion\/portals\/web\/habitos-vida-saludable\/creciendo-en-salud\"><strong>Creciendo en Salud.<\/strong><\/a><\/span><\/li>\n<li><span style=\"color: #0000ff\"><strong>Programa deporte en la escuela.<\/strong><\/span><\/li>\n<li><span style=\"color: #0000ff\"><a style=\"color: #0000ff\" href=\"https:\/\/www.juntadeandalucia.es\/educacion\/portals\/web\/convivencia-escolar\/red-escuela-espacio-de-paz\"><strong>Escuela: espacio de paz.<\/strong><\/a><\/span><\/li>\n<li><span style=\"color: #0000ff\"><a style=\"color: #0000ff\" href=\"https:\/\/www.juntadeandalucia.es\/educacion\/portals\/web\/ced\/programa-impulsa\"><strong>IMPULSA<\/strong><\/a><\/span><\/li>\n<li><span style=\"color: #0000ff\"><a style=\"color: #0000ff\" href=\"https:\/\/www.juntadeandalucia.es\/cultura\/aaiicc\/aula-de-cine\"><strong>AulaDcine.<\/strong><\/a><\/span><\/li>\n<li><span style=\"color: #0000ff\"><strong>Plan de Autoevaluaci\u00f3n y Mejora.<\/strong><\/span><\/li>\n<li><span style=\"color: #0000ff\"><a style=\"color: #0000ff\" href=\"https:\/\/www.juntadeandalucia.es\/educacion\/portals\/web\/transformacion-digital-educativa\"><strong>Plan de Actuaci\u00f3n Digital.<\/strong><\/a><\/span><\/li>\n<\/ul>\n<p>&nbsp;<\/p>\n","protected":false},"excerpt":{"rendered":"<p>Cada centro personaliza y adapta su Proyecto Educativo acogi\u00e9ndose a los diferentes Proyectos, Programas y Planes &nbsp;promovidos desde la Consejer\u00eda de Educaci\u00f3n, Cultura y Deporte. Este apartado recogeremos la descripci\u00f3n, finalidades, actividades, coordinador\/a, etc. de estos Planes y Programas desarrollados por el Centro. A continuaci\u00f3n se muestran algunos de ellos. Plan de Igualdad entre Hombres &hellip; <\/p>\n<p><a class=\"more-link btn\" href=\"https:\/\/blogsaverroes.juntadeandalucia.es\/ceipvicentealeixandre\/planes-y-proyectos\/\">Seguir leyendo<\/a><\/p>\n","protected":false},"author":1,"featured_media":0,"parent":0,"menu_order":0,"comment_status":"closed","ping_status":"closed","template":"","meta":{"ngg_post_thumbnail":0,"footnotes":"","_mc_calendar":[]},"aioseo_notices":[],"_links":{"self":[{"href":"https:\/\/blogsaverroes.juntadeandalucia.es\/ceipvicentealeixandre\/wp-json\/wp\/v2\/pages\/44"}],"collection":[{"href":"https:\/\/blogsaverroes.juntadeandalucia.es\/ceipvicentealeixandre\/wp-json\/wp\/v2\/pages"}],"about":[{"href":"https:\/\/blogsaverroes.juntadeandalucia.es\/ceipvicentealeixandre\/wp-json\/wp\/v2\/types\/page"}],"author":[{"embeddable":true,"href":"https:\/\/blogsaverroes.juntadeandalucia.es\/ceipvicentealeixandre\/wp-json\/wp\/v2\/users\/1"}],"replies":[{"embeddable":true,"href":"https:\/\/blogsaverroes.juntadeandalucia.es\/ceipvicentealeixandre\/wp-json\/wp\/v2\/comments?post=44"}],"version-history":[{"count":11,"href":"https:\/\/blogsaverroes.juntadeandalucia.es\/ceipvicentealeixandre\/wp-json\/wp\/v2\/pages\/44\/revisions"}],"predecessor-version":[{"id":3565,"href":"https:\/\/blogsaverroes.juntadeandalucia.es\/ceipvicentealeixandre\/wp-json\/wp\/v2\/pages\/44\/revisions\/3565"}],"wp:attachment":[{"href":"https:\/\/blogsaverroes.juntadeandalucia.es\/ceipvicentealeixandre\/wp-json\/wp\/v2\/media?parent=44"}],"curies":[{"name":"wp","href":"https:\/\/api.w.org\/{rel}","templated":true}]}}