{"id":35,"date":"2015-03-13T08:21:43","date_gmt":"2015-03-13T08:21:43","guid":{"rendered":"http:\/\/blogsaverroes.juntadeandalucia.es\/pre\/ceip\/?page_id=35"},"modified":"2018-09-19T09:53:15","modified_gmt":"2018-09-19T09:53:15","slug":"el-centro-2","status":"publish","type":"page","link":"https:\/\/blogsaverroes.juntadeandalucia.es\/ceipvictoriadiez\/el-centro-2\/","title":{"rendered":"Nuestro Centro"},"content":{"rendered":"<p><strong>Nuestro Centro<\/strong> se&nbsp;ubica en la localidad de <a href=\"https:\/\/es.wikipedia.org\/wiki\/Hornachuelos\" target=\"_blank\" rel=\"noopener\"><strong>Hornachuelos<\/strong><\/a> en la parte occidental de la provincia de C\u00f3rdoba.&nbsp;Se \u00abasoma\u00bb al precipicio formado por el r\u00edo Bemb\u00e9zar.<\/p>\n<p>El pueblo&nbsp;conserva su estructura \u00e1rabe con empinadas y estrechas calles as\u00ed como edificaciones de aquella \u00e9poca, en la que se destaca la fortaleza \u00e1rabe, en su casco antiguo tambi\u00e9n se puede ver el edificio del Ayuntamiento, su iglesia g\u00f3tica y la maltrecha torre del homenaje de su castillo en la plaza de Armas.<\/p>\n<p>Con fecha 4 de Marzo de 2016, la poblaci\u00f3n se sit\u00faa en 4.642 habitantes.<\/p>\n<p>Las principales actividades econ\u00f3micas son la agraria y la cineg\u00e9tica. Adem\u00e1s, tiene una importante red de servicios, donde hay que destacar los alojamientos rurales que dan servicio al Parque Natural de la Sierra de Hornachuelos. La actual corporaci\u00f3n municipal est\u00e1 llevando a cabo un proyecto en el que se va a construir un parque multiaventura con la idea de la atracci\u00f3n tur\u00edstica y la creaci\u00f3n de puestos de trabajo.<\/p>\n<p>A finales del a\u00f1o 2017 Hornachuelos tiene una tasa de paro del 14,04%, que aunque no es de las m\u00e1s altas de la provincia, enmascara un empleo de baja calidad y con un elevado grado de temporalidad.<\/p>\n<p>Dentro del municipio de Hornachuelos, en la zona del Cabril, se encuentra situado un almac\u00e9n de residuos nucleares regentado por ENRESA.<\/p>\n<p>A nivel educativo, Hornachuelos dispone de <strong>otros centros educativo<\/strong>s:<\/p>\n<ul>\n<li><strong>P.R. Bemb\u00e9zar:<\/strong> Centro educativo rural de Infantil y Primaria que da servicio a las aldeas de Hornachuelos y a un barrio dentro del pueblo (Cortijuelos). El alumnado del Barrio de Cortijuelos est\u00e1 adscrito a nuestro Centro a partir de 3\u00ba de Primaria.<\/li>\n<li><strong>IESO \u201cDuque de Rivas\u201d:<\/strong> Centro educativo de Educaci\u00f3n Secundaria al que est\u00e1n adscritos todos nuestros alumnos y alumnas.<\/li>\n<li><strong>Centro<\/strong> de Educaci\u00f3n de&nbsp; <strong>Adultos<\/strong>.<\/li>\n<\/ul>\n<p>&nbsp;<\/p>\n<h4><strong>Ubicaci\u00f3n<\/strong><\/h4>\n<p><iframe loading=\"lazy\" src=\"https:\/\/www.google.com\/maps\/embed?pb=!1m18!1m12!1m3!1d3970.4909017948235!2d-5.241994408610196!3d37.82800157787976!2m3!1f0!2f0!3f0!3m2!1i1024!2i768!4f13.1!3m3!1m2!1s0x0%3A0xed3d0c704b94d622!2sColegio+de+Educaci%C3%B3n+Infantil+y+Primaria+Victoria+D%C3%ADez!5e0!3m2!1ses!2ses!4v1512399794828\" width=\"600\" height=\"450\" frameborder=\"0\"><\/iframe><br \/>\n&nbsp;<\/p>\n<p>&nbsp;<\/p>\n<h4><strong>Car\u00e1cter del Centro<\/strong><\/h4>\n<p>Nuestro Centro ofrece un estilo abierto, fluido y de di\u00e1logo entre todos los sectores que lo conforman (profesores\/as, familias, alumnos\/as, personal de administraci\u00f3n y servicios e instituciones), fomentando la convivencia y la cooperaci\u00f3n entre toda la comunidad educativa. Al ser el Centro una realidad que nos importa a todos\/as, necesitamos la participaci\u00f3n de todos\/as aquellos\/as que de una manera inciden en su funcionamiento para que aporten sus inquietudes, esfuerzo y trabajo para conseguir hacerlo lo mejor posible.<\/p>\n<p>El tipo de <strong>escuela que pretendemos seguir construyendo<\/strong>, tal como consta en nuestro proyecto educativo, se concreta en los siguientes puntos fundamentales:<\/p>\n<ul>\n<li>Una escuela que fomente la <strong>educaci\u00f3n integral<\/strong>, desarrollando en el alumnado una actitud cr\u00edtica y una capacidad para pensar por s\u00ed mismos.<\/li>\n<li>Una escuela que impulse una <strong>educaci\u00f3n en valores<\/strong> basada en el respeto, la igualdad entre hombres y mujeres, el di\u00e1logo y el desarrollo de las habilidades sociales que conduzcan a una convivencia pac\u00edfica.<\/li>\n<li>Una escuela en la que sea prioritaria la <strong>atenci\u00f3n a la diversidad<\/strong> y el tratamiento individualizado del alumno\/a.<\/li>\n<li>Una <strong>escuela inclusiva<\/strong> en la que se valore la diversidad escolar como un elemento enriquecedor y positivo.<\/li>\n<li>Una escuela <strong>abierta y participativa<\/strong> fundamentada en la colaboraci\u00f3n entre las familias, el A.M.P.A, el profesorado, el alumnado y las instituciones.<\/li>\n<li>Una escuela <strong>saludable<\/strong> en la que incorporemos h\u00e1bitos de vida sana, cuidando la alimentaci\u00f3n y promoviendo actitudes responsables hacia el medio ambiente.<\/li>\n<li>Una escuela <strong>responsable<\/strong> en la que valoremos el esfuerzo personal y favorezcamos la motivaci\u00f3n, la autoestima, la autonom\u00eda y el gusto por aprender.<\/li>\n<li>Una escuela en la que el profesorado siga form\u00e1ndose para dar respuesta a los nuevos cambios de la educaci\u00f3n y de la sociedad, tanto a nivel individual como a nivel grupal, tal como viene ocurriendo durante los \u00faltimos a\u00f1os en los que venimos llevando a cabo diversos proyectos de <strong>formaci\u00f3n<\/strong> en centros en el Centro de Profesores de C\u00f3rdoba.<\/li>\n<li>Una escuela en constante <strong>renovaci\u00f3n<\/strong>, adecuando las instalaciones a los nuevos retos que plantea la educaci\u00f3n, especialmente en el \u00e1mbito digital. Recientemente hemos dotado dos aulas m\u00e1s con nuevas pizarras digitales gracias al esfuerzo del A.M.P.A.<\/li>\n<li>Una escuela en continuo proceso de <strong>colaboraci\u00f3n<\/strong> con las <strong>instituciones<\/strong> como se ve reflejado en la construcci\u00f3n del nuevo edificio de Educaci\u00f3n Infantil junto al de Primaria a cargo del Ayuntamiento de Hornachuelos, fruto de la colaboraci\u00f3n entre la Delegaci\u00f3n de Educaci\u00f3n de la Junta de Andaluc\u00eda que le cede al Ayuntamiento el edificio de infantil ubicado en la parte alta del pueblo a cambio de la construcci\u00f3n de este nuevo edificio.<\/li>\n<\/ul>\n<p>&nbsp;<\/p>\n<h4><strong>Trasnporte<\/strong><\/h4>\n<p>El centro ofrece cinco <strong>l\u00edneas de transporte<\/strong> con 186 usuarios de transporte repartidos en las siguientes l\u00edneas:<\/p>\n<ul>\n<li>Las Piedras: 113 usuarios\/as<\/li>\n<li>Moratalla: 58 usuarios\/as<\/li>\n<li>San Calixto: 10 usuarios\/as<\/li>\n<li>Monte-Alto: 3 usuarios\/as<\/li>\n<li>Presa Retortillo: 2 usuarios\/as<\/li>\n<\/ul>\n<p>&nbsp;<\/p>\n<h4><strong>Instalaciones y caracter\u00edsticas del Centro<\/strong><\/h4>\n<p>El C.E.I.P. Victoria D\u00edez tiene m\u00e1s de 30 a\u00f1os, ya que fue edificado en el a\u00f1o 1.976. Conviene resaltar que el centro est\u00e1 dividido en dos edificios, uno, el de primaria que est\u00e1 ubicado en la parte baja, la m\u00e1s antigua del pueblo y otro, el de infantil, situado en la parte alta del pueblo y aproximadamente a 2 kil\u00f3metros del edificio principal. Aunque hay que destacar, como ya hemos mencionado anteriormente que a d\u00eda de hoy el Ayuntamiento de Hornachuelos est\u00e1 construyendo un nuevo edificio de Educaci\u00f3n Infantil junto al Centro de Primaria como resultado de un acuerdo entre la Delegaci\u00f3n de Educaci\u00f3n y el Ayuntamiento, en el que la Delegaci\u00f3n cede el antiguo edificio de infantil al Ayuntamiento y este como contraprestaci\u00f3n construye un nuevo edificio junto al de primaria que mejorar\u00e1 la coordinaci\u00f3n y la organizaci\u00f3n del centro.<\/p>\n<p>El centro de Primaria tiene tres plantas:<\/p>\n<p>&nbsp;<\/p>\n<ul>\n<li>Planta baja, donde est\u00e1 la entrada al centro y en la que se encuentra el S.U.M. (antiguo comedor), una cocina, la sala de profesores, la biblioteca, la secretar\u00eda, la direcci\u00f3n, los servicios, la vivienda del conserje, un almac\u00e9n y un porche.<\/li>\n<li>Primera planta, donde encontramos las aulas de 1\u00ba a 3\u00ba (dos por nivel), un aula de ingl\u00e9s, un aula de pedagog\u00eda terap\u00e9utica, un aula de audici\u00f3n y lenguaje, un aula de usos varios y los servicios.<\/li>\n<li>Segunda planta, donde encontramos las aulas de 4\u00ba a 6\u00ba (dos por nivel), un aula de ingl\u00e9s, un aula de m\u00fasica, un aula de inform\u00e1tica, dos aulas multiusos y los servicios.<\/li>\n<\/ul>\n<p>&nbsp;<\/p>\n<p>El edificio de Primaria consta tambi\u00e9n de un porche cubierto en una entreplanta y un patio de recreo con una pista de baloncesto y otra de f\u00fatbol sala.<\/p>\n<p>El nuevo centro de Infantil constar\u00e1 de un aulario con 6 aulas, tres peque\u00f1os patios, unos servicios y una peque\u00f1a clase de apoyo.<\/p>\n<p>El C.E.I.P Victoria D\u00edez es un Centro de Educaci\u00f3n Infantil y Primaria de <strong>17 unidades<\/strong>, de las que 4 son de Infantil, 11 de Primaria, 1 de Pedagog\u00eda Terap\u00e9utica y 1 de Audici\u00f3n y Lenguaje.<\/p>\n<p>A d\u00eda de hoy el CEIP Victoria D\u00edez tiene matriculados <strong>307 alumnos y alumnas<\/strong> de los cuales 81son de Educaci\u00f3n Infantil y 225 son de Educaci\u00f3n Primaria<\/p>\n<p>&nbsp;<\/p>\nngg_shortcode_0_placeholder\n","protected":false},"excerpt":{"rendered":"<p>Nuestro Centro se&nbsp;ubica en la localidad de Hornachuelos en la parte occidental de la provincia de C\u00f3rdoba.&nbsp;Se \u00abasoma\u00bb al precipicio formado por el r\u00edo Bemb\u00e9zar. El pueblo&nbsp;conserva su estructura \u00e1rabe con empinadas y estrechas&#46;&#46;&#46;<\/p>\n","protected":false},"author":1,"featured_media":2312,"parent":0,"menu_order":0,"comment_status":"closed","ping_status":"open","template":"","meta":{"ngg_post_thumbnail":0,"footnotes":"","_mc_calendar":[]},"aioseo_notices":[],"_links":{"self":[{"href":"https:\/\/blogsaverroes.juntadeandalucia.es\/ceipvictoriadiez\/wp-json\/wp\/v2\/pages\/35"}],"collection":[{"href":"https:\/\/blogsaverroes.juntadeandalucia.es\/ceipvictoriadiez\/wp-json\/wp\/v2\/pages"}],"about":[{"href":"https:\/\/blogsaverroes.juntadeandalucia.es\/ceipvictoriadiez\/wp-json\/wp\/v2\/types\/page"}],"author":[{"embeddable":true,"href":"https:\/\/blogsaverroes.juntadeandalucia.es\/ceipvictoriadiez\/wp-json\/wp\/v2\/users\/1"}],"replies":[{"embeddable":true,"href":"https:\/\/blogsaverroes.juntadeandalucia.es\/ceipvictoriadiez\/wp-json\/wp\/v2\/comments?post=35"}],"version-history":[{"count":22,"href":"https:\/\/blogsaverroes.juntadeandalucia.es\/ceipvictoriadiez\/wp-json\/wp\/v2\/pages\/35\/revisions"}],"predecessor-version":[{"id":2592,"href":"https:\/\/blogsaverroes.juntadeandalucia.es\/ceipvictoriadiez\/wp-json\/wp\/v2\/pages\/35\/revisions\/2592"}],"wp:featuredmedia":[{"embeddable":true,"href":"https:\/\/blogsaverroes.juntadeandalucia.es\/ceipvictoriadiez\/wp-json\/wp\/v2\/media\/2312"}],"wp:attachment":[{"href":"https:\/\/blogsaverroes.juntadeandalucia.es\/ceipvictoriadiez\/wp-json\/wp\/v2\/media?parent=35"}],"curies":[{"name":"wp","href":"https:\/\/api.w.org\/{rel}","templated":true}]}}